{"id":32,"date":"2026-03-22T11:04:58","date_gmt":"2026-03-22T10:04:58","guid":{"rendered":"http:\/\/dissenyweb.gddtec.udl.cat\/2026-web8\/?page_id=32"},"modified":"2026-05-05T22:29:42","modified_gmt":"2026-05-05T20:29:42","slug":"col%c2%b7leccions","status":"publish","type":"page","link":"http:\/\/dissenyweb.gddtec.udl.cat\/2026-web8\/col%c2%b7leccions\/","title":{"rendered":"F\u00d2RUM"},"content":{"rendered":"\n<div class=\"wp-block-group alignfull is-style-section-1 has-text-color has-background has-link-color has-small-font-size wp-elements-bca436c0e9d7c54f4c84ce9846bf3d52 is-content-justification-space-between is-nowrap is-layout-flex wp-container-core-group-is-layout-23f01942 wp-block-group-is-layout-flex is-style-section-1--1\" style=\"color:#a41916;background-color:#efecca;margin-top:0;margin-bottom:0;padding-top:var(--wp--preset--spacing--20);padding-right:var(--wp--preset--spacing--80);padding-bottom:var(--wp--preset--spacing--20);padding-left:var(--wp--preset--spacing--30)\">\n<figure class=\"wp-block-image size-large is-resized\" style=\"margin-top:0;margin-bottom:0\"><a href=\"http:\/\/dissenyweb.gddtec.udl.cat\/2026-web8\/\"><img loading=\"lazy\" decoding=\"async\" width=\"1024\" height=\"225\" src=\"http:\/\/dissenyweb.gddtec.udl.cat\/2026-web8\/wp-content\/uploads\/sites\/92\/2026\/03\/Captura-de-pantalla-2026-03-31-a-les-11.36.00-1024x225.png\" alt=\"Logotip Frame Gallery\" class=\"wp-image-53\" style=\"width:314px;height:auto\" srcset=\"http:\/\/dissenyweb.gddtec.udl.cat\/2026-web8\/wp-content\/uploads\/sites\/92\/2026\/03\/Captura-de-pantalla-2026-03-31-a-les-11.36.00-1024x225.png 1024w, http:\/\/dissenyweb.gddtec.udl.cat\/2026-web8\/wp-content\/uploads\/sites\/92\/2026\/03\/Captura-de-pantalla-2026-03-31-a-les-11.36.00-300x66.png 300w, http:\/\/dissenyweb.gddtec.udl.cat\/2026-web8\/wp-content\/uploads\/sites\/92\/2026\/03\/Captura-de-pantalla-2026-03-31-a-les-11.36.00-768x169.png 768w, http:\/\/dissenyweb.gddtec.udl.cat\/2026-web8\/wp-content\/uploads\/sites\/92\/2026\/03\/Captura-de-pantalla-2026-03-31-a-les-11.36.00.png 1348w\" sizes=\"auto, (max-width: 1024px) 100vw, 1024px\" \/><\/a><\/figure>\n\n\n<nav class=\"has-medium-font-size is-responsive items-justified-left wp-block-navigation is-content-justification-left is-layout-flex wp-container-core-navigation-is-layout-08d228cd wp-block-navigation-is-layout-flex\" aria-label=\"Navegaci\u00f3n\" \n\t\t data-wp-interactive=\"core\/navigation\" data-wp-context='{\"overlayOpenedBy\":{\"click\":false,\"hover\":false,\"focus\":false},\"type\":\"overlay\",\"roleAttribute\":\"\",\"ariaLabel\":\"Men\\u00fa\"}'><button aria-haspopup=\"dialog\" aria-label=\"Obre el men\u00fa\" class=\"wp-block-navigation__responsive-container-open\" \n\t\t\t\tdata-wp-on-async--click=\"actions.openMenuOnClick\"\n\t\t\t\tdata-wp-on--keydown=\"actions.handleMenuKeydown\"\n\t\t\t><svg width=\"24\" height=\"24\" xmlns=\"http:\/\/www.w3.org\/2000\/svg\" viewBox=\"0 0 24 24\" aria-hidden=\"true\" focusable=\"false\"><rect x=\"4\" y=\"7.5\" width=\"16\" height=\"1.5\" \/><rect x=\"4\" y=\"15\" width=\"16\" height=\"1.5\" \/><\/svg><\/button>\n\t\t\t\t<div class=\"wp-block-navigation__responsive-container\"  id=\"modal-2\" \n\t\t\t\tdata-wp-class--has-modal-open=\"state.isMenuOpen\"\n\t\t\t\tdata-wp-class--is-menu-open=\"state.isMenuOpen\"\n\t\t\t\tdata-wp-watch=\"callbacks.initMenu\"\n\t\t\t\tdata-wp-on--keydown=\"actions.handleMenuKeydown\"\n\t\t\t\tdata-wp-on-async--focusout=\"actions.handleMenuFocusout\"\n\t\t\t\ttabindex=\"-1\"\n\t\t\t>\n\t\t\t\t\t<div class=\"wp-block-navigation__responsive-close\" tabindex=\"-1\">\n\t\t\t\t\t\t<div class=\"wp-block-navigation__responsive-dialog\" \n\t\t\t\tdata-wp-bind--aria-modal=\"state.ariaModal\"\n\t\t\t\tdata-wp-bind--aria-label=\"state.ariaLabel\"\n\t\t\t\tdata-wp-bind--role=\"state.roleAttribute\"\n\t\t\t>\n\t\t\t\t\t\t\t<button aria-label=\"Tanca el men\u00fa\" class=\"wp-block-navigation__responsive-container-close\" \n\t\t\t\tdata-wp-on-async--click=\"actions.closeMenuOnClick\"\n\t\t\t><svg xmlns=\"http:\/\/www.w3.org\/2000\/svg\" viewBox=\"0 0 24 24\" width=\"24\" height=\"24\" aria-hidden=\"true\" focusable=\"false\"><path d=\"m13.06 12 6.47-6.47-1.06-1.06L12 10.94 5.53 4.47 4.47 5.53 10.94 12l-6.47 6.47 1.06 1.06L12 13.06l6.47 6.47 1.06-1.06L13.06 12Z\"><\/path><\/svg><\/button>\n\t\t\t\t\t\t\t<div class=\"wp-block-navigation__responsive-container-content\" \n\t\t\t\tdata-wp-watch=\"callbacks.focusFirstElement\"\n\t\t\t id=\"modal-2-content\">\n\t\t\t\t\t\t\t\t<ul class=\"wp-block-navigation__container has-medium-font-size is-responsive items-justified-left wp-block-navigation has-medium-font-size\"><li class=\"has-medium-font-size wp-block-navigation-item wp-block-navigation-link\"><a class=\"wp-block-navigation-item__content\"  href=\"http:\/\/dissenyweb.gddtec.udl.cat\/2026-web8\/obres\/http:\/\/dissenyweb.gddtec.udl.cat\/2026-web8\/obres\/\"><span class=\"wp-block-navigation-item__label\">OBRES<\/span><\/a><\/li><li class=\"has-medium-font-size wp-block-navigation-item wp-block-navigation-link\"><a class=\"wp-block-navigation-item__content\"  href=\"http:\/\/dissenyweb.gddtec.udl.cat\/2026-web8\/series\/http:\/\/dissenyweb.gddtec.udl.cat\/2026-web8\/series\/\"><span class=\"wp-block-navigation-item__label\">S\u00c8RIES<\/span><\/a><\/li><li class=\"has-medium-font-size wp-block-navigation-item wp-block-navigation-link\"><a class=\"wp-block-navigation-item__content\"  href=\"http:\/\/dissenyweb.gddtec.udl.cat\/2026-web8\/col%C2%B7leccions\/http:\/\/dissenyweb.gddtec.udl.cat\/2026-web8\/col%C2%B7leccions\/\"><span class=\"wp-block-navigation-item__label\">F\u00d2RUM<\/span><\/a><\/li><li class=\"has-medium-font-size wp-block-navigation-item wp-block-navigation-link\"><a class=\"wp-block-navigation-item__content\"  href=\"http:\/\/dissenyweb.gddtec.udl.cat\/2026-web8\/2026\/03\/22\/forum\/http:\/\/dissenyweb.gddtec.udl.cat\/2026-web8\/actors\/\"><span class=\"wp-block-navigation-item__label\">ACTORS<\/span><\/a><\/li><\/ul>\n\t\t\t\t\t\t\t<\/div>\n\t\t\t\t\t\t<\/div>\n\t\t\t\t\t<\/div>\n\t\t\t\t<\/div><\/nav><\/div>\n\n\n\n<figure class=\"wp-block-image aligncenter size-large\"><img loading=\"lazy\" decoding=\"async\" width=\"1024\" height=\"262\" src=\"http:\/\/dissenyweb.gddtec.udl.cat\/2026-web8\/wp-content\/uploads\/sites\/92\/2026\/04\/forum-1024x262.jpg\" alt=\"F\u00f2rum\" class=\"wp-image-254\" srcset=\"http:\/\/dissenyweb.gddtec.udl.cat\/2026-web8\/wp-content\/uploads\/sites\/92\/2026\/04\/forum-1024x262.jpg 1024w, http:\/\/dissenyweb.gddtec.udl.cat\/2026-web8\/wp-content\/uploads\/sites\/92\/2026\/04\/forum-300x77.jpg 300w, http:\/\/dissenyweb.gddtec.udl.cat\/2026-web8\/wp-content\/uploads\/sites\/92\/2026\/04\/forum-768x197.jpg 768w, http:\/\/dissenyweb.gddtec.udl.cat\/2026-web8\/wp-content\/uploads\/sites\/92\/2026\/04\/forum-1536x393.jpg 1536w, http:\/\/dissenyweb.gddtec.udl.cat\/2026-web8\/wp-content\/uploads\/sites\/92\/2026\/04\/forum.jpg 2048w\" sizes=\"auto, (max-width: 1024px) 100vw, 1024px\" \/><\/figure>\n\n\n\n<div class=\"wp-block-comments has-text-color has-background has-link-color has-medium-font-size wp-elements-f1be00b2c291c81d04ae48841e55673f\" style=\"border-style:none;border-width:0px;border-radius:35px;color:#a41916;background-color:#efecca;margin-top:var(--wp--preset--spacing--20);margin-right:var(--wp--preset--spacing--30);margin-bottom:var(--wp--preset--spacing--20);margin-left:var(--wp--preset--spacing--30);padding-top:var(--wp--preset--spacing--20);padding-right:var(--wp--preset--spacing--30);padding-bottom:var(--wp--preset--spacing--20);padding-left:var(--wp--preset--spacing--30)\"><ol class=\"wp-block-comment-template\"><li id=\"comment-2\" class=\"comment byuser comment-author-marcaguilapatino even thread-even depth-1\">\n\n<div class=\"wp-block-columns is-layout-flex wp-container-core-columns-is-layout-28f84493 wp-block-columns-is-layout-flex\">\n<div class=\"wp-block-column is-layout-flow wp-block-column-is-layout-flow\" style=\"flex-basis:40px\"><div class=\"wp-block-avatar\"><img alt='Avatar de marcaguilapatino' src='https:\/\/secure.gravatar.com\/avatar\/64b9d3e37ddd5a910abf5453d979f1ce982d13aa13714d1c16a66c67dc7ebcb1?s=40&#038;d=retro&#038;r=g' srcset='https:\/\/secure.gravatar.com\/avatar\/64b9d3e37ddd5a910abf5453d979f1ce982d13aa13714d1c16a66c67dc7ebcb1?s=80&#038;d=retro&#038;r=g 2x' class='avatar avatar-40 photo wp-block-avatar__image' height='40' width='40'  style=\"border-radius:20px;\"\/><\/div><\/div>\n\n\n\n<div class=\"wp-block-column is-layout-flow wp-block-column-is-layout-flow\"><div class=\"wp-block-comment-author-name has-small-font-size\">marcaguilapatino<\/div>\n\n\n<div class=\"wp-block-group is-layout-flex wp-block-group-is-layout-flex\" style=\"margin-top:0px;margin-bottom:0px\"><div class=\"wp-block-comment-date has-small-font-size\"><time datetime=\"2026-04-29T12:27:57+02:00\"><a href=\"http:\/\/dissenyweb.gddtec.udl.cat\/2026-web8\/col%c2%b7leccions\/#comment-2\">29 d&#8217;abril de 2026<\/a><\/time><\/div>\n\n<\/div>\n\n\n<div class=\"wp-block-comment-content\"><p>Molt top els curtmetratges!<\/p>\n<\/div>\n\n<div class=\"wp-block-comment-reply-link has-small-font-size\"><a rel=\"nofollow\" class=\"comment-reply-link\" href=\"http:\/\/dissenyweb.gddtec.udl.cat\/2026-web8\/col%c2%b7leccions\/?replytocom=2#respond\" data-commentid=\"2\" data-postid=\"32\" data-belowelement=\"comment-2\" data-respondelement=\"respond\" data-replyto=\"Resposta a marcaguilapatino\" aria-label=\"Resposta a marcaguilapatino\">Respon<\/a><\/div><\/div>\n<\/div>\n\n<\/li><li id=\"comment-3\" class=\"comment odd alt thread-odd thread-alt depth-1\">\n\n<div class=\"wp-block-columns is-layout-flex wp-container-core-columns-is-layout-28f84493 wp-block-columns-is-layout-flex\">\n<div class=\"wp-block-column is-layout-flow wp-block-column-is-layout-flow\" style=\"flex-basis:40px\"><div class=\"wp-block-avatar\"><img alt='Avatar de Pau' src='https:\/\/secure.gravatar.com\/avatar\/98b3fa7bd3d96d927cd6a7811825e5bc83a1940928c020bed5a2e04e9f1028e5?s=40&#038;d=retro&#038;r=g' srcset='https:\/\/secure.gravatar.com\/avatar\/98b3fa7bd3d96d927cd6a7811825e5bc83a1940928c020bed5a2e04e9f1028e5?s=80&#038;d=retro&#038;r=g 2x' class='avatar avatar-40 photo wp-block-avatar__image' height='40' width='40'  style=\"border-radius:20px;\"\/><\/div><\/div>\n\n\n\n<div class=\"wp-block-column is-layout-flow wp-block-column-is-layout-flow\"><div class=\"wp-block-comment-author-name has-small-font-size\">Pau<\/div>\n\n\n<div class=\"wp-block-group is-layout-flex wp-block-group-is-layout-flex\" style=\"margin-top:0px;margin-bottom:0px\"><div class=\"wp-block-comment-date has-small-font-size\"><time datetime=\"2026-05-05T12:08:18+02:00\"><a href=\"http:\/\/dissenyweb.gddtec.udl.cat\/2026-web8\/col%c2%b7leccions\/#comment-3\">5 de maig de 2026<\/a><\/time><\/div>\n\n<\/div>\n\n\n<div class=\"wp-block-comment-content\"><p>Veure el documental de Calma m&#8217;ha canviat la vida. Gr\u00e0cies!<\/p>\n<\/div>\n\n<div class=\"wp-block-comment-reply-link has-small-font-size\"><a rel=\"nofollow\" class=\"comment-reply-link\" href=\"http:\/\/dissenyweb.gddtec.udl.cat\/2026-web8\/col%c2%b7leccions\/?replytocom=3#respond\" data-commentid=\"3\" data-postid=\"32\" data-belowelement=\"comment-3\" data-respondelement=\"respond\" data-replyto=\"Resposta a Pau\" aria-label=\"Resposta a Pau\">Respon<\/a><\/div><\/div>\n<\/div>\n\n<\/li><li id=\"comment-4\" class=\"comment byuser comment-author-laiaurbanodelgado bypostauthor even thread-even depth-1\">\n\n<div class=\"wp-block-columns is-layout-flex wp-container-core-columns-is-layout-28f84493 wp-block-columns-is-layout-flex\">\n<div class=\"wp-block-column is-layout-flow wp-block-column-is-layout-flow\" style=\"flex-basis:40px\"><div class=\"wp-block-avatar\"><img alt='Avatar de laiaurbanodelgado' src='https:\/\/secure.gravatar.com\/avatar\/696bc8c725ea13595947cf86460e34d9d85d5d2afa2ec305260c67252f5ac504?s=40&#038;d=retro&#038;r=g' srcset='https:\/\/secure.gravatar.com\/avatar\/696bc8c725ea13595947cf86460e34d9d85d5d2afa2ec305260c67252f5ac504?s=80&#038;d=retro&#038;r=g 2x' class='avatar avatar-40 photo wp-block-avatar__image' height='40' width='40'  style=\"border-radius:20px;\"\/><\/div><\/div>\n\n\n\n<div class=\"wp-block-column is-layout-flow wp-block-column-is-layout-flow\"><div class=\"wp-block-comment-author-name has-small-font-size\">laiaurbanodelgado<\/div>\n\n\n<div class=\"wp-block-group is-layout-flex wp-block-group-is-layout-flex\" style=\"margin-top:0px;margin-bottom:0px\"><div class=\"wp-block-comment-date has-small-font-size\"><time datetime=\"2026-05-06T12:16:23+02:00\"><a href=\"http:\/\/dissenyweb.gddtec.udl.cat\/2026-web8\/col%c2%b7leccions\/#comment-4\">6 de maig de 2026<\/a><\/time><\/div>\n\n<\/div>\n\n\n<div class=\"wp-block-comment-content\"><p>Que xulos els documentals!!<\/p>\n<\/div>\n\n<div class=\"wp-block-comment-reply-link has-small-font-size\"><a rel=\"nofollow\" class=\"comment-reply-link\" href=\"http:\/\/dissenyweb.gddtec.udl.cat\/2026-web8\/col%c2%b7leccions\/?replytocom=4#respond\" data-commentid=\"4\" data-postid=\"32\" data-belowelement=\"comment-4\" data-respondelement=\"respond\" data-replyto=\"Resposta a laiaurbanodelgado\" aria-label=\"Resposta a laiaurbanodelgado\">Respon<\/a><\/div><\/div>\n<\/div>\n\n<\/li><li id=\"comment-5\" class=\"comment odd alt thread-odd thread-alt depth-1\">\n\n<div class=\"wp-block-columns is-layout-flex wp-container-core-columns-is-layout-28f84493 wp-block-columns-is-layout-flex\">\n<div class=\"wp-block-column is-layout-flow wp-block-column-is-layout-flow\" style=\"flex-basis:40px\"><div class=\"wp-block-avatar\"><img alt='Avatar de marc' src='https:\/\/secure.gravatar.com\/avatar\/64b9d3e37ddd5a910abf5453d979f1ce982d13aa13714d1c16a66c67dc7ebcb1?s=40&#038;d=retro&#038;r=g' srcset='https:\/\/secure.gravatar.com\/avatar\/64b9d3e37ddd5a910abf5453d979f1ce982d13aa13714d1c16a66c67dc7ebcb1?s=80&#038;d=retro&#038;r=g 2x' class='avatar avatar-40 photo wp-block-avatar__image' height='40' width='40'  style=\"border-radius:20px;\"\/><\/div><\/div>\n\n\n\n<div class=\"wp-block-column is-layout-flow wp-block-column-is-layout-flow\"><div class=\"wp-block-comment-author-name has-small-font-size\">marc<\/div>\n\n\n<div class=\"wp-block-group is-layout-flex wp-block-group-is-layout-flex\" style=\"margin-top:0px;margin-bottom:0px\"><div class=\"wp-block-comment-date has-small-font-size\"><time datetime=\"2026-05-06T12:27:27+02:00\"><a href=\"http:\/\/dissenyweb.gddtec.udl.cat\/2026-web8\/col%c2%b7leccions\/#comment-5\">6 de maig de 2026<\/a><\/time><\/div>\n\n<\/div>\n\n\n<div class=\"wp-block-comment-content\"><p>muy chulas las pelis<\/p>\n<\/div>\n\n<div class=\"wp-block-comment-reply-link has-small-font-size\"><a rel=\"nofollow\" class=\"comment-reply-link\" href=\"http:\/\/dissenyweb.gddtec.udl.cat\/2026-web8\/col%c2%b7leccions\/?replytocom=5#respond\" data-commentid=\"5\" data-postid=\"32\" data-belowelement=\"comment-5\" data-respondelement=\"respond\" data-replyto=\"Resposta a marc\" aria-label=\"Resposta a marc\">Respon<\/a><\/div><\/div>\n<\/div>\n\n<\/li><\/ol>\n\n\n\n\t<div id=\"respond\" style=\"padding-top:0;padding-bottom:0;\" class=\"comment-respond wp-block-post-comments-form\">\n\t\t<h3 id=\"reply-title\" class=\"comment-reply-title\">Deixa un comentari <small><a rel=\"nofollow\" id=\"cancel-comment-reply-link\" href=\"\/2026-web8\/wp-json\/wp\/v2\/pages\/32#respond\" style=\"display:none;\">Cancel\u00b7la les respostes<\/a><\/small><\/h3><form action=\"http:\/\/dissenyweb.gddtec.udl.cat\/2026-web8\/wp-comments-post.php\" method=\"post\" id=\"commentform\" class=\"comment-form\"><p class=\"comment-notes\"><span id=\"email-notes\">L&#8217;adre\u00e7a electr\u00f2nica no es publicar\u00e0.<\/span> <span class=\"required-field-message\">Els camps necessaris estan marcats amb <span class=\"required\">*<\/span><\/span><\/p><p class=\"comment-form-comment\"><label for=\"comment\">Comentari <span class=\"required\">*<\/span><\/label> <textarea id=\"comment\" name=\"comment\" cols=\"45\" rows=\"8\" maxlength=\"65525\" required><\/textarea><\/p><p class=\"comment-form-author\"><label for=\"author\">Nom <span class=\"required\">*<\/span><\/label> <input id=\"author\" name=\"author\" type=\"text\" value=\"\" size=\"30\" maxlength=\"245\" autocomplete=\"name\" required \/><\/p>\n<p class=\"comment-form-email\"><label for=\"email\">Correu electr\u00f2nic <span class=\"required\">*<\/span><\/label> <input id=\"email\" name=\"email\" type=\"email\" value=\"\" size=\"30\" maxlength=\"100\" aria-describedby=\"email-notes\" autocomplete=\"email\" required \/><\/p>\n<p class=\"comment-form-url\"><label for=\"url\">Lloc web<\/label> <input id=\"url\" name=\"url\" type=\"url\" value=\"\" size=\"30\" maxlength=\"200\" autocomplete=\"url\" \/><\/p>\n<p class=\"comment-form-cookies-consent\"><input id=\"wp-comment-cookies-consent\" name=\"wp-comment-cookies-consent\" type=\"checkbox\" value=\"yes\" \/> <label for=\"wp-comment-cookies-consent\">Desa el meu nom, correu electr\u00f2nic i lloc web en aquest navegador per a la pr\u00f2xima vegada que comenti.<\/label><\/p>\n<p class=\"form-submit wp-block-button\"><input name=\"submit\" type=\"submit\" id=\"submit\" class=\"wp-block-button__link wp-element-button\" value=\"Envia un comentari\" \/> <input type='hidden' name='comment_post_ID' value='32' id='comment_post_ID' \/>\n<input type='hidden' name='comment_parent' id='comment_parent' value='0' \/>\n<\/p><\/form>\t<\/div><!-- #respond -->\n\t<\/div>\n\n\n\n<div class=\"footer-legal-bar\">\n        <div class=\"footer-content\">\n            <a href=\"http:\/\/dissenyweb.gddtec.udl.cat\/2026-web8\/politica-de-privacitat\/\" class=\"legal-link\">Pol\u00edtica de privacitat<\/a>\n            <span class=\"copyright\">Frame Gallery \u00a9 2026<\/span>\n        <\/div>\n    <\/div>\n<\/div>\n","protected":false},"excerpt":{"rendered":"<p>Pol\u00edtica de privacitat Frame Gallery \u00a9 2026<\/p>\n","protected":false},"author":245,"featured_media":0,"parent":0,"menu_order":0,"comment_status":"open","ping_status":"closed","template":"","meta":{"_acf_changed":false,"_uag_custom_page_level_css":"","footnotes":""},"class_list":["post-32","page","type-page","status-publish","hentry"],"acf":[],"mb":[],"uagb_featured_image_src":{"full":false,"thumbnail":false,"medium":false,"medium_large":false,"large":false,"1536x1536":false,"2048x2048":false},"uagb_author_info":{"display_name":"laiaurbanodelgado","author_link":"http:\/\/dissenyweb.gddtec.udl.cat\/2026-web8\/author\/laiaurbanodelgado\/"},"uagb_comment_info":4,"uagb_excerpt":"Pol\u00edtica de privacitat Frame Gallery \u00a9 2026","mfb_rest_fields":["title","uagb_featured_image_src","uagb_author_info","uagb_comment_info","uagb_excerpt"],"_links":{"self":[{"href":"http:\/\/dissenyweb.gddtec.udl.cat\/2026-web8\/wp-json\/wp\/v2\/pages\/32","targetHints":{"allow":["GET"]}}],"collection":[{"href":"http:\/\/dissenyweb.gddtec.udl.cat\/2026-web8\/wp-json\/wp\/v2\/pages"}],"about":[{"href":"http:\/\/dissenyweb.gddtec.udl.cat\/2026-web8\/wp-json\/wp\/v2\/types\/page"}],"author":[{"embeddable":true,"href":"http:\/\/dissenyweb.gddtec.udl.cat\/2026-web8\/wp-json\/wp\/v2\/users\/245"}],"replies":[{"embeddable":true,"href":"http:\/\/dissenyweb.gddtec.udl.cat\/2026-web8\/wp-json\/wp\/v2\/comments?post=32"}],"version-history":[{"count":20,"href":"http:\/\/dissenyweb.gddtec.udl.cat\/2026-web8\/wp-json\/wp\/v2\/pages\/32\/revisions"}],"predecessor-version":[{"id":573,"href":"http:\/\/dissenyweb.gddtec.udl.cat\/2026-web8\/wp-json\/wp\/v2\/pages\/32\/revisions\/573"}],"wp:attachment":[{"href":"http:\/\/dissenyweb.gddtec.udl.cat\/2026-web8\/wp-json\/wp\/v2\/media?parent=32"}],"curies":[{"name":"wp","href":"https:\/\/api.w.org\/{rel}","templated":true}]}}