{"id":436,"date":"2026-04-14T19:12:33","date_gmt":"2026-04-14T17:12:33","guid":{"rendered":"http:\/\/dissenyweb.gddtec.udl.cat\/2026-web2\/?page_id=436"},"modified":"2026-05-05T23:38:00","modified_gmt":"2026-05-05T21:38:00","slug":"tienda-omnis","status":"publish","type":"page","link":"http:\/\/dissenyweb.gddtec.udl.cat\/2026-web2\/tienda-omnis\/","title":{"rendered":"TIENDA"},"content":{"rendered":"\n<header class=\"top-bar tema-rosa\">\n  <div class=\"top-bar__inner\">\n    <a href=\"\/2026-web2\/#\" class=\"top-bar__logo\" aria-label=\"Ir al inicio\">\n      <img decoding=\"async\" src=\"http:\/\/dissenyweb.gddtec.udl.cat\/2026-web2\/wp-content\/uploads\/sites\/86\/2026\/04\/logo-1.png\" alt=\"Logotipo de OMNIS\">\n    <\/a>\n\n<nav class=\"top-bar__icons\">\n      <!-- AQU\u00cd ESTAVA L'ERROR: Ara ja apunta a la carpeta correcta abans del # -->\n      <a href=\"\/2026-web2\/#seccio-mapa\" class=\"icon\" aria-label=\"Ver mapa interactivo\">\n        <img decoding=\"async\" src=\"http:\/\/dissenyweb.gddtec.udl.cat\/2026-web2\/wp-content\/uploads\/sites\/86\/2026\/04\/mapa.png\" alt=\"Mapa\">\n      <\/a>\n      \n      \n      <a href=\"#omnis-menu-lateral\" class=\"icon btn-net\" aria-label=\"Abrir men\u00fa de navegaci\u00f3n\">\n        <img decoding=\"async\" src=\"http:\/\/dissenyweb.gddtec.udl.cat\/2026-web2\/wp-content\/uploads\/sites\/86\/2026\/04\/menu.png\" alt=\"Menu\">\n      <\/a>\n    <\/nav>\n  <\/div>\n<\/header>\n\n<div id=\"omnis-menu-lateral\" class=\"menu-tancat\">\n    <div class=\"menu-borde-interior\">\n        \n        <div class=\"menu-capcalera\">\n            \n<a href=\"\/2026-web2\/#\" class=\"top-bar__logo\" aria-label=\"Ir al inicio\">\n      <img decoding=\"async\" src=\"http:\/\/dissenyweb.gddtec.udl.cat\/2026-web2\/wp-content\/uploads\/sites\/86\/2026\/04\/logo-1.png\" alt=\"OMNIS\" class=\"menu-logo\">\n    <\/a>\n\n\n            \n            <!-- CONTENIDOR DE LA CREU I LA ICONA -->\n            <div style=\"flex-direction: column;align-items: center\">\n                \n                <!-- CREU -->\n                <a href=\"#\" class=\"btn-tancar\" style=\"text-decoration: none;line-height: 1;margin-left: 10px\">\u2716<\/a>\n                \n                <!-- ICONA (El margin-top: 30px \u00e9s el que la fa baixar) -->\n                <a href=\"\/2026-web2\/perfil\/\" class=\"icona-usuari-imatge\" style=\"margin-top: 30px;margin-right: 25px\">\n                    <img decoding=\"async\" src=\"http:\/\/dissenyweb.gddtec.udl.cat\/2026-web2\/wp-content\/uploads\/sites\/86\/2026\/04\/png-transparent-logo-person-user-person-icon-rectangle-photography-computer-wallpaper-thumbnail-4.png\" alt=\"Perfil\">\n                <\/a>\n                \n            <\/div>\n        <\/div>\n\n       <nav class=\"menu-principal\">\n            <a href=\"\/2026-web2\/#sobre-nosotros\">SOBRE NOSOTROS<\/a>\n            <a href=\"\/2026-web2\/pop-ups\/\">POP UP<\/a>\n            <a href=\"\/2026-web2\/mi-omnis\/\">MI OMNIS<\/a>\n            <!-- Sense la barra al final del #omia -->\n            <a href=\"\/2026-web2\/contacto\/#omia\">OMIA<\/a>\n        <\/nav>\n\n        <nav class=\"menu-secundari\">\n           <a href=\"\/2026-web2\/contact\/\">CONTACTO<\/a>\n            <a href=\"\/2026-web2\/mi-carrito\/\">CARRITO<\/a>\n            <a href=\"\/2026-web2\/tienda\/\">TIENDA<\/a>\n            <a href=\"\/2026-web2\/faq\/\">AYUDA<\/a>\n        <\/nav>\n\n       \n            <div class=\"menu-xarxes\">\n                <span>IG<\/span> <span>TK<\/span> <span>IN<\/span> \n            <\/div>\n        <\/div>\n    <\/div>\n<\/div>\n\n\n\n<div class=\"wp-block-cover\" style=\"min-height:608px;aspect-ratio:unset;\"><img loading=\"lazy\" decoding=\"async\" width=\"1024\" height=\"580\" class=\"wp-block-cover__image-background wp-image-896\" alt=\"\" src=\"http:\/\/dissenyweb.gddtec.udl.cat\/2026-web2\/wp-content\/uploads\/sites\/86\/2026\/04\/image-6-1024x580.png\" data-object-fit=\"cover\" srcset=\"http:\/\/dissenyweb.gddtec.udl.cat\/2026-web2\/wp-content\/uploads\/sites\/86\/2026\/04\/image-6-1024x580.png 1024w, http:\/\/dissenyweb.gddtec.udl.cat\/2026-web2\/wp-content\/uploads\/sites\/86\/2026\/04\/image-6-300x170.png 300w, http:\/\/dissenyweb.gddtec.udl.cat\/2026-web2\/wp-content\/uploads\/sites\/86\/2026\/04\/image-6-768x435.png 768w, http:\/\/dissenyweb.gddtec.udl.cat\/2026-web2\/wp-content\/uploads\/sites\/86\/2026\/04\/image-6.png 1195w\" sizes=\"auto, (max-width: 1024px) 100vw, 1024px\" \/><span aria-hidden=\"true\" class=\"wp-block-cover__background has-background-dim\"><\/span><div class=\"wp-block-cover__inner-container has-global-padding is-layout-constrained wp-block-cover-is-layout-constrained\">\n<p class=\"has-text-align-center has-large-font-size\"><\/p>\n<\/div><\/div>\n\n\n\n<figure class=\"wp-block-image aligncenter size-large is-resized\" style=\"margin-top:var(--wp--preset--spacing--70)\"><img loading=\"lazy\" decoding=\"async\" width=\"1024\" height=\"209\" src=\"http:\/\/dissenyweb.gddtec.udl.cat\/2026-web2\/wp-content\/uploads\/sites\/86\/2026\/04\/Group-177-1024x209.png\" alt=\"\" class=\"wp-image-809\" style=\"width:535px;height:auto\" srcset=\"http:\/\/dissenyweb.gddtec.udl.cat\/2026-web2\/wp-content\/uploads\/sites\/86\/2026\/04\/Group-177-1024x209.png 1024w, http:\/\/dissenyweb.gddtec.udl.cat\/2026-web2\/wp-content\/uploads\/sites\/86\/2026\/04\/Group-177-300x61.png 300w, http:\/\/dissenyweb.gddtec.udl.cat\/2026-web2\/wp-content\/uploads\/sites\/86\/2026\/04\/Group-177-768x157.png 768w, http:\/\/dissenyweb.gddtec.udl.cat\/2026-web2\/wp-content\/uploads\/sites\/86\/2026\/04\/Group-177.png 1248w\" sizes=\"auto, (max-width: 1024px) 100vw, 1024px\" \/><\/figure>\n\n\n\n<div class=\"decoracion-tienda-estrellas\">\n    <div class=\"e-t e-roja-t\"><\/div>\n    <div class=\"e-t e-azul-t\"><\/div>\n    <div class=\"e-t e-verde-t\"><\/div>\n    <div class=\"e-t e-amarilla-t\"><\/div>\n<\/div>\n\n\n\n<div class=\"wp-block-columns is-layout-flex wp-container-core-columns-is-layout-0111f410 wp-block-columns-is-layout-flex\" style=\"padding-right:var(--wp--preset--spacing--50);padding-left:var(--wp--preset--spacing--50)\">\n<div class=\"wp-block-column is-layout-flow wp-block-column-is-layout-flow\" style=\"padding-right:var(--wp--preset--spacing--50);padding-left:var(--wp--preset--spacing--50)\">\n<figure class=\"wp-block-gallery has-nested-images columns-default is-cropped wp-block-gallery-1 is-layout-flex wp-block-gallery-is-layout-flex\">\n<figure class=\"wp-block-image size-large foto-merch\" id=\"Camiseta-negra\" style=\"margin-right:0;margin-left:0\"><a href=\"http:\/\/dissenyweb.gddtec.udl.cat\/2026-web2\/carrito\/\" target=\"_blank\" rel=\" noreferrer noopener\"><img loading=\"lazy\" decoding=\"async\" width=\"599\" height=\"554\" data-id=\"535\" src=\"http:\/\/dissenyweb.gddtec.udl.cat\/2026-web2\/wp-content\/uploads\/sites\/86\/2026\/04\/Captura-de-pantalla-2026-04-14-192558-3.png\" alt=\"Camiseta de algod\u00f3n negra con ilustraci\u00f3n central de los cuatro personajes de OMNIS formando una torre humana.\" class=\"wp-image-535\" srcset=\"http:\/\/dissenyweb.gddtec.udl.cat\/2026-web2\/wp-content\/uploads\/sites\/86\/2026\/04\/Captura-de-pantalla-2026-04-14-192558-3.png 599w, http:\/\/dissenyweb.gddtec.udl.cat\/2026-web2\/wp-content\/uploads\/sites\/86\/2026\/04\/Captura-de-pantalla-2026-04-14-192558-3-300x277.png 300w\" sizes=\"auto, (max-width: 599px) 100vw, 599px\" \/><\/a><\/figure>\n\n\n\n<figure class=\"wp-block-image size-large foto-merch\" id=\"Camiseta-blanca\"><img loading=\"lazy\" decoding=\"async\" width=\"617\" height=\"547\" data-id=\"533\" src=\"http:\/\/dissenyweb.gddtec.udl.cat\/2026-web2\/wp-content\/uploads\/sites\/86\/2026\/04\/Captura-de-pantalla-2026-04-14-192618-3.png\" alt=\"Camiseta blanca con un estampado integral estilo Memphis que combina a los personajes de OMNIS con formas geom\u00e9tricas de colores.\" class=\"wp-image-533\" srcset=\"http:\/\/dissenyweb.gddtec.udl.cat\/2026-web2\/wp-content\/uploads\/sites\/86\/2026\/04\/Captura-de-pantalla-2026-04-14-192618-3.png 617w, http:\/\/dissenyweb.gddtec.udl.cat\/2026-web2\/wp-content\/uploads\/sites\/86\/2026\/04\/Captura-de-pantalla-2026-04-14-192618-3-300x266.png 300w\" sizes=\"auto, (max-width: 617px) 100vw, 617px\" \/><\/figure>\n\n\n\n<figure class=\"wp-block-image size-large foto-merch\" id=\"Sudadera-negra\"><img loading=\"lazy\" decoding=\"async\" width=\"582\" height=\"553\" data-id=\"532\" src=\"http:\/\/dissenyweb.gddtec.udl.cat\/2026-web2\/wp-content\/uploads\/sites\/86\/2026\/04\/Captura-de-pantalla-2026-04-14-192644-3.png\" alt=\"Sudadera negra con capucha con el dise\u00f1o de los personajes de OMNIS en la espalda en colores vibrantes.\" class=\"wp-image-532\" srcset=\"http:\/\/dissenyweb.gddtec.udl.cat\/2026-web2\/wp-content\/uploads\/sites\/86\/2026\/04\/Captura-de-pantalla-2026-04-14-192644-3.png 582w, http:\/\/dissenyweb.gddtec.udl.cat\/2026-web2\/wp-content\/uploads\/sites\/86\/2026\/04\/Captura-de-pantalla-2026-04-14-192644-3-300x285.png 300w\" sizes=\"auto, (max-width: 582px) 100vw, 582px\" \/><\/figure>\n\n\n\n<figure class=\"wp-block-image size-large foto-merch\" id=\"Taza\"><img loading=\"lazy\" decoding=\"async\" width=\"570\" height=\"457\" data-id=\"526\" src=\"http:\/\/dissenyweb.gddtec.udl.cat\/2026-web2\/wp-content\/uploads\/sites\/86\/2026\/04\/Captura-de-pantalla-2026-04-14-192837-3.png\" alt=\"Taza de cer\u00e1mica negra con los cuatro personajes de OMNIS haciendo poses de baile y dabbing.\" class=\"wp-image-526\" srcset=\"http:\/\/dissenyweb.gddtec.udl.cat\/2026-web2\/wp-content\/uploads\/sites\/86\/2026\/04\/Captura-de-pantalla-2026-04-14-192837-3.png 570w, http:\/\/dissenyweb.gddtec.udl.cat\/2026-web2\/wp-content\/uploads\/sites\/86\/2026\/04\/Captura-de-pantalla-2026-04-14-192837-3-300x241.png 300w\" sizes=\"auto, (max-width: 570px) 100vw, 570px\" \/><\/figure>\n\n\n\n<figure class=\"wp-block-image size-large foto-merch\" id=\"Pegatina\"><img loading=\"lazy\" decoding=\"async\" width=\"403\" height=\"498\" data-id=\"516\" src=\"http:\/\/dissenyweb.gddtec.udl.cat\/2026-web2\/wp-content\/uploads\/sites\/86\/2026\/04\/Captura-de-pantalla-2026-04-14-193207-2.png\" alt=\"Pegatina\" class=\"wp-image-516\" srcset=\"http:\/\/dissenyweb.gddtec.udl.cat\/2026-web2\/wp-content\/uploads\/sites\/86\/2026\/04\/Captura-de-pantalla-2026-04-14-193207-2.png 403w, http:\/\/dissenyweb.gddtec.udl.cat\/2026-web2\/wp-content\/uploads\/sites\/86\/2026\/04\/Captura-de-pantalla-2026-04-14-193207-2-243x300.png 243w\" sizes=\"auto, (max-width: 403px) 100vw, 403px\" \/><\/figure>\n\n\n\n<figure class=\"wp-block-image size-large foto-merch\" id=\"Agenda-Escolar\"><img loading=\"lazy\" decoding=\"async\" width=\"436\" height=\"526\" data-id=\"517\" src=\"http:\/\/dissenyweb.gddtec.udl.cat\/2026-web2\/wp-content\/uploads\/sites\/86\/2026\/04\/Captura-de-pantalla-2026-04-14-193151-2.png\" alt=\"Cuaderno de espiral con portada negra y el nombre OMNIS escrito en letras grandes y coloridas.\" class=\"wp-image-517\" srcset=\"http:\/\/dissenyweb.gddtec.udl.cat\/2026-web2\/wp-content\/uploads\/sites\/86\/2026\/04\/Captura-de-pantalla-2026-04-14-193151-2.png 436w, http:\/\/dissenyweb.gddtec.udl.cat\/2026-web2\/wp-content\/uploads\/sites\/86\/2026\/04\/Captura-de-pantalla-2026-04-14-193151-2-249x300.png 249w\" sizes=\"auto, (max-width: 436px) 100vw, 436px\" \/><\/figure>\n\n\n\n<figure class=\"wp-block-image size-large foto-merch\" id=\"Pack-4-Pegatinas\"><img loading=\"lazy\" decoding=\"async\" width=\"578\" height=\"500\" data-id=\"523\" src=\"http:\/\/dissenyweb.gddtec.udl.cat\/2026-web2\/wp-content\/uploads\/sites\/86\/2026\/04\/Captura-de-pantalla-2026-04-14-193026-2.png\" alt=\"Set de cuatro pegatinas peque\u00f1as con los personajes de OMNIS en diferentes colores (amarillo, rojo, azul y verde), cada uno realizando una actividad creativa distinta.\" class=\"wp-image-523\" srcset=\"http:\/\/dissenyweb.gddtec.udl.cat\/2026-web2\/wp-content\/uploads\/sites\/86\/2026\/04\/Captura-de-pantalla-2026-04-14-193026-2.png 578w, http:\/\/dissenyweb.gddtec.udl.cat\/2026-web2\/wp-content\/uploads\/sites\/86\/2026\/04\/Captura-de-pantalla-2026-04-14-193026-2-300x260.png 300w\" sizes=\"auto, (max-width: 578px) 100vw, 578px\" \/><\/figure>\n\n\n\n<figure class=\"wp-block-image size-thumbnail foto-merch\" id=\"Pegatina-Amarilla\"><img loading=\"lazy\" decoding=\"async\" width=\"150\" height=\"150\" data-id=\"521\" src=\"http:\/\/dissenyweb.gddtec.udl.cat\/2026-web2\/wp-content\/uploads\/sites\/86\/2026\/04\/Captura-de-pantalla-2026-04-14-193040-2-150x150.png\" alt=\"Pegatina troquelada del personaje amarillo de OMNIS sosteniendo una paleta de pintor y un pincel.\" class=\"wp-image-521\" \/><\/figure>\n\n\n\n<figure class=\"wp-block-image size-large foto-merch\" id=\"Pegatina-Naranja\"><img loading=\"lazy\" decoding=\"async\" width=\"430\" height=\"447\" data-id=\"520\" src=\"http:\/\/dissenyweb.gddtec.udl.cat\/2026-web2\/wp-content\/uploads\/sites\/86\/2026\/04\/Captura-de-pantalla-2026-04-14-193057-2.png\" alt=\"Pegatina troquelada del personaje rojo de OMNIS sentado y leyendo un libro de arte.\" class=\"wp-image-520\" srcset=\"http:\/\/dissenyweb.gddtec.udl.cat\/2026-web2\/wp-content\/uploads\/sites\/86\/2026\/04\/Captura-de-pantalla-2026-04-14-193057-2.png 430w, http:\/\/dissenyweb.gddtec.udl.cat\/2026-web2\/wp-content\/uploads\/sites\/86\/2026\/04\/Captura-de-pantalla-2026-04-14-193057-2-289x300.png 289w\" sizes=\"auto, (max-width: 430px) 100vw, 430px\" \/><\/figure>\n\n\n\n<figure class=\"wp-block-image size-large foto-merch\" id=\"Pegatina-Azul\"><img loading=\"lazy\" decoding=\"async\" width=\"513\" height=\"464\" data-id=\"522\" src=\"http:\/\/dissenyweb.gddtec.udl.cat\/2026-web2\/wp-content\/uploads\/sites\/86\/2026\/04\/Captura-de-pantalla-2026-04-14-193109-2.png\" alt=\"Pegatina troquelada del personaje azul de OMNIS tocando la guitarra el\u00e9ctrica.\" class=\"wp-image-522\" srcset=\"http:\/\/dissenyweb.gddtec.udl.cat\/2026-web2\/wp-content\/uploads\/sites\/86\/2026\/04\/Captura-de-pantalla-2026-04-14-193109-2.png 513w, http:\/\/dissenyweb.gddtec.udl.cat\/2026-web2\/wp-content\/uploads\/sites\/86\/2026\/04\/Captura-de-pantalla-2026-04-14-193109-2-300x271.png 300w\" sizes=\"auto, (max-width: 513px) 100vw, 513px\" \/><\/figure>\n\n\n\n<figure class=\"wp-block-image size-large foto-merch\" id=\"Pegatina-Verde\"><img loading=\"lazy\" decoding=\"async\" width=\"462\" height=\"446\" data-id=\"518\" src=\"http:\/\/dissenyweb.gddtec.udl.cat\/2026-web2\/wp-content\/uploads\/sites\/86\/2026\/04\/Captura-de-pantalla-2026-04-14-193125-2.png\" alt=\"Pegatina troquelada del personaje verde de OMNIS, representado en una postura din\u00e1mica comiendo de un plato con un tenedor.\" class=\"wp-image-518\" srcset=\"http:\/\/dissenyweb.gddtec.udl.cat\/2026-web2\/wp-content\/uploads\/sites\/86\/2026\/04\/Captura-de-pantalla-2026-04-14-193125-2.png 462w, http:\/\/dissenyweb.gddtec.udl.cat\/2026-web2\/wp-content\/uploads\/sites\/86\/2026\/04\/Captura-de-pantalla-2026-04-14-193125-2-300x290.png 300w\" sizes=\"auto, (max-width: 462px) 100vw, 462px\" \/><\/figure>\n\n\n\n<figure class=\"wp-block-image size-large foto-merch\" id=\"Refresco-de-Cola\"><img loading=\"lazy\" decoding=\"async\" width=\"379\" height=\"446\" data-id=\"524\" src=\"http:\/\/dissenyweb.gddtec.udl.cat\/2026-web2\/wp-content\/uploads\/sites\/86\/2026\/04\/Captura-de-pantalla-2026-04-14-192929-2.png\" alt=\"Lata de bebida con un dise\u00f1o envolvente de patr\u00f3n Memphis multicolor, integrando los personajes del museo en una est\u00e9tica moderna y refrescante.\" class=\"wp-image-524\" srcset=\"http:\/\/dissenyweb.gddtec.udl.cat\/2026-web2\/wp-content\/uploads\/sites\/86\/2026\/04\/Captura-de-pantalla-2026-04-14-192929-2.png 379w, http:\/\/dissenyweb.gddtec.udl.cat\/2026-web2\/wp-content\/uploads\/sites\/86\/2026\/04\/Captura-de-pantalla-2026-04-14-192929-2-255x300.png 255w\" sizes=\"auto, (max-width: 379px) 100vw, 379px\" \/><\/figure>\n\n\n\n<figure class=\"wp-block-image size-large foto-merch\" id=\"Cantimplora\"><img loading=\"lazy\" decoding=\"async\" width=\"658\" height=\"438\" data-id=\"525\" src=\"http:\/\/dissenyweb.gddtec.udl.cat\/2026-web2\/wp-content\/uploads\/sites\/86\/2026\/04\/Captura-de-pantalla-2026-04-14-192856-2.png\" alt=\"Botella t\u00e9rmica met\u00e1lica de color negro decorada con las siluetas coloridas de los personajes del museo.\" class=\"wp-image-525\" srcset=\"http:\/\/dissenyweb.gddtec.udl.cat\/2026-web2\/wp-content\/uploads\/sites\/86\/2026\/04\/Captura-de-pantalla-2026-04-14-192856-2.png 658w, http:\/\/dissenyweb.gddtec.udl.cat\/2026-web2\/wp-content\/uploads\/sites\/86\/2026\/04\/Captura-de-pantalla-2026-04-14-192856-2-300x200.png 300w\" sizes=\"auto, (max-width: 658px) 100vw, 658px\" \/><\/figure>\n\n\n\n<figure class=\"wp-block-image size-large foto-merch\" id=\"Funda-Tel\u00e9fono\"><img loading=\"lazy\" decoding=\"async\" width=\"647\" height=\"489\" data-id=\"531\" src=\"http:\/\/dissenyweb.gddtec.udl.cat\/2026-web2\/wp-content\/uploads\/sites\/86\/2026\/04\/Captura-de-pantalla-2026-04-14-192700-3.png\" alt=\"Funda protectora para m\u00f3vil negra con peque\u00f1os iconos repetidos de los personajes de OMNIS\" class=\"wp-image-531\" srcset=\"http:\/\/dissenyweb.gddtec.udl.cat\/2026-web2\/wp-content\/uploads\/sites\/86\/2026\/04\/Captura-de-pantalla-2026-04-14-192700-3.png 647w, http:\/\/dissenyweb.gddtec.udl.cat\/2026-web2\/wp-content\/uploads\/sites\/86\/2026\/04\/Captura-de-pantalla-2026-04-14-192700-3-300x227.png 300w\" sizes=\"auto, (max-width: 647px) 100vw, 647px\" \/><\/figure>\n\n\n\n<figure class=\"wp-block-image size-large foto-merch\" id=\"Tarjeta-Regalo\"><img loading=\"lazy\" decoding=\"async\" width=\"544\" height=\"391\" data-id=\"519\" src=\"http:\/\/dissenyweb.gddtec.udl.cat\/2026-web2\/wp-content\/uploads\/sites\/86\/2026\/04\/Captura-de-pantalla-2026-04-14-193312-2.png\" alt=\"Tarjeta de felicitaci\u00f3n o regalo con un dise\u00f1o de tr\u00edptico que muestra a los personajes de OMNIS en una composici\u00f3n alegre y colorida, ideal para invitaciones al museo.\" class=\"wp-image-519\" srcset=\"http:\/\/dissenyweb.gddtec.udl.cat\/2026-web2\/wp-content\/uploads\/sites\/86\/2026\/04\/Captura-de-pantalla-2026-04-14-193312-2.png 544w, http:\/\/dissenyweb.gddtec.udl.cat\/2026-web2\/wp-content\/uploads\/sites\/86\/2026\/04\/Captura-de-pantalla-2026-04-14-193312-2-300x216.png 300w\" sizes=\"auto, (max-width: 544px) 100vw, 544px\" \/><\/figure>\n\n\n\n<figure class=\"wp-block-image size-large foto-merch\"><img loading=\"lazy\" decoding=\"async\" width=\"523\" height=\"468\" data-id=\"514\" src=\"http:\/\/dissenyweb.gddtec.udl.cat\/2026-web2\/wp-content\/uploads\/sites\/86\/2026\/04\/Captura-de-pantalla-2026-04-14-193254-2.png\" alt=\"P\u00f3ster vertical con un dise\u00f1o vibrante estilo Memphis sobre fondo blanco, donde los personajes de OMNIS se mezclan con formas geom\u00e9tricas, rayos y puntos de colores.\" class=\"wp-image-514\" srcset=\"http:\/\/dissenyweb.gddtec.udl.cat\/2026-web2\/wp-content\/uploads\/sites\/86\/2026\/04\/Captura-de-pantalla-2026-04-14-193254-2.png 523w, http:\/\/dissenyweb.gddtec.udl.cat\/2026-web2\/wp-content\/uploads\/sites\/86\/2026\/04\/Captura-de-pantalla-2026-04-14-193254-2-300x268.png 300w\" sizes=\"auto, (max-width: 523px) 100vw, 523px\" \/><\/figure>\n\n\n\n<figure class=\"wp-block-image size-large foto-merch\" id=\"Postal\"><img loading=\"lazy\" decoding=\"async\" width=\"504\" height=\"406\" data-id=\"515\" src=\"http:\/\/dissenyweb.gddtec.udl.cat\/2026-web2\/wp-content\/uploads\/sites\/86\/2026\/04\/Captura-de-pantalla-2026-04-14-193232-2.png\" alt=\"Postal de dise\u00f1o art\u00edstico que muestra a los cuatro personajes de OMNIS en movimiento sobre un fondo negro, resaltando el contraste de los colores vibrantes.\" class=\"wp-image-515\" srcset=\"http:\/\/dissenyweb.gddtec.udl.cat\/2026-web2\/wp-content\/uploads\/sites\/86\/2026\/04\/Captura-de-pantalla-2026-04-14-193232-2.png 504w, http:\/\/dissenyweb.gddtec.udl.cat\/2026-web2\/wp-content\/uploads\/sites\/86\/2026\/04\/Captura-de-pantalla-2026-04-14-193232-2-300x242.png 300w\" sizes=\"auto, (max-width: 504px) 100vw, 504px\" \/><\/figure>\n\n\n\n<figure class=\"wp-block-image size-large foto-merch\" id=\"Bolsa-Regalo\"><img loading=\"lazy\" decoding=\"async\" width=\"443\" height=\"598\" data-id=\"527\" src=\"http:\/\/dissenyweb.gddtec.udl.cat\/2026-web2\/wp-content\/uploads\/sites\/86\/2026\/04\/Captura-de-pantalla-2026-04-14-192812-3.png\" alt=\"Bolsa de papel blanca para tienda con el logo de OMNIS y los cuatro personajes coloridos estampados en la parte frontal inferior sobre un fondo de un cuadrado negro.\" class=\"wp-image-527\" srcset=\"http:\/\/dissenyweb.gddtec.udl.cat\/2026-web2\/wp-content\/uploads\/sites\/86\/2026\/04\/Captura-de-pantalla-2026-04-14-192812-3.png 443w, http:\/\/dissenyweb.gddtec.udl.cat\/2026-web2\/wp-content\/uploads\/sites\/86\/2026\/04\/Captura-de-pantalla-2026-04-14-192812-3-222x300.png 222w\" sizes=\"auto, (max-width: 443px) 100vw, 443px\" \/><\/figure>\n\n\n\n<figure class=\"wp-block-image size-large foto-merch\" id=\"Bolsa-Regalo\"><img loading=\"lazy\" decoding=\"async\" width=\"481\" height=\"569\" data-id=\"529\" src=\"http:\/\/dissenyweb.gddtec.udl.cat\/2026-web2\/wp-content\/uploads\/sites\/86\/2026\/04\/Captura-de-pantalla-2026-04-14-192751-3.png\" alt=\"Bolsa de regalo blanca con el logo central de OMNIS y la ilustraci\u00f3n de los personajes en la base.\" class=\"wp-image-529\" srcset=\"http:\/\/dissenyweb.gddtec.udl.cat\/2026-web2\/wp-content\/uploads\/sites\/86\/2026\/04\/Captura-de-pantalla-2026-04-14-192751-3.png 481w, http:\/\/dissenyweb.gddtec.udl.cat\/2026-web2\/wp-content\/uploads\/sites\/86\/2026\/04\/Captura-de-pantalla-2026-04-14-192751-3-254x300.png 254w\" sizes=\"auto, (max-width: 481px) 100vw, 481px\" \/><\/figure>\n\n\n\n<figure class=\"wp-block-image size-large foto-merch\" id=\"Libro-de-Arte\"><img loading=\"lazy\" decoding=\"async\" width=\"399\" height=\"579\" data-id=\"528\" src=\"http:\/\/dissenyweb.gddtec.udl.cat\/2026-web2\/wp-content\/uploads\/sites\/86\/2026\/04\/Captura-de-pantalla-2026-04-14-192731-2.png\" alt=\"Libro de arte con portada negra donde destaca el nombre 'OMNIS' en letras grandes de colores y las siluetas de los personajes en la parte inferior.\" class=\"wp-image-528\" srcset=\"http:\/\/dissenyweb.gddtec.udl.cat\/2026-web2\/wp-content\/uploads\/sites\/86\/2026\/04\/Captura-de-pantalla-2026-04-14-192731-2.png 399w, http:\/\/dissenyweb.gddtec.udl.cat\/2026-web2\/wp-content\/uploads\/sites\/86\/2026\/04\/Captura-de-pantalla-2026-04-14-192731-2-207x300.png 207w\" sizes=\"auto, (max-width: 399px) 100vw, 399px\" \/><\/figure>\n\n\n\n<figure class=\"wp-block-image size-large foto-merch\" id=\"Termo\"><img loading=\"lazy\" decoding=\"async\" width=\"346\" height=\"578\" data-id=\"530\" src=\"http:\/\/dissenyweb.gddtec.udl.cat\/2026-web2\/wp-content\/uploads\/sites\/86\/2026\/04\/Captura-de-pantalla-2026-04-14-192718-2.png\" alt=\"Vaso de viaje con tapa, con un dise\u00f1o envolvente del logo de OMNIS y personajes sobre un fondo de paisaje abstracto.\" class=\"wp-image-530\" srcset=\"http:\/\/dissenyweb.gddtec.udl.cat\/2026-web2\/wp-content\/uploads\/sites\/86\/2026\/04\/Captura-de-pantalla-2026-04-14-192718-2.png 346w, http:\/\/dissenyweb.gddtec.udl.cat\/2026-web2\/wp-content\/uploads\/sites\/86\/2026\/04\/Captura-de-pantalla-2026-04-14-192718-2-180x300.png 180w\" sizes=\"auto, (max-width: 346px) 100vw, 346px\" \/><\/figure>\n<\/figure>\n<\/div>\n<\/div>\n\n\n\n<p><\/p>\n","protected":false},"excerpt":{"rendered":"<p>\u2716 SOBRE NOSOTROS POP UP MI OMNIS OMIA CONTACTO CARRITO TIENDA AYUDA IG TK IN<\/p>\n","protected":false},"author":217,"featured_media":896,"parent":0,"menu_order":0,"comment_status":"closed","ping_status":"closed","template":"omnis-plantilla","meta":{"_acf_changed":false,"footnotes":""},"class_list":["post-436","page","type-page","status-publish","has-post-thumbnail","hentry"],"acf":[],"mb":[],"mfb_rest_fields":["title"],"_links":{"self":[{"href":"http:\/\/dissenyweb.gddtec.udl.cat\/2026-web2\/wp-json\/wp\/v2\/pages\/436","targetHints":{"allow":["GET"]}}],"collection":[{"href":"http:\/\/dissenyweb.gddtec.udl.cat\/2026-web2\/wp-json\/wp\/v2\/pages"}],"about":[{"href":"http:\/\/dissenyweb.gddtec.udl.cat\/2026-web2\/wp-json\/wp\/v2\/types\/page"}],"author":[{"embeddable":true,"href":"http:\/\/dissenyweb.gddtec.udl.cat\/2026-web2\/wp-json\/wp\/v2\/users\/217"}],"replies":[{"embeddable":true,"href":"http:\/\/dissenyweb.gddtec.udl.cat\/2026-web2\/wp-json\/wp\/v2\/comments?post=436"}],"version-history":[{"count":41,"href":"http:\/\/dissenyweb.gddtec.udl.cat\/2026-web2\/wp-json\/wp\/v2\/pages\/436\/revisions"}],"predecessor-version":[{"id":1613,"href":"http:\/\/dissenyweb.gddtec.udl.cat\/2026-web2\/wp-json\/wp\/v2\/pages\/436\/revisions\/1613"}],"wp:featuredmedia":[{"embeddable":true,"href":"http:\/\/dissenyweb.gddtec.udl.cat\/2026-web2\/wp-json\/wp\/v2\/media\/896"}],"wp:attachment":[{"href":"http:\/\/dissenyweb.gddtec.udl.cat\/2026-web2\/wp-json\/wp\/v2\/media?parent=436"}],"curies":[{"name":"wp","href":"https:\/\/api.w.org\/{rel}","templated":true}]}}