{"id":264,"date":"2026-04-12T13:56:54","date_gmt":"2026-04-12T11:56:54","guid":{"rendered":"http:\/\/dissenyweb.gddtec.udl.cat\/2026-web2\/?page_id=264"},"modified":"2026-05-05T13:31:43","modified_gmt":"2026-05-05T11:31:43","slug":"pop-ups","status":"publish","type":"page","link":"http:\/\/dissenyweb.gddtec.udl.cat\/2026-web2\/pop-ups\/","title":{"rendered":"POP UP BO"},"content":{"rendered":"\n<div class=\"wp-block-group has-global-padding is-layout-constrained wp-block-group-is-layout-constrained\">\n<div class=\"wp-block-cover alignfull\" style=\"padding-top:0;padding-bottom:0;min-height:100vh;aspect-ratio:unset;\"><img loading=\"lazy\" decoding=\"async\" width=\"1024\" height=\"517\" class=\"wp-block-cover__image-background wp-image-348\" alt=\"Fotograf\u00eda de una sala de museo blanca donde se ven siluetas coloridas de los personajes de OMNIS (en amarillo, azul, verde y naranja) aplicadas a gran escala sobre la pared principal. Una visitante observa las figuras, simulando una exposici\u00f3n f\u00edsica del museo digital.\" src=\"http:\/\/dissenyweb.gddtec.udl.cat\/2026-web2\/wp-content\/uploads\/sites\/86\/2026\/04\/WhatsApp-Image-2026-04-14-at-11.45.27-1024x517.jpeg\" data-object-fit=\"cover\" srcset=\"http:\/\/dissenyweb.gddtec.udl.cat\/2026-web2\/wp-content\/uploads\/sites\/86\/2026\/04\/WhatsApp-Image-2026-04-14-at-11.45.27-1024x517.jpeg 1024w, http:\/\/dissenyweb.gddtec.udl.cat\/2026-web2\/wp-content\/uploads\/sites\/86\/2026\/04\/WhatsApp-Image-2026-04-14-at-11.45.27-300x152.jpeg 300w, http:\/\/dissenyweb.gddtec.udl.cat\/2026-web2\/wp-content\/uploads\/sites\/86\/2026\/04\/WhatsApp-Image-2026-04-14-at-11.45.27-768x388.jpeg 768w, http:\/\/dissenyweb.gddtec.udl.cat\/2026-web2\/wp-content\/uploads\/sites\/86\/2026\/04\/WhatsApp-Image-2026-04-14-at-11.45.27.jpeg 1283w\" sizes=\"auto, (max-width: 1024px) 100vw, 1024px\" \/><span aria-hidden=\"true\" class=\"wp-block-cover__background has-background-dim\"><\/span><div class=\"wp-block-cover__inner-container is-layout-flow wp-block-cover-is-layout-flow\">\n<p class=\"has-text-align-center has-large-font-size\"><\/p>\n<\/div><\/div>\n<\/div>\n\n\n\n<header class=\"top-bar tema-rosa\">\n  <div class=\"top-bar__inner\">\n    <a href=\"\/2026-web2\/#\" class=\"top-bar__logo\" aria-label=\"Ir al inicio\">\n      <img decoding=\"async\" src=\"http:\/\/dissenyweb.gddtec.udl.cat\/2026-web2\/wp-content\/uploads\/sites\/86\/2026\/04\/logo-1.png\" alt=\"Logotipo de OMNIS\">\n    <\/a>\n\n<nav class=\"top-bar__icons\">\n      <!-- AQU\u00cd ESTAVA L'ERROR: Ara ja apunta a la carpeta correcta abans del # -->\n      <a href=\"\/2026-web2\/#seccio-mapa\" class=\"icon\" aria-label=\"Ver mapa interactivo\">\n        <img decoding=\"async\" src=\"http:\/\/dissenyweb.gddtec.udl.cat\/2026-web2\/wp-content\/uploads\/sites\/86\/2026\/04\/mapa.png\" alt=\"Mapa\">\n      <\/a>\n      \n      \n      <a href=\"#omnis-menu-lateral\" class=\"icon btn-net\" aria-label=\"Abrir men\u00fa de navegaci\u00f3n\">\n        <img decoding=\"async\" src=\"http:\/\/dissenyweb.gddtec.udl.cat\/2026-web2\/wp-content\/uploads\/sites\/86\/2026\/04\/menu.png\" alt=\"Menu\">\n      <\/a>\n    <\/nav>\n  <\/div>\n<\/header>\n\n<div id=\"omnis-menu-lateral\" class=\"menu-tancat\">\n    <div class=\"menu-borde-interior\">\n        \n        <div class=\"menu-capcalera\">\n            \n<a href=\"\/2026-web2\/#\" class=\"top-bar__logo\" aria-label=\"Ir al inicio\">\n      <img decoding=\"async\" src=\"http:\/\/dissenyweb.gddtec.udl.cat\/2026-web2\/wp-content\/uploads\/sites\/86\/2026\/04\/logo-1.png\" alt=\"OMNIS\" class=\"menu-logo\">\n    <\/a>\n\n\n            \n            <!-- CONTENIDOR DE LA CREU I LA ICONA -->\n            <div style=\"flex-direction: column;align-items: center\">\n                \n                <!-- CREU -->\n                <a href=\"#\" class=\"btn-tancar\" style=\"text-decoration: none;line-height: 1;margin-left: 10px\">\u2716<\/a>\n                \n                <!-- ICONA (El margin-top: 30px \u00e9s el que la fa baixar) -->\n                <a href=\"\/2026-web2\/perfil\/\" class=\"icona-usuari-imatge\" style=\"margin-top: 30px;margin-right: 25px\">\n                    <img decoding=\"async\" src=\"http:\/\/dissenyweb.gddtec.udl.cat\/2026-web2\/wp-content\/uploads\/sites\/86\/2026\/04\/png-transparent-logo-person-user-person-icon-rectangle-photography-computer-wallpaper-thumbnail-4.png\" alt=\"Perfil\">\n                <\/a>\n                \n            <\/div>\n        <\/div>\n\n       <nav class=\"menu-principal\">\n            <a href=\"\/2026-web2\/#sobre-nosotros\">SOBRE NOSOTROS<\/a>\n            <a href=\"\/2026-web2\/pop-ups\/\">POP UP<\/a>\n            <a href=\"\/2026-web2\/mi-omnis\/\">MI OMNIS<\/a>\n            <!-- Sense la barra al final del #omia -->\n            <a href=\"\/2026-web2\/contacto\/#omia\">OMIA<\/a>\n        <\/nav>\n\n        <nav class=\"menu-secundari\">\n           <a href=\"\/2026-web2\/contact\/\">CONTACTO<\/a>\n            <a href=\"\/2026-web2\/mi-carrito\/\">CARRITO<\/a>\n            <a href=\"\/2026-web2\/tienda\/\">TIENDA<\/a>\n            <a href=\"\/2026-web2\/faq\/\">AYUDA<\/a>\n        <\/nav>\n\n       \n            <div class=\"menu-xarxes\">\n                <span>IG<\/span> <span>TK<\/span> <span>IN<\/span> \n            <\/div>\n        <\/div>\n    <\/div>\n<\/div>\n\n\n\n<figure class=\"wp-block-image aligncenter size-large is-resized\" style=\"margin-top:var(--wp--preset--spacing--40);margin-right:var(--wp--preset--spacing--20);margin-bottom:var(--wp--preset--spacing--40);margin-left:var(--wp--preset--spacing--20)\"><img loading=\"lazy\" decoding=\"async\" width=\"1024\" height=\"272\" src=\"http:\/\/dissenyweb.gddtec.udl.cat\/2026-web2\/wp-content\/uploads\/sites\/86\/2026\/04\/Captura-de-pantalla-2026-04-14-114702-1-1024x272.png\" alt=\"\" class=\"wp-image-354\" style=\"width:496px;height:auto\" srcset=\"http:\/\/dissenyweb.gddtec.udl.cat\/2026-web2\/wp-content\/uploads\/sites\/86\/2026\/04\/Captura-de-pantalla-2026-04-14-114702-1-1024x272.png 1024w, http:\/\/dissenyweb.gddtec.udl.cat\/2026-web2\/wp-content\/uploads\/sites\/86\/2026\/04\/Captura-de-pantalla-2026-04-14-114702-1-300x80.png 300w, http:\/\/dissenyweb.gddtec.udl.cat\/2026-web2\/wp-content\/uploads\/sites\/86\/2026\/04\/Captura-de-pantalla-2026-04-14-114702-1-768x204.png 768w, http:\/\/dissenyweb.gddtec.udl.cat\/2026-web2\/wp-content\/uploads\/sites\/86\/2026\/04\/Captura-de-pantalla-2026-04-14-114702-1.png 1137w\" sizes=\"auto, (max-width: 1024px) 100vw, 1024px\" \/><\/figure>\n\n\n\n<div class=\"wp-block-group has-global-padding is-layout-constrained wp-block-group-is-layout-constrained\">\n<p class=\"has-text-color has-link-color has-large-font-size wp-elements-dbe2fdf401a48ad7c50934b6b54ca31d\" style=\"color:#5eab7d;margin-right:var(--wp--preset--spacing--50);margin-left:var(--wp--preset--spacing--50);font-style:normal;font-weight:800\"><strong>\u00a1El Viaje de Omnis Sale de la Pantalla!<\/strong><\/p>\n<\/div>\n\n\n\n<div class=\"wp-block-group has-global-padding is-layout-constrained wp-block-group-is-layout-constrained\">\n<p style=\"margin-right:var(--wp--preset--spacing--50);margin-left:var(--wp--preset--spacing--50)\">En OMNIS, nuestra misi\u00f3n siempre ha sido derribar las paredes invisibles del arte. No solo queremos que explores ciudades y conectes con artistas a trav\u00e9s de tus dispositivos; \u00a1queremos que vivas la textura de la cultura en persona!<\/p>\n<\/div>\n\n\n\n<div class=\"wp-block-group has-global-padding is-layout-constrained wp-block-group-is-layout-constrained\">\n<p class=\"has-small-font-size\" style=\"margin-right:var(--wp--preset--spacing--50);margin-left:var(--wp--preset--spacing--50)\">Creemos firmemente que el acceso al arte es un derecho universal, no un privilegio de las grandes capitales. Por eso, hemos creado \u00abRutas del Arte\u00bb, nuestra iniciativa de Pop-Ups Temporales que lleva la esencia inclusiva de OMNIS directamente al coraz\u00f3n de tu comunidad.<\/p>\n<\/div>\n\n\n\n<div class=\"wp-block-group has-global-padding is-layout-constrained wp-block-group-is-layout-constrained\">\n<p class=\"has-text-color has-link-color has-medium-font-size wp-elements-53ab655be3168571b73428a1a9362631\" style=\"color:#01a676;margin-right:var(--wp--preset--spacing--50);margin-left:var(--wp--preset--spacing--50);font-style:normal;font-weight:500\"><strong>\u00bfQu\u00e9 vas a encontrar en nuestras paradas?<\/strong><\/p>\n<\/div>\n\n\n\n<div class=\"wp-block-group has-global-padding is-layout-constrained wp-block-group-is-layout-constrained\">\n<p class=\"has-small-font-size\" style=\"margin-right:var(--wp--preset--spacing--50);margin-left:var(--wp--preset--spacing--50)\">Nuestros Pop-Ups son exposiciones f\u00edsicas, itinerantes y ef\u00edmeras que \u00abbrotan\u00bb en los pueblos natales de nuestros artistas referentes \u2014Raluca, Ram\u00f3n, Violeta y Anna\u2014 y en sus localidades colindantes. No buscamos museos convencionales; buscamos la autenticidad del territorio.<\/p>\n<\/div>\n\n\n\n<div class=\"wp-block-group has-global-padding is-layout-constrained wp-block-group-is-layout-constrained\">\n<p style=\"margin-right:var(--wp--preset--spacing--50);margin-left:var(--wp--preset--spacing--50)\">Durante unos d\u00edas, transformamos espacios con alma \u2014una antigua casa de maestros, un patio medieval o una plaza porticada\u2014 en galer\u00edas vivas y sensoriales. En ellas, podr\u00e1s admirar las obras de los creadores locales, sintiendo el pulso de una identidad que nace de la propia tierra.<\/p>\n<\/div>\n\n\n\n<div class=\"wp-block-group has-global-padding is-layout-constrained wp-block-group-is-layout-constrained\">\n<p class=\"has-text-color has-link-color has-medium-font-size wp-elements-727e38141669990b05139a4eee3f0ddc\" style=\"color:#01a676;margin-right:var(--wp--preset--spacing--50);margin-left:var(--wp--preset--spacing--50);font-style:normal;font-weight:500\"><strong>Una experiencia para todos los sentidos:<\/strong><\/p>\n<\/div>\n\n\n\n<div class=\"wp-block-group has-global-padding is-layout-constrained wp-block-group-is-layout-constrained\">\n<p class=\"has-small-font-size\" style=\"margin-right:var(--wp--preset--spacing--50);margin-left:var(--wp--preset--spacing--50)\">Al igual que en nuestra plataforma digital, la accesibilidad es el alma de estos encuentros f\u00edsicos. Cada Pop-Up est\u00e1 dise\u00f1ado para ser recorrido, escuchado y sentido, garantizando que cada visitante, sin importar sus capacidades, pueda sumergirse en la historia de nuestros artistas.<\/p>\n\n\n\n<p style=\"margin-right:var(--wp--preset--spacing--50);margin-left:var(--wp--preset--spacing--50)\"><strong>Ven a descubrir la cara f\u00edsica de OMNIS. Porque el arte no solo se mira, se habita.<\/strong><\/p>\n<\/div>\n\n\n\n<div class=\"wp-block-group has-global-padding is-layout-constrained wp-block-group-is-layout-constrained\">\n<p class=\"has-text-color has-link-color has-angkor-font-family has-x-large-font-size wp-elements-2e044a5e5a78be8a58e0018ac30ae73f\" style=\"color:#537fc0;margin-right:var(--wp--preset--spacing--60);margin-left:var(--wp--preset--spacing--60)\"><br>POP-UPS EN CURSO<\/p>\n<\/div>\n\n\n\n<div class=\"wp-block-group has-global-padding is-layout-constrained wp-block-group-is-layout-constrained\">\n<p class=\"has-custom-verde-omnis-color has-text-color has-link-color has-medium-font-size wp-elements-4f3b73a853154042d3837b57c8ccfdb1\" style=\"margin-right:var(--wp--preset--spacing--50);margin-left:var(--wp--preset--spacing--50);font-style:normal;font-weight:600\">Pr\u00f3xima Parada: Vallmoll<\/p>\n\n\n\n<div class=\"wp-block-group has-global-padding is-layout-constrained wp-block-group-is-layout-constrained\">\n<p style=\"margin-right:var(--wp--preset--spacing--50);margin-left:var(--wp--preset--spacing--50);font-style:normal;font-weight:500\"><strong>\u00a1OMNIS sale a la calle!<\/strong><\/p>\n<\/div>\n<\/div>\n\n\n\n<div class=\"wp-block-group has-global-padding is-layout-constrained wp-block-group-is-layout-constrained\">\n<p style=\"margin-right:var(--wp--preset--spacing--50);margin-left:var(--wp--preset--spacing--50)\">El arte de nuestro museo digital rompe las pantallas para encontrarse contigo en el mundo f\u00edsico. Nuestra pr\u00f3xima Pop-Up Temporal se instala en el hist\u00f3rico municipio de Vallmoll, Tarragona. Durante unos d\u00edas, transformaremos un espacio local en una galer\u00eda viva donde la identidad de la comarca del Alt Camp y el arte contempor\u00e1neo de nuestros autores se dan la mano.<\/p>\n<\/div>\n\n\n\n<div class=\"wp-block-group has-global-padding is-layout-constrained wp-block-group-is-layout-constrained\">\n<p style=\"margin-right:var(--wp--preset--spacing--50);margin-left:var(--wp--preset--spacing--50);font-style:normal;font-weight:500\"><strong>Datos del Evento<\/strong>:<\/p>\n<\/div>\n\n\n\n<div class=\"wp-block-group has-global-padding is-layout-constrained wp-block-group-is-layout-constrained\">\n<ul class=\"wp-block-list\">\n<li><strong>Cu\u00e1ndo<\/strong>: Del 01\/05\/2026 &#8211; 01\/06\/2026.<\/li>\n\n\n\n<li><strong>D\u00f3nde<\/strong>: En el centro cultural de Vallmoll (43144 Vallmoll, Tarragona)<\/li>\n\n\n\n<li><strong>Qu\u00e9 ver<\/strong>: Una selecci\u00f3n exclusiva de obras de Raluca, Ram\u00f3n, Violeta y Anna, inspiradas en el entorno y la cultura de la zona.<\/li>\n<\/ul>\n<\/div>\n\n\n\n<div class=\"wp-block-group has-global-padding is-layout-constrained wp-block-group-is-layout-constrained\">\n<p style=\"margin-right:var(--wp--preset--spacing--50);margin-left:var(--wp--preset--spacing--50);font-style:normal;font-weight:500\"><strong>Accesibilidad F\u00edsica y Sensorial:<\/strong><\/p>\n<\/div>\n\n\n\n<div class=\"wp-block-columns is-layout-flex wp-container-core-columns-is-layout-28f84493 wp-block-columns-is-layout-flex\">\n<div class=\"wp-block-column is-layout-flow wp-block-column-is-layout-flow\" style=\"flex-basis:66.66%\">\n<div class=\"wp-block-group has-global-padding is-layout-constrained wp-block-group-is-layout-constrained\">\n<p style=\"margin-right:var(--wp--preset--spacing--50);margin-left:var(--wp--preset--spacing--50)\">Al igual que en nuestra web, en la Pop-Up de Vallmoll la inclusi\u00f3n es la protagonista:<\/p>\n\n\n\n<ul class=\"wp-block-list\">\n<li>Lengua de Signos (LSC): V\u00eddeo-int\u00e9rpretes disponibles mediante c\u00f3digos QR en cada obra.<\/li>\n\n\n\n<li style=\"margin-right:var(--wp--preset--spacing--50);margin-left:var(--wp--preset--spacing--50)\">Audiodescripciones: Narraciones detalladas para personas con discapacidad visual.<\/li>\n\n\n\n<li>Lectura F\u00e1cil: Carteler\u00eda dise\u00f1ada para una comprensi\u00f3n cognitiva sencilla.<\/li>\n\n\n\n<li>Mapas T\u00e1ctiles: Para una orientaci\u00f3n aut\u00f3noma dentro del recinto.<\/li>\n<\/ul>\n<\/div>\n<\/div>\n\n\n\n<div class=\"wp-block-column is-layout-flow wp-block-column-is-layout-flow\" style=\"flex-basis:33.33%\">\n<figure class=\"wp-block-image size-full has-custom-border\" style=\"margin-right:var(--wp--preset--spacing--50);margin-left:var(--wp--preset--spacing--50)\"><img loading=\"lazy\" decoding=\"async\" width=\"453\" height=\"516\" src=\"http:\/\/dissenyweb.gddtec.udl.cat\/2026-web2\/wp-content\/uploads\/sites\/86\/2026\/04\/vallmoll-2.png\" alt=\"\" class=\"wp-image-415\" style=\"border-radius:39px\" srcset=\"http:\/\/dissenyweb.gddtec.udl.cat\/2026-web2\/wp-content\/uploads\/sites\/86\/2026\/04\/vallmoll-2.png 453w, http:\/\/dissenyweb.gddtec.udl.cat\/2026-web2\/wp-content\/uploads\/sites\/86\/2026\/04\/vallmoll-2-263x300.png 263w\" sizes=\"auto, (max-width: 453px) 100vw, 453px\" \/><\/figure>\n<\/div>\n<\/div>\n\n\n\n<div class=\"wp-block-group has-global-padding is-layout-constrained wp-block-group-is-layout-constrained\">\n<p class=\"has-custom-rosa-omnis-color has-text-color has-link-color has-angkor-font-family has-x-large-font-size wp-elements-7be4266a4f1d969aadadb3b698e286e6\" style=\"margin-right:var(--wp--preset--spacing--60);margin-left:var(--wp--preset--spacing--60)\">COMPRA TU ENTRADA<\/p>\n<\/div>\n\n\n\n<div class=\"wp-block-columns is-layout-flex wp-container-core-columns-is-layout-f1a0eeb5 wp-block-columns-is-layout-flex\" style=\"margin-top:var(--wp--preset--spacing--50);margin-bottom:var(--wp--preset--spacing--50);padding-right:var(--wp--preset--spacing--50);padding-left:var(--wp--preset--spacing--50)\">\n<div class=\"wp-block-column is-layout-flow wp-block-column-is-layout-flow\">\n<p style=\"margin-right:var(--wp--preset--spacing--50);margin-left:var(--wp--preset--spacing--50);font-style:normal;font-weight:500\">Opci\u00f3n Entrada de d\u00eda + Audiogu\u00eda<\/p>\n\n\n\n<ul class=\"wp-block-list\">\n<li>Recuerda que para usar la audiogu\u00eda necesitar\u00e1s un smartphone con acceso a internet y auriculares.<\/li>\n\n\n\n<li>Recibir\u00e1s un documento a trav\u00e9s del cual podr\u00e1s descargar y utilizar la aplicaci\u00f3n de audiogu\u00eda.<\/li>\n\n\n\n<li><strong>IMPORTANTE<\/strong>: La hora de emisi\u00f3n de los tickets puede variar hasta 30 minutos con respecto a la seleccionada en el proceso de compra.<\/li>\n\n\n\n<li>Esta entrada cuenta con acceso reservado por una fila espec\u00edfica en la entrada de la Pir\u00e1mide.<\/li>\n\n\n\n<li>No olvide llevar un documento de identidad v\u00e1lido&nbsp;consigo, ya que las entradas son nominativas y el personal del museo puede solicitar que se identifique para acceder.<\/li>\n\n\n\n<li style=\"margin-right:var(--wp--preset--spacing--50);margin-left:var(--wp--preset--spacing--50)\">Es obligatorio presentar un documento de identidad en vigor y, si aplica, un justificante de residencia en el Espacio Econ\u00f3mico Europeo.<\/li>\n<\/ul>\n<\/div>\n\n\n\n<div class=\"wp-block-column is-layout-flow wp-block-column-is-layout-flow\" style=\"padding-right:var(--wp--preset--spacing--50);padding-left:var(--wp--preset--spacing--50)\"><div class=\"wp-block-calendar\"><table id=\"wp-calendar\" class=\"wp-calendar-table\">\n\t<caption>mayo 2026<\/caption>\n\t<thead>\n\t<tr>\n\t\t<th scope=\"col\" aria-label=\"lunes\">L<\/th>\n\t\t<th scope=\"col\" aria-label=\"martes\">M<\/th>\n\t\t<th scope=\"col\" aria-label=\"mi\u00e9rcoles\">X<\/th>\n\t\t<th scope=\"col\" aria-label=\"jueves\">J<\/th>\n\t\t<th scope=\"col\" aria-label=\"viernes\">V<\/th>\n\t\t<th scope=\"col\" aria-label=\"s\u00e1bado\">S<\/th>\n\t\t<th scope=\"col\" aria-label=\"domingo\">D<\/th>\n\t<\/tr>\n\t<\/thead>\n\t<tbody>\n\t<tr>\n\t\t<td colspan=\"4\" class=\"pad\">&nbsp;<\/td><td>1<\/td><td>2<\/td><td>3<\/td>\n\t<\/tr>\n\t<tr>\n\t\t<td><a href=\"http:\/\/dissenyweb.gddtec.udl.cat\/2026-web2\/2026\/05\/04\/\" aria-label=\"Entradas publicadas el 4 de May de 2026\">4<\/a><\/td><td>5<\/td><td>6<\/td><td>7<\/td><td>8<\/td><td>9<\/td><td>10<\/td>\n\t<\/tr>\n\t<tr>\n\t\t<td>11<\/td><td>12<\/td><td id=\"today\">13<\/td><td>14<\/td><td>15<\/td><td>16<\/td><td>17<\/td>\n\t<\/tr>\n\t<tr>\n\t\t<td>18<\/td><td>19<\/td><td>20<\/td><td>21<\/td><td>22<\/td><td>23<\/td><td>24<\/td>\n\t<\/tr>\n\t<tr>\n\t\t<td>25<\/td><td>26<\/td><td>27<\/td><td>28<\/td><td>29<\/td><td>30<\/td><td>31<\/td>\n\t<\/tr>\n\t<\/tbody>\n\t<\/table><nav aria-label=\"Meses anteriores y posteriores\" class=\"wp-calendar-nav\">\n\t\t<span class=\"wp-calendar-nav-prev\"><a href=\"http:\/\/dissenyweb.gddtec.udl.cat\/2026-web2\/2026\/04\/\">&laquo; Abr<\/a><\/span>\n\t\t<span class=\"pad\">&nbsp;<\/span>\n\t\t<span class=\"wp-calendar-nav-next\">&nbsp;<\/span>\n\t<\/nav><\/div><\/div>\n<\/div>\n\n\n\n<p class=\"has-text-align-center has-custom-naranja-omnis-color has-text-color has-link-color has-angkor-font-family has-x-large-font-size wp-elements-6906637906cafd02ac91709161cde435\" style=\"margin-right:var(--wp--preset--spacing--60);margin-left:var(--wp--preset--spacing--60)\">POP-UPS EN CAMINO<\/p>\n\n\n\n<div class=\"omnis-snap-slider\" role=\"region\" aria-label=\"Pr\u00f3ximos Pop-ups\">\n  \n  <!-- FOTO 1 -->\n  <div class=\"snap-item\" role=\"group\" aria-label=\"Pop-up 1 de 3\">\n    <img decoding=\"async\" src=\"http:\/\/dissenyweb.gddtec.udl.cat\/2026-web2\/wp-content\/uploads\/sites\/86\/2026\/04\/WhatsApp-Image-2026-04-30-at-12.43.31-3.jpeg\" alt=\"Puente art\u00edstico\">\n  <\/div>\n  \n  <!-- FOTO 2 -->\n  <div class=\"snap-item\" role=\"group\" aria-label=\"Pop-up 2 de 3\">\n    <img decoding=\"async\" src=\"http:\/\/dissenyweb.gddtec.udl.cat\/2026-web2\/wp-content\/uploads\/sites\/86\/2026\/04\/WhatsApp-Image-2026-04-30-at-12.43.31-2.jpeg\" alt=\"Torre de dise\u00f1o\">\n  <\/div>\n  \n  <!-- FOTO 3 -->\n  <div class=\"snap-item\" role=\"group\" aria-label=\"Pop-up 3 de 3\">\n    <img decoding=\"async\" src=\"http:\/\/dissenyweb.gddtec.udl.cat\/2026-web2\/wp-content\/uploads\/sites\/86\/2026\/04\/WhatsApp-Image-2026-04-30-at-12.43.31.jpeg\" alt=\"Escultura figurativa\">\n  <\/div>\n\n<\/div>\n\n\n\n<div class=\"capa-decorativa-omnis\">\n    <div class=\"estrella-omnis e-roja\"><\/div>\n    <div class=\"estrella-omnis e-azul\"><\/div>\n    <div class=\"estrella-omnis e-verde\"><\/div>\n<\/div>\n","protected":false},"excerpt":{"rendered":"<p>\u2716 SOBRE NOSOTROS POP UP MI OMNIS OMIA CONTACTO CARRITO TIENDA AYUDA IG TK IN \u00a1El Viaje de Omnis Sale de la Pantalla! En OMNIS, nuestra misi\u00f3n siempre ha sido derribar las paredes invisibles del arte. No solo queremos que explores ciudades y conectes con artistas a trav\u00e9s de tus dispositivos; \u00a1queremos que vivas la [&hellip;]<\/p>\n","protected":false},"author":216,"featured_media":0,"parent":0,"menu_order":0,"comment_status":"closed","ping_status":"closed","template":"omnis-plantilla","meta":{"_acf_changed":false,"footnotes":""},"class_list":["post-264","page","type-page","status-publish","hentry"],"acf":[],"mb":[],"mfb_rest_fields":["title"],"_links":{"self":[{"href":"http:\/\/dissenyweb.gddtec.udl.cat\/2026-web2\/wp-json\/wp\/v2\/pages\/264","targetHints":{"allow":["GET"]}}],"collection":[{"href":"http:\/\/dissenyweb.gddtec.udl.cat\/2026-web2\/wp-json\/wp\/v2\/pages"}],"about":[{"href":"http:\/\/dissenyweb.gddtec.udl.cat\/2026-web2\/wp-json\/wp\/v2\/types\/page"}],"author":[{"embeddable":true,"href":"http:\/\/dissenyweb.gddtec.udl.cat\/2026-web2\/wp-json\/wp\/v2\/users\/216"}],"replies":[{"embeddable":true,"href":"http:\/\/dissenyweb.gddtec.udl.cat\/2026-web2\/wp-json\/wp\/v2\/comments?post=264"}],"version-history":[{"count":55,"href":"http:\/\/dissenyweb.gddtec.udl.cat\/2026-web2\/wp-json\/wp\/v2\/pages\/264\/revisions"}],"predecessor-version":[{"id":1475,"href":"http:\/\/dissenyweb.gddtec.udl.cat\/2026-web2\/wp-json\/wp\/v2\/pages\/264\/revisions\/1475"}],"wp:attachment":[{"href":"http:\/\/dissenyweb.gddtec.udl.cat\/2026-web2\/wp-json\/wp\/v2\/media?parent=264"}],"curies":[{"name":"wp","href":"https:\/\/api.w.org\/{rel}","templated":true}]}}