{"id":151,"date":"2026-04-12T12:17:43","date_gmt":"2026-04-12T10:17:43","guid":{"rendered":"http:\/\/dissenyweb.gddtec.udl.cat\/2026-web2\/?page_id=151"},"modified":"2026-05-05T22:48:39","modified_gmt":"2026-05-05T20:48:39","slug":"inicio","status":"publish","type":"page","link":"http:\/\/dissenyweb.gddtec.udl.cat\/2026-web2\/","title":{"rendered":"INICIO BO"},"content":{"rendered":"\n<div class=\"wp-block-group is-layout-flow wp-block-group-is-layout-flow\" style=\"padding-top:var(--wp--preset--spacing--40)\">\n<div class=\"wp-block-cover is-light\" style=\"padding-top:0;min-height:345px;aspect-ratio:unset;\"><video class=\"wp-block-cover__video-background intrinsic-ignore\" autoplay muted loop playsinline src=\"http:\/\/dissenyweb.gddtec.udl.cat\/2026-web2\/wp-content\/uploads\/sites\/86\/2026\/05\/copy_4858797A-18CB-4D31-9F45-A92760404D77-5.mov\" data-object-fit=\"cover\"><\/video><span aria-hidden=\"true\" class=\"wp-block-cover__background has-background-dim-0 has-background-dim\"><\/span><div class=\"wp-block-cover__inner-container has-global-padding is-layout-constrained wp-block-cover-is-layout-constrained\">\n<p class=\"has-text-align-center has-large-font-size\"><\/p>\n<\/div><\/div>\n\n\n\n<div class=\"wp-block-columns is-not-stacked-on-mobile is-layout-flex wp-container-core-columns-is-layout-51c0b34d wp-block-columns-is-layout-flex\" style=\"padding-top:var(--wp--preset--spacing--50);padding-bottom:var(--wp--preset--spacing--50)\">\n<div class=\"wp-block-column is-layout-flow wp-block-column-is-layout-flow\" style=\"flex-basis:15%\"><\/div>\n\n\n\n<div class=\"wp-block-column is-layout-flow wp-block-column-is-layout-flow\" style=\"flex-basis:70%\">\n<h1 style=\"text-align: center;margin: 0\">\n    <img decoding=\"async\" src=\"http:\/\/dissenyweb.gddtec.udl.cat\/2026-web2\/wp-content\/uploads\/sites\/86\/2026\/04\/sobre-el-museo.png\" alt=\"Sobre el Museo\" style=\"width: 850px;height: auto\">\n<\/h1>\n<\/div>\n\n\n\n<div class=\"wp-block-column is-layout-flow wp-block-column-is-layout-flow\" style=\"flex-basis:15%\"><\/div>\n<\/div>\n<\/div>\n\n\n\n<header class=\"top-bar\">\n    <div class=\"top-bar__inner\">\n        <!-- LOGO (A l'esquerra) -->\n        <a href=\"\/2026-web2\/#\" class=\"top-bar__logo\" aria-label=\"Ir al inicio\">\n            <img decoding=\"async\" src=\"http:\/\/dissenyweb.gddtec.udl.cat\/2026-web2\/wp-content\/uploads\/sites\/86\/2026\/04\/logo-1.png\" alt=\"Logotipo de OMNIS\">\n        <\/a>\n\n        <!-- ICONES (A la dreta) -->\n        <nav class=\"top-bar__icons\">\n            <a href=\"\/2026-web2\/#seccio-mapa\" class=\"icon\" aria-label=\"Ver mapa interactivo\">\n                <img decoding=\"async\" src=\"http:\/\/dissenyweb.gddtec.udl.cat\/2026-web2\/wp-content\/uploads\/sites\/86\/2026\/04\/mapa.png\" alt=\"Mapa\">\n            <\/a>\n            \n            <a href=\"#omnis-menu-lateral\" class=\"icon btn-net\" aria-label=\"Abrir men\u00fa de navegaci\u00f3n\">\n                <img decoding=\"async\" src=\"http:\/\/dissenyweb.gddtec.udl.cat\/2026-web2\/wp-content\/uploads\/sites\/86\/2026\/04\/menu.png\" alt=\"Menu\">\n            <\/a>\n        <\/nav>\n    <\/div>\n<\/header>\n\n\n\n<div id=\"omnis-menu-lateral\">\n    <div class=\"menu-borde-interior\">\n        \n        <!-- CAP\u00c7ALERA DEL MEN\u00da -->\n        <div class=\"menu-capcalera\">\n            <a href=\"\/2026-web2\/#\" class=\"menu-logo-link\">\n                <img decoding=\"async\" src=\"http:\/\/dissenyweb.gddtec.udl.cat\/2026-web2\/wp-content\/uploads\/sites\/86\/2026\/04\/logo-1.png\" alt=\"OMNIS\" class=\"menu-logo\">\n            <\/a>\n\n            <div style=\"flex-direction: column;align-items: center;gap: 20px\">\n                <!-- BOT\u00d3 TANCAR -->\n                <a href=\"#\" class=\"btn-tancar\" style=\"text-decoration: none;color: white\">\u2716<\/a>\n                \n                <!-- ICONA USUARI (Ara clicable) -->\n                <a href=\"\/2026-web2\/perfil\/\" class=\"icona-usuari-imatge\">\n                    <img decoding=\"async\" src=\"http:\/\/dissenyweb.gddtec.udl.cat\/2026-web2\/wp-content\/uploads\/sites\/86\/2026\/04\/png-transparent-logo-person-user-person-icon-rectangle-photography-computer-wallpaper-thumbnail-4.png\" alt=\"Perfil\" style=\"width: 40px;height: 40px;border-radius: 50%\">\n                <\/a>\n            <\/div>\n        <\/div>\n\n        <!-- NAVEGACI\u00d3 PRINCIPAL -->\n        <nav class=\"menu-principal\">\n            <a href=\"\/2026-web2\/#sobre-nosotros\">SOBRE NOSOTROS<\/a>\n            <a href=\"\/2026-web2\/pop-ups\/\">POP UP<\/a>\n            <a href=\"\/2026-web2\/mi-omnis\/\">MI OMNIS<\/a>\n            <a href=\"\/2026-web2\/contacto\/#omia\">OMIA<\/a>\n        <\/nav>\n\n        <!-- NAVEGACI\u00d3 SECUND\u00c0RIA -->\n        <nav class=\"menu-secundari\">\n            <a href=\"\/2026-web2\/contact\/\">CONTACTO<\/a>\n            <a href=\"\/2026-web2\/mi-carrito\/\">CARRITO<\/a>\n            <a href=\"\/2026-web2\/tienda\/\">TIENDA<\/a>\n            <a href=\"\/2026-web2\/faq\/\">AYUDA<\/a>\n        <\/nav>\n\n        <!-- XARXES SOCIALS -->\n        <div class=\"menu-xarxes\">\n            <span>IG<\/span> <span>TK<\/span> <span>IN<\/span>\n        <\/div>\n\n    <\/div>\n<\/div>\n\n\n\n<div id=\"sobre-nosotros\" class=\"wp-block-group is-layout-flow wp-block-group-is-layout-flow\" style=\"padding-top:0;padding-right:0;padding-bottom:0;padding-left:var(--wp--preset--spacing--80)\">\n<div class=\"wp-block-columns are-vertically-aligned-top is-layout-flex wp-container-core-columns-is-layout-28f84493 wp-block-columns-is-layout-flex\">\n<div class=\"wp-block-column is-vertically-aligned-top is-layout-flow wp-block-column-is-layout-flow\" style=\"padding-left:var(--wp--preset--spacing--80);flex-basis:40%\">\n<div style=\"text-align: left;margin: 20px 0;line-height: 0\">\n    <img decoding=\"async\" src=\"http:\/\/dissenyweb.gddtec.udl.cat\/2026-web2\/wp-content\/uploads\/sites\/86\/2026\/04\/sabias-que.png\" alt=\"Sabias que\" style=\"max-width: 100%;height: auto\">\n<\/div>\n\n\n\n<p class=\"is-style-default has-contrast-color has-text-color has-link-color has-medium-font-size wp-elements-09cb9f8fedabba9f69710ef0d89311e9\">Un museo digital dise\u00f1ado para revolucionar la forma en que interactuamos con la creatividad. Hemos dejado atr\u00e1s las galer\u00edas fr\u00edas y est\u00e1ticas para invitarte a un viaje interactivo por las ciudades de nuestros artistas.<br><br>OMNIS fusiona el arte con la tecnolog\u00eda para crear una experiencia profundamente personal. <strong>No solo exponemos obras; construimos puentes sensoriales.<\/strong><br><\/p>\n\n\n\n<p class=\"is-style-default has-contrast-color has-text-color has-link-color has-medium-font-size wp-elements-dfb037c3be14021372f7cb9edd67f094\">Ya sea que busques una narrativa visual impactante o una navegaci\u00f3n guiada por la lengua de signos y la lectura f\u00e1cil, aqu\u00ed el lienzo se adapta al espectador.<br><br><strong>Explora las ciudades, conecta con los artistas y descubre un espacio donde la innovaci\u00f3n y la personalidad van de la mano.<br><br>Explora ciudades, siente artistas<\/strong><\/p>\n<\/div>\n\n\n\n<div class=\"wp-block-column is-vertically-aligned-top is-layout-flow wp-block-column-is-layout-flow\" style=\"flex-basis:40%\">\n<figure class=\"wp-block-image size-full\" style=\"margin-top:var(--wp--preset--spacing--80)\"><img loading=\"lazy\" decoding=\"async\" width=\"386\" height=\"515\" src=\"http:\/\/dissenyweb.gddtec.udl.cat\/2026-web2\/wp-content\/uploads\/sites\/86\/2026\/04\/cuadre-edited.png\" alt=\"Un ornamentado marco dorado barroco que encuadra la vista de una galer\u00eda de arte cl\u00e1sica. Sobre la imagen de la sala, destacan cuatro siluetas humanas abstractas en colores vibrantes (amarillo, verde, naranja y azul) con poses din\u00e1micas y de baile, creando un contraste moderno sobre el fondo tradicional.\" class=\"wp-image-213\" srcset=\"http:\/\/dissenyweb.gddtec.udl.cat\/2026-web2\/wp-content\/uploads\/sites\/86\/2026\/04\/cuadre-edited.png 386w, http:\/\/dissenyweb.gddtec.udl.cat\/2026-web2\/wp-content\/uploads\/sites\/86\/2026\/04\/cuadre-edited-225x300.png 225w\" sizes=\"auto, (max-width: 386px) 100vw, 386px\" \/><\/figure>\n<\/div>\n<\/div>\n<\/div>\n\n\n\n<div class=\"wp-block-group is-layout-flow wp-block-group-is-layout-flow\" style=\"padding-top:var(--wp--preset--spacing--70);padding-bottom:var(--wp--preset--spacing--70)\">\n<div class=\"omnis-main-wrapper\">\n    <!-- IMATGES DECORATIVES -->\n    <img decoding=\"async\" src=\"http:\/\/dissenyweb.gddtec.udl.cat\/2026-web2\/wp-content\/uploads\/sites\/86\/2026\/04\/estrellaverda.png\" class=\"deco-estrella-verda\" alt=\"decoracio verda\">\n    <img decoding=\"async\" src=\"http:\/\/dissenyweb.gddtec.udl.cat\/2026-web2\/wp-content\/uploads\/sites\/86\/2026\/04\/estrella-groga.png\" class=\"deco-estrella-groga\" alt=\"decoracio groga\">\n    <img decoding=\"async\" src=\"http:\/\/dissenyweb.gddtec.udl.cat\/2026-web2\/wp-content\/uploads\/sites\/86\/2026\/04\/estrella-taronja.png\" class=\"deco-taca-taronja\" alt=\"decoracio taronja\">\n\n    <div class=\"omnis-slider\">\n        <div class=\"slides\">\n            \n            <!-- SLIDE 1: OBRA DE LA SETMANA -->\n            <div class=\"slide\" style=\"background-image: url('http:\/\/dissenyweb.gddtec.udl.cat\/2026-web2\/wp-content\/uploads\/sites\/86\/2026\/04\/carrusel2.png')\">\n                <div class=\"overlay-contingut\">\n                    <p class=\"txt-obra\">OBRA RECOMENDADA<\/p>\n                    <h2 class=\"txt-setmana\">DE LA SEMANA<\/h2>\n                    \n                    <div class=\"badge-violeta\">\n                        <span class=\"star-mini\">\u2605<\/span>\n                        <div class=\"badge-txt\">\n                            <strong>Violeta G\u00f3mez Nieto<\/strong><br>\n                            <span class=\"badge-italic\">Ma\u00f1o \u00abEl Ritme de la BVellesa\u00bb<\/span>\n                        <\/div>\n                    <\/div>\n                <\/div>\n            <\/div>\n            \n            <!-- SLIDE 2: SETMANA PASSADA -->\n            <div class=\"slide\" style=\"background-image: url('http:\/\/dissenyweb.gddtec.udl.cat\/2026-web2\/wp-content\/uploads\/sites\/86\/2026\/04\/carrusel1.png')\">\n                <div class=\"overlay-contingut\">\n                    <p class=\"txt-obra\">OBRA RECOMENDADA<\/p>\n                    <h2 class=\"txt-setmana\">DE LA SEMANA PASSADA<\/h2>\n                    <div class=\"badge-violeta\">\n                        <span class=\"star-mini\">\u2605<\/span>\n                        <div class=\"badge-txt\">\n                            <strong>Raluca Ardelean Archiudean<\/strong><br>\n                            <span class=\"badge-italic\">\u00abHeavenly\u00bb<\/span>\n                        <\/div>\n                    <\/div>\n                <\/div>\n            <\/div>\n            \n        <\/div> <!-- Tanca slides -->\n    <\/div> <!-- Tanca omnis-slider -->\n<\/div> <!-- Tanca omnis-main-wrapper -->\n<\/div>\n\n\n\n<div class=\"omnis-filtre-wrapper\">\n    <!-- ANCORATGES -->\n    <span id=\"filtre-abrumado\" class=\"ancoratge\"><\/span>\n    <span id=\"filtre-triste\" class=\"ancoratge\"><\/span>\n    <span id=\"filtre-feliz\" class=\"ancoratge\"><\/span>\n    <span id=\"filtre-nervioso\" class=\"ancoratge\"><\/span>\n\n    <!-- ESTRELLES DECORATIVES -->\n    <img decoding=\"async\" src=\"http:\/\/dissenyweb.gddtec.udl.cat\/2026-web2\/wp-content\/uploads\/sites\/86\/2026\/04\/estrellaverda.png\" class=\"deco-filtre-verda\" alt=\"deco\">\n    <img decoding=\"async\" src=\"http:\/\/dissenyweb.gddtec.udl.cat\/2026-web2\/wp-content\/uploads\/sites\/86\/2026\/04\/estrella-taronja.png\" class=\"deco-filtre-taronja\" alt=\"deco\">\n\n    <div class=\"omnis-titol-seccio\">\n        <img decoding=\"async\" src=\"http:\/\/dissenyweb.gddtec.udl.cat\/2026-web2\/wp-content\/uploads\/sites\/86\/2026\/04\/como-te-encuentras-hoy.png\" alt=\"\u00bfC\u00f3mo te encuentras hoy?\">\n    <\/div>\n\n    <!-- BOTONS DE FILTRE -->\n    <div class=\"botons-emocions\">\n        <a href=\"#filtre-abrumado\" class=\"btn-emocio btn-a\">ABRUMADO<\/a>\n        <a href=\"#filtre-triste\" class=\"btn-emocio btn-t\">TRISTE<\/a>\n        <a href=\"#filtre-feliz\" class=\"btn-emocio btn-f\">FELIZ<\/a>\n        <a href=\"#filtre-nervioso\" class=\"btn-emocio btn-n\">NERVIOSO<\/a>\n    <\/div>\n\n    <div class=\"llista-obres\">\n        \n        <!-- OBRA 1: ABRUMADO -->\n        <div class=\"obra-item obra-abrumado\">\n            <div class=\"obra-imatge\">\n                <img decoding=\"async\" src=\"http:\/\/dissenyweb.gddtec.udl.cat\/2026-web2\/wp-content\/uploads\/sites\/86\/2026\/04\/angel.png\" alt=\"Miguel \u00c1ngel\">\n            <\/div>\n            <div class=\"obra-text\">\n                <p>Un fresco impresionante en el techo de la Capilla Sixtina que muestra el famoso momento b\u00edblico en el que Dios da vida a Ad\u00e1n.\u00bb<\/p>\n                <p><strong>En la b\u00f3veda de la Capilla Sixtina, en los Museos Vaticanos, Miguel \u00c1ngel narra la Creaci\u00f3n&#8230;<\/strong><\/p>\n            <\/div>\n            <div class=\"obra-accions\">\n                <a href=\"#\" class=\"btn-accio bg-taronja\" title=\"Escuchar audio\">\n                    <img decoding=\"async\" src=\"http:\/\/dissenyweb.gddtec.udl.cat\/2026-web2\/wp-content\/uploads\/sites\/86\/2026\/04\/alatavoz.png\" alt=\"Audio\">\n                <\/a>\n                <a href=\"https:\/\/youtu.be\/NRfkeEM0NaI\" target=\"_blank\" class=\"btn-accio bg-verd\" title=\"Llenguatge de signes\">\n                    <img decoding=\"async\" src=\"http:\/\/dissenyweb.gddtec.udl.cat\/2026-web2\/wp-content\/uploads\/sites\/86\/2026\/04\/mans.png\" alt=\"Signes\">\n                <\/a>\n            <\/div>\n        <\/div>\n\n        <!-- OBRA 2: TRISTE (Amb el text de l'anci\u00e0) -->\n        <div class=\"obra-item obra-triste\">\n            <div class=\"obra-imatge\">\n                <img decoding=\"async\" src=\"http:\/\/dissenyweb.gddtec.udl.cat\/2026-web2\/wp-content\/uploads\/sites\/86\/2026\/04\/guitarrica.png\" alt=\"Anciano en pena\">\n            <\/div>\n            <div class=\"obra-text\">\n                <p>Las tonalidades fr\u00edas de la siguiente obra pict\u00f3rica acent\u00faan la tristeza que transmite el anciano. El autor represent\u00f3, a trav\u00e9s de diferentes cuadros, uno de los per\u00edodos m\u00e1s dolorosos de su vida tras la muerte de un amigo.<\/p>\n                <p><strong>El aislamiento y el pesimismo inundaron obras como esta.<\/strong><\/p>\n            <\/div>\n            <div class=\"obra-accions\">\n                <a href=\"#\" class=\"btn-accio bg-taronja\" title=\"Escuchar audio\">\n                    <img decoding=\"async\" src=\"http:\/\/dissenyweb.gddtec.udl.cat\/2026-web2\/wp-content\/uploads\/sites\/86\/2026\/04\/alatavoz.png\" alt=\"Audio\">\n                <\/a>\n                <a href=\"https:\/\/youtu.be\/NRfkeEM0NaI\" target=\"_blank\" class=\"btn-accio bg-verd\" title=\"Llenguatge de signes\">\n                    <img decoding=\"async\" src=\"http:\/\/dissenyweb.gddtec.udl.cat\/2026-web2\/wp-content\/uploads\/sites\/86\/2026\/04\/mans.png\" alt=\"Signes\">\n                <\/a>\n            <\/div>\n        <\/div>\n\n        <!-- OBRA 3: FELIZ -->\n        <div class=\"obra-item obra-feliz\">\n            <div class=\"obra-imatge\">\n                <img decoding=\"async\" src=\"http:\/\/dissenyweb.gddtec.udl.cat\/2026-web2\/wp-content\/uploads\/sites\/86\/2026\/05\/image-75.png\" alt=\"Guitarrista\">\n            <\/div>\n            <div class=\"obra-text\">\n                <p>La vaca amarilla (1911) de Franz Marc es una obra maestra del expresionismo alem\u00e1n que destila alegr\u00eda y vitalidad. La figura central, una vaca saltando en tonos amarillos brillantes, <\/p>\n                <p><strong>simboliza el amor por la naturaleza, el movimiento din\u00e1mico y la emoci\u00f3n pura, contrastando con un fondo de paisajes estructurados y coloridos<\/strong><\/p>\n            <\/div>\n            <div class=\"obra-accions\">\n                <a href=\"#\" class=\"btn-accio bg-taronja\" title=\"Escuchar audio\">\n                    <img decoding=\"async\" src=\"http:\/\/dissenyweb.gddtec.udl.cat\/2026-web2\/wp-content\/uploads\/sites\/86\/2026\/04\/alatavoz.png\" alt=\"Audio\">\n                <\/a>\n                <a href=\"https:\/\/youtu.be\/NRfkeEM0NaI\" target=\"_blank\" class=\"btn-accio bg-verd\" title=\"Llenguatge de signes\">\n                    <img decoding=\"async\" src=\"http:\/\/dissenyweb.gddtec.udl.cat\/2026-web2\/wp-content\/uploads\/sites\/86\/2026\/04\/mans.png\" alt=\"Signes\">\n                <\/a>\n            <\/div>\n        <\/div>\n\n        <!-- OBRA 4: NERVIOSO -->\n        <div class=\"obra-item obra-nervioso\">\n            <div class=\"obra-imatge\">\n                <img decoding=\"async\" src=\"http:\/\/dissenyweb.gddtec.udl.cat\/2026-web2\/wp-content\/uploads\/sites\/86\/2026\/04\/triste.png\" alt=\"Nervios\">\n            <\/div>\n            <div class=\"obra-text\">\n                <p>En este cuadro Van Gogh plasma a un anciano cansado y presa de la tristeza y la desesperaci\u00f3n, quiz\u00e1 un reflejo de lo que \u00e9l mismo sent\u00eda cuando lo pint\u00f3, en los \u00faltimos d\u00edas de su vida. Una emoci\u00f3n b\u00e1sica, que sentimos en diferentes magnitudes a lo largo de nuestro proceso de duelo.<\/p>\n                &lt;\n            <\/div>\n            <div class=\"obra-accions\">\n                <a href=\"#\" class=\"btn-accio bg-taronja\" title=\"Escuchar audio\">\n                    <img decoding=\"async\" src=\"http:\/\/dissenyweb.gddtec.udl.cat\/2026-web2\/wp-content\/uploads\/sites\/86\/2026\/04\/alatavoz.png\" alt=\"Audio\">\n                <\/a>\n                <a href=\"https:\/\/youtu.be\/NRfkeEM0NaI\" target=\"_blank\" class=\"btn-accio bg-verd\" title=\"Llenguatge de signes\">\n                    <img decoding=\"async\" src=\"http:\/\/dissenyweb.gddtec.udl.cat\/2026-web2\/wp-content\/uploads\/sites\/86\/2026\/04\/mans.png\" alt=\"Signes\">\n                <\/a>\n            <\/div>\n        <\/div>\n\n    <\/div>\n<\/div>\n\n\n\n<div id=\"seccio-mapa\" class=\"omnis-mapa-wrapper\" style=\"width: 100%;max-width: 1000px;margin: 80px auto;text-align: center\">\n    \n    <!-- T\u00cdTOL DE LA SECCI\u00d3 -->\n    <div class=\"omnis-titol-mapa\" style=\"margin-bottom: 40px\">\n        <img decoding=\"async\" src=\"http:\/\/dissenyweb.gddtec.udl.cat\/2026-web2\/wp-content\/uploads\/sites\/86\/2026\/04\/conocemapa.png\" alt=\"Conoce nuestro mapa\" style=\"max-width: 500px;width: 100%\">\n    <\/div>\n\n    <!-- CONTENIDOR DEL MAPA (Blindat contra espais blancs) -->\n    <div class=\"omnis-mapa-container\" style=\"position: relative;flex-direction: column;width: 100%;border-radius: 15px;overflow: hidden;border: 28px solid #4A82D6;line-height: 0;font-size: 0\">\n        \n        <!-- La imatge del mapa -->\n        <img decoding=\"async\" src=\"http:\/\/dissenyweb.gddtec.udl.cat\/2026-web2\/wp-content\/uploads\/sites\/86\/2026\/04\/ezgif-730cca02e7aba959.gif\" alt=\"Mapa Interactiu\" class=\"mapa-gif\" style=\"width: 100%;height: auto;margin: 0;padding: 0\">\n\n        <!-- Els punts interactius -->\n        <a href=\"\/2026-web2\/vallmoll\/\" class=\"mapa-hotspot hotspot-1\" title=\"Anar a Vallmoll\"><\/a>\n        <a href=\"\/2026-web2\/torredembarra\/\" class=\"mapa-hotspot hotspot-2\" title=\"Anar a Torredembarra\"><\/a>\n        <a href=\"\/2026-web2\/cambrils\/\" class=\"mapa-hotspot hotspot-3\" title=\"Anar a Cambrils\"><\/a>\n        <a href=\"\/2026-web2\/vilaller\/\" class=\"mapa-hotspot hotspot-4\" title=\"Anar a Vilaller\"><\/a>\n    <\/div>\n\n<\/div>\n","protected":false},"excerpt":{"rendered":"<p>\u2716 SOBRE NOSOTROS POP UP MI OMNIS OMIA CONTACTO CARRITO TIENDA AYUDA IG TK IN Un museo digital dise\u00f1ado para revolucionar la forma en que interactuamos con la creatividad. Hemos dejado atr\u00e1s las galer\u00edas fr\u00edas y est\u00e1ticas para invitarte a un viaje interactivo por las ciudades de nuestros artistas. OMNIS fusiona el arte con la [&hellip;]<\/p>\n","protected":false},"author":216,"featured_media":0,"parent":0,"menu_order":0,"comment_status":"closed","ping_status":"closed","template":"omnis-plantilla","meta":{"_acf_changed":false,"footnotes":""},"class_list":["post-151","page","type-page","status-publish","hentry"],"acf":[],"mb":[],"mfb_rest_fields":["title"],"_links":{"self":[{"href":"http:\/\/dissenyweb.gddtec.udl.cat\/2026-web2\/wp-json\/wp\/v2\/pages\/151","targetHints":{"allow":["GET"]}}],"collection":[{"href":"http:\/\/dissenyweb.gddtec.udl.cat\/2026-web2\/wp-json\/wp\/v2\/pages"}],"about":[{"href":"http:\/\/dissenyweb.gddtec.udl.cat\/2026-web2\/wp-json\/wp\/v2\/types\/page"}],"author":[{"embeddable":true,"href":"http:\/\/dissenyweb.gddtec.udl.cat\/2026-web2\/wp-json\/wp\/v2\/users\/216"}],"replies":[{"embeddable":true,"href":"http:\/\/dissenyweb.gddtec.udl.cat\/2026-web2\/wp-json\/wp\/v2\/comments?post=151"}],"version-history":[{"count":263,"href":"http:\/\/dissenyweb.gddtec.udl.cat\/2026-web2\/wp-json\/wp\/v2\/pages\/151\/revisions"}],"predecessor-version":[{"id":1601,"href":"http:\/\/dissenyweb.gddtec.udl.cat\/2026-web2\/wp-json\/wp\/v2\/pages\/151\/revisions\/1601"}],"wp:attachment":[{"href":"http:\/\/dissenyweb.gddtec.udl.cat\/2026-web2\/wp-json\/wp\/v2\/media?parent=151"}],"curies":[{"name":"wp","href":"https:\/\/api.w.org\/{rel}","templated":true}]}}