{"id":1461,"date":"2026-05-05T13:22:57","date_gmt":"2026-05-05T11:22:57","guid":{"rendered":"http:\/\/dissenyweb.gddtec.udl.cat\/2026-web2\/?page_id=1461"},"modified":"2026-05-05T15:39:49","modified_gmt":"2026-05-05T13:39:49","slug":"perfil","status":"publish","type":"page","link":"http:\/\/dissenyweb.gddtec.udl.cat\/2026-web2\/perfil\/","title":{"rendered":"PERFIL"},"content":{"rendered":"\n<header class=\"top-bar tema-rosa\">\n  <div class=\"top-bar__inner\">\n    <a href=\"\/2026-web2\/#\" class=\"top-bar__logo\" aria-label=\"Ir al inicio\">\n      <img decoding=\"async\" src=\"http:\/\/dissenyweb.gddtec.udl.cat\/2026-web2\/wp-content\/uploads\/sites\/86\/2026\/04\/logo-1.png\" alt=\"Logotipo de OMNIS\">\n    <\/a>\n\n<nav class=\"top-bar__icons\">\n      <!-- AQU\u00cd ESTAVA L'ERROR: Ara ja apunta a la carpeta correcta abans del # -->\n      <a href=\"\/2026-web2\/#seccio-mapa\" class=\"icon\" aria-label=\"Ver mapa interactivo\">\n        <img decoding=\"async\" src=\"http:\/\/dissenyweb.gddtec.udl.cat\/2026-web2\/wp-content\/uploads\/sites\/86\/2026\/04\/mapa.png\" alt=\"Mapa\">\n      <\/a>\n      \n      \n      <a href=\"#omnis-menu-lateral\" class=\"icon btn-net\" aria-label=\"Abrir men\u00fa de navegaci\u00f3n\">\n        <img decoding=\"async\" src=\"http:\/\/dissenyweb.gddtec.udl.cat\/2026-web2\/wp-content\/uploads\/sites\/86\/2026\/04\/menu.png\" alt=\"Menu\">\n      <\/a>\n    <\/nav>\n  <\/div>\n<\/header>\n\n<div id=\"omnis-menu-lateral\" class=\"menu-tancat\">\n    <div class=\"menu-borde-interior\">\n        \n        <div class=\"menu-capcalera\">\n            \n<a href=\"\/2026-web2\/#\" class=\"top-bar__logo\" aria-label=\"Ir al inicio\">\n      <img decoding=\"async\" src=\"http:\/\/dissenyweb.gddtec.udl.cat\/2026-web2\/wp-content\/uploads\/sites\/86\/2026\/04\/logo-1.png\" alt=\"OMNIS\" class=\"menu-logo\">\n    <\/a>\n\n\n            \n            <!-- CONTENIDOR DE LA CREU I LA ICONA -->\n            <div style=\"flex-direction: column;align-items: center\">\n                \n                <!-- CREU -->\n                <a href=\"#\" class=\"btn-tancar\" style=\"text-decoration: none;line-height: 1;margin-left: 10px\">\u2716<\/a>\n                \n                <!-- ICONA (El margin-top: 30px \u00e9s el que la fa baixar) -->\n                <a href=\"\/2026-web2\/perfil\/\" class=\"icona-usuari-imatge\" style=\"margin-top: 30px;margin-right: 25px\">\n                    <img decoding=\"async\" src=\"http:\/\/dissenyweb.gddtec.udl.cat\/2026-web2\/wp-content\/uploads\/sites\/86\/2026\/04\/png-transparent-logo-person-user-person-icon-rectangle-photography-computer-wallpaper-thumbnail-4.png\" alt=\"Perfil\">\n                <\/a>\n                \n            <\/div>\n        <\/div>\n\n       <nav class=\"menu-principal\">\n            <a href=\"\/2026-web2\/#sobre-nosotros\">SOBRE NOSOTROS<\/a>\n            <a href=\"\/2026-web2\/pop-ups\/\">POP UP<\/a>\n            <a href=\"\/2026-web2\/mi-omnis\/\">MI OMNIS<\/a>\n            <!-- Sense la barra al final del #omia -->\n            <a href=\"\/2026-web2\/contacto\/#omia\">OMIA<\/a>\n        <\/nav>\n\n        <nav class=\"menu-secundari\">\n           <a href=\"\/2026-web2\/contact\/\">CONTACTO<\/a>\n            <a href=\"\/2026-web2\/mi-carrito\/\">CARRITO<\/a>\n            <a href=\"\/2026-web2\/tienda\/\">TIENDA<\/a>\n            <a href=\"\/2026-web2\/faq\/\">AYUDA<\/a>\n        <\/nav>\n\n       \n            <div class=\"menu-xarxes\">\n                <span>IG<\/span> <span>TK<\/span> <span>IN<\/span> \n            <\/div>\n        <\/div>\n    <\/div>\n<\/div>\n\n\n\n<div class=\"wp-block-group is-layout-flow wp-block-group-is-layout-flow\" style=\"padding-top:var(--wp--preset--spacing--50);padding-right:var(--wp--preset--spacing--50);padding-left:var(--wp--preset--spacing--50)\">\n<hr class=\"wp-block-separator aligncenter has-alpha-channel-opacity\" style=\"margin-top:var(--wp--preset--spacing--50)\" \/>\n\n\n\n<figure class=\"wp-block-image alignleft size-full is-resized has-custom-border\" style=\"margin-right:var(--wp--preset--spacing--60);margin-left:var(--wp--preset--spacing--60)\"><img loading=\"lazy\" decoding=\"async\" width=\"740\" height=\"740\" src=\"http:\/\/dissenyweb.gddtec.udl.cat\/2026-web2\/wp-content\/uploads\/sites\/86\/2026\/05\/perfil.png\" alt=\"\" class=\"wp-image-1503\" style=\"border-radius:100px;width:166px;height:auto\" srcset=\"http:\/\/dissenyweb.gddtec.udl.cat\/2026-web2\/wp-content\/uploads\/sites\/86\/2026\/05\/perfil.png 740w, http:\/\/dissenyweb.gddtec.udl.cat\/2026-web2\/wp-content\/uploads\/sites\/86\/2026\/05\/perfil-300x300.png 300w, http:\/\/dissenyweb.gddtec.udl.cat\/2026-web2\/wp-content\/uploads\/sites\/86\/2026\/05\/perfil-150x150.png 150w\" sizes=\"auto, (max-width: 740px) 100vw, 740px\" \/><\/figure>\n\n\n\n<div class=\"wp-block-columns is-layout-flex wp-container-core-columns-is-layout-0111f410 wp-block-columns-is-layout-flex\" style=\"padding-right:var(--wp--preset--spacing--50);padding-left:var(--wp--preset--spacing--50)\">\n<div class=\"wp-block-column is-layout-flow wp-block-column-is-layout-flow\">\n<h2 class=\"wp-block-heading has-large-font-size\" style=\"margin-right:var(--wp--preset--spacing--60);margin-left:var(--wp--preset--spacing--60)\">Nombre de Usuario<br><br>Emoci\u00f3n actual<br><\/h2>\n\n\n\n<p style=\"margin-top:var(--wp--preset--spacing--20);margin-right:var(--wp--preset--spacing--60);margin-left:var(--wp--preset--spacing--60);font-size:9px;font-style:normal;font-weight:400\">correoelectronicodeluruario@gmail.com<\/p>\n\n\n\n<p style=\"margin-top:var(--wp--preset--spacing--20);margin-right:var(--wp--preset--spacing--60);margin-left:var(--wp--preset--spacing--60)\"><span style=\"text-decoration: underline\">Cerrar Sesi\u00f3n<\/span><\/p>\n\n\n\n<div class=\"wp-block-columns is-layout-flex wp-container-core-columns-is-layout-28f84493 wp-block-columns-is-layout-flex\">\n<div class=\"wp-block-column is-layout-flow wp-block-column-is-layout-flow\" style=\"flex-basis:33.33%\">\n<figure class=\"wp-block-image size-full is-resized\" style=\"margin-right:var(--wp--preset--spacing--60);margin-left:var(--wp--preset--spacing--60)\"><img loading=\"lazy\" decoding=\"async\" width=\"512\" height=\"512\" src=\"http:\/\/dissenyweb.gddtec.udl.cat\/2026-web2\/wp-content\/uploads\/sites\/86\/2026\/05\/image-1.png\" alt=\"\" class=\"wp-image-1508\" style=\"width:20px;height:auto\" srcset=\"http:\/\/dissenyweb.gddtec.udl.cat\/2026-web2\/wp-content\/uploads\/sites\/86\/2026\/05\/image-1.png 512w, http:\/\/dissenyweb.gddtec.udl.cat\/2026-web2\/wp-content\/uploads\/sites\/86\/2026\/05\/image-1-300x300.png 300w, http:\/\/dissenyweb.gddtec.udl.cat\/2026-web2\/wp-content\/uploads\/sites\/86\/2026\/05\/image-1-150x150.png 150w\" sizes=\"auto, (max-width: 512px) 100vw, 512px\" \/><\/figure>\n<\/div>\n<\/div>\n<\/div>\n\n\n\n<div class=\"wp-block-column is-layout-flow wp-block-column-is-layout-flow\" style=\"padding-right:0px\">\n<p class=\"has-custom-naranja-omnis-color has-text-color has-link-color wp-elements-e187bbc5a1a71128366bf12ca65cabed\" style=\"margin-right:var(--wp--preset--spacing--60);margin-left:var(--wp--preset--spacing--60);font-style:normal;font-weight:400\"><span style=\"text-decoration: underline\"><strong>Obras Favoritas<\/strong><br><strong><br>Inspiraci\u00f3n<\/strong><br><br><strong>Mi Espacio<\/strong><\/span><\/p>\n<\/div>\n<\/div>\n\n\n\n<hr class=\"wp-block-separator aligncenter has-alpha-channel-opacity\" \/>\n<\/div>\n","protected":false},"excerpt":{"rendered":"<p>\u2716 SOBRE NOSOTROS POP UP MI OMNIS OMIA CONTACTO CARRITO TIENDA AYUDA IG TK IN Nombre de Usuario Emoci\u00f3n actual correoelectronicodeluruario@gmail.com Cerrar Sesi\u00f3n Obras FavoritasInspiraci\u00f3n Mi Espacio<\/p>\n","protected":false},"author":216,"featured_media":0,"parent":0,"menu_order":0,"comment_status":"closed","ping_status":"closed","template":"omnis-plantilla","meta":{"_acf_changed":false,"footnotes":""},"class_list":["post-1461","page","type-page","status-publish","hentry"],"acf":[],"mb":[],"mfb_rest_fields":["title"],"_links":{"self":[{"href":"http:\/\/dissenyweb.gddtec.udl.cat\/2026-web2\/wp-json\/wp\/v2\/pages\/1461","targetHints":{"allow":["GET"]}}],"collection":[{"href":"http:\/\/dissenyweb.gddtec.udl.cat\/2026-web2\/wp-json\/wp\/v2\/pages"}],"about":[{"href":"http:\/\/dissenyweb.gddtec.udl.cat\/2026-web2\/wp-json\/wp\/v2\/types\/page"}],"author":[{"embeddable":true,"href":"http:\/\/dissenyweb.gddtec.udl.cat\/2026-web2\/wp-json\/wp\/v2\/users\/216"}],"replies":[{"embeddable":true,"href":"http:\/\/dissenyweb.gddtec.udl.cat\/2026-web2\/wp-json\/wp\/v2\/comments?post=1461"}],"version-history":[{"count":27,"href":"http:\/\/dissenyweb.gddtec.udl.cat\/2026-web2\/wp-json\/wp\/v2\/pages\/1461\/revisions"}],"predecessor-version":[{"id":1530,"href":"http:\/\/dissenyweb.gddtec.udl.cat\/2026-web2\/wp-json\/wp\/v2\/pages\/1461\/revisions\/1530"}],"wp:attachment":[{"href":"http:\/\/dissenyweb.gddtec.udl.cat\/2026-web2\/wp-json\/wp\/v2\/media?parent=1461"}],"curies":[{"name":"wp","href":"https:\/\/api.w.org\/{rel}","templated":true}]}}