{"id":9,"date":"2026-04-28T17:49:15","date_gmt":"2026-04-28T15:49:15","guid":{"rendered":"http:\/\/dissenyweb.gddtec.udl.cat\/2026-web10\/?page_id=9"},"modified":"2026-05-05T15:25:01","modified_gmt":"2026-05-05T13:25:01","slug":"grafic","status":"publish","type":"page","link":"http:\/\/dissenyweb.gddtec.udl.cat\/2026-web10\/grafic\/","title":{"rendered":"Gr\u00e0fic"},"content":{"rendered":"\n<div class=\"wp-block-cover alignfull is-light\" style=\"min-height:860px;aspect-ratio:unset;\"><img loading=\"lazy\" decoding=\"async\" width=\"1024\" height=\"714\" class=\"wp-block-cover__image-background wp-image-650 size-large\" alt=\"Il\u00b7lustraci\u00f3 amb els logos d\u2019aplicacions d\u2019Adobe Creative Cloud disposats en cercle: Photoshop (Ps), Illustrator (Ai), After Effects (Ae), Lightroom (Lr) i InDesign (Id). Al centre hi ha un cercle blanc i estan connectats amb fletxes, estrelles i formes roses decoratives sobre fons blanc.\" src=\"http:\/\/dissenyweb.gddtec.udl.cat\/2026-web10\/wp-content\/uploads\/sites\/99\/2026\/05\/Captura_de_pantalla_2026-03-17_a_les_21.41.53-1-1024x714.png\" data-object-fit=\"cover\" srcset=\"http:\/\/dissenyweb.gddtec.udl.cat\/2026-web10\/wp-content\/uploads\/sites\/99\/2026\/05\/Captura_de_pantalla_2026-03-17_a_les_21.41.53-1-1024x714.png 1024w, http:\/\/dissenyweb.gddtec.udl.cat\/2026-web10\/wp-content\/uploads\/sites\/99\/2026\/05\/Captura_de_pantalla_2026-03-17_a_les_21.41.53-1-300x209.png 300w, http:\/\/dissenyweb.gddtec.udl.cat\/2026-web10\/wp-content\/uploads\/sites\/99\/2026\/05\/Captura_de_pantalla_2026-03-17_a_les_21.41.53-1-768x536.png 768w, http:\/\/dissenyweb.gddtec.udl.cat\/2026-web10\/wp-content\/uploads\/sites\/99\/2026\/05\/Captura_de_pantalla_2026-03-17_a_les_21.41.53-1-1536x1071.png 1536w, http:\/\/dissenyweb.gddtec.udl.cat\/2026-web10\/wp-content\/uploads\/sites\/99\/2026\/05\/Captura_de_pantalla_2026-03-17_a_les_21.41.53-1.png 1831w\" sizes=\"auto, (max-width: 1024px) 100vw, 1024px\" \/><span aria-hidden=\"true\" class=\"wp-block-cover__background has-background-dim-0 has-background-dim\" style=\"background-color:#f3edf1\"><\/span><div class=\"wp-block-cover__inner-container has-global-padding is-layout-constrained wp-block-cover-is-layout-constrained\">\n<p class=\"has-text-align-center has-large-font-size\" style=\"margin-top:-90px\">Les apps que creen m\u00e9s xivarri i alguns tips&#8230;<\/p>\n<\/div><\/div>\n\n\n\n<h1 class=\"wp-block-heading has-text-align-center has-custom-rosa-color has-text-color has-link-color wp-elements-caa1db0e5ef081e94977c193766ab951\" style=\"font-size:clamp(100.642px, 6.29rem + ((1vw - 3.2px) * 14.643), 250px);font-style:normal;font-weight:600\">Gr\u00e0fic<\/h1>\n\n\n\n<div class=\"wp-block-group alignfull has-custom-rosa-background-color has-background has-global-padding is-layout-constrained wp-block-group-is-layout-constrained\">\n<div style=\"height:50px\" aria-hidden=\"true\" class=\"wp-block-spacer\"><\/div>\n\n\n\n<p>Nosaltres sabem el que \u00e9s caure un bloqueig creatiu, que no s\u2019acudeixi res i passar hores donant voltes a la mateixa pedra, per aix\u00f2 et donem algun recurs perqu\u00e8 a tu no et passi.<\/p>\n\n\n\n<div style=\"height:17px\" aria-hidden=\"true\" class=\"wp-block-spacer\"><\/div>\n\n\n\n<div class=\"wp-block-group alignfull is-nowrap is-layout-flex wp-container-core-group-is-layout-6c531013 wp-block-group-is-layout-flex\">\n<h2 class=\"wp-block-heading\" style=\"border-left-color:var(--wp--preset--color--custom-rosa);border-left-width:100px\">Bloqueig Creatiu<\/h2>\n\n\n\n<div class=\"wp-block-uagb-image uagb-block-8917a833 wp-block-uagb-image--layout-default wp-block-uagb-image--effect-static wp-block-uagb-image--align-none\"><figure class=\"wp-block-uagb-image__figure\"><img decoding=\"async\" src=\"http:\/\/dissenyweb.gddtec.udl.cat\/2026-web10\/wp-content\/uploads\/sites\/99\/2026\/05\/Vector-230-1-1.png\" alt=\"\u00abIl\u00b7lustraci\u00f3 d\u2019una estrella de cinc puntes estilitzada en color rosa f\u00facsia sobre un fons rosa clar. T\u00e9 un estil gruixut i texturat, com pintada amb pinzell o esprai, amb vores irregulars i efecte desgastat.\" class=\"uag-image-656\" width=\"357\" height=\"49\" title=\"Vector 230 (1)\" loading=\"lazy\" role=\"img\" \/><\/figure><\/div>\n<\/div>\n\n\n\n<div style=\"height:64px\" aria-hidden=\"true\" class=\"wp-block-spacer\"><\/div>\n<\/div>\n\n\n\n<div class=\"wp-block-columns is-layout-flex wp-container-core-columns-is-layout-28f84493 wp-block-columns-is-layout-flex\">\n<div class=\"wp-block-column is-layout-flow wp-block-column-is-layout-flow\">\n<figure class=\"wp-block-image size-full\"><img loading=\"lazy\" decoding=\"async\" width=\"863\" height=\"272\" src=\"http:\/\/dissenyweb.gddtec.udl.cat\/2026-web10\/wp-content\/uploads\/sites\/99\/2026\/04\/Group-47.png\" alt=\"Fulls de paper amb esbossos manuals i proves tipogr\u00e0fiques per al disseny d\u2019un logo. Es repeteixen les paraules \u201cLUX\u201d i \u201cUDL\u201d en diferents estils, combinacions i composicions. Inclou variacions amb formes geom\u00e8triques, ombres, textures i anotacions escrites a m\u00e0.\" class=\"wp-image-201\" srcset=\"http:\/\/dissenyweb.gddtec.udl.cat\/2026-web10\/wp-content\/uploads\/sites\/99\/2026\/04\/Group-47.png 863w, http:\/\/dissenyweb.gddtec.udl.cat\/2026-web10\/wp-content\/uploads\/sites\/99\/2026\/04\/Group-47-300x95.png 300w, http:\/\/dissenyweb.gddtec.udl.cat\/2026-web10\/wp-content\/uploads\/sites\/99\/2026\/04\/Group-47-768x242.png 768w\" sizes=\"auto, (max-width: 863px) 100vw, 863px\" \/><\/figure>\n<\/div>\n<\/div>\n\n\n\n<div class=\"wp-block-group alignfull is-vertical is-nowrap is-layout-flex wp-container-core-group-is-layout-7946b6b8 wp-block-group-is-layout-flex\" style=\"padding-top:0;padding-right:0;padding-bottom:0;padding-left:0\">\n<div class=\"wp-block-columns is-layout-flex wp-container-core-columns-is-layout-28f84493 wp-block-columns-is-layout-flex\">\n<div class=\"wp-block-column is-layout-flow wp-block-column-is-layout-flow\" style=\"padding-right:0;padding-left:0\">\n<div class=\"wp-block-columns is-layout-flex wp-container-core-columns-is-layout-28f84493 wp-block-columns-is-layout-flex\">\n<div class=\"wp-block-column is-layout-flow wp-block-column-is-layout-flow\" style=\"flex-basis:66.66%\">\n<figure class=\"wp-block-image size-full\"><img loading=\"lazy\" decoding=\"async\" width=\"712\" height=\"417\" src=\"http:\/\/dissenyweb.gddtec.udl.cat\/2026-web10\/wp-content\/uploads\/sites\/99\/2026\/04\/Group-154.png\" alt=\"Disseny de logo per a \u201cLUX UDL\u201d. Es mostren dues versions principals: la superior en negre sobre blanc amb lletres geom\u00e8triques i estilitzades dins d\u2019una quadr\u00edcula, i la inferior en tons verds, marrons i beix. A l\u2019esquerra hi ha un cercle espiral rosa i a la dreta una gran fletxa rosa assenyalant cap als logos.\" class=\"wp-image-196\" srcset=\"http:\/\/dissenyweb.gddtec.udl.cat\/2026-web10\/wp-content\/uploads\/sites\/99\/2026\/04\/Group-154.png 712w, http:\/\/dissenyweb.gddtec.udl.cat\/2026-web10\/wp-content\/uploads\/sites\/99\/2026\/04\/Group-154-300x176.png 300w\" sizes=\"auto, (max-width: 712px) 100vw, 712px\" \/><\/figure>\n\n\n\n<div style=\"height:48px\" aria-hidden=\"true\" class=\"wp-block-spacer\"><\/div>\n<\/div>\n\n\n\n<div class=\"wp-block-column is-layout-flow wp-block-column-is-layout-flow\" style=\"flex-basis:33.33%\">\n<p style=\"margin-right:var(--wp--preset--spacing--80)\">Esbossa, dibuixa en la teva llibreta, sense pressi\u00f3 i sense pensar, quan faci molta estona que dibuixes mira tot el que has fet amb perspectiva, fusiona idees, fes variacions aix\u00ed aconseguir\u00e0s idees noves i originals.<\/p>\n<\/div>\n<\/div>\n\n\n\n<p class=\"has-text-align-left\" style=\"border-left-color:var(--wp--preset--color--base);border-left-width:30px\">Aquest \u00e9s un exemple de com la X\u00e8nia va treure aquests logo per Lux Udl d\u2019entre el xivarri de la seva llibreta d\u2019esbossos.<\/p>\n\n\n\n<div style=\"height:67px\" aria-hidden=\"true\" class=\"wp-block-spacer\"><\/div>\n\n\n\n<figure class=\"wp-block-image size-full has-custom-border\"><a href=\"https:\/\/www.youtube.com\/watch?v=LHxfEBtHDk4&amp;t=2s\" target=\"_blank\" rel=\" noreferrer noopener\"><img loading=\"lazy\" decoding=\"async\" width=\"986\" height=\"420\" src=\"http:\/\/dissenyweb.gddtec.udl.cat\/2026-web10\/wp-content\/uploads\/sites\/99\/2026\/04\/Group-152.png\" alt=\"Imatge promocional d\u2019Adobe Illustrator. A la part superior esquerra el logo \u201cAi\u201d. Gran t\u00edtol \u201c7 TIPS\u201d en negre. A sota, les paraules \u201cLOGOS\u201d, \u201cILUSTRACI\u00d3N\u201d i \u201cICONOS\u201d. A la dreta, una gran il\u00b7lustraci\u00f3 estilitzada d\u2019un ocell taronja sobre un fons blanc amb formes ondulades.\" class=\"wp-image-181\" style=\"border-left-color:var(--wp--preset--color--custom-blanc);border-left-width:50px\" srcset=\"http:\/\/dissenyweb.gddtec.udl.cat\/2026-web10\/wp-content\/uploads\/sites\/99\/2026\/04\/Group-152.png 986w, http:\/\/dissenyweb.gddtec.udl.cat\/2026-web10\/wp-content\/uploads\/sites\/99\/2026\/04\/Group-152-300x128.png 300w, http:\/\/dissenyweb.gddtec.udl.cat\/2026-web10\/wp-content\/uploads\/sites\/99\/2026\/04\/Group-152-768x327.png 768w\" sizes=\"auto, (max-width: 986px) 100vw, 986px\" \/><\/a><\/figure>\n\n\n\n<h2 class=\"wp-block-heading\" style=\"border-left-color:var(--wp--preset--color--base);border-left-width:50px\">Tips illustrator<\/h2>\n\n\n\n<div class=\"wp-block-columns is-layout-flex wp-container-core-columns-is-layout-28f84493 wp-block-columns-is-layout-flex\">\n<div class=\"wp-block-column is-layout-flow wp-block-column-is-layout-flow\">\n<figure class=\"wp-block-image size-full has-custom-border\" style=\"margin-right:0;margin-left:0\"><a href=\"https:\/\/www.youtube.com\/watch?v=3kSUYDkSp88&amp;t=24s\" target=\"_blank\" rel=\" noreferrer noopener\"><img loading=\"lazy\" decoding=\"async\" width=\"824\" height=\"617\" src=\"http:\/\/dissenyweb.gddtec.udl.cat\/2026-web10\/wp-content\/uploads\/sites\/99\/2026\/04\/Group-151.png\" alt=\"Imatge promocional d\u2019Adobe Illustrator en estil collage. Es veuen diversos elements: el logo Ai en diferents estils, un text \u201cLorem ipsum\u201d dins d\u2019un marc de selecci\u00f3, una il\u00b7lustraci\u00f3 d\u2019una guineu o linx amb expressi\u00f3 enfadada, el text \u201c15 Tips\u201d, i elements de la interf\u00edcie del programa (paletes i eines). Tot decorat amb tra\u00e7os i pinzellades roses sobre fons blanc.\" class=\"wp-image-177\" style=\"border-left-color:var(--wp--preset--color--base);border-left-width:60px\" srcset=\"http:\/\/dissenyweb.gddtec.udl.cat\/2026-web10\/wp-content\/uploads\/sites\/99\/2026\/04\/Group-151.png 824w, http:\/\/dissenyweb.gddtec.udl.cat\/2026-web10\/wp-content\/uploads\/sites\/99\/2026\/04\/Group-151-300x225.png 300w, http:\/\/dissenyweb.gddtec.udl.cat\/2026-web10\/wp-content\/uploads\/sites\/99\/2026\/04\/Group-151-768x575.png 768w\" sizes=\"auto, (max-width: 824px) 100vw, 824px\" \/><\/a><\/figure>\n<\/div>\n\n\n\n<div class=\"wp-block-column is-layout-flow wp-block-column-is-layout-flow\">\n<div style=\"height:67px\" aria-hidden=\"true\" class=\"wp-block-spacer\"><\/div>\n\n\n\n<p>Apr\u00e8n sobre les dreceres de Illustrator, i coneix els millors trucs per fer servir aquesta eina de manera \u00e0gil, clica sobre la imatge per veure els v\u00eddeos que em seleccionat per vosaltres.<\/p>\n<\/div>\n<\/div>\n\n\n\n<div class=\"wp-block-group has-custom-rosa-background-color has-background has-global-padding is-layout-constrained wp-block-group-is-layout-constrained\">\n<div class=\"wp-block-uagb-image alignfull uagb-block-088676c8 wp-block-uagb-image--layout-default wp-block-uagb-image--effect-static wp-block-uagb-image--align-full\"><figure class=\"wp-block-uagb-image__figure\"><img decoding=\"async\" src=\"http:\/\/dissenyweb.gddtec.udl.cat\/2026-web10\/wp-content\/uploads\/sites\/99\/2026\/05\/Ilustracion_sin_titulo-201-2-1024x280.png\" alt=\"Detall d\u2019una corona estilitzada dibuixada amb tra\u00e7os gruixuts i textura de pinzell en color rosa f\u00facsia, sobre un fons rosa clar. A la part inferior es veuen parcialment algunes lletres negres\" class=\"uag-image-698\" width=\"7974\" height=\"2178\" title=\"Ilustracio\u0301n_sin_ti\u0301tulo 201\" loading=\"lazy\" role=\"img\" \/><\/figure><\/div>\n\n\n\n<h2 class=\"wp-block-heading alignfull\" style=\"border-top-style:none;border-top-width:0px;border-right-style:none;border-right-width:0px;border-bottom-style:none;border-bottom-width:0px;border-left-color:var(--wp--preset--color--custom-rosa);border-left-width:200px\">Tips photoshop<\/h2>\n\n\n\n<p>Apren a fer servir el photoshop de manera profesional!<\/p>\n\n\n\n<div style=\"height:71px\" aria-hidden=\"true\" class=\"wp-block-spacer\"><\/div>\n<\/div>\n\n\n\n<div style=\"height:11px\" aria-hidden=\"true\" class=\"wp-block-spacer\"><\/div>\n\n\n\n<div class=\"wp-block-columns is-layout-flex wp-container-core-columns-is-layout-28f84493 wp-block-columns-is-layout-flex\">\n<div class=\"wp-block-column is-layout-flow wp-block-column-is-layout-flow\">\n<figure class=\"wp-block-image size-large has-custom-border\" style=\"margin-right:0;margin-bottom:0px;margin-left:var(--wp--preset--spacing--80)\"><a href=\"https:\/\/www.youtube.com\/watch?v=VXwHC65S8jI \" target=\"_blank\" rel=\" noreferrer noopener\"><img loading=\"lazy\" decoding=\"async\" width=\"1024\" height=\"420\" src=\"http:\/\/dissenyweb.gddtec.udl.cat\/2026-web10\/wp-content\/uploads\/sites\/99\/2026\/04\/Group-153-1024x420.png\" alt=\"Imatge promocional de Photoshop dividida en dues seccions. A l\u2019esquerra: logo de Photoshop (Ps) amb el n\u00famero 8 i el text \u201cPHOTOSHOP TIPS &amp; TRICKS FOR FASTER WORK\u201d sobre fons blau clar. A la dreta: il\u00b7lustraci\u00f3 divertida d\u2019un hot dog amb mostassa, la barra d\u2019eines de Photoshop i el text \u201c15 Tips\u201d en gran sobre fons negre i blau. Decorat amb tra\u00e7os i fletxes roses.\u00bb\" class=\"wp-image-183\" style=\"border-radius:0px;border-left-style:none;border-left-width:0px\" srcset=\"http:\/\/dissenyweb.gddtec.udl.cat\/2026-web10\/wp-content\/uploads\/sites\/99\/2026\/04\/Group-153-1024x420.png 1024w, http:\/\/dissenyweb.gddtec.udl.cat\/2026-web10\/wp-content\/uploads\/sites\/99\/2026\/04\/Group-153-300x123.png 300w, http:\/\/dissenyweb.gddtec.udl.cat\/2026-web10\/wp-content\/uploads\/sites\/99\/2026\/04\/Group-153-768x315.png 768w, http:\/\/dissenyweb.gddtec.udl.cat\/2026-web10\/wp-content\/uploads\/sites\/99\/2026\/04\/Group-153.png 1172w\" sizes=\"auto, (max-width: 1024px) 100vw, 1024px\" \/><\/a><\/figure>\n<\/div>\n<\/div>\n<\/div>\n<\/div>\n\n\n\n<p style=\"border-top-style:none;border-top-width:0px;border-right-style:none;border-right-width:0px;border-bottom-style:none;border-bottom-width:0px;border-left-color:var(--wp--preset--color--base);border-left-width:50px\">Aquests s\u00f3n els nostres v\u00eddeos tutorials preferits per aprendre a dominar el Photoshop i treure&#8217;n el m\u00e0xim profit a trav\u00e9s de les seves dreceres i con\u00e8ixer totes les seves funcionalitats, dona-li un cop d\u2019ull que val la pena.<\/p>\n\n\n\n<div class=\"wp-block-group is-nowrap is-layout-flex wp-container-core-group-is-layout-6c531013 wp-block-group-is-layout-flex\">\n<h2 class=\"wp-block-heading\" style=\"border-top-style:none;border-top-width:0px;border-bottom-style:none;border-bottom-width:0px;border-left-color:var(--wp--preset--color--base);border-left-width:50px\">Pluja d\u2019idees<\/h2>\n<\/div>\n\n\n\n<div style=\"height:65px\" aria-hidden=\"true\" class=\"wp-block-spacer wp-container-content-630beb45\"><\/div>\n<\/div>\n\n\n\n<div class=\"wp-block-columns is-layout-flex wp-container-core-columns-is-layout-28f84493 wp-block-columns-is-layout-flex\">\n<div class=\"wp-block-column is-layout-flow wp-block-column-is-layout-flow\">\n<p>Si et sents estancat, bloquejat o sense idees, la pluja d&#8217;idees \u00e9s una t\u00e8cnica molt b\u00e0sica, per\u00f2 \u00fatil, escriu tot el que et passi pel cap en una llibreta, incl\u00fas esbosseu, encara que no tingui res a veure, a vegades les coses m\u00e9s absurdes o menys obies acaben sent les m\u00e9s creatives i originals, no fiquis l\u00edmits a les teves idees.<\/p>\n<\/div>\n\n\n\n<div class=\"wp-block-column is-layout-flow wp-block-column-is-layout-flow\" style=\"padding-top:0;padding-bottom:0\">\n<figure class=\"wp-block-image size-large\" style=\"margin-top:-40px\"><img decoding=\"async\" src=\"http:\/\/dissenyweb.gddtec.udl.cat\/2026-web10\/wp-content\/uploads\/sites\/99\/2026\/05\/Ilustracion_sin_titulo-201-4-1024x815.png\" alt=\"\u00abDibuix infantil d\u2019un n\u00favol rosa amb forma arrodonida i sis gotes de pluja caient cap avall, realitzat amb tra\u00e7os gruixuts sobre fons blanc.\u00bb\" \/><\/figure>\n<\/div>\n<\/div>\n\n\n\n<div style=\"height:42px\" aria-hidden=\"true\" class=\"wp-block-spacer\"><\/div>\n\n\n\n<p>Un bon consell \u00e9s tenir una llibreta on fer petits esbossos, escriure el que et passa pel cap en qualsevol moment, documenta el xivarri que et passa pel cap, segur que et ser\u00e0 \u00fatil en algun moment.<\/p>\n","protected":false},"excerpt":{"rendered":"<p>Gr\u00e0fic Nosaltres sabem el que \u00e9s caure un bloqueig creatiu, que no s\u2019acudeixi res i passar hores donant voltes a la mateixa pedra, per aix\u00f2 et donem algun recurs perqu\u00e8 a tu no et passi. Bloqueig Creatiu Esbossa, dibuixa en la teva llibreta, sense pressi\u00f3 i sense pensar, quan faci molta estona que dibuixes mira [&hellip;]<\/p>\n","protected":false},"author":240,"featured_media":0,"parent":0,"menu_order":0,"comment_status":"closed","ping_status":"closed","template":"","meta":{"_acf_changed":false,"_uag_custom_page_level_css":"","footnotes":""},"class_list":["post-9","page","type-page","status-publish","hentry"],"acf":[],"mb":[],"uagb_featured_image_src":{"full":false,"thumbnail":false,"medium":false,"medium_large":false,"large":false,"1536x1536":false,"2048x2048":false},"uagb_author_info":{"display_name":"janacasas","author_link":"http:\/\/dissenyweb.gddtec.udl.cat\/2026-web10\/author\/janacasas\/"},"uagb_comment_info":0,"uagb_excerpt":"Gr\u00e0fic Nosaltres sabem el que \u00e9s caure un bloqueig creatiu, que no s\u2019acudeixi res i passar hores donant voltes a la mateixa pedra, per aix\u00f2 et donem algun recurs perqu\u00e8 a tu no et passi. Bloqueig Creatiu Esbossa, dibuixa en la teva llibreta, sense pressi\u00f3 i sense pensar, quan faci molta estona que dibuixes mira&hellip;","mfb_rest_fields":["title","uagb_featured_image_src","uagb_author_info","uagb_comment_info","uagb_excerpt"],"_links":{"self":[{"href":"http:\/\/dissenyweb.gddtec.udl.cat\/2026-web10\/wp-json\/wp\/v2\/pages\/9","targetHints":{"allow":["GET"]}}],"collection":[{"href":"http:\/\/dissenyweb.gddtec.udl.cat\/2026-web10\/wp-json\/wp\/v2\/pages"}],"about":[{"href":"http:\/\/dissenyweb.gddtec.udl.cat\/2026-web10\/wp-json\/wp\/v2\/types\/page"}],"author":[{"embeddable":true,"href":"http:\/\/dissenyweb.gddtec.udl.cat\/2026-web10\/wp-json\/wp\/v2\/users\/240"}],"replies":[{"embeddable":true,"href":"http:\/\/dissenyweb.gddtec.udl.cat\/2026-web10\/wp-json\/wp\/v2\/comments?post=9"}],"version-history":[{"count":103,"href":"http:\/\/dissenyweb.gddtec.udl.cat\/2026-web10\/wp-json\/wp\/v2\/pages\/9\/revisions"}],"predecessor-version":[{"id":996,"href":"http:\/\/dissenyweb.gddtec.udl.cat\/2026-web10\/wp-json\/wp\/v2\/pages\/9\/revisions\/996"}],"wp:attachment":[{"href":"http:\/\/dissenyweb.gddtec.udl.cat\/2026-web10\/wp-json\/wp\/v2\/media?parent=9"}],"curies":[{"name":"wp","href":"https:\/\/api.w.org\/{rel}","templated":true}]}}