{"id":635,"date":"2026-05-05T16:16:14","date_gmt":"2026-05-05T14:16:14","guid":{"rendered":"http:\/\/dissenyweb.gddtec.udl.cat\/2026-web1\/?page_id=635"},"modified":"2026-05-05T21:44:55","modified_gmt":"2026-05-05T19:44:55","slug":"terminos-y-condiciones","status":"publish","type":"page","link":"http:\/\/dissenyweb.gddtec.udl.cat\/2026-web1\/terminos-y-condiciones\/","title":{"rendered":"T\u00e9rminos y Condiciones"},"content":{"rendered":"\n<div class=\"terms-page\">\n<button class=\"btn-back\" aria-label=\"Volver atr\u00e1s\">\n  <span aria-hidden=\"true\">\u21a9<\/span>\n<\/button>\n<button class=\"btn-scroll\" aria-label=\"Ir al final de la p\u00e1gina\">\n  <span aria-hidden=\"true\">\u2193<\/span>\n<\/button>\n\n  <h1 class=\"terms-title\">T\u00c9RMINOS Y CONDICIONES<\/h1>\n\n  <div class=\"terms-container\">\n\n    <p>\n      Pixelarium establece los presentes T\u00e9rminos y Condiciones con el objetivo de regular el acceso, navegaci\u00f3n y uso de su sitio web. Al acceder a este sitio, el usuario acepta expresamente las condiciones aqu\u00ed descritas.\n    <\/p>\n\n    <h2>Objeto<\/h2>\n    <p>\n      El presente documento tiene como finalidad regular el uso del sitio web de Pixelarium \u2013 Museo Digital, as\u00ed como los servicios y contenidos ofrecidos a trav\u00e9s del mismo.\n    <\/p>\n\n    <h2>Condiciones de acceso y uso<\/h2>\n    <p>\n      El acceso al sitio web es gratuito y no requiere suscripci\u00f3n previa. No obstante, el usuario se compromete a hacer un uso adecuado del sitio web, respetando la legislaci\u00f3n vigente, la buena fe y el orden p\u00fablico.\n    <\/p>\n\n    <p>Queda prohibido:<\/p>\n    <ul>\n      <li>Utilizar el sitio web con fines il\u00edcitos o fraudulentos.<\/li>\n      <li>Da\u00f1ar, sobrecargar o deteriorar el funcionamiento de la plataforma.<\/li>\n      <li>Intentar acceder a \u00e1reas restringidas sin autorizaci\u00f3n.<\/li>\n    <\/ul>\n\n    <h2>Propiedad intelectual e industrial<\/h2>\n    <p>\n      Todos los contenidos del sitio web (textos, im\u00e1genes, dise\u00f1o, logotipos, c\u00f3digo, etc.) son propiedad de Pixelarium o cuentan con las licencias necesarias para su uso.\n    <\/p>\n    <p>\n      Queda prohibida la reproducci\u00f3n, distribuci\u00f3n o modificaci\u00f3n de dichos contenidos sin autorizaci\u00f3n expresa del titular.\n    <\/p>\n\n    <h2>Responsabilidad<\/h2>\n    <p>Pixelarium no se responsabiliza de:<\/p>\n    <ul>\n      <li>Posibles errores o interrupciones en el funcionamiento del sitio web.<\/li>\n      <li>Da\u00f1os derivados del uso indebido del sitio.<\/li>\n      <li>Contenidos externos enlazados desde la web.<\/li>\n    <\/ul>\n    <p>\n      El usuario es responsable del uso que haga del sitio web.\n    <\/p>\n\n    <h2>Enlaces a terceros<\/h2>\n    <p>\n      Este sitio web puede contener enlaces a p\u00e1ginas externas. Pixelarium no se responsabiliza del contenido ni de las pol\u00edticas de privacidad de dichos sitios.\n    <\/p>\n\n    <h2>Protecci\u00f3n de datos<\/h2>\n    <p>\n      El tratamiento de los datos personales se rige por lo establecido en la Pol\u00edtica de Privacidad del sitio web.\n    <\/p>\n\n    <h2>Modificaciones<\/h2>\n    <p>\n      Pixelarium se reserva el derecho de modificar en cualquier momento los presentes T\u00e9rminos y Condiciones. Las modificaciones ser\u00e1n publicadas en esta misma p\u00e1gina y entrar\u00e1n en vigor desde su publicaci\u00f3n.\n    <\/p>\n\n    <h2>Legislaci\u00f3n aplicable<\/h2>\n    <p>\n      Los presentes T\u00e9rminos y Condiciones se rigen por la legislaci\u00f3n vigente aplicable, y cualquier controversia ser\u00e1 sometida a los juzgados y tribunales competentes.\n    <\/p>\n\n  <\/div>\n\n<\/div>\n","protected":false},"excerpt":{"rendered":"<p>\u21a9 \u2193 T\u00c9RMINOS Y CONDICIONES Pixelarium establece los presentes T\u00e9rminos y Condiciones con el objetivo de regular el acceso, navegaci\u00f3n y uso de su sitio web. Al acceder a este sitio, el usuario acepta expresamente las condiciones aqu\u00ed descritas. Objeto El presente documento tiene como finalidad regular el uso del sitio web de Pixelarium \u2013 [&hellip;]<\/p>\n","protected":false},"author":206,"featured_media":0,"parent":0,"menu_order":0,"comment_status":"closed","ping_status":"closed","template":"","meta":{"_acf_changed":false,"_uag_custom_page_level_css":"","footnotes":""},"class_list":["post-635","page","type-page","status-publish","hentry"],"acf":[],"mb":[],"uagb_featured_image_src":{"full":false,"thumbnail":false,"medium":false,"medium_large":false,"large":false,"1536x1536":false,"2048x2048":false},"uagb_author_info":{"display_name":"2026-web1","author_link":"http:\/\/dissenyweb.gddtec.udl.cat\/2026-web1\/author\/2026-web1\/"},"uagb_comment_info":0,"uagb_excerpt":"\u21a9 \u2193 T\u00c9RMINOS Y CONDICIONES Pixelarium establece los presentes T\u00e9rminos y Condiciones con el objetivo de regular el acceso, navegaci\u00f3n y uso de su sitio web. Al acceder a este sitio, el usuario acepta expresamente las condiciones aqu\u00ed descritas. Objeto El presente documento tiene como finalidad regular el uso del sitio web de Pixelarium \u2013&hellip;","mfb_rest_fields":["title","uagb_featured_image_src","uagb_author_info","uagb_comment_info","uagb_excerpt"],"_links":{"self":[{"href":"http:\/\/dissenyweb.gddtec.udl.cat\/2026-web1\/wp-json\/wp\/v2\/pages\/635","targetHints":{"allow":["GET"]}}],"collection":[{"href":"http:\/\/dissenyweb.gddtec.udl.cat\/2026-web1\/wp-json\/wp\/v2\/pages"}],"about":[{"href":"http:\/\/dissenyweb.gddtec.udl.cat\/2026-web1\/wp-json\/wp\/v2\/types\/page"}],"author":[{"embeddable":true,"href":"http:\/\/dissenyweb.gddtec.udl.cat\/2026-web1\/wp-json\/wp\/v2\/users\/206"}],"replies":[{"embeddable":true,"href":"http:\/\/dissenyweb.gddtec.udl.cat\/2026-web1\/wp-json\/wp\/v2\/comments?post=635"}],"version-history":[{"count":4,"href":"http:\/\/dissenyweb.gddtec.udl.cat\/2026-web1\/wp-json\/wp\/v2\/pages\/635\/revisions"}],"predecessor-version":[{"id":668,"href":"http:\/\/dissenyweb.gddtec.udl.cat\/2026-web1\/wp-json\/wp\/v2\/pages\/635\/revisions\/668"}],"wp:attachment":[{"href":"http:\/\/dissenyweb.gddtec.udl.cat\/2026-web1\/wp-json\/wp\/v2\/media?parent=635"}],"curies":[{"name":"wp","href":"https:\/\/api.w.org\/{rel}","templated":true}]}}