{"id":629,"date":"2026-05-05T11:44:20","date_gmt":"2026-05-05T09:44:20","guid":{"rendered":"http:\/\/dissenyweb.gddtec.udl.cat\/2026-web1\/?page_id=629"},"modified":"2026-05-05T21:34:16","modified_gmt":"2026-05-05T19:34:16","slug":"politica-de-cookies","status":"publish","type":"page","link":"http:\/\/dissenyweb.gddtec.udl.cat\/2026-web1\/politica-de-cookies\/","title":{"rendered":"Pol\u00edtica de Cookies"},"content":{"rendered":"\n<div class=\"cookies-page\">\n<button class=\"btn-back\" aria-label=\"Volver atr\u00e1s\">\n  <span aria-hidden=\"true\">\u21a9<\/span>\n<\/button>\n<button class=\"btn-scroll\" aria-label=\"Ir al final de la p\u00e1gina\">\n  <span aria-hidden=\"true\">\u2193<\/span>\n<\/button>\n  <h1 class=\"cookies-title\">POL\u00cdTICA DE COOKIES<\/h1>\n\n  <div class=\"cookies-container\">\n\n    <p>\n      Pixelarium se compromete a garantizar la transparencia en el uso de cookies en su sitio web. La presente Pol\u00edtica de Cookies tiene como finalidad informar de manera clara y accesible sobre el uso de cookies, su finalidad y las opciones disponibles para los usuarios.\n    <\/p>\n\n    <h2>\u00bfQu\u00e9 son las cookies?<\/h2>\n    <p>\n      Las cookies son peque\u00f1os archivos de texto que se almacenan en el dispositivo del usuario (ordenador, m\u00f3vil o tablet) cuando visita un sitio web. Su funci\u00f3n principal es reconocer al usuario y mejorar su experiencia de navegaci\u00f3n.\n    <\/p>\n\n    <h2>Tipos de cookies utilizadas<\/h2>\n    <p>Este sitio web puede utilizar los siguientes tipos de cookies:<\/p>\n    <ul>\n      <li>Cookies t\u00e9cnicas: necesarias para el correcto funcionamiento del sitio web y para permitir la navegaci\u00f3n.<\/li>\n      <li>Cookies de personalizaci\u00f3n: permiten recordar preferencias del usuario, como el idioma o la configuraci\u00f3n.<\/li>\n      <li>Cookies de an\u00e1lisis: ayudan a comprender c\u00f3mo interact\u00faan los usuarios con el sitio web, recopilando informaci\u00f3n de forma an\u00f3nima.<\/li>\n      <li>Cookies de terceros: pueden ser instaladas por servicios externos para mejorar funcionalidades o analizar el uso del sitio.<\/li>\n    <\/ul>\n\n    <h2>Finalidad del uso de cookies<\/h2>\n    <p>Las cookies se utilizan con las siguientes finalidades:<\/p>\n    <ul>\n      <li>Garantizar el correcto funcionamiento del sitio web.<\/li>\n      <li>Mejorar la experiencia de usuario.<\/li>\n      <li>Analizar el comportamiento de navegaci\u00f3n para optimizar los contenidos.<\/li>\n      <li>Ofrecer servicios y funcionalidades adaptadas a los intereses del usuario.<\/li>\n    <\/ul>\n\n    <h2>Consentimiento<\/h2>\n    <p>\n      Al acceder a este sitio web, el usuario ser\u00e1 informado sobre el uso de cookies y podr\u00e1 aceptar, rechazar o configurar su uso. El consentimiento podr\u00e1 ser retirado en cualquier momento.\n    <\/p>\n\n    <h2>Gesti\u00f3n de cookies<\/h2>\n    <p>\n      El usuario puede configurar su navegador para permitir, bloquear o eliminar las cookies instaladas en su dispositivo. La desactivaci\u00f3n de cookies puede afectar al correcto funcionamiento del sitio web.\n    <\/p>\n\n    <h2>Cookies de terceros<\/h2>\n    <p>\n      Este sitio web puede utilizar servicios de terceros que recopilan informaci\u00f3n con fines estad\u00edsticos o de uso del sitio. Estos terceros pueden tener sus propias pol\u00edticas de privacidad y cookies.\n    <\/p>\n\n    <h2>Conservaci\u00f3n de las cookies<\/h2>\n    <p>\n      Las cookies se conservar\u00e1n durante el tiempo necesario para cumplir con su finalidad o hasta que el usuario decida eliminarlas desde su navegador.\n    <\/p>\n\n    <h2>Cambios en la pol\u00edtica de cookies<\/h2>\n    <p>\n      Pixelarium se reserva el derecho de modificar la presente Pol\u00edtica de Cookies para adaptarla a cambios legislativos o t\u00e9cnicos. Cualquier modificaci\u00f3n ser\u00e1 publicada en esta misma p\u00e1gina.\n    <\/p>\n\n  <\/div>\n\n<\/div>\n","protected":false},"excerpt":{"rendered":"<p>\u21a9 \u2193 POL\u00cdTICA DE COOKIES Pixelarium se compromete a garantizar la transparencia en el uso de cookies en su sitio web. La presente Pol\u00edtica de Cookies tiene como finalidad informar de manera clara y accesible sobre el uso de cookies, su finalidad y las opciones disponibles para los usuarios. \u00bfQu\u00e9 son las cookies? Las cookies [&hellip;]<\/p>\n","protected":false},"author":206,"featured_media":0,"parent":0,"menu_order":0,"comment_status":"closed","ping_status":"closed","template":"","meta":{"_acf_changed":false,"_uag_custom_page_level_css":"","footnotes":""},"class_list":["post-629","page","type-page","status-publish","hentry"],"acf":[],"mb":[],"uagb_featured_image_src":{"full":false,"thumbnail":false,"medium":false,"medium_large":false,"large":false,"1536x1536":false,"2048x2048":false},"uagb_author_info":{"display_name":"2026-web1","author_link":"http:\/\/dissenyweb.gddtec.udl.cat\/2026-web1\/author\/2026-web1\/"},"uagb_comment_info":0,"uagb_excerpt":"\u21a9 \u2193 POL\u00cdTICA DE COOKIES Pixelarium se compromete a garantizar la transparencia en el uso de cookies en su sitio web. La presente Pol\u00edtica de Cookies tiene como finalidad informar de manera clara y accesible sobre el uso de cookies, su finalidad y las opciones disponibles para los usuarios. \u00bfQu\u00e9 son las cookies? Las cookies&hellip;","mfb_rest_fields":["title","uagb_featured_image_src","uagb_author_info","uagb_comment_info","uagb_excerpt"],"_links":{"self":[{"href":"http:\/\/dissenyweb.gddtec.udl.cat\/2026-web1\/wp-json\/wp\/v2\/pages\/629","targetHints":{"allow":["GET"]}}],"collection":[{"href":"http:\/\/dissenyweb.gddtec.udl.cat\/2026-web1\/wp-json\/wp\/v2\/pages"}],"about":[{"href":"http:\/\/dissenyweb.gddtec.udl.cat\/2026-web1\/wp-json\/wp\/v2\/types\/page"}],"author":[{"embeddable":true,"href":"http:\/\/dissenyweb.gddtec.udl.cat\/2026-web1\/wp-json\/wp\/v2\/users\/206"}],"replies":[{"embeddable":true,"href":"http:\/\/dissenyweb.gddtec.udl.cat\/2026-web1\/wp-json\/wp\/v2\/comments?post=629"}],"version-history":[{"count":5,"href":"http:\/\/dissenyweb.gddtec.udl.cat\/2026-web1\/wp-json\/wp\/v2\/pages\/629\/revisions"}],"predecessor-version":[{"id":661,"href":"http:\/\/dissenyweb.gddtec.udl.cat\/2026-web1\/wp-json\/wp\/v2\/pages\/629\/revisions\/661"}],"wp:attachment":[{"href":"http:\/\/dissenyweb.gddtec.udl.cat\/2026-web1\/wp-json\/wp\/v2\/media?parent=629"}],"curies":[{"name":"wp","href":"https:\/\/api.w.org\/{rel}","templated":true}]}}