{"id":625,"date":"2026-05-05T11:08:56","date_gmt":"2026-05-05T09:08:56","guid":{"rendered":"http:\/\/dissenyweb.gddtec.udl.cat\/2026-web1\/?page_id=625"},"modified":"2026-05-05T21:35:02","modified_gmt":"2026-05-05T19:35:02","slug":"politica-de-privacidad","status":"publish","type":"page","link":"http:\/\/dissenyweb.gddtec.udl.cat\/2026-web1\/politica-de-privacidad\/","title":{"rendered":"Pol\u00edtica de Privacidad"},"content":{"rendered":"\n<div class=\"privacy-page\">\n<button class=\"btn-back\" aria-label=\"Volver atr\u00e1s\">\n  <span aria-hidden=\"true\">\u21a9<\/span>\n<\/button>\n<button class=\"btn-scroll\" aria-label=\"Ir al final de la p\u00e1gina\">\n  <span aria-hidden=\"true\">\u2193<\/span>\n<\/button>\n  <h1 class=\"privacy-title\">POL\u00cdTICA DE PRIVACIDAD<\/h1>\n\n  <div class=\"privacy-container\">\n\n    <p>\n      Pixelarium se compromete a garantizar la protecci\u00f3n de los datos personales de los usuarios que acceden a su sitio web. La presente Pol\u00edtica de Privacidad tiene como finalidad informar de manera clara y transparente sobre el tratamiento de los datos personales que puedan recopilarse a trav\u00e9s de este sitio web.\n    <\/p>\n\n    <h2>1. Responsable del tratamiento<\/h2>\n    <p>\n      El responsable del tratamiento de los datos personales recogidos a trav\u00e9s de este sitio web es:<br>\n      Proyecto: Pixelarium \u2013 Museo Digital<br>\n      Correo electr\u00f3nico de contacto: pixelarium@gmail.com<br>\n      Sitio web: www.pixelarium.com\n    <\/p>\n\n    <h2>2. Finalidad del tratamiento de los datos<\/h2>\n    <p>Los datos personales facilitados por los usuarios podr\u00e1n ser tratados con las siguientes finalidades:<\/p>\n    <ul>\n      <li>Gestionar y responder consultas realizadas a trav\u00e9s de los formularios de contacto.<\/li>\n      <li>Facilitar informaci\u00f3n relacionada con el museo digital y sus contenidos.<\/li>\n      <li>Mejorar la experiencia de navegaci\u00f3n y el funcionamiento del sitio web.<\/li>\n      <li>Garantizar la seguridad y el correcto uso de la plataforma.<\/li>\n    <\/ul>\n    <p>\n      En ning\u00fan caso los datos personales ser\u00e1n utilizados para finalidades distintas de las descritas sin el consentimiento previo del usuario.\n    <\/p>\n\n    <h2>3. Base jur\u00eddica del tratamiento<\/h2>\n    <ul>\n      <li>El consentimiento del usuario al facilitar sus datos voluntariamente.<\/li>\n      <li>El inter\u00e9s leg\u00edtimo en mantener y mejorar el funcionamiento del sitio web.<\/li>\n      <li>El cumplimiento de obligaciones legales aplicables.<\/li>\n    <\/ul>\n\n    <h2>4. Conservaci\u00f3n de los datos<\/h2>\n    <p>\n      Los datos personales se conservar\u00e1n durante el tiempo necesario para cumplir con la finalidad para la que fueron recogidos o mientras exista una obligaci\u00f3n legal de conservaci\u00f3n.\n    <\/p>\n\n    <h2>5. Comunicaci\u00f3n de datos a terceros<\/h2>\n    <p>\n      Los datos personales no ser\u00e1n cedidos a terceros, salvo cuando sea necesario para el funcionamiento t\u00e9cnico del sitio web, para la prestaci\u00f3n de servicios relacionados con el mismo o cuando exista una obligaci\u00f3n legal.\n    <\/p>\n\n    <h2>6. Derechos de los usuarios<\/h2>\n    <p>Los usuarios tienen derecho a:<\/p>\n    <ul>\n      <li>Acceder a sus datos personales.<\/li>\n      <li>Solicitar la rectificaci\u00f3n de datos inexactos o incompletos.<\/li>\n      <li>Solicitar la supresi\u00f3n de sus datos cuando ya no sean necesarios.<\/li>\n      <li>Oponerse al tratamiento de sus datos o solicitar su limitaci\u00f3n.<\/li>\n      <li>Solicitar la portabilidad de sus datos cuando sea aplicable.<\/li>\n    <\/ul>\n    <p>\n      El ejercicio de estos derechos podr\u00e1 realizarse mediante solicitud enviada al correo electr\u00f3nico de contacto indicado en esta pol\u00edtica.\n    <\/p>\n\n    <h2>7. Seguridad de la informaci\u00f3n<\/h2>\n    <p>\n      Pixelarium adopta las medidas t\u00e9cnicas y organizativas necesarias para garantizar la seguridad de los datos personales y evitar su p\u00e9rdida, alteraci\u00f3n o acceso no autorizado.\n    <\/p>\n\n    <h2>8. Cambios en la pol\u00edtica de privacidad<\/h2>\n    <p>\n      Pixelarium se reserva el derecho de modificar la presente Pol\u00edtica de Privacidad con el fin de adaptarla a cambios legislativos o a mejoras en el funcionamiento del sitio web. Cualquier modificaci\u00f3n ser\u00e1 publicada en esta misma p\u00e1gina.\n    <\/p>\n\n  <\/div>\n\n<\/div>\n","protected":false},"excerpt":{"rendered":"<p>\u21a9 \u2193 POL\u00cdTICA DE PRIVACIDAD Pixelarium se compromete a garantizar la protecci\u00f3n de los datos personales de los usuarios que acceden a su sitio web. La presente Pol\u00edtica de Privacidad tiene como finalidad informar de manera clara y transparente sobre el tratamiento de los datos personales que puedan recopilarse a trav\u00e9s de este sitio web. [&hellip;]<\/p>\n","protected":false},"author":206,"featured_media":0,"parent":0,"menu_order":0,"comment_status":"closed","ping_status":"closed","template":"","meta":{"_acf_changed":false,"_uag_custom_page_level_css":"","footnotes":""},"class_list":["post-625","page","type-page","status-publish","hentry"],"acf":[],"mb":[],"uagb_featured_image_src":{"full":false,"thumbnail":false,"medium":false,"medium_large":false,"large":false,"1536x1536":false,"2048x2048":false},"uagb_author_info":{"display_name":"2026-web1","author_link":"http:\/\/dissenyweb.gddtec.udl.cat\/2026-web1\/author\/2026-web1\/"},"uagb_comment_info":0,"uagb_excerpt":"\u21a9 \u2193 POL\u00cdTICA DE PRIVACIDAD Pixelarium se compromete a garantizar la protecci\u00f3n de los datos personales de los usuarios que acceden a su sitio web. La presente Pol\u00edtica de Privacidad tiene como finalidad informar de manera clara y transparente sobre el tratamiento de los datos personales que puedan recopilarse a trav\u00e9s de este sitio web.&hellip;","mfb_rest_fields":["title","uagb_featured_image_src","uagb_author_info","uagb_comment_info","uagb_excerpt"],"_links":{"self":[{"href":"http:\/\/dissenyweb.gddtec.udl.cat\/2026-web1\/wp-json\/wp\/v2\/pages\/625","targetHints":{"allow":["GET"]}}],"collection":[{"href":"http:\/\/dissenyweb.gddtec.udl.cat\/2026-web1\/wp-json\/wp\/v2\/pages"}],"about":[{"href":"http:\/\/dissenyweb.gddtec.udl.cat\/2026-web1\/wp-json\/wp\/v2\/types\/page"}],"author":[{"embeddable":true,"href":"http:\/\/dissenyweb.gddtec.udl.cat\/2026-web1\/wp-json\/wp\/v2\/users\/206"}],"replies":[{"embeddable":true,"href":"http:\/\/dissenyweb.gddtec.udl.cat\/2026-web1\/wp-json\/wp\/v2\/comments?post=625"}],"version-history":[{"count":3,"href":"http:\/\/dissenyweb.gddtec.udl.cat\/2026-web1\/wp-json\/wp\/v2\/pages\/625\/revisions"}],"predecessor-version":[{"id":662,"href":"http:\/\/dissenyweb.gddtec.udl.cat\/2026-web1\/wp-json\/wp\/v2\/pages\/625\/revisions\/662"}],"wp:attachment":[{"href":"http:\/\/dissenyweb.gddtec.udl.cat\/2026-web1\/wp-json\/wp\/v2\/media?parent=625"}],"curies":[{"name":"wp","href":"https:\/\/api.w.org\/{rel}","templated":true}]}}