{"id":20,"date":"2026-04-07T12:39:54","date_gmt":"2026-04-07T10:39:54","guid":{"rendered":"http:\/\/dissenyweb.gddtec.udl.cat\/2026-web1\/?page_id=20"},"modified":"2026-05-05T21:36:28","modified_gmt":"2026-05-05T19:36:28","slug":"sala-g","status":"publish","type":"page","link":"http:\/\/dissenyweb.gddtec.udl.cat\/2026-web1\/sala-g\/","title":{"rendered":"Sala G"},"content":{"rendered":"\n<div class=\"contenedor sala-g\">\n<button class=\"btn-back\" aria-label=\"Volver atr\u00e1s\">\n  <span aria-hidden=\"true\">\u21a9<\/span>\n<\/button>\n<button class=\"btn-scroll\" aria-label=\"Ir al final de la p\u00e1gina\">\n  <span aria-hidden=\"true\">\u2193<\/span>\n<\/button>\n\n  <h1 class=\"visually-hidden\">Sala G \u2013 Exposici\u00f3n de arte digital<\/h1>\n\n  <!-- FONDO -->\n  <img decoding=\"async\" class=\"fondo\" src=\"http:\/\/dissenyweb.gddtec.udl.cat\/2026-web1\/wp-content\/uploads\/sites\/85\/2026\/05\/sala-g-1.png\" alt=\"Vista de la sala G con obras digitales expuestas\">\n\n  <!-- ZONAS INTERACTIVAS -->\n  <nav aria-label=\"Obras de la sala G\">\n\n    <button class=\"item-h item-h1\" aria-controls=\"modal-obra1-g\" aria-label=\"Ver informaci\u00f3n de la obra Vedr\u00e0 Lumen\"><\/button>\n\n    <button class=\"item-h item-h2\" aria-controls=\"modal-obra2-g\" aria-label=\"Ver informaci\u00f3n de la obra Ecofundes\"><\/button>\n\n    <button class=\"busto\" aria-controls=\"modal-busto-g\" aria-label=\"Ver busto de las artistas en 3D\"><\/button>\n\n    <button class=\"nombre-artista\" aria-controls=\"modal-artista-g\" aria-label=\"Ver informaci\u00f3n de las artistas\"><\/button>\n\n  <\/nav>\n\n  <!-- \ud83d\udd25 BOT\u00d3N MAPA -->\n<button class=\"btn-mapa\" aria-controls=\"modal-mapa\" aria-label=\"Abrir mapa del museo\">\n  <img decoding=\"async\" src=\"http:\/\/dissenyweb.gddtec.udl.cat\/2026-web1\/wp-content\/uploads\/sites\/85\/2026\/05\/chincheta_1.png\" alt=\"Mapa\">\n<\/button>\n<\/div>\n\n<!-- ========================= -->\n<!-- \ud83d\udd25 MODAL MAPA -->\n<!-- ========================= -->\n\n<div id=\"modal-mapa\" class=\"modal-mapa\" role=\"dialog\" aria-labelledby=\"titulo-mapa\">\n\n  <div class=\"mapa-card\">\n\n    <!-- CERRAR -->\n    <button class=\"cerrar-mapa\" aria-label=\"Cerrar mapa\">\u2715<\/button>\n\n    <h2 id=\"titulo-mapa\" class=\"visually-hidden\">\n      Mapa del museo\n    <\/h2>\n\n    <div class=\"mapa-wrapper\">\n\n      <!-- IMAGEN MAPA -->\n      <img decoding=\"async\" src=\"http:\/\/dissenyweb.gddtec.udl.cat\/2026-web1\/wp-content\/uploads\/sites\/85\/2026\/05\/MAPA.png\" alt=\"Mapa del museo con todas las salas\" class=\"mapa-img\">\n\n      <!-- \u26ab PUNTOS SALAS -->\n      <a href=\"http:\/\/dissenyweb.gddtec.udl.cat\/2026-web1\/\" class=\"punto punto-home\" aria-label=\"Ir a la p\u00e1gina inicial\"><\/a>\n      <span class=\"label-home\">HOME<\/span>\n      <a href=\"http:\/\/dissenyweb.gddtec.udl.cat\/2026-web1\/sala-h\/\" class=\"punto punto-h\" aria-label=\"Ir a sala H\"><\/a>\n      <a href=\"http:\/\/dissenyweb.gddtec.udl.cat\/2026-web1\/sala-p\/\" class=\"punto punto-p\" aria-label=\"Ir a sala P\"><\/a>\n      <a href=\"http:\/\/dissenyweb.gddtec.udl.cat\/2026-web1\/sala-y\/\" class=\"punto punto-y\" aria-label=\"Ir a sala Y\"><\/a>\n      <a href=\"http:\/\/dissenyweb.gddtec.udl.cat\/2026-web1\/sala-g\/\" class=\"punto punto-g\" aria-label=\"Ir a sala G\"><\/a>\n      <a href=\"http:\/\/dissenyweb.gddtec.udl.cat\/2026-web1\/subasta\/\" class=\"punto punto-s\" aria-label=\"Ir a sala S\"><\/a>\n\n    <\/div>\n\n  <\/div>\n\n<\/div>\n\n<!-- ========================= -->\n<!-- MODAL OBRA 1 -->\n<!-- ========================= -->\n\n<div id=\"modal-obra1-g\" class=\"modal modal-obra\" role=\"dialog\" aria-labelledby=\"titulo-obra1-g\">\n\n  <div class=\"modal-contenido\">\n\n    <button class=\"cerrar\" aria-label=\"Cerrar ventana\">&times;<\/button>\n\n    <div class=\"modal-body\">\n\n      <div class=\"modal-texto\">\n        <h2 id=\"titulo-obra1-g\">VEDR\u00c0 LUMEN<\/h2>\n\n        <p>\nEsta l\u00e1mpara es el resultado de un proceso de creaci\u00f3n colaborativo, en el que se combinan distintas ideas y enfoques de dise\u00f1o. La pieza destaca por su estructura modular y org\u00e1nica, donde cada elemento aporta equilibrio y personalidad al conjunto.\nDe estilo mediterr\u00e1neo, la propuesta se inspira en materiales naturales, formas suaves y una paleta de tonos c\u00e1lidos y relajantes. La pantalla de textura trenzada y la base de l\u00edneas fluidas evocan un ambiente artesanal y luminoso, propio de espacios cercanos al mar.\nEl trabajo en equipo ha permitido desarrollar una pieza coherente, donde funcionalidad y est\u00e9tica se integran de manera arm\u00f3nica.\n        <\/p>\n      <\/div>\n\n      <img decoding=\"async\" src=\"http:\/\/dissenyweb.gddtec.udl.cat\/2026-web1\/wp-content\/uploads\/sites\/85\/2026\/05\/ChatGPT-Image-18-feb-2026-11_48_12-2-6.png\" alt=\"Imagen de la obra Vedr\u00e0 Lumen\">\n\n    <\/div>\n\n  <\/div>\n<\/div>\n\n<!-- ========================= -->\n<!-- MODAL OBRA 2 -->\n<!-- ========================= -->\n\n<div id=\"modal-obra2-g\" class=\"modal modal-obra\" role=\"dialog\" aria-labelledby=\"titulo-obra2-g\">\n\n  <div class=\"modal-contenido\">\n\n    <button class=\"cerrar\" aria-label=\"Cerrar ventana\">&times;<\/button>\n\n    <div class=\"modal-body\">\n\n      <div class=\"modal-texto\">\n        <h2 id=\"titulo-obra2-g\">ECOFUNDES<\/h2>\n\n        <p>\nLas ecofundas son fundas de m\u00f3vil fabricadas con materiales sostenibles como bamb\u00fa, corcho, fibras naturales o biopl\u00e1sticos. A diferencia de las fundas convencionales, ayudan a reducir el impacto ambiental al utilizar recursos renovables y, en muchos casos, biodegradables o reciclables.\nAdem\u00e1s de proteger los dispositivos, las ecofundas fomentan un consumo m\u00e1s responsable y consciente. Representan una peque\u00f1a pero importante decisi\u00f3n diaria que contribuye a cuidar el planeta y a reducir la contaminaci\u00f3n.\n        <\/p>\n      <\/div>\n\n      <img decoding=\"async\" src=\"http:\/\/dissenyweb.gddtec.udl.cat\/2026-web1\/wp-content\/uploads\/sites\/85\/2026\/05\/ChatGPT-Image-18-feb-2026-11_48_12-2-5.png\" alt=\"Imagen de la obra Ecofundes\">\n\n    <\/div>\n\n  <\/div>\n<\/div>\n\n<!-- ========================= -->\n<!-- MODAL ARTISTA -->\n<!-- ========================= -->\n\n<div id=\"modal-artista-g\" class=\"modal modal-artista\" role=\"dialog\" aria-labelledby=\"titulo-artista-g\">\n\n  <div class=\"modal-contenido\">\n\n    <button class=\"cerrar\" aria-label=\"Cerrar ventana\">&times;<\/button>\n\n    <div class=\"modal-body\">\n\n      <div class=\"modal-texto\">\n        <h2 id=\"titulo-artista-g\">Luminia<\/h2>\n\n        <p>\nEn esta exposici\u00f3n presentamos el trabajo conjunto de tres j\u00f3venes artistas cuya colaboraci\u00f3n ha dado lugar a una serie de obras que dialogan entre s\u00ed, explorando nuevas formas de creaci\u00f3n colectiva. A trav\u00e9s de distintas disciplinas \u2014que abarcan desde la pintura y la instalaci\u00f3n hasta el arte digital\u2014, estos creadores han unido sus miradas para construir un lenguaje com\u00fan sin renunciar a sus identidades individuales.\nCada pieza refleja un proceso compartido en el que las ideas se entrelazan, se transforman y evolucionan en conjunto, generando resultados que dif\u00edcilmente podr\u00edan haberse alcanzado de manera individual.\u00a0\n        <\/p>\n      <\/div>\n\n      <img decoding=\"async\" src=\"http:\/\/dissenyweb.gddtec.udl.cat\/2026-web1\/wp-content\/uploads\/sites\/85\/2026\/05\/foto-grupal-1.png\" alt=\"Retrato de los artistas Luminia\">\n\n    <\/div>\n\n  <\/div>\n<\/div>\n\n<!-- ========================= -->\n<!-- MODAL BUSTO (VISOR 3D) -->\n<!-- ========================= -->\n\n<div id=\"modal-busto-g\" class=\"modal modal-busto\" role=\"dialog\" aria-labelledby=\"titulo-busto-g\">\n\n  <div class=\"modal-contenido modal-3d\">\n\n    <button class=\"cerrar\" aria-label=\"Cerrar ventana\">\u00d7<\/button>\n\n    <div class=\"modal-texto\">\n      <h2 id=\"titulo-busto-g\">VISOR 3D<\/h2>\n    <\/div>\n\n    <div class=\"visor-3d\">\n\n      <button class=\"flecha flecha-arriba\" aria-label=\"Vista superior\">\u25b2<\/button>\n\n      <button class=\"flecha flecha-izquierda\" aria-label=\"Vista izquierda\">\u25c0<\/button>\n\n      <img decoding=\"async\" class=\"imagen-3d\" data-sala=\"g\" src=\"http:\/\/dissenyweb.gddtec.udl.cat\/2026-web1\/wp-content\/uploads\/sites\/85\/2026\/05\/vista-frontal-3-1.png\" alt=\"Vista frontal del busto\">\n\n      <button class=\"flecha flecha-derecha\" aria-label=\"Vista derecha\">\u25b6<\/button>\n\n      <button class=\"flecha flecha-abajo\" aria-label=\"Vista inferior\">\u25bc<\/button>\n\n    <\/div>\n\n  <\/div>\n<\/div>\n","protected":false},"excerpt":{"rendered":"<p>\u21a9 \u2193 Sala G \u2013 Exposici\u00f3n de arte digital \u2715 Mapa del museo HOME &times; VEDR\u00c0 LUMEN Esta l\u00e1mpara es el resultado de un proceso de creaci\u00f3n colaborativo, en el que se combinan distintas ideas y enfoques de dise\u00f1o. La pieza destaca por su estructura modular y org\u00e1nica, donde cada elemento aporta equilibrio y personalidad [&hellip;]<\/p>\n","protected":false},"author":206,"featured_media":0,"parent":0,"menu_order":0,"comment_status":"closed","ping_status":"closed","template":"","meta":{"_acf_changed":false,"_uag_custom_page_level_css":"","footnotes":""},"class_list":["post-20","page","type-page","status-publish","hentry"],"acf":[],"mb":[],"uagb_featured_image_src":{"full":false,"thumbnail":false,"medium":false,"medium_large":false,"large":false,"1536x1536":false,"2048x2048":false},"uagb_author_info":{"display_name":"2026-web1","author_link":"http:\/\/dissenyweb.gddtec.udl.cat\/2026-web1\/author\/2026-web1\/"},"uagb_comment_info":0,"uagb_excerpt":"\u21a9 \u2193 Sala G \u2013 Exposici\u00f3n de arte digital \u2715 Mapa del museo HOME &times; VEDR\u00c0 LUMEN Esta l\u00e1mpara es el resultado de un proceso de creaci\u00f3n colaborativo, en el que se combinan distintas ideas y enfoques de dise\u00f1o. La pieza destaca por su estructura modular y org\u00e1nica, donde cada elemento aporta equilibrio y personalidad&hellip;","mfb_rest_fields":["title","uagb_featured_image_src","uagb_author_info","uagb_comment_info","uagb_excerpt"],"_links":{"self":[{"href":"http:\/\/dissenyweb.gddtec.udl.cat\/2026-web1\/wp-json\/wp\/v2\/pages\/20","targetHints":{"allow":["GET"]}}],"collection":[{"href":"http:\/\/dissenyweb.gddtec.udl.cat\/2026-web1\/wp-json\/wp\/v2\/pages"}],"about":[{"href":"http:\/\/dissenyweb.gddtec.udl.cat\/2026-web1\/wp-json\/wp\/v2\/types\/page"}],"author":[{"embeddable":true,"href":"http:\/\/dissenyweb.gddtec.udl.cat\/2026-web1\/wp-json\/wp\/v2\/users\/206"}],"replies":[{"embeddable":true,"href":"http:\/\/dissenyweb.gddtec.udl.cat\/2026-web1\/wp-json\/wp\/v2\/comments?post=20"}],"version-history":[{"count":24,"href":"http:\/\/dissenyweb.gddtec.udl.cat\/2026-web1\/wp-json\/wp\/v2\/pages\/20\/revisions"}],"predecessor-version":[{"id":663,"href":"http:\/\/dissenyweb.gddtec.udl.cat\/2026-web1\/wp-json\/wp\/v2\/pages\/20\/revisions\/663"}],"wp:attachment":[{"href":"http:\/\/dissenyweb.gddtec.udl.cat\/2026-web1\/wp-json\/wp\/v2\/media?parent=20"}],"curies":[{"name":"wp","href":"https:\/\/api.w.org\/{rel}","templated":true}]}}