{"id":18,"date":"2026-04-07T12:39:24","date_gmt":"2026-04-07T10:39:24","guid":{"rendered":"http:\/\/dissenyweb.gddtec.udl.cat\/2026-web1\/?page_id=18"},"modified":"2026-05-05T21:49:43","modified_gmt":"2026-05-05T19:49:43","slug":"sala-y","status":"publish","type":"page","link":"http:\/\/dissenyweb.gddtec.udl.cat\/2026-web1\/sala-y\/","title":{"rendered":"Sala Y"},"content":{"rendered":"\n<div class=\"contenedor sala-y\">\n<button class=\"btn-back\" aria-label=\"Volver atr\u00e1s\">\n  <span aria-hidden=\"true\">\u21a9<\/span>\n<\/button>\n<button class=\"btn-scroll\" aria-label=\"Ir al final de la p\u00e1gina\">\n  <span aria-hidden=\"true\">\u2193<\/span>\n<\/button>\n  <h1 class=\"visually-hidden\">Sala Y \u2013 Exposici\u00f3n de arte digital<\/h1>\n\n  <!-- FONDO -->\n  <img decoding=\"async\" class=\"fondo\" src=\"http:\/\/dissenyweb.gddtec.udl.cat\/2026-web1\/wp-content\/uploads\/sites\/85\/2026\/05\/sala-y.png\" alt=\"Vista de la sala Y con obras digitales expuestas\">\n\n  <!-- ZONAS INTERACTIVAS -->\n  <nav aria-label=\"Obras de la sala Y\">\n\n    <button class=\"item-h item-h1\" aria-controls=\"modal-obra1-y\" aria-label=\"Ver informaci\u00f3n de la obra 'Sin desconexi\u00f3n'\">\n    <\/button>\n\n    <button class=\"item-h item-h2\" aria-controls=\"modal-obra2-y\" aria-label=\"Ver informaci\u00f3n de la obra cartel 'Vedr\u00e0 Lumen'\">\n    <\/button>\n\n    <button class=\"busto\" aria-controls=\"modal-busto-y\" aria-label=\"Ver busto del artista en 3D\">\n    <\/button>\n\n    <button class=\"nombre-artista\" aria-controls=\"modal-artista-y\" aria-label=\"Ver informaci\u00f3n del artista\">\n    <\/button>\n\n  <\/nav>\n\n<!-- \ud83d\udd25 BOT\u00d3N MAPA -->\n<button class=\"btn-mapa\" aria-controls=\"modal-mapa\" aria-label=\"Abrir mapa del museo\">\n  <img decoding=\"async\" src=\"http:\/\/dissenyweb.gddtec.udl.cat\/2026-web1\/wp-content\/uploads\/sites\/85\/2026\/05\/chincheta_1.png\" alt=\"Mapa\">\n<\/button>\n<\/div>\n\n<!-- ========================= -->\n<!-- \ud83d\udd25 MODAL MAPA -->\n<!-- ========================= -->\n\n<div id=\"modal-mapa\" class=\"modal-mapa\" role=\"dialog\" aria-labelledby=\"titulo-mapa\">\n\n  <div class=\"mapa-card\">\n\n    <!-- CERRAR -->\n    <button class=\"cerrar-mapa\" aria-label=\"Cerrar mapa\">\u2715<\/button>\n\n    <h2 id=\"titulo-mapa\" class=\"visually-hidden\">\n      Mapa del museo\n    <\/h2>\n\n    <div class=\"mapa-wrapper\">\n\n      <!-- IMAGEN MAPA -->\n      <img decoding=\"async\" src=\"http:\/\/dissenyweb.gddtec.udl.cat\/2026-web1\/wp-content\/uploads\/sites\/85\/2026\/05\/MAPA.png\" alt=\"Mapa del museo con todas las salas\" class=\"mapa-img\">\n\n      <!-- \u26ab PUNTOS SALAS -->\n      <a href=\"http:\/\/dissenyweb.gddtec.udl.cat\/2026-web1\/\" class=\"punto punto-home\" aria-label=\"Ir a la p\u00e1gina inicial\"><\/a>\n      <span class=\"label-home\">HOME<\/span>\n      <a href=\"http:\/\/dissenyweb.gddtec.udl.cat\/2026-web1\/sala-h\/\" class=\"punto punto-h\" aria-label=\"Ir a sala H\"><\/a>\n      <a href=\"http:\/\/dissenyweb.gddtec.udl.cat\/2026-web1\/sala-p\/\" class=\"punto punto-p\" aria-label=\"Ir a sala P\"><\/a>\n      <a href=\"http:\/\/dissenyweb.gddtec.udl.cat\/2026-web1\/sala-y\/\" class=\"punto punto-y\" aria-label=\"Ir a sala Y\"><\/a>\n      <a href=\"http:\/\/dissenyweb.gddtec.udl.cat\/2026-web1\/sala-g\/\" class=\"punto punto-g\" aria-label=\"Ir a sala G\"><\/a>\n      <a href=\"http:\/\/dissenyweb.gddtec.udl.cat\/2026-web1\/subasta\/\" class=\"punto punto-s\" aria-label=\"Ir a sala S\"><\/a>\n\n    <\/div>\n\n  <\/div>\n\n<\/div>\n\n<!-- ========================= -->\n<!-- MODAL OBRA 1 -->\n<!-- ========================= -->\n<div id=\"modal-obra1-y\" class=\"modal modal-obra\" role=\"dialog\" aria-labelledby=\"titulo-obra1-y\">\n\n  <div class=\"modal-contenido\">\n\n    <button class=\"cerrar\" aria-label=\"Cerrar ventana\">&times;<\/button>\n\n    <div class=\"modal-body\">\n\n      <div class=\"modal-texto\">\n        <h2 id=\"titulo-obra1-y\">SIN DESCONEXI\u00d3N<\/h2>\n\n        <p>\nEste cartel corresponde a la presentaci\u00f3n del cortometraje \u201cSin Desconexi\u00f3n\u201d, una pieza audiovisual que explora la relaci\u00f3n entre el ser humano y la tecnolog\u00eda. La imagen central, marcada por la distorsi\u00f3n y la luz de una pantalla, simboliza la p\u00e9rdida de identidad y la desconexi\u00f3n emocional en un mundo hiperconectado.\nEl dise\u00f1o apuesta por una est\u00e9tica oscura y minimalista, donde el contraste lum\u00ednico dirige la atenci\u00f3n hacia el impacto de lo digital en la figura humana. Como carta de presentaci\u00f3n, el cartel introduce el tono inquietante y reflexivo del corto, invitando al espectador a cuestionar su propia relaci\u00f3n con la tecnolog\u00eda.\n        <\/p>\n      <\/div>\n\n      <img decoding=\"async\" src=\"http:\/\/dissenyweb.gddtec.udl.cat\/2026-web1\/wp-content\/uploads\/sites\/85\/2026\/05\/ChatGPT-Image-18-feb-2026-11_48_12-2-3.png\" alt=\"Imagen de la obra 1\">\n\n    <\/div>\n\n  <\/div>\n<\/div>\n\n<!-- ========================= -->\n<!-- MODAL OBRA 2 -->\n<!-- ========================= -->\n<div id=\"modal-obra2-y\" class=\"modal modal-obra\" role=\"dialog\" aria-labelledby=\"titulo-obra2-y\">\n\n  <div class=\"modal-contenido\">\n\n    <button class=\"cerrar\" aria-label=\"Cerrar ventana\">&times;<\/button>\n\n    <div class=\"modal-body\">\n\n      <div class=\"modal-texto\">\n        <h2 id=\"titulo-obra2-y\">CARTEL VEDR\u00c0 LUMEN<\/h2>\n\n        <p>\nEste cartel presenta la l\u00e1mpara como una pieza central donde funcionalidad y est\u00e9tica se fusionan en armon\u00eda. Inspirado en el estilo art nouveau, el dise\u00f1o se caracteriza por sus l\u00edneas org\u00e1nicas, formas curvas y la integraci\u00f3n de elementos naturales que evocan crecimiento y fluidez.\nLa composici\u00f3n enmarca la l\u00e1mpara con motivos vegetales y patrones ornamentales, reforzando una sensaci\u00f3n de equilibrio y elegancia atemporal. La paleta crom\u00e1tica, dominada por tonos suaves y terrosos, aporta calidez y serenidad, destacando el car\u00e1cter artesanal del objeto.\n        <\/p>\n      <\/div>\n\n      <img decoding=\"async\" src=\"http:\/\/dissenyweb.gddtec.udl.cat\/2026-web1\/wp-content\/uploads\/sites\/85\/2026\/05\/ChatGPT-Image-18-feb-2026-11_48_12-2-4.png\" alt=\"Imagen de la obra 2\">\n\n    <\/div>\n\n  <\/div>\n<\/div>\n\n<!-- ========================= -->\n<!-- MODAL ARTISTA -->\n<!-- ========================= -->\n<div id=\"modal-artista-y\" class=\"modal modal-artista\" role=\"dialog\" aria-labelledby=\"titulo-artista-y\">\n\n  <div class=\"modal-contenido\">\n\n    <button class=\"cerrar\" aria-label=\"Cerrar ventana\">&times;<\/button>\n\n    <div class=\"modal-body\">\n\n      <div class=\"modal-texto\">\n        <h2 id=\"titulo-artista-y\">Yasmin Camu\u00f1as<\/h2>\n\n        <p>\nYasmin es una creativa centrada en el dibujo digital y la fotograf\u00eda, con un estilo fresco y visualmente cuidado. Combina ambas disciplinas para crear piezas con identidad y una est\u00e9tica muy actual.\nTrabaja con herramientas como Illustrator y Lightroom, y tambi\u00e9n se desenvuelve con soltura en Figma, lo que le permite moverse c\u00f3modamente entre lo art\u00edstico y lo funcional. Su trabajo destaca por la claridad visual, el buen uso del color y una ejecuci\u00f3n limpia y precisa.\n        <\/p>\n\n        <a href=\"https:\/\/yascl.blog\/\" class=\"btn-portfolio\" target=\"_blank\" rel=\"noopener noreferrer\">\n           Portfolio\n        <\/a>\n\n      <\/div>\n\n      <img decoding=\"async\" src=\"http:\/\/dissenyweb.gddtec.udl.cat\/2026-web1\/wp-content\/uploads\/sites\/85\/2026\/05\/IMG_9828-1.png\" alt=\"Retrato del artista\">\n\n    <\/div>\n\n  <\/div>\n<\/div>\n\n<!-- ========================= -->\n<!-- MODAL BUSTO (VISOR 3D) -->\n<!-- ========================= -->\n<div id=\"modal-busto-y\" class=\"modal modal-busto\" role=\"dialog\" aria-labelledby=\"titulo-busto-y\">\n\n  <div class=\"modal-contenido modal-3d\">\n\n    <button class=\"cerrar\" aria-label=\"Cerrar ventana\">\u00d7<\/button>\n\n    <div class=\"modal-texto\">\n      <h2 id=\"titulo-busto-y\">VISOR 3D<\/h2>\n    <\/div>\n\n    <div class=\"visor-3d\">\n\n      <!-- ARRIBA -->\n      <button class=\"flecha flecha-arriba\" aria-label=\"Vista superior\">\u25b2<\/button>\n\n      <!-- IZQUIERDA -->\n      <button class=\"flecha flecha-izquierda\" aria-label=\"Vista izquierda\">\u25c0<\/button>\n\n      <!-- IMAGEN -->\n      <img decoding=\"async\" class=\"imagen-3d\" src=\"http:\/\/dissenyweb.gddtec.udl.cat\/2026-web1\/wp-content\/uploads\/sites\/85\/2026\/05\/vista-frontal-1.png\" alt=\"Vista frontal del busto\">\n\n      <!-- DERECHA -->\n      <button class=\"flecha flecha-derecha\" aria-label=\"Vista derecha\">\u25b6<\/button>\n\n      <!-- ABAJO -->\n      <button class=\"flecha flecha-abajo\" aria-label=\"Vista inferior\">\u25bc<\/button>\n\n    <\/div>\n\n  <\/div>\n<\/div>\n","protected":false},"excerpt":{"rendered":"<p>\u21a9 \u2193 Sala Y \u2013 Exposici\u00f3n de arte digital \u2715 Mapa del museo HOME &times; SIN DESCONEXI\u00d3N Este cartel corresponde a la presentaci\u00f3n del cortometraje \u201cSin Desconexi\u00f3n\u201d, una pieza audiovisual que explora la relaci\u00f3n entre el ser humano y la tecnolog\u00eda. La imagen central, marcada por la distorsi\u00f3n y la luz de una pantalla, simboliza [&hellip;]<\/p>\n","protected":false},"author":206,"featured_media":0,"parent":0,"menu_order":0,"comment_status":"closed","ping_status":"closed","template":"","meta":{"_acf_changed":false,"_uag_custom_page_level_css":"","footnotes":""},"class_list":["post-18","page","type-page","status-publish","hentry"],"acf":[],"mb":[],"uagb_featured_image_src":{"full":false,"thumbnail":false,"medium":false,"medium_large":false,"large":false,"1536x1536":false,"2048x2048":false},"uagb_author_info":{"display_name":"2026-web1","author_link":"http:\/\/dissenyweb.gddtec.udl.cat\/2026-web1\/author\/2026-web1\/"},"uagb_comment_info":0,"uagb_excerpt":"\u21a9 \u2193 Sala Y \u2013 Exposici\u00f3n de arte digital \u2715 Mapa del museo HOME &times; SIN DESCONEXI\u00d3N Este cartel corresponde a la presentaci\u00f3n del cortometraje \u201cSin Desconexi\u00f3n\u201d, una pieza audiovisual que explora la relaci\u00f3n entre el ser humano y la tecnolog\u00eda. La imagen central, marcada por la distorsi\u00f3n y la luz de una pantalla, simboliza&hellip;","mfb_rest_fields":["title","uagb_featured_image_src","uagb_author_info","uagb_comment_info","uagb_excerpt"],"_links":{"self":[{"href":"http:\/\/dissenyweb.gddtec.udl.cat\/2026-web1\/wp-json\/wp\/v2\/pages\/18","targetHints":{"allow":["GET"]}}],"collection":[{"href":"http:\/\/dissenyweb.gddtec.udl.cat\/2026-web1\/wp-json\/wp\/v2\/pages"}],"about":[{"href":"http:\/\/dissenyweb.gddtec.udl.cat\/2026-web1\/wp-json\/wp\/v2\/types\/page"}],"author":[{"embeddable":true,"href":"http:\/\/dissenyweb.gddtec.udl.cat\/2026-web1\/wp-json\/wp\/v2\/users\/206"}],"replies":[{"embeddable":true,"href":"http:\/\/dissenyweb.gddtec.udl.cat\/2026-web1\/wp-json\/wp\/v2\/comments?post=18"}],"version-history":[{"count":8,"href":"http:\/\/dissenyweb.gddtec.udl.cat\/2026-web1\/wp-json\/wp\/v2\/pages\/18\/revisions"}],"predecessor-version":[{"id":670,"href":"http:\/\/dissenyweb.gddtec.udl.cat\/2026-web1\/wp-json\/wp\/v2\/pages\/18\/revisions\/670"}],"wp:attachment":[{"href":"http:\/\/dissenyweb.gddtec.udl.cat\/2026-web1\/wp-json\/wp\/v2\/media?parent=18"}],"curies":[{"name":"wp","href":"https:\/\/api.w.org\/{rel}","templated":true}]}}