{"id":59,"date":"2024-06-03T17:22:56","date_gmt":"2024-06-03T15:22:56","guid":{"rendered":"http:\/\/dissenyweb.gddtec.udl.cat\/2024-web6\/?page_id=59"},"modified":"2024-06-05T17:14:39","modified_gmt":"2024-06-05T15:14:39","slug":"publicacions","status":"publish","type":"page","link":"http:\/\/dissenyweb.gddtec.udl.cat\/2024-web6\/publicacions\/","title":{"rendered":"PUBLICACIONES"},"content":{"rendered":"\n<div class=\"wp-block-group has-custom-verd-background-color has-background is-layout-flow wp-block-group-is-layout-flow\">\n<div style=\"height:35px\" aria-hidden=\"true\" class=\"wp-block-spacer\"><\/div>\n\n\n<h1 style=\"padding-top:0;padding-bottom:0;\" class=\"has-text-align-center has-link-color wp-elements-620901eeaccf40fd0fe1d8b47f7de927 wp-block-post-title has-text-color has-base-2-color\">PUBLICACIONES<\/h1>\n\n\n<div style=\"margin-top:0;margin-bottom:0;height:0\" aria-hidden=\"true\" class=\"wp-block-spacer\"><\/div>\n<\/div>\n\n\n\n<div class=\"wp-block-columns has-custom-verd-background-color has-background is-layout-flex wp-container-core-columns-is-layout-91bd970c wp-block-columns-is-layout-flex\" style=\"margin-top:0;margin-bottom:0;padding-top:0;padding-right:0;padding-bottom:var(--wp--preset--spacing--10);padding-left:0\">\n<div class=\"wp-block-column has-custom-verd-background-color has-background is-layout-flow wp-block-column-is-layout-flow\" style=\"flex-basis:18%\"><\/div>\n\n\n\n<div class=\"wp-block-column is-layout-flow wp-block-column-is-layout-flow\" style=\"padding-right:0;padding-left:0;flex-basis:64%\">\n<h3 class=\"wp-block-heading has-text-align-center has-base-2-color has-custom-verd-background-color has-text-color has-background has-link-color wp-elements-78a8a50578e61bf3b14d13cb2af39360\" style=\"font-size:clamp(0.875rem, 0.875rem + ((1vw - 0.2rem) * 0.208), 1rem);\">Sum\u00e9rgete en una colecci\u00f3n de publicaciones acad\u00e9micas que exploran los cursillos de selecci\u00f3n profesional desde diversos \u00e1ngulos, ofreciendo una visi\u00f3n completa de esta \u00e9poca hist\u00f3rica.<\/h3>\n<\/div>\n\n\n\n<div class=\"wp-block-column has-custom-verd-background-color has-background is-layout-flow wp-block-column-is-layout-flow\" style=\"flex-basis:18%\"><\/div>\n<\/div>\n\n\n\n<div class=\"wp-block-group alignfull has-global-padding is-layout-constrained wp-container-core-group-is-layout-d89aad35 wp-block-group-is-layout-constrained\" style=\"margin-top:0;margin-bottom:0;padding-top:var(--wp--preset--spacing--50);padding-right:var(--wp--preset--spacing--50);padding-bottom:var(--wp--preset--spacing--50);padding-left:var(--wp--preset--spacing--50)\">\n<div class=\"wp-block-group alignwide has-global-padding is-layout-constrained wp-container-core-group-is-layout-19e250f3 wp-block-group-is-layout-constrained\">\n<div class=\"wp-block-columns alignwide is-layout-flex wp-container-core-columns-is-layout-d1c656ed wp-block-columns-is-layout-flex\">\n<div class=\"wp-block-column is-vertically-aligned-center is-layout-flow wp-block-column-is-layout-flow\" style=\"flex-basis:40%\">\n<h3 class=\"wp-block-heading is-style-asterisk\">2024\u00a0 \u00a0 \u00a0 SIMON-MARTIN, M., JOV\u00c9, G., NIUBO, F.<\/h3>\n\n\n\n<p class=\"has-text-align-left has-roboto-font-family\" style=\"font-style:normal;font-weight:300\">\u2018El mar com a paissatge pedag\u00f2gic: Freinet, el moviment Batec, i els cursillos de selecci\u00f3n profesional a l\u2019Escola Normal de Lleida\u2019, <em>Temps d\u2019educaci\u00f3<\/em> Volume ?, pp. 49-78.&nbsp;<\/p>\n<\/div>\n\n\n\n<div class=\"wp-block-column is-layout-flow wp-block-column-is-layout-flow\" style=\"flex-basis:50%\">\n<figure class=\"wp-block-image size-large is-style-rounded is-style-rounded--1\"><img loading=\"lazy\" decoding=\"async\" width=\"1024\" height=\"768\" src=\"http:\/\/dissenyweb.gddtec.udl.cat\/2024-web6\/wp-content\/uploads\/sites\/38\/2024\/06\/pexels-polina-zimmerman-3747593-min-1024x768.jpg\" alt=\"\" class=\"wp-image-1055\" srcset=\"http:\/\/dissenyweb.gddtec.udl.cat\/2024-web6\/wp-content\/uploads\/sites\/38\/2024\/06\/pexels-polina-zimmerman-3747593-min-1024x768.jpg 1024w, http:\/\/dissenyweb.gddtec.udl.cat\/2024-web6\/wp-content\/uploads\/sites\/38\/2024\/06\/pexels-polina-zimmerman-3747593-min-300x225.jpg 300w, http:\/\/dissenyweb.gddtec.udl.cat\/2024-web6\/wp-content\/uploads\/sites\/38\/2024\/06\/pexels-polina-zimmerman-3747593-min-768x576.jpg 768w, http:\/\/dissenyweb.gddtec.udl.cat\/2024-web6\/wp-content\/uploads\/sites\/38\/2024\/06\/pexels-polina-zimmerman-3747593-min-1536x1152.jpg 1536w, http:\/\/dissenyweb.gddtec.udl.cat\/2024-web6\/wp-content\/uploads\/sites\/38\/2024\/06\/pexels-polina-zimmerman-3747593-min-2048x1536.jpg 2048w\" sizes=\"auto, (max-width: 1024px) 100vw, 1024px\" \/><\/figure>\n<\/div>\n<\/div>\n\n\n\n<div style=\"height:var(--wp--preset--spacing--40)\" aria-hidden=\"true\" class=\"wp-block-spacer\"><\/div>\n\n\n\n<div class=\"wp-block-columns alignwide is-layout-flex wp-container-core-columns-is-layout-d1c656ed wp-block-columns-is-layout-flex\">\n<div class=\"wp-block-column is-layout-flow wp-block-column-is-layout-flow\" style=\"flex-basis:50%\">\n<figure class=\"wp-block-image size-large is-style-rounded is-style-rounded--2\"><img loading=\"lazy\" decoding=\"async\" width=\"1024\" height=\"768\" src=\"http:\/\/dissenyweb.gddtec.udl.cat\/2024-web6\/wp-content\/uploads\/sites\/38\/2024\/06\/pexels-polina-zimmerman-3747526-min-1024x768.jpg\" alt=\"\" class=\"wp-image-1056\" srcset=\"http:\/\/dissenyweb.gddtec.udl.cat\/2024-web6\/wp-content\/uploads\/sites\/38\/2024\/06\/pexels-polina-zimmerman-3747526-min-1024x768.jpg 1024w, http:\/\/dissenyweb.gddtec.udl.cat\/2024-web6\/wp-content\/uploads\/sites\/38\/2024\/06\/pexels-polina-zimmerman-3747526-min-300x225.jpg 300w, http:\/\/dissenyweb.gddtec.udl.cat\/2024-web6\/wp-content\/uploads\/sites\/38\/2024\/06\/pexels-polina-zimmerman-3747526-min-768x576.jpg 768w, http:\/\/dissenyweb.gddtec.udl.cat\/2024-web6\/wp-content\/uploads\/sites\/38\/2024\/06\/pexels-polina-zimmerman-3747526-min-1536x1152.jpg 1536w, http:\/\/dissenyweb.gddtec.udl.cat\/2024-web6\/wp-content\/uploads\/sites\/38\/2024\/06\/pexels-polina-zimmerman-3747526-min-2048x1536.jpg 2048w\" sizes=\"auto, (max-width: 1024px) 100vw, 1024px\" \/><\/figure>\n<\/div>\n\n\n\n<div class=\"wp-block-column is-vertically-aligned-center is-layout-flow wp-block-column-is-layout-flow\" style=\"flex-basis:40%\">\n<h3 class=\"wp-block-heading is-style-asterisk\">2024\u00a0 \u00a0 \u00a0 SIMON-MARTIN, M. and JOV\u00c9, G.<\/h3>\n\n\n\n<p class=\"has-text-align-left\" style=\"font-style:normal;font-weight:300\">\u2018Los \u00abcursillos de selecci\u00f3n profesional\u00bb en la Escuela Normal de Lleida (1932): experimenta la fusi\u00f3n de imaginaci\u00f3n y experiencia con Soluciones Arquitect\u00f3nicas \u00c9tudes.<\/p>\n<\/div>\n<\/div>\n\n\n\n<div style=\"height:var(--wp--preset--spacing--40)\" aria-hidden=\"true\" class=\"wp-block-spacer\"><\/div>\n\n\n\n<div class=\"wp-block-columns alignwide is-layout-flex wp-container-core-columns-is-layout-d1c656ed wp-block-columns-is-layout-flex\">\n<div class=\"wp-block-column is-vertically-aligned-center is-layout-flow wp-block-column-is-layout-flow\" style=\"flex-basis:40%\">\n<h3 class=\"wp-block-heading is-style-asterisk\">2023\u00a0 \u00a0 \u00a0 SIMON-MARTIN, M. and JOV\u00c9, G.<\/h3>\n\n\n\n<p class=\"has-text-align-left has-roboto-font-family\" style=\"font-style:normal;font-weight:300\">\u2018El mar com a paisatge pedagogic? Una \u201clecci\u00f3n modelo\u201d sobre el mar en el context dels \u201ccursillos de selecci\u00f3n\u201d de l\u2019Escola Normal de Lleida (1932)\u2019, Jordi Bras\u00f3 Rius, Oriol Brugarolas Bonet, Laura Font\u00e1n de Bedout, Jordi Garcia Farrero, Sergio Ira\u00f1eta Chamizo, Eric Ortega Gonz\u00e1lez, \u00c0ngel Pascual Martin, Karine Rivas Guzm\u00e1n, and Ferran Sanchez Margalef (eds.).<\/p>\n<\/div>\n\n\n\n<div class=\"wp-block-column is-layout-flow wp-block-column-is-layout-flow\" style=\"flex-basis:50%\">\n<figure class=\"wp-block-image size-large is-style-rounded is-style-rounded--3\"><img loading=\"lazy\" decoding=\"async\" width=\"1024\" height=\"684\" src=\"http:\/\/dissenyweb.gddtec.udl.cat\/2024-web6\/wp-content\/uploads\/sites\/38\/2024\/06\/pexels-element5-1370298-1-1024x684.jpg\" alt=\"\" class=\"wp-image-1054\" srcset=\"http:\/\/dissenyweb.gddtec.udl.cat\/2024-web6\/wp-content\/uploads\/sites\/38\/2024\/06\/pexels-element5-1370298-1-1024x684.jpg 1024w, http:\/\/dissenyweb.gddtec.udl.cat\/2024-web6\/wp-content\/uploads\/sites\/38\/2024\/06\/pexels-element5-1370298-1-300x200.jpg 300w, http:\/\/dissenyweb.gddtec.udl.cat\/2024-web6\/wp-content\/uploads\/sites\/38\/2024\/06\/pexels-element5-1370298-1-768x513.jpg 768w, http:\/\/dissenyweb.gddtec.udl.cat\/2024-web6\/wp-content\/uploads\/sites\/38\/2024\/06\/pexels-element5-1370298-1-1536x1025.jpg 1536w, http:\/\/dissenyweb.gddtec.udl.cat\/2024-web6\/wp-content\/uploads\/sites\/38\/2024\/06\/pexels-element5-1370298-1-2048x1367.jpg 2048w\" sizes=\"auto, (max-width: 1024px) 100vw, 1024px\" \/><\/figure>\n<\/div>\n<\/div>\n<\/div>\n<\/div>\n\n\n\n<div class=\"wp-block-group alignfull has-base-color has-custom-marr-background-color has-text-color has-background has-global-padding is-layout-constrained wp-container-core-group-is-layout-5a3d5844 wp-block-group-is-layout-constrained\" style=\"border-style:none;border-width:0px;border-radius:0px;margin-top:0;margin-bottom:0;padding-top:var(--wp--preset--spacing--40);padding-right:var(--wp--preset--spacing--60);padding-bottom:var(--wp--preset--spacing--40);padding-left:var(--wp--preset--spacing--60)\">\n<div class=\"wp-block-group has-global-padding is-layout-constrained wp-container-core-group-is-layout-c160b77e wp-block-group-is-layout-constrained\" style=\"margin-top:0;margin-bottom:0;padding-top:0;padding-bottom:0\">\n<p class=\"has-text-align-center has-base-2-color has-text-color has-butler-font-family has-large-font-size\" style=\"font-style:normal;font-weight:700;line-height:1.2\"><em>\u00ab<em>El gran arte del maestro no consiste en hablar mucho sino en hacer hablar y discurrir para conducir a los ni\u00f1os a descubrir lo que se les quiera ense\u00f1ar<\/em>\u00ab.<\/em><\/p>\n\n\n\n<div style=\"height:var(--wp--preset--spacing--10)\" aria-hidden=\"true\" class=\"wp-block-spacer\"><\/div>\n\n\n\n<hr class=\"wp-block-separator has-text-color has-base-2-color has-alpha-channel-opacity has-base-2-background-color has-background\" \/>\n\n\n\n<div class=\"wp-block-group is-vertical is-content-justification-center is-nowrap is-layout-flex wp-container-core-group-is-layout-06d35099 wp-block-group-is-layout-flex\" style=\"padding-top:0;padding-bottom:0\">\n<p class=\"has-text-align-center has-base-2-color has-text-color has-link-color wp-elements-f7d99e04428fdc200861ed939b01b737\" style=\"margin-top:var(--wp--preset--spacing--30);margin-bottom:0\"><strong>Mar\u00eda Carcel\u00e9n Montes<\/strong><\/p>\n\n\n\n<p class=\"has-text-align-center has-base-color has-text-color has-small-font-size\" style=\"font-style:normal;font-weight:300\">Sobre la Lecci\u00f3n \u00abEl mar\u00bb<\/p>\n<\/div>\n<\/div>\n<\/div>\n","protected":false},"excerpt":{"rendered":"<p>Sum\u00e9rgete en una colecci\u00f3n de publicaciones acad\u00e9micas que exploran los cursillos de selecci\u00f3n profesional desde diversos \u00e1ngulos, ofreciendo una visi\u00f3n completa de esta \u00e9poca hist\u00f3rica. 2024\u00a0 \u00a0 \u00a0 SIMON-MARTIN, M., JOV\u00c9, G., NIUBO, F. \u2018El mar com a paissatge pedag\u00f2gic: Freinet, el moviment Batec, i els cursillos de selecci\u00f3n profesional a l\u2019Escola Normal de Lleida\u2019, [&hellip;]<\/p>\n","protected":false},"author":110,"featured_media":0,"parent":0,"menu_order":4,"comment_status":"closed","ping_status":"closed","template":"","meta":{"_acf_changed":false,"footnotes":""},"class_list":["post-59","page","type-page","status-publish","hentry"],"acf":[],"mb":[],"mfb_rest_fields":["title"],"_links":{"self":[{"href":"http:\/\/dissenyweb.gddtec.udl.cat\/2024-web6\/wp-json\/wp\/v2\/pages\/59","targetHints":{"allow":["GET"]}}],"collection":[{"href":"http:\/\/dissenyweb.gddtec.udl.cat\/2024-web6\/wp-json\/wp\/v2\/pages"}],"about":[{"href":"http:\/\/dissenyweb.gddtec.udl.cat\/2024-web6\/wp-json\/wp\/v2\/types\/page"}],"author":[{"embeddable":true,"href":"http:\/\/dissenyweb.gddtec.udl.cat\/2024-web6\/wp-json\/wp\/v2\/users\/110"}],"replies":[{"embeddable":true,"href":"http:\/\/dissenyweb.gddtec.udl.cat\/2024-web6\/wp-json\/wp\/v2\/comments?post=59"}],"version-history":[{"count":33,"href":"http:\/\/dissenyweb.gddtec.udl.cat\/2024-web6\/wp-json\/wp\/v2\/pages\/59\/revisions"}],"predecessor-version":[{"id":1060,"href":"http:\/\/dissenyweb.gddtec.udl.cat\/2024-web6\/wp-json\/wp\/v2\/pages\/59\/revisions\/1060"}],"wp:attachment":[{"href":"http:\/\/dissenyweb.gddtec.udl.cat\/2024-web6\/wp-json\/wp\/v2\/media?parent=59"}],"curies":[{"name":"wp","href":"https:\/\/api.w.org\/{rel}","templated":true}]}}