{"id":52,"date":"2024-06-03T17:19:01","date_gmt":"2024-06-03T15:19:01","guid":{"rendered":"http:\/\/dissenyweb.gddtec.udl.cat\/2024-web6\/?page_id=52"},"modified":"2024-06-04T17:54:47","modified_gmt":"2024-06-04T15:54:47","slug":"participa","status":"publish","type":"page","link":"http:\/\/dissenyweb.gddtec.udl.cat\/2024-web6\/participa\/","title":{"rendered":"\u00a1PARTICIPA!"},"content":{"rendered":"\n<div class=\"wp-block-group has-custom-verd-background-color has-background is-layout-flow wp-block-group-is-layout-flow\">\n<div style=\"height:35px\" aria-hidden=\"true\" class=\"wp-block-spacer\"><\/div>\n\n\n<h1 style=\"padding-top:0;padding-bottom:0;\" class=\"has-text-align-center has-link-color wp-elements-620901eeaccf40fd0fe1d8b47f7de927 wp-block-post-title has-text-color has-base-2-color\">\u00a1PARTICIPA!<\/h1>\n\n\n<div style=\"margin-top:0;margin-bottom:0;height:0\" aria-hidden=\"true\" class=\"wp-block-spacer\"><\/div>\n<\/div>\n\n\n\n<div class=\"wp-block-columns has-custom-verd-background-color has-background is-layout-flex wp-container-core-columns-is-layout-91bd970c wp-block-columns-is-layout-flex\" style=\"margin-top:0;margin-bottom:0;padding-top:0;padding-right:0;padding-bottom:var(--wp--preset--spacing--10);padding-left:0\">\n<div class=\"wp-block-column has-custom-verd-background-color has-background is-layout-flow wp-block-column-is-layout-flow\" style=\"flex-basis:18%\"><\/div>\n\n\n\n<div class=\"wp-block-column is-layout-flow wp-block-column-is-layout-flow\" style=\"padding-right:0;padding-left:0;flex-basis:64%\">\n<h3 class=\"wp-block-heading has-text-align-center has-base-2-color has-custom-verd-background-color has-text-color has-background has-link-color wp-elements-32d1c4a77a71076e94b7fc47fb192c04\" style=\"font-size:clamp(0.875rem, 0.875rem + ((1vw - 0.2rem) * 0.208), 1rem);\">Forma parte de la historia y aporta tu granito de arena al proyecto CuSePro compartiendo tu material o informaci\u00f3n sobre los cursillos de selecci\u00f3n profesional.<\/h3>\n<\/div>\n\n\n\n<div class=\"wp-block-column has-custom-verd-background-color has-background is-layout-flow wp-block-column-is-layout-flow\" style=\"flex-basis:18%\"><\/div>\n<\/div>\n\n\n\n<div style=\"height:46px\" aria-hidden=\"true\" class=\"wp-block-spacer\"><\/div>\n\n\n\n<div class=\"wp-block-columns is-layout-flex wp-container-core-columns-is-layout-28f84493 wp-block-columns-is-layout-flex\">\n<div class=\"wp-block-column is-layout-flow wp-block-column-is-layout-flow\">\n<div class=\"wp-block-columns is-layout-flex wp-container-core-columns-is-layout-28f84493 wp-block-columns-is-layout-flex\">\n<div class=\"wp-block-column is-layout-flow wp-block-column-is-layout-flow\">\n<div style=\"height:24px\" aria-hidden=\"true\" class=\"wp-block-spacer\"><\/div>\n\n\n\n<figure class=\"wp-block-image aligncenter size-full\"><img loading=\"lazy\" decoding=\"async\" width=\"563\" height=\"492\" src=\"http:\/\/dissenyweb.gddtec.udl.cat\/2024-web6\/wp-content\/uploads\/sites\/38\/2024\/06\/pexels-photo-12142789-2.jpeg\" alt=\"\" class=\"wp-image-691\" srcset=\"http:\/\/dissenyweb.gddtec.udl.cat\/2024-web6\/wp-content\/uploads\/sites\/38\/2024\/06\/pexels-photo-12142789-2.jpeg 563w, http:\/\/dissenyweb.gddtec.udl.cat\/2024-web6\/wp-content\/uploads\/sites\/38\/2024\/06\/pexels-photo-12142789-2-300x262.jpeg 300w\" sizes=\"auto, (max-width: 563px) 100vw, 563px\" \/><\/figure>\n<\/div>\n\n\n\n<div class=\"wp-block-column is-layout-flow wp-container-core-column-is-layout-b108c007 wp-block-column-is-layout-flow\" style=\"padding-right:0;padding-left:0;font-style:normal;font-weight:400;line-height:1.5\">\n<div style=\"height:30px\" aria-hidden=\"true\" class=\"wp-block-spacer\"><\/div>\n\n\n\n<h2 class=\"wp-block-heading has-butler-font-family\" style=\"font-style:normal;font-weight:400\">Experiencia \u00fanica<\/h2>\n\n\n\n<div style=\"height:41px\" aria-hidden=\"true\" class=\"wp-block-spacer\"><\/div>\n\n\n\n<p class=\"has-contrast-color has-text-color has-link-color wp-elements-e385c463db5a99428d51fb64eec63354\" style=\"font-size:clamp(0.875rem, 0.875rem + ((1vw - 0.2rem) * 0.208), 1rem);font-style:normal;font-weight:300\">En Cusepro, ofrecemos una oportunidad \u00fanica para que pod\u00e1is participar activamente <br>en la preservaci\u00f3n y documentaci\u00f3n de la historia.<\/p>\n\n\n\n<div style=\"height:19px\" aria-hidden=\"true\" class=\"wp-block-spacer\"><\/div>\n\n\n\n<p class=\"has-contrast-color has-text-color has-link-color wp-elements-3f75048565943caf639e02157778c3b9\" style=\"font-size:clamp(0.875rem, 0.875rem + ((1vw - 0.2rem) * 0.208), 1rem);font-style:normal;font-weight:300\">Invitamos a todos a buscar entre vuestras pertenencias y encontrar documentos, <br>fotograf\u00edas u otros objetos de vuestros antepasados de la \u00e9poca de la Rep\u00fablica.<\/p>\n\n\n\n<div style=\"height:19px\" aria-hidden=\"true\" class=\"wp-block-spacer\"><\/div>\n\n\n\n<div class=\"wp-block-group is-nowrap is-layout-flex wp-container-core-group-is-layout-6c531013 wp-block-group-is-layout-flex\">\n<p class=\"has-text-align-left has-contrast-color has-text-color has-link-color wp-elements-0296835c19436dd62a40d0544f35a9c6\" style=\"font-size:clamp(0.875rem, 0.875rem + ((1vw - 0.2rem) * 0.208), 1rem);font-style:normal;font-weight:300\">Esta iniciativa no solo es una forma de enriquecer nuestro archivo hist\u00f3rico, sino<br>tambi\u00e9n deconectar con nuestras ra\u00edces y compartir historias que quiz\u00e1s nunca antes <br>se han contado.<\/p>\n\n\n\n<div style=\"height:46px;width:0px\" aria-hidden=\"true\" class=\"wp-block-spacer wp-container-content-b5f14f7b\"><\/div>\n<\/div>\n\n\n\n<div style=\"height:19px\" aria-hidden=\"true\" class=\"wp-block-spacer\"><\/div>\n\n\n\n<p class=\"has-text-align-left has-contrast-color has-text-color has-link-color wp-elements-4ff533f5e5f0b4a0430bd7a19a7d53ec\" style=\"font-size:clamp(0.875rem, 0.875rem + ((1vw - 0.2rem) * 0.208), 1rem);font-style:normal;font-weight:300\">Tu contribuci\u00f3n es crucial para mantener viva la memoria hist\u00f3rica y asegurar que las<br>experiencias de nuestros antepasados no se pierdan en el olvido. Ponte en contacto <br>con nosotros para que podamos colaborar en la preservaci\u00f3n de estos valiosos <br>testimonios.<\/p>\n\n\n\n<div style=\"height:19px\" aria-hidden=\"true\" class=\"wp-block-spacer\"><\/div>\n\n\n\n<p class=\"has-text-align-left has-contrast-color has-text-color has-link-color wp-elements-237ce6778c47068cb57c54ad3fb3e508\" style=\"font-size:clamp(0.875rem, 0.875rem + ((1vw - 0.2rem) * 0.208), 1rem);font-style:normal;font-weight:300\">Si tienes en casa cartas, diarios, fotograf\u00edas, o cualquier otro tipo de <br>documento de ese periodo, \u00a1queremos saber de ti!<\/p>\n\n\n\n<div style=\"height:49px\" aria-hidden=\"true\" class=\"wp-block-spacer\"><\/div>\n<\/div>\n<\/div>\n<\/div>\n<\/div>\n\n\n\n<div class=\"wp-block-columns is-layout-flex wp-container-core-columns-is-layout-28f84493 wp-block-columns-is-layout-flex\">\n<div class=\"wp-block-column is-layout-flow wp-block-column-is-layout-flow\">\n<div class=\"wp-block-group is-vertical is-layout-flex wp-container-core-group-is-layout-500698ec wp-block-group-is-layout-flex\" style=\"padding-top:var(--wp--preset--spacing--20);padding-right:var(--wp--preset--spacing--20);padding-left:var(--wp--preset--spacing--50);line-height:1.5\">\n<h2 class=\"wp-block-heading is-style-default has-butler-font-family\" style=\"font-style:normal;font-weight:400\">\u00bfC\u00f3mo puedes participar?<\/h2>\n\n\n\n<div style=\"height:27px\" aria-hidden=\"true\" class=\"wp-block-spacer wp-container-content-8a389b04\"><\/div>\n\n\n\n<ol class=\"wp-block-list\">\n<li style=\"font-size:clamp(0.875rem, 0.875rem + ((1vw - 0.2rem) * 0.208), 1rem);font-style:normal;font-weight:500\">Busca en tus pertenencias:<\/li>\n<\/ol>\n\n\n\n<div class=\"wp-block-columns is-layout-flex wp-container-core-columns-is-layout-28f84493 wp-block-columns-is-layout-flex\">\n<div class=\"wp-block-column is-layout-flow wp-block-column-is-layout-flow\">\n<div style=\"height:6px\" aria-hidden=\"true\" class=\"wp-block-spacer\"><\/div>\n\n\n\n<p style=\"margin-top:0;margin-bottom:0;font-size:clamp(0.875rem, 0.875rem + ((1vw - 0.2rem) * 0.208), 1rem);font-style:normal;font-weight:300\">T\u00f3mate un tiempo para revisar ba\u00fales, cajas de recuerdos y \u00e1lbumes de fotos. Nunca sabes qu\u00e9 tesoros hist\u00f3ricos puedes encontrar.<\/p>\n\n\n\n<div style=\"height:14px\" aria-hidden=\"true\" class=\"wp-block-spacer\"><\/div>\n\n\n\n<p style=\"font-size:clamp(0.875rem, 0.875rem + ((1vw - 0.2rem) * 0.208), 1rem);font-style:normal;font-weight:500\">2. Contacta con nosotros:<\/p>\n\n\n\n<div style=\"height:6px\" aria-hidden=\"true\" class=\"wp-block-spacer\"><\/div>\n\n\n\n<p class=\"has-text-align-left\" style=\"font-size:clamp(0.875rem, 0.875rem + ((1vw - 0.2rem) * 0.208), 1rem);font-style:normal;font-weight:300\">Una vez que encuentres algo que consideres valioso, ponte en contacto con nosotros. Puedes dejar una respuesta, enviar un correo electr\u00f3nico, llamarnos o contactar con nosotros desde el apartado de Contacto para coordinar la mejor manera de proceder la investigaci\u00f3n.<\/p>\n\n\n\n<div style=\"height:14px\" aria-hidden=\"true\" class=\"wp-block-spacer\"><\/div>\n\n\n\n<p style=\"font-size:clamp(0.875rem, 0.875rem + ((1vw - 0.2rem) * 0.208), 1rem);font-style:normal;font-weight:500\">3.Documentaci\u00f3n y grabaci\u00f3n:<\/p>\n\n\n\n<div style=\"height:6px\" aria-hidden=\"true\" class=\"wp-block-spacer\"><\/div>\n\n\n\n<p class=\"has-text-align-left\" style=\"font-size:clamp(0.875rem, 0.875rem + ((1vw - 0.2rem) * 0.208), 1rem);font-style:normal;font-weight:300\">Si tu hallazgo es relevante, nuestro equipo se desplazar\u00e1 hasta tu domicilio para grabar una entrevista contigo y documentar los objetos encontrados. Queremos escuchar tus historias y conocer el contexto de los documentos que compartes.<\/p>\n\n\n\n<div style=\"height:14px\" aria-hidden=\"true\" class=\"wp-block-spacer\"><\/div>\n\n\n\n<p style=\"font-size:clamp(0.875rem, 0.875rem + ((1vw - 0.2rem) * 0.208), 1rem);font-style:normal;font-weight:300\">No subestimes el valor de esos viejos papeles guardados en el \u00e1tico; podr\u00edan ser piezas clave para comprender mejor nuestra historia colectiva. \u00a1\u00danete a nosotros en esta emocionante aventura de descubrimiento y conservaci\u00f3n hist\u00f3rica!<\/p>\n<\/div>\n<\/div>\n<\/div>\n<\/div>\n\n\n\n<div class=\"wp-block-column is-layout-flow wp-block-column-is-layout-flow\">\n<div class=\"wp-block-group has-global-padding is-layout-constrained wp-block-group-is-layout-constrained\">\t<div id=\"respond\" style=\"font-size:clamp(0.875rem, 0.875rem + ((1vw - 0.2rem) * 0.208), 1rem);font-style:normal;font-weight:500; padding-top:0;margin-top:0;margin-bottom:0;\" class=\"comment-respond wp-block-post-comments-form\">\n\t\t<h3 id=\"reply-title\" class=\"comment-reply-title\">Deja una respuesta <small><a rel=\"nofollow\" id=\"cancel-comment-reply-link\" href=\"\/2024-web6\/wp-json\/wp\/v2\/pages\/52#respond\" style=\"display:none;\">Cancelar la respuesta<\/a><\/small><\/h3><form action=\"http:\/\/dissenyweb.gddtec.udl.cat\/2024-web6\/wp-comments-post.php\" method=\"post\" id=\"commentform\" class=\"comment-form\"><p class=\"comment-notes\"><span id=\"email-notes\">Tu direcci\u00f3n de correo electr\u00f3nico no ser\u00e1 publicada.<\/span> <span class=\"required-field-message\">Los campos obligatorios est\u00e1n marcados con <span class=\"required\">*<\/span><\/span><\/p><p class=\"comment-form-comment\"><label for=\"comment\">Comentario <span class=\"required\">*<\/span><\/label> <textarea id=\"comment\" name=\"comment\" cols=\"45\" rows=\"8\" maxlength=\"65525\" required><\/textarea><\/p><p class=\"comment-form-author\"><label for=\"author\">Nombre <span class=\"required\">*<\/span><\/label> <input id=\"author\" name=\"author\" type=\"text\" value=\"\" size=\"30\" maxlength=\"245\" autocomplete=\"name\" required \/><\/p>\n<p class=\"comment-form-email\"><label for=\"email\">Correo electr\u00f3nico <span class=\"required\">*<\/span><\/label> <input id=\"email\" name=\"email\" type=\"email\" value=\"\" size=\"30\" maxlength=\"100\" aria-describedby=\"email-notes\" autocomplete=\"email\" required \/><\/p>\n<p class=\"comment-form-url\"><label for=\"url\">Web<\/label> <input id=\"url\" name=\"url\" type=\"url\" value=\"\" size=\"30\" maxlength=\"200\" autocomplete=\"url\" \/><\/p>\n<p class=\"comment-form-cookies-consent\"><input id=\"wp-comment-cookies-consent\" name=\"wp-comment-cookies-consent\" type=\"checkbox\" value=\"yes\" \/> <label for=\"wp-comment-cookies-consent\">Guarda mi nombre, correo electr\u00f3nico y web en este navegador para la pr\u00f3xima vez que comente.<\/label><\/p>\n<p class=\"form-submit wp-block-button\"><input name=\"submit\" type=\"submit\" id=\"submit\" class=\"wp-block-button__link wp-element-button\" value=\"Publicar el comentario\" \/> <input type='hidden' name='comment_post_ID' value='52' id='comment_post_ID' \/>\n<input type='hidden' name='comment_parent' id='comment_parent' value='0' \/>\n<\/p><\/form>\t<\/div><!-- #respond -->\n\t<\/div>\n<\/div>\n<\/div>\n\n\n\n<div style=\"height:90px\" aria-hidden=\"true\" class=\"wp-block-spacer\"><\/div>\n\n\n\n<div class=\"wp-block-group alignfull has-custom-marr-background-color has-background has-global-padding is-layout-constrained wp-container-core-group-is-layout-32a46761 wp-block-group-is-layout-constrained\" style=\"margin-top:0;margin-bottom:0;padding-top:var(--wp--preset--spacing--40);padding-right:var(--wp--preset--spacing--50);padding-bottom:var(--wp--preset--spacing--40);padding-left:var(--wp--preset--spacing--50)\">\n<div class=\"wp-block-columns alignwide is-layout-flex wp-container-core-columns-is-layout-1da03c2a wp-block-columns-is-layout-flex\">\n<div class=\"wp-block-column is-vertically-aligned-center is-layout-flow wp-block-column-is-layout-flow\" style=\"flex-basis:60%\">\n<figure class=\"wp-block-video\"><video controls src=\"http:\/\/dissenyweb.gddtec.udl.cat\/2024-web6\/wp-content\/uploads\/sites\/38\/2024\/06\/5439078-uhd-3840-2160-25fps_sTgFoR1n-1-1-1-1-1.mp4\"><\/video><\/figure>\n<\/div>\n\n\n\n<div class=\"wp-block-column is-layout-flow wp-block-column-is-layout-flow\" style=\"flex-basis:40%\">\n<h2 class=\"wp-block-heading has-base-color has-text-color has-link-color wp-elements-85281c948a6feb2b8e6e1fdbba7e930a\">T\u00edtulos de profesorado 1934<\/h2>\n\n\n\n<h3 class=\"wp-block-heading has-base-color has-text-color has-link-color has-roboto-font-family wp-elements-6af9e0b3f7128490005bf54ede4dd5fb\" style=\"font-style:normal;font-weight:300\"><em>Marcos Sesa Lence<\/em><\/h3>\n\n\n\n<div style=\"height:14px\" aria-hidden=\"true\" class=\"wp-block-spacer\"><\/div>\n\n\n\n<p class=\"has-base-2-color has-text-color has-link-color wp-elements-4dbae4ada63303c48e3d13697977e983\" style=\"font-size:clamp(0.875rem, 0.875rem + ((1vw - 0.2rem) * 0.208), 1rem);font-style:normal;font-weight:300\">Este usuario decidi\u00f3 un d\u00eda explorar el viejo desv\u00e1n de su abuela. Entre cajas y ba\u00fales olvidados, encontr\u00f3 una colecci\u00f3n de cartas y fotograf\u00edas de su bisabuelo, que hab\u00eda sido uno de los profesores de su pueblo durante la Rep\u00fablica. Emocionado, contact\u00f3 con nuestro equipo a trav\u00e9s de la p\u00e1gina de investigaci\u00f3n.<\/p>\n\n\n\n<p class=\"has-base-2-color has-text-color has-link-color wp-elements-2cbfd9d93a53ee3c8ad2d203e9f7f9f6\" style=\"font-size:clamp(0.875rem, 0.875rem + ((1vw - 0.2rem) * 0.208), 1rem);font-style:normal;font-weight:300\">Nuestro equipo se desplaz\u00f3 hasta su casa, donde le grabamos narrando las historias que le hab\u00edan contado sobre su bisabuelo. <\/p>\n\n\n\n<div style=\"height:20px\" aria-hidden=\"true\" class=\"wp-block-spacer\"><\/div>\n\n\n\n<div class=\"wp-block-buttons is-layout-flex wp-block-buttons-is-layout-flex\">\n<div class=\"wp-block-button has-custom-font-size is-style-outline is-style-outline--1\" style=\"font-size:0.8rem\"><a class=\"wp-block-button__link has-accent-background-color has-background wp-element-button\" style=\"border-style:none;border-width:0px\">M\u00e1s informaci\u00f3n<\/a><\/div>\n<\/div>\n<\/div>\n<\/div>\n<\/div>\n","protected":false},"excerpt":{"rendered":"<p>Forma parte de la historia y aporta tu granito de arena al proyecto CuSePro compartiendo tu material o informaci\u00f3n sobre los cursillos de selecci\u00f3n profesional. Experiencia \u00fanica En Cusepro, ofrecemos una oportunidad \u00fanica para que pod\u00e1is participar activamente en la preservaci\u00f3n y documentaci\u00f3n de la historia. Invitamos a todos a buscar entre vuestras pertenencias y [&hellip;]<\/p>\n","protected":false},"author":110,"featured_media":0,"parent":0,"menu_order":4,"comment_status":"open","ping_status":"closed","template":"","meta":{"_acf_changed":false,"footnotes":""},"class_list":["post-52","page","type-page","status-publish","hentry"],"acf":[],"mb":[],"mfb_rest_fields":["title"],"_links":{"self":[{"href":"http:\/\/dissenyweb.gddtec.udl.cat\/2024-web6\/wp-json\/wp\/v2\/pages\/52","targetHints":{"allow":["GET"]}}],"collection":[{"href":"http:\/\/dissenyweb.gddtec.udl.cat\/2024-web6\/wp-json\/wp\/v2\/pages"}],"about":[{"href":"http:\/\/dissenyweb.gddtec.udl.cat\/2024-web6\/wp-json\/wp\/v2\/types\/page"}],"author":[{"embeddable":true,"href":"http:\/\/dissenyweb.gddtec.udl.cat\/2024-web6\/wp-json\/wp\/v2\/users\/110"}],"replies":[{"embeddable":true,"href":"http:\/\/dissenyweb.gddtec.udl.cat\/2024-web6\/wp-json\/wp\/v2\/comments?post=52"}],"version-history":[{"count":139,"href":"http:\/\/dissenyweb.gddtec.udl.cat\/2024-web6\/wp-json\/wp\/v2\/pages\/52\/revisions"}],"predecessor-version":[{"id":1014,"href":"http:\/\/dissenyweb.gddtec.udl.cat\/2024-web6\/wp-json\/wp\/v2\/pages\/52\/revisions\/1014"}],"wp:attachment":[{"href":"http:\/\/dissenyweb.gddtec.udl.cat\/2024-web6\/wp-json\/wp\/v2\/media?parent=52"}],"curies":[{"name":"wp","href":"https:\/\/api.w.org\/{rel}","templated":true}]}}