{"id":50,"date":"2024-06-03T17:18:40","date_gmt":"2024-06-03T15:18:40","guid":{"rendered":"http:\/\/dissenyweb.gddtec.udl.cat\/2024-web6\/?page_id=50"},"modified":"2024-06-04T18:03:26","modified_gmt":"2024-06-04T16:03:26","slug":"noticies","status":"publish","type":"page","link":"http:\/\/dissenyweb.gddtec.udl.cat\/2024-web6\/noticies\/","title":{"rendered":"NOTICIAS"},"content":{"rendered":"\n<div class=\"wp-block-group has-custom-verd-background-color has-background is-layout-flow wp-block-group-is-layout-flow\">\n<div style=\"height:35px\" aria-hidden=\"true\" class=\"wp-block-spacer\"><\/div>\n\n\n<h1 style=\"padding-top:0;padding-bottom:0;\" class=\"has-text-align-center has-link-color wp-elements-620901eeaccf40fd0fe1d8b47f7de927 wp-block-post-title has-text-color has-base-2-color\">NOTICIAS<\/h1>\n\n\n<div style=\"margin-top:0;margin-bottom:0;height:0\" aria-hidden=\"true\" class=\"wp-block-spacer\"><\/div>\n<\/div>\n\n\n\n<div class=\"wp-block-columns has-custom-verd-background-color has-background is-layout-flex wp-container-core-columns-is-layout-91bd970c wp-block-columns-is-layout-flex\" style=\"margin-top:0;margin-bottom:0;padding-top:0;padding-right:0;padding-bottom:var(--wp--preset--spacing--10);padding-left:0\">\n<div class=\"wp-block-column has-custom-verd-background-color has-background is-layout-flow wp-block-column-is-layout-flow\" style=\"flex-basis:18%\"><\/div>\n\n\n\n<div class=\"wp-block-column is-layout-flow wp-block-column-is-layout-flow\" style=\"padding-right:0;padding-left:0;flex-basis:64%\">\n<h3 class=\"wp-block-heading has-text-align-center has-base-2-color has-custom-verd-background-color has-text-color has-background has-link-color wp-elements-7e43a428f14f29a7822e8240687ccd2b\" style=\"font-size:clamp(0.875rem, 0.875rem + ((1vw - 0.2rem) * 0.208), 1rem);\">Consulta las \u00faltimas novedades del proyecto CuSePro y mantente al d\u00eda con nuestros pr\u00f3ximos eventos y actividades relacionados con la investigaci\u00f3n educativa durante la Segunda Rep\u00fablica<\/h3>\n<\/div>\n\n\n\n<div class=\"wp-block-column has-custom-verd-background-color has-background is-layout-flow wp-block-column-is-layout-flow\" style=\"flex-basis:18%\"><\/div>\n<\/div>\n\n\n\n<div style=\"height:17px\" aria-hidden=\"true\" class=\"wp-block-spacer\"><\/div>\n\n\n\n<div class=\"wp-block-columns is-layout-flex wp-container-core-columns-is-layout-0806ab5c wp-block-columns-is-layout-flex\" style=\"margin-top:var(--wp--preset--spacing--30);margin-bottom:var(--wp--preset--spacing--30)\">\n<div class=\"wp-block-column is-layout-flow wp-block-column-is-layout-flow\" style=\"flex-basis:66.66%\">\n<h2 class=\"wp-block-heading has-butler-font-family\" style=\"margin-top:0;margin-right:var(--wp--preset--spacing--50);margin-bottom:var(--wp--preset--spacing--30);margin-left:var(--wp--preset--spacing--50);font-style:normal;font-weight:200\">Descubre nuestro&#8230;<\/h2>\n\n\n\n<div class=\"wp-block-group is-layout-flow wp-block-group-is-layout-flow\">\n<div class=\"wp-block-columns is-layout-flex wp-container-core-columns-is-layout-40e4c2bc wp-block-columns-is-layout-flex\" style=\"margin-top:0;margin-bottom:0;padding-right:var(--wp--preset--spacing--50);padding-left:var(--wp--preset--spacing--50)\">\n<div class=\"wp-block-column is-layout-flow wp-block-column-is-layout-flow\">\n<div class=\"wp-block-group is-vertical is-layout-flex wp-container-core-group-is-layout-fe9cc265 wp-block-group-is-layout-flex\">\n<figure class=\"wp-block-image size-large is-resized\"><img loading=\"lazy\" decoding=\"async\" width=\"1024\" height=\"1024\" src=\"http:\/\/dissenyweb.gddtec.udl.cat\/2024-web6\/wp-content\/uploads\/sites\/38\/2024\/06\/pexels-pixabay-261857-min-1024x1024.jpg\" alt=\"\" class=\"wp-image-293\" style=\"width:210px\" srcset=\"http:\/\/dissenyweb.gddtec.udl.cat\/2024-web6\/wp-content\/uploads\/sites\/38\/2024\/06\/pexels-pixabay-261857-min-1024x1024.jpg 1024w, http:\/\/dissenyweb.gddtec.udl.cat\/2024-web6\/wp-content\/uploads\/sites\/38\/2024\/06\/pexels-pixabay-261857-min-300x300.jpg 300w, http:\/\/dissenyweb.gddtec.udl.cat\/2024-web6\/wp-content\/uploads\/sites\/38\/2024\/06\/pexels-pixabay-261857-min-150x150.jpg 150w, http:\/\/dissenyweb.gddtec.udl.cat\/2024-web6\/wp-content\/uploads\/sites\/38\/2024\/06\/pexels-pixabay-261857-min-768x768.jpg 768w, http:\/\/dissenyweb.gddtec.udl.cat\/2024-web6\/wp-content\/uploads\/sites\/38\/2024\/06\/pexels-pixabay-261857-min-1536x1536.jpg 1536w, http:\/\/dissenyweb.gddtec.udl.cat\/2024-web6\/wp-content\/uploads\/sites\/38\/2024\/06\/pexels-pixabay-261857-min-2048x2048.jpg 2048w\" sizes=\"auto, (max-width: 1024px) 100vw, 1024px\" \/><\/figure>\n\n\n\n<div style=\"height:17px\" aria-hidden=\"true\" class=\"wp-block-spacer wp-container-content-fd0eeb70\"><\/div>\n\n\n\n<h2 class=\"wp-block-heading has-medium-font-size\">Nuevas Publicaciones sobre CuSePro<\/h2>\n\n\n\n<p style=\"font-size:clamp(0.875rem, 0.875rem + ((1vw - 0.2rem) * 0.208), 1rem);font-style:normal;font-weight:300\">Art\u00edculos y estudios recientes que exploran la formaci\u00f3n de maestros\/as durante la Segunda Rep\u00fablica.<\/p>\n<\/div>\n<\/div>\n\n\n\n<div class=\"wp-block-column is-layout-flow wp-container-core-column-is-layout-b108c007 wp-block-column-is-layout-flow\" style=\"padding-right:0;padding-left:0\">\n<div class=\"wp-block-group is-vertical is-layout-flex wp-container-core-group-is-layout-fe9cc265 wp-block-group-is-layout-flex\">\n<figure class=\"wp-block-image size-full is-resized\"><img loading=\"lazy\" decoding=\"async\" width=\"483\" height=\"483\" src=\"http:\/\/dissenyweb.gddtec.udl.cat\/2024-web6\/wp-content\/uploads\/sites\/38\/2024\/06\/feminismo-1.jpg\" alt=\"\" class=\"wp-image-300\" style=\"width:210px;height:auto\" srcset=\"http:\/\/dissenyweb.gddtec.udl.cat\/2024-web6\/wp-content\/uploads\/sites\/38\/2024\/06\/feminismo-1.jpg 483w, http:\/\/dissenyweb.gddtec.udl.cat\/2024-web6\/wp-content\/uploads\/sites\/38\/2024\/06\/feminismo-1-300x300.jpg 300w, http:\/\/dissenyweb.gddtec.udl.cat\/2024-web6\/wp-content\/uploads\/sites\/38\/2024\/06\/feminismo-1-150x150.jpg 150w\" sizes=\"auto, (max-width: 483px) 100vw, 483px\" \/><\/figure>\n\n\n\n<div style=\"height:17px\" aria-hidden=\"true\" class=\"wp-block-spacer wp-container-content-fd0eeb70\"><\/div>\n\n\n\n<h2 class=\"wp-block-heading has-medium-font-size\">Educaci\u00f3n y G\u00e9nero en la Segunda Rep\u00fablica<\/h2>\n\n\n\n<p style=\"font-size:clamp(0.875rem, 0.875rem + ((1vw - 0.2rem) * 0.208), 1rem);font-style:normal;font-weight:300\">\u00danete a nuestra discusi\u00f3n en l\u00ednea sobre los hallazgos del proyecto CuSePro y su impacto en la educaci\u00f3n actual.<\/p>\n<\/div>\n<\/div>\n\n\n\n<div class=\"wp-block-column is-layout-flow wp-block-column-is-layout-flow\">\n<div class=\"wp-block-group is-vertical is-layout-flex wp-container-core-group-is-layout-fe9cc265 wp-block-group-is-layout-flex\">\n<figure class=\"wp-block-image size-large is-resized\"><img loading=\"lazy\" decoding=\"async\" width=\"1024\" height=\"1024\" src=\"http:\/\/dissenyweb.gddtec.udl.cat\/2024-web6\/wp-content\/uploads\/sites\/38\/2024\/06\/pexels-canvastudio-3194519-min-1024x1024.jpg\" alt=\"\" class=\"wp-image-302\" style=\"width:210px\" srcset=\"http:\/\/dissenyweb.gddtec.udl.cat\/2024-web6\/wp-content\/uploads\/sites\/38\/2024\/06\/pexels-canvastudio-3194519-min-1024x1024.jpg 1024w, http:\/\/dissenyweb.gddtec.udl.cat\/2024-web6\/wp-content\/uploads\/sites\/38\/2024\/06\/pexels-canvastudio-3194519-min-300x300.jpg 300w, http:\/\/dissenyweb.gddtec.udl.cat\/2024-web6\/wp-content\/uploads\/sites\/38\/2024\/06\/pexels-canvastudio-3194519-min-150x150.jpg 150w, http:\/\/dissenyweb.gddtec.udl.cat\/2024-web6\/wp-content\/uploads\/sites\/38\/2024\/06\/pexels-canvastudio-3194519-min-768x768.jpg 768w, http:\/\/dissenyweb.gddtec.udl.cat\/2024-web6\/wp-content\/uploads\/sites\/38\/2024\/06\/pexels-canvastudio-3194519-min-1536x1536.jpg 1536w, http:\/\/dissenyweb.gddtec.udl.cat\/2024-web6\/wp-content\/uploads\/sites\/38\/2024\/06\/pexels-canvastudio-3194519-min-2048x2048.jpg 2048w\" sizes=\"auto, (max-width: 1024px) 100vw, 1024px\" \/><\/figure>\n\n\n\n<div style=\"height:17px\" aria-hidden=\"true\" class=\"wp-block-spacer wp-container-content-fd0eeb70\"><\/div>\n\n\n\n<h2 class=\"wp-block-heading has-medium-font-size\" style=\"margin-right:0;margin-left:0\">Lanzamiento del Proyecto CuSePro<\/h2>\n\n\n\n<p style=\"font-size:clamp(0.875rem, 0.875rem + ((1vw - 0.2rem) * 0.208), 1rem);font-style:normal;font-weight:300\">Descubre c\u00f3mo los cursillos de selecci\u00f3n profesional est\u00e1n siendo investigados desde una perspectiva hist\u00f3rica y de g\u00e9nero.<\/p>\n<\/div>\n<\/div>\n<\/div>\n\n\n\n<div style=\"height:35px\" aria-hidden=\"true\" class=\"wp-block-spacer\"><\/div>\n\n\n\n<div class=\"wp-block-columns is-layout-flex wp-container-core-columns-is-layout-61fce7f2 wp-block-columns-is-layout-flex\" style=\"padding-right:var(--wp--preset--spacing--50);padding-left:var(--wp--preset--spacing--50)\">\n<div class=\"wp-block-column is-layout-flow wp-block-column-is-layout-flow\">\n<div class=\"wp-block-group is-vertical is-layout-flex wp-container-core-group-is-layout-fe9cc265 wp-block-group-is-layout-flex\">\n<figure class=\"wp-block-image size-large is-resized\"><img loading=\"lazy\" decoding=\"async\" width=\"1024\" height=\"1024\" src=\"http:\/\/dissenyweb.gddtec.udl.cat\/2024-web6\/wp-content\/uploads\/sites\/38\/2024\/06\/pexels-zibar15-10508110-min-1024x1024.jpg\" alt=\"\" class=\"wp-image-305\" style=\"width:210px\" srcset=\"http:\/\/dissenyweb.gddtec.udl.cat\/2024-web6\/wp-content\/uploads\/sites\/38\/2024\/06\/pexels-zibar15-10508110-min-1024x1024.jpg 1024w, http:\/\/dissenyweb.gddtec.udl.cat\/2024-web6\/wp-content\/uploads\/sites\/38\/2024\/06\/pexels-zibar15-10508110-min-300x300.jpg 300w, http:\/\/dissenyweb.gddtec.udl.cat\/2024-web6\/wp-content\/uploads\/sites\/38\/2024\/06\/pexels-zibar15-10508110-min-150x150.jpg 150w, http:\/\/dissenyweb.gddtec.udl.cat\/2024-web6\/wp-content\/uploads\/sites\/38\/2024\/06\/pexels-zibar15-10508110-min-768x768.jpg 768w, http:\/\/dissenyweb.gddtec.udl.cat\/2024-web6\/wp-content\/uploads\/sites\/38\/2024\/06\/pexels-zibar15-10508110-min-1536x1536.jpg 1536w, http:\/\/dissenyweb.gddtec.udl.cat\/2024-web6\/wp-content\/uploads\/sites\/38\/2024\/06\/pexels-zibar15-10508110-min-2048x2048.jpg 2048w\" sizes=\"auto, (max-width: 1024px) 100vw, 1024px\" \/><\/figure>\n\n\n\n<div style=\"height:17px\" aria-hidden=\"true\" class=\"wp-block-spacer wp-container-content-fd0eeb70\"><\/div>\n\n\n\n<h2 class=\"wp-block-heading has-medium-font-size\">Presentaci\u00f3n del Museo Digital CuSePro<\/h2>\n\n\n\n<p style=\"font-style:normal;font-weight:300\">Explora la experiencia muse\u00edstica digital que transforma nuestra investigaci\u00f3n en una herramienta educativa interactiva.<\/p>\n<\/div>\n<\/div>\n\n\n\n<div class=\"wp-block-column is-layout-flow wp-block-column-is-layout-flow\">\n<div class=\"wp-block-group is-vertical is-layout-flex wp-container-core-group-is-layout-fe9cc265 wp-block-group-is-layout-flex\">\n<figure class=\"wp-block-image size-full is-resized\"><img loading=\"lazy\" decoding=\"async\" width=\"2400\" height=\"2400\" src=\"http:\/\/dissenyweb.gddtec.udl.cat\/2024-web6\/wp-content\/uploads\/sites\/38\/2024\/06\/pexels-icsa-833425-1708912-min.jpg\" alt=\"\" class=\"wp-image-310\" style=\"width:210px;height:auto\" srcset=\"http:\/\/dissenyweb.gddtec.udl.cat\/2024-web6\/wp-content\/uploads\/sites\/38\/2024\/06\/pexels-icsa-833425-1708912-min.jpg 2400w, http:\/\/dissenyweb.gddtec.udl.cat\/2024-web6\/wp-content\/uploads\/sites\/38\/2024\/06\/pexels-icsa-833425-1708912-min-300x300.jpg 300w, http:\/\/dissenyweb.gddtec.udl.cat\/2024-web6\/wp-content\/uploads\/sites\/38\/2024\/06\/pexels-icsa-833425-1708912-min-1024x1024.jpg 1024w, http:\/\/dissenyweb.gddtec.udl.cat\/2024-web6\/wp-content\/uploads\/sites\/38\/2024\/06\/pexels-icsa-833425-1708912-min-150x150.jpg 150w, http:\/\/dissenyweb.gddtec.udl.cat\/2024-web6\/wp-content\/uploads\/sites\/38\/2024\/06\/pexels-icsa-833425-1708912-min-768x768.jpg 768w, http:\/\/dissenyweb.gddtec.udl.cat\/2024-web6\/wp-content\/uploads\/sites\/38\/2024\/06\/pexels-icsa-833425-1708912-min-1536x1536.jpg 1536w, http:\/\/dissenyweb.gddtec.udl.cat\/2024-web6\/wp-content\/uploads\/sites\/38\/2024\/06\/pexels-icsa-833425-1708912-min-2048x2048.jpg 2048w\" sizes=\"auto, (max-width: 2400px) 100vw, 2400px\" \/><\/figure>\n\n\n\n<div style=\"height:17px\" aria-hidden=\"true\" class=\"wp-block-spacer wp-container-content-fd0eeb70\"><\/div>\n\n\n\n<h2 class=\"wp-block-heading has-medium-font-size\">Implementaci\u00f3n de CuSePro en las Aulas<\/h2>\n\n\n\n<p style=\"font-style:normal;font-weight:300\">Recursos y estrategias para integrar los hallazgos de CuSePro en el curr\u00edculo educativo contempor\u00e1neo.<\/p>\n<\/div>\n<\/div>\n\n\n\n<div class=\"wp-block-column is-layout-flow wp-block-column-is-layout-flow\">\n<div class=\"wp-block-group is-vertical is-layout-flex wp-container-core-group-is-layout-fe9cc265 wp-block-group-is-layout-flex\">\n<figure class=\"wp-block-image size-full is-resized\"><img loading=\"lazy\" decoding=\"async\" width=\"630\" height=\"630\" src=\"http:\/\/dissenyweb.gddtec.udl.cat\/2024-web6\/wp-content\/uploads\/sites\/38\/2024\/06\/internacinoal-1.png\" alt=\"\" class=\"wp-image-312\" style=\"width:210px\" srcset=\"http:\/\/dissenyweb.gddtec.udl.cat\/2024-web6\/wp-content\/uploads\/sites\/38\/2024\/06\/internacinoal-1.png 630w, http:\/\/dissenyweb.gddtec.udl.cat\/2024-web6\/wp-content\/uploads\/sites\/38\/2024\/06\/internacinoal-1-300x300.png 300w, http:\/\/dissenyweb.gddtec.udl.cat\/2024-web6\/wp-content\/uploads\/sites\/38\/2024\/06\/internacinoal-1-150x150.png 150w\" sizes=\"auto, (max-width: 630px) 100vw, 630px\" \/><\/figure>\n\n\n\n<div style=\"height:17px\" aria-hidden=\"true\" class=\"wp-block-spacer wp-container-content-fd0eeb70\"><\/div>\n\n\n\n<h2 class=\"wp-block-heading has-medium-font-size\">Colaboraciones Internacionales <\/h2>\n\n\n\n<p style=\"font-style:normal;font-weight:300\">C\u00f3mo investigadores de todo el mundo est\u00e1n contribuyendo a un estudio m\u00e1s amplio y diverso sobre la formaci\u00f3n docente en la Segunda Rep\u00fablica.<\/p>\n<\/div>\n<\/div>\n<\/div>\n<\/div>\n<\/div>\n\n\n\n<div class=\"wp-block-column is-layout-flow wp-block-column-is-layout-flow\" style=\"padding-right:var(--wp--preset--spacing--50);padding-left:0;flex-basis:33.33%\">\n<h2 class=\"wp-block-heading has-butler-font-family\">agenda<\/h2>\n\n\n<div class=\"wp-block-calendar has-small-font-size\"><table id=\"wp-calendar\" class=\"wp-calendar-table\">\n\t<caption>abril 2026<\/caption>\n\t<thead>\n\t<tr>\n\t\t<th scope=\"col\" aria-label=\"lunes\">L<\/th>\n\t\t<th scope=\"col\" aria-label=\"martes\">M<\/th>\n\t\t<th scope=\"col\" aria-label=\"mi\u00e9rcoles\">X<\/th>\n\t\t<th scope=\"col\" aria-label=\"jueves\">J<\/th>\n\t\t<th scope=\"col\" aria-label=\"viernes\">V<\/th>\n\t\t<th scope=\"col\" aria-label=\"s\u00e1bado\">S<\/th>\n\t\t<th scope=\"col\" aria-label=\"domingo\">D<\/th>\n\t<\/tr>\n\t<\/thead>\n\t<tbody>\n\t<tr>\n\t\t<td colspan=\"2\" class=\"pad\">&nbsp;<\/td><td>1<\/td><td>2<\/td><td>3<\/td><td>4<\/td><td>5<\/td>\n\t<\/tr>\n\t<tr>\n\t\t<td>6<\/td><td>7<\/td><td>8<\/td><td>9<\/td><td>10<\/td><td>11<\/td><td>12<\/td>\n\t<\/tr>\n\t<tr>\n\t\t<td>13<\/td><td>14<\/td><td>15<\/td><td>16<\/td><td>17<\/td><td>18<\/td><td id=\"today\">19<\/td>\n\t<\/tr>\n\t<tr>\n\t\t<td>20<\/td><td>21<\/td><td>22<\/td><td>23<\/td><td>24<\/td><td>25<\/td><td>26<\/td>\n\t<\/tr>\n\t<tr>\n\t\t<td>27<\/td><td>28<\/td><td>29<\/td><td>30<\/td>\n\t\t<td class=\"pad\" colspan=\"3\">&nbsp;<\/td>\n\t<\/tr>\n\t<\/tbody>\n\t<\/table><nav aria-label=\"Meses anteriores y posteriores\" class=\"wp-calendar-nav\">\n\t\t<span class=\"wp-calendar-nav-prev\"><a href=\"http:\/\/dissenyweb.gddtec.udl.cat\/2024-web6\/2024\/06\/\">&laquo; Jun<\/a><\/span>\n\t\t<span class=\"pad\">&nbsp;<\/span>\n\t\t<span class=\"wp-calendar-nav-next\">&nbsp;<\/span>\n\t<\/nav><\/div>\n\n\n<div class=\"wp-block-query alignfull is-layout-flow wp-block-query-is-layout-flow\">\n<div class=\"wp-block-group alignfull has-background is-layout-flow wp-block-group-is-layout-flow\" style=\"background-color:#dcdcdc;padding-top:var(--wp--preset--spacing--30);padding-right:var(--wp--preset--spacing--40);padding-bottom:var(--wp--preset--spacing--40);padding-left:var(--wp--preset--spacing--30);font-size:clamp(0.984rem, 0.984rem + ((1vw - 0.2rem) * 0.86), 1.5rem);\"><ul style=\"text-transform:none;\" class=\"alignfull wp-block-post-template has-small-font-size is-layout-flow wp-container-core-post-template-is-layout-ea1fff98 wp-block-post-template-is-layout-flow\"><li class=\"wp-block-post post-645 post type-post status-publish format-standard hentry category-sin-categoria\">\n\n<div class=\"wp-block-group is-layout-flow wp-container-core-group-is-layout-c6ebe52c wp-block-group-is-layout-flow\" style=\"padding-bottom:var(--wp--preset--spacing--40)\">\n<div class=\"wp-block-group is-content-justification-space-between is-nowrap is-layout-flex wp-container-core-group-is-layout-b383e9f0 wp-block-group-is-layout-flex\" style=\"border-bottom-color:var(--wp--preset--color--contrast);border-bottom-width:2px;padding-top:var(--wp--preset--spacing--10);padding-right:0;padding-bottom:var(--wp--preset--spacing--10);padding-left:0\"><div style=\"font-size:clamp(0.875rem, 0.875rem + ((1vw - 0.2rem) * 0.042), 0.9rem);font-style:normal;font-weight:600;letter-spacing:1px; margin-top:0;margin-right:0;margin-bottom:0;margin-left:0;\" class=\"has-text-align-left has-link-color wp-elements-cf95ee75994e082f1cb6789bb1caf51f wp-block-post-date has-text-color has-contrast-color\"><time datetime=\"2024-06-03T12:16:34+02:00\">06.3<\/time><\/div>\n\n<div style=\"font-size:clamp(0.875rem, 0.875rem + ((1vw - 0.2rem) * 0.042), 0.9rem);font-style:normal;font-weight:600;letter-spacing:1px; margin-top:0;margin-right:0;margin-bottom:0;margin-left:0;\" class=\"has-text-align-left has-link-color wp-elements-40208bb63d974079fe7992c7a5e0239e wp-block-post-date has-text-color has-contrast-color\"><time datetime=\"2024-06-03T12:16:34+02:00\">2024<\/time><\/div><\/div>\n\n\n<h2 style=\"font-size:clamp(1.039rem, 1.039rem + ((1vw - 0.2rem) * 0.935), 1.6rem);font-style:normal;font-weight:600;line-height:1.1; padding-top:var(--wp--preset--spacing--10);\" class=\"has-link-color wp-elements-0e96f1d85037df92302cbb7f5417ecdd wp-block-post-title has-text-color has-contrast-color\"><a href=\"http:\/\/dissenyweb.gddtec.udl.cat\/2024-web6\/2024\/06\/03\/seminario-2\/\" target=\"_self\" >Seminario 2<\/a><\/h2><\/div>\n\n<\/li><li class=\"wp-block-post post-624 post type-post status-publish format-standard hentry category-sin-categoria\">\n\n<div class=\"wp-block-group is-layout-flow wp-container-core-group-is-layout-c6ebe52c wp-block-group-is-layout-flow\" style=\"padding-bottom:var(--wp--preset--spacing--40)\">\n<div class=\"wp-block-group is-content-justification-space-between is-nowrap is-layout-flex wp-container-core-group-is-layout-b383e9f0 wp-block-group-is-layout-flex\" style=\"border-bottom-color:var(--wp--preset--color--contrast);border-bottom-width:2px;padding-top:var(--wp--preset--spacing--10);padding-right:0;padding-bottom:var(--wp--preset--spacing--10);padding-left:0\"><div style=\"font-size:clamp(0.875rem, 0.875rem + ((1vw - 0.2rem) * 0.042), 0.9rem);font-style:normal;font-weight:600;letter-spacing:1px; margin-top:0;margin-right:0;margin-bottom:0;margin-left:0;\" class=\"has-text-align-left has-link-color wp-elements-cf95ee75994e082f1cb6789bb1caf51f wp-block-post-date has-text-color has-contrast-color\"><time datetime=\"2024-06-03T12:04:33+02:00\">06.3<\/time><\/div>\n\n<div style=\"font-size:clamp(0.875rem, 0.875rem + ((1vw - 0.2rem) * 0.042), 0.9rem);font-style:normal;font-weight:600;letter-spacing:1px; margin-top:0;margin-right:0;margin-bottom:0;margin-left:0;\" class=\"has-text-align-left has-link-color wp-elements-40208bb63d974079fe7992c7a5e0239e wp-block-post-date has-text-color has-contrast-color\"><time datetime=\"2024-06-03T12:04:33+02:00\">2024<\/time><\/div><\/div>\n\n\n<h2 style=\"font-size:clamp(1.039rem, 1.039rem + ((1vw - 0.2rem) * 0.935), 1.6rem);font-style:normal;font-weight:600;line-height:1.1; padding-top:var(--wp--preset--spacing--10);\" class=\"has-link-color wp-elements-0e96f1d85037df92302cbb7f5417ecdd wp-block-post-title has-text-color has-contrast-color\"><a href=\"http:\/\/dissenyweb.gddtec.udl.cat\/2024-web6\/2024\/06\/03\/congreso-2\/\" target=\"_self\" >Congreso 2<\/a><\/h2><\/div>\n\n<\/li><li class=\"wp-block-post post-570 post type-post status-publish format-standard hentry category-sin-categoria\">\n\n<div class=\"wp-block-group is-layout-flow wp-container-core-group-is-layout-c6ebe52c wp-block-group-is-layout-flow\" style=\"padding-bottom:var(--wp--preset--spacing--40)\">\n<div class=\"wp-block-group is-content-justification-space-between is-nowrap is-layout-flex wp-container-core-group-is-layout-b383e9f0 wp-block-group-is-layout-flex\" style=\"border-bottom-color:var(--wp--preset--color--contrast);border-bottom-width:2px;padding-top:var(--wp--preset--spacing--10);padding-right:0;padding-bottom:var(--wp--preset--spacing--10);padding-left:0\"><div style=\"font-size:clamp(0.875rem, 0.875rem + ((1vw - 0.2rem) * 0.042), 0.9rem);font-style:normal;font-weight:600;letter-spacing:1px; margin-top:0;margin-right:0;margin-bottom:0;margin-left:0;\" class=\"has-text-align-left has-link-color wp-elements-cf95ee75994e082f1cb6789bb1caf51f wp-block-post-date has-text-color has-contrast-color\"><time datetime=\"2024-06-02T11:04:31+02:00\">06.2<\/time><\/div>\n\n<div style=\"font-size:clamp(0.875rem, 0.875rem + ((1vw - 0.2rem) * 0.042), 0.9rem);font-style:normal;font-weight:600;letter-spacing:1px; margin-top:0;margin-right:0;margin-bottom:0;margin-left:0;\" class=\"has-text-align-left has-link-color wp-elements-40208bb63d974079fe7992c7a5e0239e wp-block-post-date has-text-color has-contrast-color\"><time datetime=\"2024-06-02T11:04:31+02:00\">2024<\/time><\/div><\/div>\n\n\n<h2 style=\"font-size:clamp(1.039rem, 1.039rem + ((1vw - 0.2rem) * 0.935), 1.6rem);font-style:normal;font-weight:600;line-height:1.1; padding-top:var(--wp--preset--spacing--10);\" class=\"has-link-color wp-elements-0e96f1d85037df92302cbb7f5417ecdd wp-block-post-title has-text-color has-contrast-color\"><a href=\"http:\/\/dissenyweb.gddtec.udl.cat\/2024-web6\/2024\/06\/02\/570\/\" target=\"_self\" >Congreso 1<\/a><\/h2><\/div>\n\n<\/li><\/ul><\/div>\n\n\n\n<div class=\"wp-block-group has-background is-layout-flow wp-block-group-is-layout-flow\" style=\"background-color:#dcdcdc;margin-top:0;margin-bottom:0;padding-top:0;padding-right:var(--wp--preset--spacing--40);padding-bottom:var(--wp--preset--spacing--40);padding-left:var(--wp--preset--spacing--40)\"><nav class=\"wp-block-query-pagination is-content-justification-space-between is-nowrap is-layout-flex wp-container-core-query-pagination-is-layout-cb46ffcb wp-block-query-pagination-is-layout-flex\" aria-label=\"Paginaci\u00f3n\">\n\n\n<a href=\"\/2024-web6\/wp-json\/wp\/v2\/pages\/50?query-1-page=2\" style=\"font-size:clamp(0.875rem, 0.875rem + ((1vw - 0.2rem) * 0.225), 1.01rem);font-style:normal;font-weight:600;text-transform:uppercase;letter-spacing:1px;\" class=\"wp-block-query-pagination-next\">P\u00e1gina siguiente<\/a>\n<\/nav><\/div>\n<\/div>\n<\/div>\n<\/div>\n\n\n\n<div style=\"height:34px\" aria-hidden=\"true\" class=\"wp-block-spacer\"><\/div>\n","protected":false},"excerpt":{"rendered":"<p>Consulta las \u00faltimas novedades del proyecto CuSePro y mantente al d\u00eda con nuestros pr\u00f3ximos eventos y actividades relacionados con la investigaci\u00f3n educativa durante la Segunda Rep\u00fablica Descubre nuestro&#8230; Nuevas Publicaciones sobre CuSePro Art\u00edculos y estudios recientes que exploran la formaci\u00f3n de maestros\/as durante la Segunda Rep\u00fablica. Educaci\u00f3n y G\u00e9nero en la Segunda Rep\u00fablica \u00danete a [&hellip;]<\/p>\n","protected":false},"author":110,"featured_media":0,"parent":0,"menu_order":0,"comment_status":"closed","ping_status":"closed","template":"","meta":{"_acf_changed":false,"footnotes":""},"class_list":["post-50","page","type-page","status-publish","hentry"],"acf":[],"mb":[],"mfb_rest_fields":["title"],"_links":{"self":[{"href":"http:\/\/dissenyweb.gddtec.udl.cat\/2024-web6\/wp-json\/wp\/v2\/pages\/50","targetHints":{"allow":["GET"]}}],"collection":[{"href":"http:\/\/dissenyweb.gddtec.udl.cat\/2024-web6\/wp-json\/wp\/v2\/pages"}],"about":[{"href":"http:\/\/dissenyweb.gddtec.udl.cat\/2024-web6\/wp-json\/wp\/v2\/types\/page"}],"author":[{"embeddable":true,"href":"http:\/\/dissenyweb.gddtec.udl.cat\/2024-web6\/wp-json\/wp\/v2\/users\/110"}],"replies":[{"embeddable":true,"href":"http:\/\/dissenyweb.gddtec.udl.cat\/2024-web6\/wp-json\/wp\/v2\/comments?post=50"}],"version-history":[{"count":49,"href":"http:\/\/dissenyweb.gddtec.udl.cat\/2024-web6\/wp-json\/wp\/v2\/pages\/50\/revisions"}],"predecessor-version":[{"id":1029,"href":"http:\/\/dissenyweb.gddtec.udl.cat\/2024-web6\/wp-json\/wp\/v2\/pages\/50\/revisions\/1029"}],"wp:attachment":[{"href":"http:\/\/dissenyweb.gddtec.udl.cat\/2024-web6\/wp-json\/wp\/v2\/media?parent=50"}],"curies":[{"name":"wp","href":"https:\/\/api.w.org\/{rel}","templated":true}]}}