{"id":46,"date":"2024-06-03T17:17:53","date_gmt":"2024-06-03T15:17:53","guid":{"rendered":"http:\/\/dissenyweb.gddtec.udl.cat\/2024-web6\/?page_id=46"},"modified":"2024-06-04T17:34:41","modified_gmt":"2024-06-04T15:34:41","slug":"esdeveniments","status":"publish","type":"page","link":"http:\/\/dissenyweb.gddtec.udl.cat\/2024-web6\/esdeveniments\/","title":{"rendered":"ACONTECIMIENTOS"},"content":{"rendered":"\n<div class=\"wp-block-group has-custom-verd-background-color has-background is-layout-flow wp-block-group-is-layout-flow\">\n<div style=\"height:35px\" aria-hidden=\"true\" class=\"wp-block-spacer\"><\/div>\n\n\n<h1 style=\"padding-top:0;padding-bottom:0;\" class=\"has-text-align-center has-link-color wp-elements-620901eeaccf40fd0fe1d8b47f7de927 wp-block-post-title has-text-color has-base-2-color\">ACONTECIMIENTOS<\/h1>\n\n\n<div style=\"margin-top:0;margin-bottom:0;height:0\" aria-hidden=\"true\" class=\"wp-block-spacer\"><\/div>\n<\/div>\n\n\n\n<div class=\"wp-block-columns has-custom-verd-background-color has-background is-layout-flex wp-container-core-columns-is-layout-91bd970c wp-block-columns-is-layout-flex\" style=\"margin-top:0;margin-bottom:0;padding-top:0;padding-right:0;padding-bottom:var(--wp--preset--spacing--10);padding-left:0\">\n<div class=\"wp-block-column has-custom-verd-background-color has-background is-layout-flow wp-block-column-is-layout-flow\" style=\"flex-basis:18%\"><\/div>\n\n\n\n<div class=\"wp-block-column is-layout-flow wp-block-column-is-layout-flow\" style=\"padding-right:0;padding-left:0;flex-basis:64%\">\n<h3 class=\"wp-block-heading has-text-align-center has-base-2-color has-custom-verd-background-color has-text-color has-background has-link-color wp-elements-0322d9fb7131be6984dc4f7ece2433ea\" style=\"font-size:clamp(0.875rem, 0.875rem + ((1vw - 0.2rem) * 0.208), 1rem);\">Descubre los seminarios y congresos donde se han presentado las \u00faltimas investigaciones sobre los cursillos de selecci\u00f3n profesional, un espacio para el intercambio de ideas y el debate acad\u00e9mico.<\/h3>\n<\/div>\n\n\n\n<div class=\"wp-block-column has-custom-verd-background-color has-background is-layout-flow wp-block-column-is-layout-flow\" style=\"flex-basis:18%\"><\/div>\n<\/div>\n\n\n\n<div class=\"wp-block-group alignfull has-base-2-color has-text-color has-link-color wp-elements-52891b5a09c7c8bdfc06d11373ecf20e has-global-padding is-layout-constrained wp-container-core-group-is-layout-fc3172a5 wp-block-group-is-layout-constrained\" style=\"margin-top:0;margin-bottom:0;padding-top:var(--wp--preset--spacing--40);padding-right:var(--wp--preset--spacing--40);padding-bottom:var(--wp--preset--spacing--40);padding-left:var(--wp--preset--spacing--40)\">\n<div class=\"wp-block-columns alignwide is-layout-flex wp-container-core-columns-is-layout-ff4b9c61 wp-block-columns-is-layout-flex\" style=\"margin-top:0;margin-bottom:0\">\n<div class=\"wp-block-column is-layout-flow wp-container-core-column-is-layout-8a368f38 wp-block-column-is-layout-flow\">\n<div class=\"wp-block-cover\" style=\"border-radius:25px\"><span aria-hidden=\"true\" class=\"wp-block-cover__background has-contrast-background-color has-background-dim\"><\/span><img loading=\"lazy\" decoding=\"async\" width=\"1709\" height=\"2560\" class=\"wp-block-cover__image-background wp-image-736\" alt=\"\" src=\"http:\/\/dissenyweb.gddtec.udl.cat\/2024-web6\/wp-content\/uploads\/sites\/38\/2024\/06\/pexels-mikael-blomkvist-6476779-scaled.jpg\" data-object-fit=\"cover\" srcset=\"http:\/\/dissenyweb.gddtec.udl.cat\/2024-web6\/wp-content\/uploads\/sites\/38\/2024\/06\/pexels-mikael-blomkvist-6476779-scaled.jpg 1709w, http:\/\/dissenyweb.gddtec.udl.cat\/2024-web6\/wp-content\/uploads\/sites\/38\/2024\/06\/pexels-mikael-blomkvist-6476779-200x300.jpg 200w, http:\/\/dissenyweb.gddtec.udl.cat\/2024-web6\/wp-content\/uploads\/sites\/38\/2024\/06\/pexels-mikael-blomkvist-6476779-683x1024.jpg 683w, http:\/\/dissenyweb.gddtec.udl.cat\/2024-web6\/wp-content\/uploads\/sites\/38\/2024\/06\/pexels-mikael-blomkvist-6476779-768x1151.jpg 768w, http:\/\/dissenyweb.gddtec.udl.cat\/2024-web6\/wp-content\/uploads\/sites\/38\/2024\/06\/pexels-mikael-blomkvist-6476779-1025x1536.jpg 1025w, http:\/\/dissenyweb.gddtec.udl.cat\/2024-web6\/wp-content\/uploads\/sites\/38\/2024\/06\/pexels-mikael-blomkvist-6476779-1367x2048.jpg 1367w\" sizes=\"auto, (max-width: 1709px) 100vw, 1709px\" \/><div class=\"wp-block-cover__inner-container is-layout-flow wp-block-cover-is-layout-flow\">\n<p class=\"has-text-align-center has-base-2-color has-text-color has-link-color has-roboto-font-family wp-elements-d032206a90e2e6ff3a39d8ce3eea79df\" style=\"font-size:clamp(0.875rem, 0.875rem + ((1vw - 0.2rem) * 0.542), 1.2rem);font-style:normal;font-weight:300\"><a href=\"http:\/\/dissenyweb.gddtec.udl.cat\/2024-web6\/2024\/06\/04\/congreso-2\/\" data-type=\"post\" data-id=\"624\"><strong>CONGRESO SOBRE INNOVACI\u00d3N EDUCATIVA Y PERSPECTIVAS DE G\u00c9NERO EN LA HISTORIA DE LA EDUCACI\u00d3N<\/strong><\/a><\/p>\n<\/div><\/div>\n\n\n\n<div style=\"height:42px\" aria-hidden=\"true\" class=\"wp-block-spacer\"><\/div>\n\n\n\n<div class=\"wp-block-cover\" style=\"border-radius:25px;min-height:380px;aspect-ratio:unset;\"><span aria-hidden=\"true\" class=\"wp-block-cover__background has-contrast-background-color has-background-dim\"><\/span><img loading=\"lazy\" decoding=\"async\" width=\"2560\" height=\"1707\" class=\"wp-block-cover__image-background wp-image-743\" alt=\"\" src=\"http:\/\/dissenyweb.gddtec.udl.cat\/2024-web6\/wp-content\/uploads\/sites\/38\/2024\/06\/pexels-bertellifotografia-3856029-scaled.jpg\" data-object-fit=\"cover\" srcset=\"http:\/\/dissenyweb.gddtec.udl.cat\/2024-web6\/wp-content\/uploads\/sites\/38\/2024\/06\/pexels-bertellifotografia-3856029-scaled.jpg 2560w, http:\/\/dissenyweb.gddtec.udl.cat\/2024-web6\/wp-content\/uploads\/sites\/38\/2024\/06\/pexels-bertellifotografia-3856029-300x200.jpg 300w, http:\/\/dissenyweb.gddtec.udl.cat\/2024-web6\/wp-content\/uploads\/sites\/38\/2024\/06\/pexels-bertellifotografia-3856029-1024x683.jpg 1024w, http:\/\/dissenyweb.gddtec.udl.cat\/2024-web6\/wp-content\/uploads\/sites\/38\/2024\/06\/pexels-bertellifotografia-3856029-768x512.jpg 768w, http:\/\/dissenyweb.gddtec.udl.cat\/2024-web6\/wp-content\/uploads\/sites\/38\/2024\/06\/pexels-bertellifotografia-3856029-1536x1024.jpg 1536w, http:\/\/dissenyweb.gddtec.udl.cat\/2024-web6\/wp-content\/uploads\/sites\/38\/2024\/06\/pexels-bertellifotografia-3856029-2048x1365.jpg 2048w\" sizes=\"auto, (max-width: 2560px) 100vw, 2560px\" \/><div class=\"wp-block-cover__inner-container is-layout-flow wp-block-cover-is-layout-flow\">\n<p class=\"has-text-align-center has-base-2-color has-text-color has-link-color wp-elements-160590f6682b78da7f5cf55e278444a9\" style=\"font-size:clamp(0.875rem, 0.875rem + ((1vw - 0.2rem) * 0.542), 1.2rem);\"><a href=\"http:\/\/dissenyweb.gddtec.udl.cat\/2024-web6\/2024\/06\/04\/seminario-3\/\" data-type=\"link\" data-id=\"http:\/\/dissenyweb.gddtec.udl.cat\/2024-web6\/2024\/06\/04\/seminario-3\/\"><strong>SEMINARIO SOBRE MANUSCRITOS ADMINISTRATIVOS Y PEDAG\u00d3GICOS DE LA SEGUNDA REP\u00daBLICA<\/strong><\/a><\/p>\n<\/div><\/div>\n<\/div>\n\n\n\n<div class=\"wp-block-column is-layout-flow wp-container-core-column-is-layout-8a368f38 wp-block-column-is-layout-flow\">\n<div style=\"height:39px\" aria-hidden=\"true\" class=\"wp-block-spacer\"><\/div>\n\n\n\n<div class=\"wp-block-cover\" style=\"border-radius:25px;min-height:762px;aspect-ratio:unset;\"><span aria-hidden=\"true\" class=\"wp-block-cover__background has-contrast-background-color has-background-dim\"><\/span><img loading=\"lazy\" decoding=\"async\" width=\"2560\" height=\"1707\" class=\"wp-block-cover__image-background wp-image-732\" alt=\"\" src=\"http:\/\/dissenyweb.gddtec.udl.cat\/2024-web6\/wp-content\/uploads\/sites\/38\/2024\/06\/pexels-bertellifotografia-3856026-scaled.jpg\" style=\"object-position:21% 83%\" data-object-fit=\"cover\" data-object-position=\"21% 83%\" srcset=\"http:\/\/dissenyweb.gddtec.udl.cat\/2024-web6\/wp-content\/uploads\/sites\/38\/2024\/06\/pexels-bertellifotografia-3856026-scaled.jpg 2560w, http:\/\/dissenyweb.gddtec.udl.cat\/2024-web6\/wp-content\/uploads\/sites\/38\/2024\/06\/pexels-bertellifotografia-3856026-300x200.jpg 300w, http:\/\/dissenyweb.gddtec.udl.cat\/2024-web6\/wp-content\/uploads\/sites\/38\/2024\/06\/pexels-bertellifotografia-3856026-1024x683.jpg 1024w, http:\/\/dissenyweb.gddtec.udl.cat\/2024-web6\/wp-content\/uploads\/sites\/38\/2024\/06\/pexels-bertellifotografia-3856026-768x512.jpg 768w, http:\/\/dissenyweb.gddtec.udl.cat\/2024-web6\/wp-content\/uploads\/sites\/38\/2024\/06\/pexels-bertellifotografia-3856026-1536x1024.jpg 1536w, http:\/\/dissenyweb.gddtec.udl.cat\/2024-web6\/wp-content\/uploads\/sites\/38\/2024\/06\/pexels-bertellifotografia-3856026-2048x1365.jpg 2048w\" sizes=\"auto, (max-width: 2560px) 100vw, 2560px\" \/><div class=\"wp-block-cover__inner-container is-layout-flow wp-block-cover-is-layout-flow\">\n<p class=\"has-text-align-center has-base-2-color has-text-color has-link-color wp-elements-c57dc61a9b22b9c77c0c4689bb99a616\" style=\"font-size:clamp(0.875rem, 0.875rem + ((1vw - 0.2rem) * 0.542), 1.2rem);\"><a href=\"http:\/\/dissenyweb.gddtec.udl.cat\/2024-web6\/2024\/06\/04\/seminario-1\/\"><strong>SEMINARIO SOBRE LA TRANSFORMACI\u00d3N DE ESTUDIOS HIST\u00d3RICOS EN EXPERIENCIAS MUSE\u00cdSTICAS DIGITALES<\/strong><\/a><\/p>\n<\/div><\/div>\n<\/div>\n\n\n\n<div class=\"wp-block-column is-layout-flow wp-container-core-column-is-layout-8a368f38 wp-block-column-is-layout-flow\">\n<div class=\"wp-block-cover\" style=\"border-radius:25px;min-height:552px;aspect-ratio:unset;\"><span aria-hidden=\"true\" class=\"wp-block-cover__background has-contrast-background-color has-background-dim\"><\/span><img loading=\"lazy\" decoding=\"async\" width=\"2560\" height=\"1706\" class=\"wp-block-cover__image-background wp-image-730\" alt=\"\" src=\"http:\/\/dissenyweb.gddtec.udl.cat\/2024-web6\/wp-content\/uploads\/sites\/38\/2024\/06\/pexels-kampus-5940831-scaled.jpg\" style=\"object-position:60% 48%\" data-object-fit=\"cover\" data-object-position=\"60% 48%\" srcset=\"http:\/\/dissenyweb.gddtec.udl.cat\/2024-web6\/wp-content\/uploads\/sites\/38\/2024\/06\/pexels-kampus-5940831-scaled.jpg 2560w, http:\/\/dissenyweb.gddtec.udl.cat\/2024-web6\/wp-content\/uploads\/sites\/38\/2024\/06\/pexels-kampus-5940831-300x200.jpg 300w, http:\/\/dissenyweb.gddtec.udl.cat\/2024-web6\/wp-content\/uploads\/sites\/38\/2024\/06\/pexels-kampus-5940831-1024x683.jpg 1024w, http:\/\/dissenyweb.gddtec.udl.cat\/2024-web6\/wp-content\/uploads\/sites\/38\/2024\/06\/pexels-kampus-5940831-768x512.jpg 768w, http:\/\/dissenyweb.gddtec.udl.cat\/2024-web6\/wp-content\/uploads\/sites\/38\/2024\/06\/pexels-kampus-5940831-1536x1024.jpg 1536w, http:\/\/dissenyweb.gddtec.udl.cat\/2024-web6\/wp-content\/uploads\/sites\/38\/2024\/06\/pexels-kampus-5940831-2048x1365.jpg 2048w\" sizes=\"auto, (max-width: 2560px) 100vw, 2560px\" \/><div class=\"wp-block-cover__inner-container is-layout-flow wp-block-cover-is-layout-flow\">\n<p class=\"has-text-align-center has-base-2-color has-text-color has-link-color wp-elements-0bc38203174f55f053a5906702728dd8\" style=\"font-size:clamp(0.875rem, 0.875rem + ((1vw - 0.2rem) * 0.542), 1.2rem);\"><a href=\"http:\/\/dissenyweb.gddtec.udl.cat\/2024-web6\/2024\/06\/04\/seminario-2\/\" data-type=\"post\" data-id=\"645\"><strong>SEMINARIO COMPARATIVO DE POL\u00cdTICAS EDUCATIVAS REGIONALES<\/strong><\/a><\/p>\n<\/div><\/div>\n\n\n\n<div style=\"height:42px\" aria-hidden=\"true\" class=\"wp-block-spacer\"><\/div>\n\n\n\n<div class=\"wp-block-cover\" style=\"border-radius:25px;min-height:349px;aspect-ratio:unset;\"><span aria-hidden=\"true\" class=\"wp-block-cover__background has-contrast-background-color has-background-dim\"><\/span><img loading=\"lazy\" decoding=\"async\" width=\"2560\" height=\"1706\" class=\"wp-block-cover__image-background wp-image-735\" alt=\"\" src=\"http:\/\/dissenyweb.gddtec.udl.cat\/2024-web6\/wp-content\/uploads\/sites\/38\/2024\/06\/pexels-henri-mathieu-8349233-scaled.jpg\" data-object-fit=\"cover\" srcset=\"http:\/\/dissenyweb.gddtec.udl.cat\/2024-web6\/wp-content\/uploads\/sites\/38\/2024\/06\/pexels-henri-mathieu-8349233-scaled.jpg 2560w, http:\/\/dissenyweb.gddtec.udl.cat\/2024-web6\/wp-content\/uploads\/sites\/38\/2024\/06\/pexels-henri-mathieu-8349233-300x200.jpg 300w, http:\/\/dissenyweb.gddtec.udl.cat\/2024-web6\/wp-content\/uploads\/sites\/38\/2024\/06\/pexels-henri-mathieu-8349233-1024x683.jpg 1024w, http:\/\/dissenyweb.gddtec.udl.cat\/2024-web6\/wp-content\/uploads\/sites\/38\/2024\/06\/pexels-henri-mathieu-8349233-768x512.jpg 768w, http:\/\/dissenyweb.gddtec.udl.cat\/2024-web6\/wp-content\/uploads\/sites\/38\/2024\/06\/pexels-henri-mathieu-8349233-1536x1024.jpg 1536w, http:\/\/dissenyweb.gddtec.udl.cat\/2024-web6\/wp-content\/uploads\/sites\/38\/2024\/06\/pexels-henri-mathieu-8349233-2048x1365.jpg 2048w\" sizes=\"auto, (max-width: 2560px) 100vw, 2560px\" \/><div class=\"wp-block-cover__inner-container is-layout-flow wp-block-cover-is-layout-flow\">\n<p class=\"has-text-align-center has-base-2-color has-text-color has-link-color wp-elements-70bb8b89be6a1d099ab6fa38c44dcfb3\" style=\"font-size:clamp(0.875rem, 0.875rem + ((1vw - 0.2rem) * 0.542), 1.2rem);\"><a href=\"http:\/\/dissenyweb.gddtec.udl.cat\/2024-web6\/2024\/06\/04\/570\/\" data-type=\"link\" data-id=\"http:\/\/dissenyweb.gddtec.udl.cat\/2024-web6\/2024\/06\/04\/570\/\"><strong>CONGRESO INTERNACIONAL SOBRE LA FORMACI\u00d3N Y SELECCI\u00d3N DE DOCENTES DURANTE LA SEGUNDA REP\u00daBLICA ESPA\u00d1OLA<\/strong><\/a><\/p>\n<\/div><\/div>\n<\/div>\n<\/div>\n<\/div>\n","protected":false},"excerpt":{"rendered":"<p>Descubre los seminarios y congresos donde se han presentado las \u00faltimas investigaciones sobre los cursillos de selecci\u00f3n profesional, un espacio para el intercambio de ideas y el debate acad\u00e9mico.<\/p>\n","protected":false},"author":125,"featured_media":0,"parent":0,"menu_order":0,"comment_status":"closed","ping_status":"closed","template":"","meta":{"_acf_changed":false,"footnotes":""},"class_list":["post-46","page","type-page","status-publish","hentry"],"acf":[],"mb":[],"mfb_rest_fields":["title"],"_links":{"self":[{"href":"http:\/\/dissenyweb.gddtec.udl.cat\/2024-web6\/wp-json\/wp\/v2\/pages\/46","targetHints":{"allow":["GET"]}}],"collection":[{"href":"http:\/\/dissenyweb.gddtec.udl.cat\/2024-web6\/wp-json\/wp\/v2\/pages"}],"about":[{"href":"http:\/\/dissenyweb.gddtec.udl.cat\/2024-web6\/wp-json\/wp\/v2\/types\/page"}],"author":[{"embeddable":true,"href":"http:\/\/dissenyweb.gddtec.udl.cat\/2024-web6\/wp-json\/wp\/v2\/users\/125"}],"replies":[{"embeddable":true,"href":"http:\/\/dissenyweb.gddtec.udl.cat\/2024-web6\/wp-json\/wp\/v2\/comments?post=46"}],"version-history":[{"count":37,"href":"http:\/\/dissenyweb.gddtec.udl.cat\/2024-web6\/wp-json\/wp\/v2\/pages\/46\/revisions"}],"predecessor-version":[{"id":987,"href":"http:\/\/dissenyweb.gddtec.udl.cat\/2024-web6\/wp-json\/wp\/v2\/pages\/46\/revisions\/987"}],"wp:attachment":[{"href":"http:\/\/dissenyweb.gddtec.udl.cat\/2024-web6\/wp-json\/wp\/v2\/media?parent=46"}],"curies":[{"name":"wp","href":"https:\/\/api.w.org\/{rel}","templated":true}]}}