{"id":21,"date":"2024-05-16T09:46:59","date_gmt":"2024-05-16T07:46:59","guid":{"rendered":"http:\/\/dissenyweb.gddtec.udl.cat\/2024-web6\/?page_id=21"},"modified":"2024-06-05T17:49:01","modified_gmt":"2024-06-05T15:49:01","slug":"contacto","status":"publish","type":"page","link":"http:\/\/dissenyweb.gddtec.udl.cat\/2024-web6\/contacto\/","title":{"rendered":"CONTACTO"},"content":{"rendered":"\n<div class=\"wp-block-group has-custom-verd-background-color has-background is-layout-flow wp-block-group-is-layout-flow\">\n<div style=\"height:35px\" aria-hidden=\"true\" class=\"wp-block-spacer\"><\/div>\n\n\n<h1 style=\"padding-top:0;padding-bottom:0;\" class=\"has-text-align-center has-link-color wp-elements-620901eeaccf40fd0fe1d8b47f7de927 wp-block-post-title has-text-color has-base-2-color\">CONTACTO<\/h1>\n\n\n<div style=\"margin-top:0;margin-bottom:0;height:0\" aria-hidden=\"true\" class=\"wp-block-spacer\"><\/div>\n<\/div>\n\n\n\n<div class=\"wp-block-columns has-custom-verd-background-color has-background is-layout-flex wp-container-core-columns-is-layout-cdcfa7be wp-block-columns-is-layout-flex\" style=\"border-radius:0px;margin-top:0;margin-bottom:0;padding-top:0;padding-right:0;padding-bottom:var(--wp--preset--spacing--20);padding-left:0\">\n<div class=\"wp-block-column has-custom-verd-background-color has-background is-layout-flow wp-block-column-is-layout-flow\" style=\"flex-basis:18%\"><\/div>\n\n\n\n<div class=\"wp-block-column is-layout-flow wp-block-column-is-layout-flow\" style=\"flex-basis:64%\">\n<h3 class=\"wp-block-heading has-text-align-center has-base-2-color has-custom-verd-background-color has-text-color has-background has-link-color wp-elements-41b8d04950097e9eeaecc2877f2395a1\" style=\"font-size:clamp(0.875rem, 0.875rem + ((1vw - 0.2rem) * 0.208), 1rem);\">\u00a1Gracias por visitar nuestro sitio web! Estamos aqu\u00ed para ayudarte con cualquier consulta, sugerencia o comentario que puedas tener. Nuestro equipo se esfuerza por responder a todas las consultas lo m\u00e1s r\u00e1pido posible. Valoramos tu tiempo y estamos comprometidos a proporcionarte la mejor asistencia.<\/h3>\n<\/div>\n\n\n\n<div class=\"wp-block-column is-vertically-aligned-stretch has-custom-verd-background-color has-background is-layout-flow wp-block-column-is-layout-flow\" style=\"flex-basis:18%\"><\/div>\n<\/div>\n\n\n\n<div style=\"height:1px\" aria-hidden=\"true\" class=\"wp-block-spacer\"><\/div>\n\n\n\n<div class=\"wp-block-columns is-layout-flex wp-container-core-columns-is-layout-28f84493 wp-block-columns-is-layout-flex\">\n<div class=\"wp-block-column is-layout-flow wp-container-core-column-is-layout-92c44e9e wp-block-column-is-layout-flow\" style=\"padding-top:0;padding-bottom:0\">\n<div style=\"height:145px\" aria-hidden=\"true\" class=\"wp-block-spacer\"><\/div>\n\n\n\n<h2 class=\"wp-block-heading has-text-align-center is-style-default has-roboto-font-family\" style=\"font-size:clamp(0.929rem, 0.929rem + ((1vw - 0.2rem) * 0.785), 1.4rem);font-style:normal;font-weight:500\">REDES SOCIALES<\/h2>\n\n\n\n<hr class=\"wp-block-separator aligncenter has-alpha-channel-opacity is-style-default\" style=\"margin-top:var(--wp--preset--spacing--10);margin-bottom:var(--wp--preset--spacing--30)\" \/>\n\n\n\n<div class=\"wp-block-columns is-layout-flex wp-container-core-columns-is-layout-28f84493 wp-block-columns-is-layout-flex\">\n<div class=\"wp-block-column is-layout-flow wp-block-column-is-layout-flow\" style=\"flex-basis:100%\">\n<div class=\"wp-block-group is-layout-flow wp-block-group-is-layout-flow\">\n<div class=\"wp-block-group is-content-justification-center is-nowrap is-layout-flex wp-container-core-group-is-layout-23441af8 wp-block-group-is-layout-flex\">\n<figure class=\"wp-block-image size-full is-resized\"><img loading=\"lazy\" decoding=\"async\" width=\"640\" height=\"480\" src=\"http:\/\/dissenyweb.gddtec.udl.cat\/2024-web6\/wp-content\/uploads\/sites\/38\/2024\/06\/73db02344af2f927fd361decc424e8b8-2.png\" alt=\"\" class=\"wp-image-419\" style=\"width:35px\" srcset=\"http:\/\/dissenyweb.gddtec.udl.cat\/2024-web6\/wp-content\/uploads\/sites\/38\/2024\/06\/73db02344af2f927fd361decc424e8b8-2.png 640w, http:\/\/dissenyweb.gddtec.udl.cat\/2024-web6\/wp-content\/uploads\/sites\/38\/2024\/06\/73db02344af2f927fd361decc424e8b8-2-300x225.png 300w\" sizes=\"auto, (max-width: 640px) 100vw, 640px\" \/><\/figure>\n\n\n\n<p>@Cusepro_investigacio<\/p>\n<\/div>\n\n\n\n<div style=\"height:15px\" aria-hidden=\"true\" class=\"wp-block-spacer\"><\/div>\n\n\n\n<div class=\"wp-block-group is-content-justification-center is-nowrap is-layout-flex wp-container-core-group-is-layout-23441af8 wp-block-group-is-layout-flex\">\n<figure class=\"wp-block-image size-full is-resized has-custom-border\"><img loading=\"lazy\" decoding=\"async\" width=\"768\" height=\"768\" src=\"http:\/\/dissenyweb.gddtec.udl.cat\/2024-web6\/wp-content\/uploads\/sites\/38\/2024\/06\/Instagram-Logo-PNG-Pic-1.png\" alt=\"\" class=\"wp-image-426\" style=\"border-style:none;border-width:0px;border-radius:0px;width:36px;height:auto\" srcset=\"http:\/\/dissenyweb.gddtec.udl.cat\/2024-web6\/wp-content\/uploads\/sites\/38\/2024\/06\/Instagram-Logo-PNG-Pic-1.png 768w, http:\/\/dissenyweb.gddtec.udl.cat\/2024-web6\/wp-content\/uploads\/sites\/38\/2024\/06\/Instagram-Logo-PNG-Pic-1-300x300.png 300w, http:\/\/dissenyweb.gddtec.udl.cat\/2024-web6\/wp-content\/uploads\/sites\/38\/2024\/06\/Instagram-Logo-PNG-Pic-1-150x150.png 150w\" sizes=\"auto, (max-width: 768px) 100vw, 768px\" \/><\/figure>\n\n\n\n<p>@Cusepro_investigacio<\/p>\n<\/div>\n\n\n\n<div style=\"height:8px\" aria-hidden=\"true\" class=\"wp-block-spacer\"><\/div>\n\n\n\n<div class=\"wp-block-group is-content-justification-center is-nowrap is-layout-flex wp-container-core-group-is-layout-23441af8 wp-block-group-is-layout-flex\">\n<figure class=\"wp-block-image size-full is-resized\"><img loading=\"lazy\" decoding=\"async\" width=\"512\" height=\"512\" src=\"http:\/\/dissenyweb.gddtec.udl.cat\/2024-web6\/wp-content\/uploads\/sites\/38\/2024\/06\/google-icone-symbole-png-logo-noir-3.png\" alt=\"\" class=\"wp-image-430\" style=\"width:32px;height:auto\" srcset=\"http:\/\/dissenyweb.gddtec.udl.cat\/2024-web6\/wp-content\/uploads\/sites\/38\/2024\/06\/google-icone-symbole-png-logo-noir-3.png 512w, http:\/\/dissenyweb.gddtec.udl.cat\/2024-web6\/wp-content\/uploads\/sites\/38\/2024\/06\/google-icone-symbole-png-logo-noir-3-300x300.png 300w, http:\/\/dissenyweb.gddtec.udl.cat\/2024-web6\/wp-content\/uploads\/sites\/38\/2024\/06\/google-icone-symbole-png-logo-noir-3-150x150.png 150w\" sizes=\"auto, (max-width: 512px) 100vw, 512px\" \/><\/figure>\n\n\n\n<ul class=\"wp-block-list\">\n<li>Cuseproinvestigacion<\/li>\n<\/ul>\n<\/div>\n<\/div>\n<\/div>\n<\/div>\n\n\n\n<div style=\"height:84px\" aria-hidden=\"true\" class=\"wp-block-spacer\"><\/div>\n\n\n\n<div class=\"wp-block-group has-global-padding is-layout-constrained wp-block-group-is-layout-constrained\">\n<h2 class=\"wp-block-heading has-text-align-center has-roboto-font-family\" style=\"font-size:clamp(0.929rem, 0.929rem + ((1vw - 0.2rem) * 0.785), 1.4rem);font-style:normal;font-weight:500\">M\u00c9TODOS DE CONTACTO<\/h2>\n\n\n\n<hr class=\"wp-block-separator has-alpha-channel-opacity\" style=\"margin-top:var(--wp--preset--spacing--10);margin-bottom:var(--wp--preset--spacing--30)\" \/>\n<\/div>\n\n\n\n<div class=\"wp-block-group is-content-justification-center is-nowrap is-layout-flex wp-container-core-group-is-layout-23441af8 wp-block-group-is-layout-flex\">\n<figure class=\"wp-block-image size-full is-resized\"><img loading=\"lazy\" decoding=\"async\" width=\"512\" height=\"512\" src=\"http:\/\/dissenyweb.gddtec.udl.cat\/2024-web6\/wp-content\/uploads\/sites\/38\/2024\/06\/619.png\" alt=\"\" class=\"wp-image-507\" style=\"width:30px\" srcset=\"http:\/\/dissenyweb.gddtec.udl.cat\/2024-web6\/wp-content\/uploads\/sites\/38\/2024\/06\/619.png 512w, http:\/\/dissenyweb.gddtec.udl.cat\/2024-web6\/wp-content\/uploads\/sites\/38\/2024\/06\/619-300x300.png 300w, http:\/\/dissenyweb.gddtec.udl.cat\/2024-web6\/wp-content\/uploads\/sites\/38\/2024\/06\/619-150x150.png 150w\" sizes=\"auto, (max-width: 512px) 100vw, 512px\" \/><\/figure>\n\n\n\n<p>C\/Luis Oliago 73, 25003<\/p>\n<\/div>\n\n\n\n<div class=\"wp-block-group is-content-justification-left is-nowrap is-layout-flex wp-container-core-group-is-layout-ddb05ac3 wp-block-group-is-layout-flex\" style=\"padding-left:268px\">\n<figure class=\"wp-block-image size-full is-resized\"><img loading=\"lazy\" decoding=\"async\" width=\"512\" height=\"512\" src=\"http:\/\/dissenyweb.gddtec.udl.cat\/2024-web6\/wp-content\/uploads\/sites\/38\/2024\/06\/684853-1.png\" alt=\"\" class=\"wp-image-516\" style=\"width:26px\" srcset=\"http:\/\/dissenyweb.gddtec.udl.cat\/2024-web6\/wp-content\/uploads\/sites\/38\/2024\/06\/684853-1.png 512w, http:\/\/dissenyweb.gddtec.udl.cat\/2024-web6\/wp-content\/uploads\/sites\/38\/2024\/06\/684853-1-300x300.png 300w, http:\/\/dissenyweb.gddtec.udl.cat\/2024-web6\/wp-content\/uploads\/sites\/38\/2024\/06\/684853-1-150x150.png 150w\" sizes=\"auto, (max-width: 512px) 100vw, 512px\" \/><\/figure>\n\n\n\n<div style=\"height:100px;width:1px\" aria-hidden=\"true\" class=\"wp-block-spacer wp-container-content-eff6f568\"><\/div>\n\n\n\n<p>+36  633213259<\/p>\n<\/div>\n<\/div>\n\n\n\n<div class=\"wp-block-column is-vertically-aligned-stretch is-layout-flow wp-block-column-is-layout-flow\">\n<div class=\"wp-block-group has-global-padding is-content-justification-center is-layout-constrained wp-container-core-group-is-layout-534f7c19 wp-block-group-is-layout-constrained\" style=\"margin-top:0;margin-bottom:0;padding-right:56px;padding-left:0px\">\n<div class=\"wp-block-group is-nowrap is-layout-flex wp-container-core-group-is-layout-6c531013 wp-block-group-is-layout-flex\">\n<h2 class=\"wp-block-heading has-text-align-left has-base-2-background-color has-background has-roboto-font-family\" style=\"font-size:clamp(14.642px, 0.915rem + ((1vw - 3.2px) * 0.766), 22px);font-style:normal;font-weight:500\">CONTACTA CON NOSOTROS<\/h2>\n<\/div>\n\n\n\n<div class=\"wp-block-group is-vertical is-layout-flex wp-container-core-group-is-layout-e1300cac wp-block-group-is-layout-flex\">\n<div class=\"wpcf7 no-js\" id=\"wpcf7-f241-o1\" lang=\"es-ES\" dir=\"ltr\" data-wpcf7-id=\"241\">\n<div class=\"screen-reader-response\"><p role=\"status\" aria-live=\"polite\" aria-atomic=\"true\"><\/p> <ul><\/ul><\/div>\n<form action=\"\/2024-web6\/wp-json\/wp\/v2\/pages\/21#wpcf7-f241-o1\" method=\"post\" class=\"wpcf7-form init\" aria-label=\"Formulario de contacto\" novalidate=\"novalidate\" data-status=\"init\">\n<fieldset class=\"hidden-fields-container\"><input type=\"hidden\" name=\"_wpcf7\" value=\"241\" \/><input type=\"hidden\" name=\"_wpcf7_version\" value=\"6.1.4\" \/><input type=\"hidden\" name=\"_wpcf7_locale\" value=\"es_ES\" \/><input type=\"hidden\" name=\"_wpcf7_unit_tag\" value=\"wpcf7-f241-o1\" \/><input type=\"hidden\" name=\"_wpcf7_container_post\" value=\"0\" \/><input type=\"hidden\" name=\"_wpcf7_posted_data_hash\" value=\"\" \/>\n<\/fieldset>\n<div class=\"contact-form\">\n\t<div class=\"form-group\">\n\t\t<p><label for=\"your-name\">Nombre y apellidos<\/label><br \/>\n<span class=\"wpcf7-form-control-wrap\" data-name=\"your-name\"><input size=\"40\" maxlength=\"400\" class=\"wpcf7-form-control wpcf7-text wpcf7-validates-as-required form-control\" id=\"your-name\" autocomplete=\"name\" aria-required=\"true\" aria-invalid=\"false\" value=\"\" type=\"text\" name=\"your-name\" \/><\/span>\n\t\t<\/p>\n\t<\/div>\n\t<div class=\"form-group\">\n\t\t<p><label for=\"your-email\">Correo electr\u00f3nico<\/label><br \/>\n<span class=\"wpcf7-form-control-wrap\" data-name=\"your-email\"><input size=\"40\" maxlength=\"400\" class=\"wpcf7-form-control wpcf7-email wpcf7-validates-as-required wpcf7-text wpcf7-validates-as-email form-control\" id=\"your-email\" autocomplete=\"email\" aria-required=\"true\" aria-invalid=\"false\" value=\"\" type=\"email\" name=\"your-email\" \/><\/span>\n\t\t<\/p>\n\t<\/div>\n\t<div class=\"form-group\">\n\t\t<p><label for=\"your-subject\">Asunto<\/label><br \/>\n<span class=\"wpcf7-form-control-wrap\" data-name=\"your-subject\"><input size=\"40\" maxlength=\"400\" class=\"wpcf7-form-control wpcf7-text wpcf7-validates-as-required form-control\" id=\"your-subject\" aria-required=\"true\" aria-invalid=\"false\" value=\"\" type=\"text\" name=\"your-subject\" \/><\/span>\n\t\t<\/p>\n\t<\/div>\n\t<div class=\"form-group\">\n\t\t<p><label for=\"your-message\">Tu mensaje<\/label><br \/>\n<span class=\"wpcf7-form-control-wrap\" data-name=\"your-message\"><textarea cols=\"40\" rows=\"10\" maxlength=\"2000\" class=\"wpcf7-form-control wpcf7-textarea form-control\" id=\"your-message\" aria-invalid=\"false\" name=\"your-message\"><\/textarea><\/span>\n\t\t<\/p>\n\t<\/div>\n\t<div class=\"form-group\">\n\t\t<p><input class=\"wpcf7-form-control wpcf7-submit has-spinner btn btn-primary\" type=\"submit\" value=\"Enviar\" \/>\n\t\t<\/p>\n\t<\/div>\n<\/div><div class=\"wpcf7-response-output\" aria-hidden=\"true\"><\/div>\n<\/form>\n<\/div>\n\n<\/div>\n<\/div>\n<\/div>\n<\/div>\n\n\n\n<div style=\"height:32px\" aria-hidden=\"true\" class=\"wp-block-spacer\"><\/div>\n\n\n\n<div class=\"wp-block-group alignfull has-base-color has-custom-marr-background-color has-text-color has-background has-link-color wp-elements-57ecab286d989eb0d6746cae18e63def has-global-padding is-layout-constrained wp-container-core-group-is-layout-32a46761 wp-block-group-is-layout-constrained\" style=\"margin-top:0;margin-bottom:0;padding-top:var(--wp--preset--spacing--40);padding-right:var(--wp--preset--spacing--50);padding-bottom:var(--wp--preset--spacing--40);padding-left:var(--wp--preset--spacing--50)\">\n<h1 class=\"wp-block-heading alignwide has-base-color has-text-color has-link-color has-butler-font-family wp-elements-a7cb646c71749fb7c32da7431fc7f57b\" style=\"margin-top:0;margin-bottom:var(--wp--preset--spacing--20);letter-spacing:-0.02em\">FAQs<\/h1>\n\n\n\n<div class=\"wp-block-group alignwide is-layout-flow wp-block-group-is-layout-flow\">\n<hr class=\"wp-block-separator has-text-color has-base-color has-alpha-channel-opacity has-base-background-color has-background is-style-wide\" \/>\n\n\n\n<details class=\"wp-block-details is-style-arrow-icon-details has-medium-font-size is-layout-flow wp-block-details-is-layout-flow\" style=\"border-top-style:none;border-top-width:0px;border-right-style:none;border-right-width:0px;border-bottom-color:var(--wp--preset--color--base);border-bottom-style:solid;border-bottom-width:1px;border-left-style:none;border-left-width:0px;margin-top:0;font-style:normal;font-weight:300;line-height:1.5\"><summary>\u00bfQu\u00e9 tipo de documentos e items puedo encontrar?<\/summary>\n<ul class=\"wp-block-list\">\n<li style=\"margin-top:var(--wp--preset--spacing--10);margin-bottom:var(--wp--preset--spacing--10)\"><strong>Documentos:<\/strong> Actas de nacimiento, defunci\u00f3n, matrimonio, certificados militares, cartas, diarios personales, libros de cuentas, escrituras de propiedad, etc.<\/li>\n\n\n\n<li style=\"margin-top:var(--wp--preset--spacing--10);margin-bottom:var(--wp--preset--spacing--10)\"><strong>Fotograf\u00edas:<\/strong> Im\u00e1genes de familiares, eventos hist\u00f3ricos, lugares emblem\u00e1ticos, paisajes, etc.<\/li>\n\n\n\n<li style=\"margin-top:var(--wp--preset--spacing--10);margin-bottom:var(--wp--preset--spacing--10)\"><strong>Objetos:<\/strong> Ropa, utensilios, herramientas, obras de arte, muebles, juguetes, etc.<\/li>\n<\/ul>\n<\/details>\n\n\n\n<details class=\"wp-block-details is-style-arrow-icon-details has-medium-font-size is-layout-flow wp-block-details-is-layout-flow\" style=\"border-top-style:none;border-top-width:0px;border-right-style:none;border-right-width:0px;border-bottom-color:var(--wp--preset--color--base);border-bottom-style:solid;border-bottom-width:1px;border-left-style:none;border-left-width:0px;margin-top:0;margin-bottom:0;font-style:normal;font-weight:300\"><summary>\u00bfC\u00f3mo puedo saber si un documento o item tiene valor hist\u00f3rico?<\/summary>\n<p style=\"margin-top:var(--wp--preset--spacing--10)\">No es necesario ser un experto para identificar objetos de valor hist\u00f3rico. Sin embargo, algunos indicadores que pueden ayudarte a determinar la importancia de tus hallazgos son:<\/p>\n\n\n\n<ul class=\"wp-block-list\">\n<li style=\"margin-top:var(--wp--preset--spacing--10);margin-bottom:var(--wp--preset--spacing--10)\"><strong>Antig\u00fcedad:<\/strong> Cuanto m\u00e1s antiguo sea el documento o item, mayor es la probabilidad de que tenga valor hist\u00f3rico.<\/li>\n\n\n\n<li style=\"margin-top:var(--wp--preset--spacing--10);margin-bottom:var(--wp--preset--spacing--10)\"><strong>Estado de conservaci\u00f3n:<\/strong> Un buen estado de conservaci\u00f3n aumenta el valor hist\u00f3rico y documental del objeto.<\/li>\n\n\n\n<li style=\"margin-top:var(--wp--preset--spacing--10);margin-bottom:var(--wp--preset--spacing--10)\"><strong>Contenido:<\/strong> El contenido del documento o la imagen puede revelar informaci\u00f3n valiosa sobre personas, lugares, eventos o \u00e9pocas pasadas.<\/li>\n\n\n\n<li style=\"margin-top:var(--wp--preset--spacing--10);margin-bottom:var(--wp--preset--spacing--10)\"><strong>Rareza:<\/strong> Los objetos \u00fanicos o poco comunes son m\u00e1s propensos a tener un alto valor hist\u00f3rico.<\/li>\n<\/ul>\n<\/details>\n\n\n\n<details class=\"wp-block-details is-style-arrow-icon-details has-medium-font-size is-layout-flow wp-block-details-is-layout-flow\" style=\"border-top-style:none;border-top-width:0px;border-right-style:none;border-right-width:0px;border-bottom-color:var(--wp--preset--color--base);border-bottom-style:solid;border-bottom-width:1px;border-left-style:none;border-left-width:0px;margin-top:0;font-style:normal;font-weight:300\"><summary>\u00bfQu\u00e9 debo hacer si encuentro un documento o item que creo que tiene valor hist\u00f3rico?<\/summary>\n<p style=\"margin-top:var(--wp--preset--spacing--10);margin-bottom:var(--wp--preset--spacing--10)\">Si encuentras un documento o item que crees que puede tener valor hist\u00f3rico, te recomendamos seguir estos pasos:<\/p>\n\n\n\n<ul class=\"wp-block-list\">\n<li style=\"margin-top:var(--wp--preset--spacing--10);margin-bottom:var(--wp--preset--spacing--10)\"><strong>Manipula el objeto con cuidado:<\/strong> Evita tocarlo directamente con las manos, ya que esto puede da\u00f1arlo. Utiliza guantes de algod\u00f3n o l\u00e1tex si es posible.<\/li>\n\n\n\n<li style=\"margin-top:var(--wp--preset--spacing--10);margin-bottom:var(--wp--preset--spacing--10)\"><strong>Toma fotos o descripciones detalladas:<\/strong> Documenta el aspecto del objeto, incluyendo cualquier inscripci\u00f3n, marca o detalle relevante.<\/li>\n\n\n\n<li style=\"margin-top:var(--wp--preset--spacing--10);margin-bottom:var(--wp--preset--spacing--10)\"><strong>Contacta con PARTICIPA:<\/strong> Env\u00edanos las fotos o descripciones a trav\u00e9s de nuestra p\u00e1gina web. Un equipo de expertos se pondr\u00e1 en contacto contigo para evaluar la importancia hist\u00f3rica del hallazgo.<\/li>\n<\/ul>\n<\/details>\n\n\n\n<div style=\"margin-top:var(--wp--preset--spacing--10);margin-bottom:0;height:var(--wp--preset--spacing--10)\" aria-hidden=\"true\" class=\"wp-block-spacer\"><\/div>\n<\/div>\n<\/div>\n","protected":false},"excerpt":{"rendered":"<p>\u00a1Gracias por visitar nuestro sitio web! Estamos aqu\u00ed para ayudarte con cualquier consulta, sugerencia o comentario que puedas tener. Nuestro equipo se esfuerza por responder a todas las consultas lo m\u00e1s r\u00e1pido posible. Valoramos tu tiempo y estamos comprometidos a proporcionarte la mejor asistencia. REDES SOCIALES @Cusepro_investigacio @Cusepro_investigacio M\u00c9TODOS DE CONTACTO C\/Luis Oliago 73, 25003 [&hellip;]<\/p>\n","protected":false},"author":110,"featured_media":0,"parent":0,"menu_order":7,"comment_status":"closed","ping_status":"closed","template":"","meta":{"_acf_changed":false,"footnotes":""},"class_list":["post-21","page","type-page","status-publish","hentry"],"acf":[],"mb":[],"mfb_rest_fields":["title"],"_links":{"self":[{"href":"http:\/\/dissenyweb.gddtec.udl.cat\/2024-web6\/wp-json\/wp\/v2\/pages\/21","targetHints":{"allow":["GET"]}}],"collection":[{"href":"http:\/\/dissenyweb.gddtec.udl.cat\/2024-web6\/wp-json\/wp\/v2\/pages"}],"about":[{"href":"http:\/\/dissenyweb.gddtec.udl.cat\/2024-web6\/wp-json\/wp\/v2\/types\/page"}],"author":[{"embeddable":true,"href":"http:\/\/dissenyweb.gddtec.udl.cat\/2024-web6\/wp-json\/wp\/v2\/users\/110"}],"replies":[{"embeddable":true,"href":"http:\/\/dissenyweb.gddtec.udl.cat\/2024-web6\/wp-json\/wp\/v2\/comments?post=21"}],"version-history":[{"count":179,"href":"http:\/\/dissenyweb.gddtec.udl.cat\/2024-web6\/wp-json\/wp\/v2\/pages\/21\/revisions"}],"predecessor-version":[{"id":1111,"href":"http:\/\/dissenyweb.gddtec.udl.cat\/2024-web6\/wp-json\/wp\/v2\/pages\/21\/revisions\/1111"}],"wp:attachment":[{"href":"http:\/\/dissenyweb.gddtec.udl.cat\/2024-web6\/wp-json\/wp\/v2\/media?parent=21"}],"curies":[{"name":"wp","href":"https:\/\/api.w.org\/{rel}","templated":true}]}}