{"id":14,"date":"2024-05-16T09:38:21","date_gmt":"2024-05-16T07:38:21","guid":{"rendered":"http:\/\/dissenyweb.gddtec.udl.cat\/2024-web6\/?page_id=14"},"modified":"2024-06-05T18:16:17","modified_gmt":"2024-06-05T16:16:17","slug":"paginainicio","status":"publish","type":"page","link":"http:\/\/dissenyweb.gddtec.udl.cat\/2024-web6\/","title":{"rendered":"HOME"},"content":{"rendered":"\n<div style=\"background-image:url(&#039;http:\/\/dissenyweb.gddtec.udl.cat\/2024-web6\/wp-content\/uploads\/sites\/38\/2024\/06\/Diseno-sin-titulo-2.png&#039;);background-position:17% 54%;background-repeat:no-repeat;background-size:cover;\" class=\"wp-block-group is-vertical is-content-justification-center is-layout-flex wp-container-core-group-is-layout-6363bf74 wp-block-group-is-layout-flex has-background\">\n<div style=\"height:63px\" aria-hidden=\"true\" class=\"wp-block-spacer wp-container-content-7b68837a\"><\/div>\n\n\n\n<div class=\"wp-block-group is-vertical is-content-justification-center is-layout-flex wp-container-core-group-is-layout-ce155fab wp-block-group-is-layout-flex\">\n<p class=\"has-text-align-center has-base-2-color has-text-color has-link-color has-butler-font-family wp-elements-e1b6b828dfddae90e2773ee7bea35c7b\" style=\"font-size:clamp(1.976rem, 1.976rem + ((1vw - 0.2rem) * 2.54), 3.5rem);\">EXPLORANDO CUSEPRO<\/p>\n\n\n\n<div style=\"height:327px\" aria-hidden=\"true\" class=\"wp-block-spacer wp-container-content-6c1b61a0\"><\/div>\n\n\n\n<h3 class=\"wp-block-heading has-text-align-center has-base-2-color has-text-color has-link-color has-medium-font-size wp-elements-39563c1ac138dbe6cb1ec668f0e03418\">Los cursillos de selecci\u00f3n profesional (1931-1936): un estudio comparativo, desde una perspectiva de g\u00e9nero, de la formaci\u00f3n de maestros\/as durante la Segunda Rep\u00fablica (CuSePro), 2023-2027<\/h3>\n<\/div>\n\n\n\n<div style=\"height:26px\" aria-hidden=\"true\" class=\"wp-block-spacer wp-container-content-e742b050\"><\/div>\n<\/div>\n\n\n\n<div class=\"wp-block-group alignfull has-global-padding is-layout-constrained wp-container-core-group-is-layout-4bad2fd7 wp-block-group-is-layout-constrained\" style=\"margin-top:0;margin-bottom:0;padding-top:var(--wp--preset--spacing--50);padding-right:var(--wp--preset--spacing--50);padding-bottom:var(--wp--preset--spacing--40);padding-left:var(--wp--preset--spacing--50);line-height:1.4\">\n<div class=\"wp-block-columns alignwide is-layout-flex wp-container-core-columns-is-layout-549b0c86 wp-block-columns-is-layout-flex\">\n<div class=\"wp-block-column is-layout-flow wp-container-core-column-is-layout-78e1d012 wp-block-column-is-layout-flow\" style=\"padding-right:var(--wp--preset--spacing--50);padding-left:0;flex-basis:40%\">\n<p class=\"has-roboto-font-family\" style=\"font-size:clamp(0.929rem, 0.929rem + ((1vw - 0.2rem) * 0.785), 1.4rem);font-style:normal;font-weight:500\">Sobre CuSePro<\/p>\n\n\n\n<div style=\"height:25px\" aria-hidden=\"true\" class=\"wp-block-spacer\"><\/div>\n\n\n\n<p style=\"font-style:normal;font-weight:300;line-height:1.52\">CuSePro es un proyecto interdisciplinar concebido para investigar hist\u00f3ricamente los cursillos de selecci\u00f3n profesional durante la Segunda Rep\u00fablica. Las provincias incluidas en este estudio son Lleida, La Rioja, Guip\u00fazcoa, Valladolid, Madrid, C\u00e1ceres, Sevilla, Valencia y Castell\u00f3n.<\/p>\n\n\n\n<div style=\"height:29px\" aria-hidden=\"true\" class=\"wp-block-spacer\"><\/div>\n\n\n\n<p style=\"font-style:normal;font-weight:300;line-height:1.5\">El proyecto integra el \u00e1rea de Teor\u00eda e Historia de la Educaci\u00f3n (THE) y el \u00e1rea de Did\u00e1ctica y Organizaci\u00f3n Escolar (DOE). CuSePro tambi\u00e9n implica reabrir una l\u00ednea de investigaci\u00f3n y valorizar manuscritos hist\u00f3ricos, ofreciendo un esquema de transferencia de conocimiento que sea exportable y explotable en el \u00e1mbito educativo y m\u00e1s all\u00e1.<\/p>\n<\/div>\n\n\n\n<div class=\"wp-block-column is-layout-flow wp-container-core-column-is-layout-119bc444 wp-block-column-is-layout-flow\" style=\"flex-basis:60%\">\n<p class=\"has-roboto-font-family\" style=\"font-size:clamp(1.25rem, 1.25rem + ((1vw - 0.2rem) * 1.25), 2rem);font-style:normal;font-weight:400;line-height:1.2\">Investigaci\u00f3n hist\u00f3rica sobre la formaci\u00f3n de maestros\/as durante la Segunda Rep\u00fablica: los cursillos de selecci\u00f3n profesional.<\/p>\n\n\n\n<div class=\"wp-block-columns is-layout-flex wp-container-core-columns-is-layout-87beb0d0 wp-block-columns-is-layout-flex\" style=\"font-style:normal;font-weight:300\">\n<div class=\"wp-block-column is-layout-flow wp-block-column-is-layout-flow\">\n<p style=\"font-style:normal;font-weight:400\">OBJETIVO 1<\/p>\n\n\n\n<p class=\"has-contrast-color has-text-color has-link-color wp-elements-615b794018e4fbc758b86ac73a6ee779\" style=\"font-size:clamp(0.875rem, 0.875rem + ((1vw - 0.2rem) * 0.208), 1rem);font-style:normal;font-weight:300\">Realizar una investigaci\u00f3n hist\u00f3rica sobre los cursillos de selecci\u00f3n profesional de maestros\/as durante la Segunda Rep\u00fablica, incluyendo el an\u00e1lisis comparativo de manuscritos desde una perspectiva de g\u00e9nero y en diversas provincias.<\/p>\n<\/div>\n\n\n\n<div class=\"wp-block-column is-layout-flow wp-block-column-is-layout-flow\">\n<p style=\"font-style:normal;font-weight:400\">OBJETIVO 2<\/p>\n\n\n\n<p class=\"has-contrast-color has-text-color has-link-color wp-elements-28cfb65c77c92e23f83390bd9e36a579\" style=\"font-size:clamp(0.875rem, 0.875rem + ((1vw - 0.2rem) * 0.208), 1rem);\">Transformar el estudio hist\u00f3rico en una experiencia muse\u00edstica digital i que fomente el esp\u00edritu cr\u00edtico e inclusivo en los j\u00f3venes del siglo XXI.<\/p>\n<\/div>\n<\/div>\n<\/div>\n<\/div>\n<\/div>\n\n\n\n<div class=\"wp-block-columns alignwide is-layout-flex wp-container-core-columns-is-layout-335396f2 wp-block-columns-is-layout-flex\" style=\"border-radius:65px;margin-bottom:0;padding-right:var(--wp--preset--spacing--30);padding-left:var(--wp--preset--spacing--30)\">\n<div class=\"wp-block-column has-border-color has-custom-taronja-border-color has-text-color has-link-color has-small-font-size wp-elements-c994d00ab6da44dce77f417f054b5f17 is-layout-flow wp-block-column-is-layout-flow\" style=\"border-width:1px;color:#000000;padding-top:2em;padding-right:1em;padding-bottom:2em;padding-left:1em;line-height:1.5;box-shadow:var(--wp--preset--shadow--natural)\">\n<h3 class=\"wp-block-heading has-text-align-center\" id=\"single\" style=\"font-size:clamp(14px, 0.875rem + ((1vw - 3.2px) * 0.208), 16px);font-style:normal;font-weight:500\">GENERACI\u00d3N DE CONOCIMIENTO<\/h3>\n\n\n\n<div style=\"height:10px\" aria-hidden=\"true\" class=\"wp-block-spacer\"><\/div>\n\n\n\n<ul class=\"has-normal-font-size wp-block-list\">\n<li style=\"font-size:clamp(0.875rem, 0.875rem + ((1vw - 0.2rem) * 0.208), 1rem);font-style:normal;font-weight:300\">Ofrecer un proyecto de investigaci\u00f3n riguroso y de alta calidad.<\/li>\n\n\n\n<li style=\"font-size:clamp(0.875rem, 0.875rem + ((1vw - 0.2rem) * 0.208), 1rem);font-style:normal;font-weight:300\">Crear una red de investigaci\u00f3n cient\u00edfica estatal en colaboraci\u00f3n con el \u00e1rea de Did\u00e1ctica y Organizaci\u00f3n Escolar (DOE).<\/li>\n\n\n\n<li style=\"font-size:clamp(0.875rem, 0.875rem + ((1vw - 0.2rem) * 0.208), 1rem);font-style:normal;font-weight:300;line-height:1.5\">Optimizar y complementar recursos y capacidades acad\u00e9micas.<\/li>\n<\/ul>\n<\/div>\n\n\n\n<div class=\"wp-block-column has-border-color has-custom-taronja-border-color has-text-color has-link-color has-small-font-size wp-elements-9940054378f649a03660c70d2ac0884e is-layout-flow wp-block-column-is-layout-flow\" style=\"border-width:1px;color:#000000;padding-top:2em;padding-right:1em;padding-bottom:2em;padding-left:1em;line-height:1.5;box-shadow:var(--wp--preset--shadow--natural)\">\n<h3 class=\"wp-block-heading has-text-align-center\" id=\"single\" style=\"font-size:clamp(14px, 0.875rem + ((1vw - 3.2px) * 0.208), 16px);font-style:normal;font-weight:500\">TRANSFERENCIA DE CONOCIMIENTO<\/h3>\n\n\n\n<div style=\"height:10px\" aria-hidden=\"true\" class=\"wp-block-spacer\"><\/div>\n\n\n\n<ul class=\"has-normal-font-size wp-block-list\">\n<li style=\"font-size:clamp(0.875rem, 0.875rem + ((1vw - 0.2rem) * 0.208), 1rem);font-style:normal;font-weight:300\">Desarrollar una estrategia de explotaci\u00f3n y difusi\u00f3n de resultados.<\/li>\n\n\n\n<li style=\"font-size:clamp(0.875rem, 0.875rem + ((1vw - 0.2rem) * 0.208), 1rem);font-style:normal;font-weight:300;line-height:1.5\">Contribuir a la mejora y dinamizaci\u00f3n del sistema estatal de I+D.<\/li>\n<\/ul>\n<\/div>\n\n\n\n<div class=\"wp-block-column has-border-color has-custom-taronja-border-color has-text-color has-link-color has-small-font-size wp-elements-b41dad55c4b0e78fe027e6b90aad8e98 is-layout-flow wp-container-core-column-is-layout-d9ee80ed wp-block-column-is-layout-flow\" style=\"border-style:solid;border-width:1px;color:#000000;padding-top:2em;padding-right:1em;padding-bottom:2em;padding-left:1em;line-height:1.5;box-shadow:var(--wp--preset--shadow--natural)\">\n<h3 class=\"wp-block-heading has-text-align-center\" id=\"single\" style=\"font-size:clamp(14px, 0.875rem + ((1vw - 3.2px) * 0.208), 16px);font-style:normal;font-weight:500\">IMPACTO SOCIAL Y EDUCATIVO<\/h3>\n\n\n\n<div style=\"height:10px\" aria-hidden=\"true\" class=\"wp-block-spacer\"><\/div>\n\n\n\n<ul class=\"has-normal-font-size wp-block-list\">\n<li style=\"font-size:clamp(0.875rem, 0.875rem + ((1vw - 0.2rem) * 0.208), 1rem);font-style:normal;font-weight:300\">Implementar una estrategia de impacto en la comunidad educativa.<\/li>\n\n\n\n<li style=\"font-size:clamp(0.875rem, 0.875rem + ((1vw - 0.2rem) * 0.208), 1rem);font-style:normal;font-weight:300\">Mejorar la formaci\u00f3n educativa y el bienestar social de las actuales y futuras generaciones.<\/li>\n<\/ul>\n<\/div>\n<\/div>\n\n\n\n<div style=\"height:29px\" aria-hidden=\"true\" class=\"wp-block-spacer\"><\/div>\n","protected":false},"excerpt":{"rendered":"<p>EXPLORANDO CUSEPRO Los cursillos de selecci\u00f3n profesional (1931-1936): un estudio comparativo, desde una perspectiva de g\u00e9nero, de la formaci\u00f3n de maestros\/as durante la Segunda Rep\u00fablica (CuSePro), 2023-2027 Sobre CuSePro CuSePro es un proyecto interdisciplinar concebido para investigar hist\u00f3ricamente los cursillos de selecci\u00f3n profesional durante la Segunda Rep\u00fablica. Las provincias incluidas en este estudio son Lleida, [&hellip;]<\/p>\n","protected":false},"author":99,"featured_media":0,"parent":0,"menu_order":0,"comment_status":"closed","ping_status":"closed","template":"","meta":{"_acf_changed":false,"footnotes":""},"class_list":["post-14","page","type-page","status-publish","hentry"],"acf":[],"mb":[],"mfb_rest_fields":["title"],"_links":{"self":[{"href":"http:\/\/dissenyweb.gddtec.udl.cat\/2024-web6\/wp-json\/wp\/v2\/pages\/14","targetHints":{"allow":["GET"]}}],"collection":[{"href":"http:\/\/dissenyweb.gddtec.udl.cat\/2024-web6\/wp-json\/wp\/v2\/pages"}],"about":[{"href":"http:\/\/dissenyweb.gddtec.udl.cat\/2024-web6\/wp-json\/wp\/v2\/types\/page"}],"author":[{"embeddable":true,"href":"http:\/\/dissenyweb.gddtec.udl.cat\/2024-web6\/wp-json\/wp\/v2\/users\/99"}],"replies":[{"embeddable":true,"href":"http:\/\/dissenyweb.gddtec.udl.cat\/2024-web6\/wp-json\/wp\/v2\/comments?post=14"}],"version-history":[{"count":31,"href":"http:\/\/dissenyweb.gddtec.udl.cat\/2024-web6\/wp-json\/wp\/v2\/pages\/14\/revisions"}],"predecessor-version":[{"id":1094,"href":"http:\/\/dissenyweb.gddtec.udl.cat\/2024-web6\/wp-json\/wp\/v2\/pages\/14\/revisions\/1094"}],"wp:attachment":[{"href":"http:\/\/dissenyweb.gddtec.udl.cat\/2024-web6\/wp-json\/wp\/v2\/media?parent=14"}],"curies":[{"name":"wp","href":"https:\/\/api.w.org\/{rel}","templated":true}]}}