{"id":376,"date":"2022-05-28T15:12:14","date_gmt":"2022-05-28T15:12:14","guid":{"rendered":"http:\/\/dissenyweb.gddtec.udl.cat\/2022-plit\/?page_id=376"},"modified":"2022-06-01T16:49:22","modified_gmt":"2022-06-01T16:49:22","slug":"hogwarts","status":"publish","type":"page","link":"http:\/\/dissenyweb.gddtec.udl.cat\/2022-plit\/hogwarts\/","title":{"rendered":"Hogwarts"},"content":{"rendered":"\n<div class=\"wp-block-kadence-rowlayout alignfull\"><div id=\"kt-layout-id_584f03-46\" class=\"kt-row-layout-inner kt-row-has-bg kt-layout-id_584f03-46\"><div class=\"kt-row-layout-overlay kt-row-overlay-gradient\"><\/div><div class=\"kt-row-column-wrap kt-has-1-columns kt-gutter-default kt-v-gutter-default kt-row-valign-top kt-row-layout-equal kt-tab-layout-inherit kt-m-colapse-left-to-right kt-mobile-layout-row\">\n<div class=\"wp-block-kadence-column inner-column-1 kadence-column_3df01d-25\"><div class=\"kt-inside-inner-col\">\n<div class=\"wp-block-columns is-layout-flex wp-container-core-columns-is-layout-d0b3c9c8 wp-block-columns-is-layout-flex\">\n<div class=\"wp-block-column is-layout-flow wp-block-column-is-layout-flow\">\n<figure class=\"wp-block-gallery has-nested-images columns-default is-cropped wp-block-gallery-1 is-layout-flex wp-block-gallery-is-layout-flex\">\n<figure class=\"wp-block-image size-large\" style=\"border-radius:20px\"><img loading=\"lazy\" decoding=\"async\" width=\"720\" height=\"405\" data-id=\"443\" src=\"http:\/\/dissenyweb.gddtec.udl.cat\/2022-plit\/wp-content\/uploads\/sites\/10\/2022\/05\/Harry-Potter-Hogwarts-Legacy-720x405.jpg-1.webp\" alt=\"Hogwarts Legacy\" class=\"wp-image-443\" srcset=\"http:\/\/dissenyweb.gddtec.udl.cat\/2022-plit\/wp-content\/uploads\/sites\/10\/2022\/05\/Harry-Potter-Hogwarts-Legacy-720x405.jpg-1.webp 720w, http:\/\/dissenyweb.gddtec.udl.cat\/2022-plit\/wp-content\/uploads\/sites\/10\/2022\/05\/Harry-Potter-Hogwarts-Legacy-720x405.jpg-1-300x169.webp 300w\" sizes=\"auto, (max-width: 720px) 100vw, 720px\" \/><\/figure>\n<\/figure>\n<\/div>\n\n\n\n<div class=\"wp-block-column is-layout-flow wp-block-column-is-layout-flow\">\n<div class=\"wp-block-cover has-custom-content-position is-position-top-center is-style-tw-rounded-corners\" style=\"padding-top:20px;padding-right:20px;padding-bottom:20px;padding-left:20px;min-height:70px;aspect-ratio:unset;\"><span aria-hidden=\"true\" class=\"has-background-dim-20 wp-block-cover__gradient-background has-background-dim\" style=\"background-color:#353842\"><\/span><div class=\"wp-block-cover__inner-container is-layout-flow wp-block-cover-is-layout-flow\">\n<h5 class=\"kt-adv-heading_b77c17-2b wp-block-kadence-advancedheading\" data-kb-block=\"kb-adv-heading_b77c17-2b\">HOGWARTS LEGACY<\/h5>\n\n\n\n<p class=\"has-text-align-center has-background has-medium-font-size\" style=\"background-color:#353842\"><strong>Fecha de lanzamiento: 31 diciembre 2022<\/strong><\/p>\n\n\n\n<div class=\"wp-block-columns is-layout-flex wp-container-core-columns-is-layout-d0b3c9c8 wp-block-columns-is-layout-flex\">\n<div class=\"wp-block-column is-layout-flow wp-block-column-is-layout-flow\" style=\"--col-width:100%;flex-basis:100%\">\n<div class=\"wp-block-columns is-layout-flex wp-container-core-columns-is-layout-d0b3c9c8 wp-block-columns-is-layout-flex\">\n<div class=\"wp-block-column is-layout-flow wp-block-column-is-layout-flow\">\n<p class=\"has-text-align-right\"><s>70 \u20ac<\/s><\/p>\n<\/div>\n\n\n\n<div class=\"wp-block-column is-layout-flow wp-block-column-is-layout-flow\">\n<p class=\"has-text-align-center has-text-color has-medium-font-size\" style=\"color:#df2adf\"><strong>15<\/strong>%<\/p>\n<\/div>\n\n\n\n<div class=\"wp-block-column is-layout-flow wp-block-column-is-layout-flow\">\n<p class=\"has-text-align-left has-text-color\" style=\"color:#9ff1ff;font-size:1.35rem\"><strong>59,50\u20ac<\/strong><\/p>\n<\/div>\n<\/div>\n<\/div>\n<\/div>\n\n\n<div style=\"gap: 20px;\" class=\"align-button-center ub-buttons orientation-button-row ub-flex-wrap wp-block-ub-button\" id=\"ub-button-913a84f7-5a62-483a-83bf-cf33de540752\"><div class=\"ub-button-container\">\n\t\t\t<a href=\"http:\/\/dissenyweb.gddtec.udl.cat\/2022-plit\/reservar-hogwarts\/\" target=\"_blank\" rel=\"noopener noreferrer nofollow\" class=\"ub-button-block-main   ub-button-flex\" role=\"button\" style=\"--ub-button-background-color: #df2adf; --ub-button-color: #ffffff; --ub-button-border: none; --ub-button-hover-background-color: #df5adf; --ub-button-hover-color: #ffffff; --ub-button-hover-border: none; padding-top: 10px; padding-right: 10px; padding-bottom: 10px; padding-left: 10px; border-radius: 10px; \">\n\t\t\t\t<div class=\"ub-button-content-holder\" style=\"flex-direction: row\">\n\t\t\t\t\t<span class=\"ub-button-block-btn\">\u00a1Reservar ya!<\/span>\n\t\t\t\t<\/div>\n\t\t\t<\/a>\n\t\t<\/div><div class=\"ub-button-container\">\n\t\t\t<a href=\"\" target=\"_blank\" rel=\"noopener noreferrer nofollow\" class=\"ub-button-block-main   ub-button-flex\" role=\"button\" style=\"--ub-button-background-color: #961f96; --ub-button-color: #ffffff; --ub-button-border: none; --ub-button-hover-background-color: #6d1d1d; --ub-button-hover-color: #ffffff; --ub-button-hover-border: none; padding-top: 10px; padding-right: 10px; padding-bottom: 10px; padding-left: 10px; border-radius: 10px; \">\n\t\t\t\t<div class=\"ub-button-content-holder\" style=\"flex-direction: row\">\n\t\t\t\t\t<span class=\"ub-button-block-btn\">FAV<\/span>\n\t\t\t\t<\/div>\n\t\t\t<\/a>\n\t\t<\/div><\/div><\/div><\/div>\n<\/div>\n<\/div>\n<\/div><\/div>\n<\/div><div class=\"kt-row-layout-bottom-sep kt-row-sep-type-ct\"><svg style=\"fill:#ffffff\" viewbox=\"0 0 1000 100\" preserveaspectratio=\"none\"><path d=\"M1000,0l-500,98l-500,-98l0,100l1000,0l0,-100Z\"><\/path><\/svg><\/div><\/div><\/div>\n\n\n\n<div class=\"wp-block-columns is-layout-flex wp-container-core-columns-is-layout-d0b3c9c8 wp-block-columns-is-layout-flex\">\n<div class=\"wp-block-column is-layout-flow wp-block-column-is-layout-flow\">\n<div class=\"wp-block-columns is-layout-flex wp-container-core-columns-is-layout-d0b3c9c8 wp-block-columns-is-layout-flex\">\n<div class=\"wp-block-column is-layout-flow wp-block-column-is-layout-flow\" style=\"--col-width:66.66%;flex-basis:66.66%\">\n<div class=\"wp-block-columns is-layout-flex wp-container-core-columns-is-layout-d0b3c9c8 wp-block-columns-is-layout-flex\">\n<div class=\"wp-block-column is-layout-flow wp-block-column-is-layout-flow\">\n<p class=\"has-text-color\" style=\"color:#949395\">G\u00e9neros<\/p>\n\n\n\n<p>Aventura, RPG, Acci\u00f3n<\/p>\n<\/div>\n\n\n\n<div class=\"wp-block-column is-layout-flow wp-block-column-is-layout-flow\">\n<p class=\"has-text-color\" style=\"color:#949395\">Caracter\u00edsticas<\/p>\n\n\n\n<p>Un solo jugador<\/p>\n<\/div>\n<\/div>\n\n\n\n<p>Hogwarts Legacy es un inmersivo juego RPG de acci\u00f3n y mundo abierto ambientado en el universo descrito por primera vez en los libros de Harry Potter. Emb\u00e1rcate en un viaje que te llevar\u00e1 a lugares nuevos y ya conocidos, y en el que podr\u00e1s descubrir animales fant\u00e1sticos, personalizar a tu personaje, elaborar pociones, dominar hechizos, mejorar tus habilidades y convertirte en la bruja o el mago que quieras ser.<\/p>\n\n\n\n<p>Disfruta de Hogwarts en el siglo XIX. Tu personaje es un estudiante que tiene la clave de un antiguo secreto que amenaza la estabilidad del mundo m\u00e1gico. Descubre la experiencia de vivir en Hogwarts, conseguir aliados, enfrentarte a magos tenebrosos y decidir el destino del mundo m\u00e1gico.<\/p>\n\n\n\n<p>T\u00fa defines tu legado. Escribe tu propia historia.<\/p>\n<\/div>\n\n\n\n<div class=\"wp-block-column is-layout-flow wp-block-column-is-layout-flow\" style=\"--col-width:33.33%;flex-basis:33.33%\">\n<p class=\"has-text-color\" style=\"color:#949395\"><strong>Fecha de lanzamiento:<\/strong> <\/p>\n\n\n\n<p>31 diciembre 2022<\/p>\n\n\n\n<p class=\"has-text-color\" style=\"color:#949395\"><strong>Desarrolladora<\/strong>:<\/p>\n\n\n\n<p>Avalanche Software<\/p>\n\n\n\n<p class=\"has-text-color\" style=\"color:#949395\">Distribuidora:<\/p>\n\n\n\n<p>Warner Bros. Games<\/p>\n\n\n\n<p class=\"has-text-color\" style=\"color:#949395\">Plataforma:<\/p>\n\n\n\n<p>PC, Playstation, Xbox<\/p>\n<\/div>\n<\/div>\n<\/div>\n<\/div>\n\n\n\n<h4 class=\"kt-adv-heading_e429ab-ad wp-block-kadence-advancedheading\" data-kb-block=\"kb-adv-heading_e429ab-ad\"><strong>Especificaciones<\/strong><\/h4>\n\n\n\n<div class=\"wp-block-cover is-style-tw-rounded-corners\"><span aria-hidden=\"true\" class=\"has-background-dim-100 wp-block-cover__gradient-background has-background-dim\" style=\"background-color:#0f0d15\"><\/span><div class=\"wp-block-cover__inner-container is-layout-flow wp-block-cover-is-layout-flow\">\n<div class=\"wp-block-columns is-layout-flex wp-container-core-columns-is-layout-d0b3c9c8 wp-block-columns-is-layout-flex\">\n<div class=\"wp-block-column is-layout-flow wp-block-column-is-layout-flow\">\n<p>M\u00ednimos<\/p>\n\n\n\n<p class=\"has-text-color\" style=\"color:#919192\">Sistema operativo<\/p>\n\n\n\n<p>TBD<\/p>\n\n\n\n<p class=\"has-text-color\" style=\"color:#919192\">Procesador<\/p>\n\n\n\n<p>TBD<\/p>\n\n\n\n<p class=\"has-text-color\" style=\"color:#919192\">Memoria<\/p>\n\n\n\n<p>TBD<\/p>\n\n\n\n<p class=\"has-text-color\" style=\"color:#919192\">Almacenamiento<\/p>\n\n\n\n<p>TBD<\/p>\n\n\n\n<p class=\"has-text-color\" style=\"color:#919192\">DirectX<\/p>\n\n\n\n<p>TBD<\/p>\n\n\n\n<p class=\"has-text-color\" style=\"color:#919192\">DireTarjeta gr\u00e1ficactX<\/p>\n\n\n\n<p>TBD<\/p>\n<\/div>\n\n\n\n<div class=\"wp-block-column is-layout-flow wp-block-column-is-layout-flow\">\n<p>Recomendado<\/p>\n\n\n\n<p class=\"has-text-color\" style=\"color:#919192\">Sistema operativo<\/p>\n\n\n\n<p>TBD <\/p>\n\n\n\n<p class=\"has-text-color\" style=\"color:#919192\">Procesador<\/p>\n\n\n\n<p>TBD<\/p>\n\n\n\n<p class=\"has-text-color\" style=\"color:#919192\">Memoria<\/p>\n\n\n\n<p>TBD<\/p>\n\n\n\n<p class=\"has-text-color\" style=\"color:#919192\">Almacenamiento<\/p>\n\n\n\n<p>TBD<\/p>\n\n\n\n<p class=\"has-text-color\" style=\"color:#919192\">DirectX<\/p>\n\n\n\n<p>TBD<\/p>\n\n\n\n<p class=\"has-text-color\" style=\"color:#919192\">DireTarjeta gr\u00e1ficactX<\/p>\n\n\n\n<p>TBD<\/p>\n<\/div>\n<\/div>\n\n\n\n<p class=\"has-text-color\" style=\"color:#919192\">Idiomas disponibles<\/p>\n\n\n\n<p>TBD<\/p>\n<\/div><\/div>\n\n\n\n<h4 class=\"kt-adv-heading_843ba2-d5 wp-block-kadence-advancedheading\" data-kb-block=\"kb-adv-heading_843ba2-d5\"><strong>Especificaciones<\/strong><\/h4>\n\n\n\n<figure class=\"wp-block-image size-large is-style-tw-rounded-corners\" style=\"border-radius:20px\"><img loading=\"lazy\" decoding=\"async\" width=\"1024\" height=\"576\" src=\"http:\/\/dissenyweb.gddtec.udl.cat\/2022-plit\/wp-content\/uploads\/sites\/10\/2022\/05\/Hogwarts-Legacy-1024x576.jpeg\" alt=\"Montando sobre un grifo\" class=\"wp-image-463\" srcset=\"http:\/\/dissenyweb.gddtec.udl.cat\/2022-plit\/wp-content\/uploads\/sites\/10\/2022\/05\/Hogwarts-Legacy-1024x576.jpeg 1024w, http:\/\/dissenyweb.gddtec.udl.cat\/2022-plit\/wp-content\/uploads\/sites\/10\/2022\/05\/Hogwarts-Legacy-300x169.jpeg 300w, http:\/\/dissenyweb.gddtec.udl.cat\/2022-plit\/wp-content\/uploads\/sites\/10\/2022\/05\/Hogwarts-Legacy-768x432.jpeg 768w, http:\/\/dissenyweb.gddtec.udl.cat\/2022-plit\/wp-content\/uploads\/sites\/10\/2022\/05\/Hogwarts-Legacy-1536x864.jpeg 1536w, http:\/\/dissenyweb.gddtec.udl.cat\/2022-plit\/wp-content\/uploads\/sites\/10\/2022\/05\/Hogwarts-Legacy.jpeg 1920w\" sizes=\"auto, (max-width: 1024px) 100vw, 1024px\" \/><\/figure>\n\n\n\n<div class=\"wp-block-columns is-layout-flex wp-container-core-columns-is-layout-d0b3c9c8 wp-block-columns-is-layout-flex\">\n<div class=\"wp-block-column is-layout-flow wp-block-column-is-layout-flow\">\n<figure class=\"wp-block-image size-large is-style-tw-rounded-corners\" style=\"border-radius:20px\"><img loading=\"lazy\" decoding=\"async\" width=\"1024\" height=\"576\" src=\"http:\/\/dissenyweb.gddtec.udl.cat\/2022-plit\/wp-content\/uploads\/sites\/10\/2022\/05\/El-primer-gameplay-de-Hogwarts-Legacy-TECNOLOCURA-1024x576.jpg\" alt=\"Ogro contra mago\" class=\"wp-image-464\" srcset=\"http:\/\/dissenyweb.gddtec.udl.cat\/2022-plit\/wp-content\/uploads\/sites\/10\/2022\/05\/El-primer-gameplay-de-Hogwarts-Legacy-TECNOLOCURA-1024x576.jpg 1024w, http:\/\/dissenyweb.gddtec.udl.cat\/2022-plit\/wp-content\/uploads\/sites\/10\/2022\/05\/El-primer-gameplay-de-Hogwarts-Legacy-TECNOLOCURA-300x169.jpg 300w, http:\/\/dissenyweb.gddtec.udl.cat\/2022-plit\/wp-content\/uploads\/sites\/10\/2022\/05\/El-primer-gameplay-de-Hogwarts-Legacy-TECNOLOCURA-768x432.jpg 768w, http:\/\/dissenyweb.gddtec.udl.cat\/2022-plit\/wp-content\/uploads\/sites\/10\/2022\/05\/El-primer-gameplay-de-Hogwarts-Legacy-TECNOLOCURA-1536x864.jpg 1536w, http:\/\/dissenyweb.gddtec.udl.cat\/2022-plit\/wp-content\/uploads\/sites\/10\/2022\/05\/El-primer-gameplay-de-Hogwarts-Legacy-TECNOLOCURA.jpg 1920w\" sizes=\"auto, (max-width: 1024px) 100vw, 1024px\" \/><\/figure>\n<\/div>\n\n\n\n<div class=\"wp-block-column is-layout-flow wp-block-column-is-layout-flow\">\n<figure class=\"wp-block-image size-full\" style=\"border-radius:20px\"><img loading=\"lazy\" decoding=\"async\" width=\"1024\" height=\"512\" src=\"http:\/\/dissenyweb.gddtec.udl.cat\/2022-plit\/wp-content\/uploads\/sites\/10\/2022\/05\/wp8172995-hogwarts-legacy-wallpapers-1280x640-1.webp\" alt=\"Mago con su mascota magica\" class=\"wp-image-466\" srcset=\"http:\/\/dissenyweb.gddtec.udl.cat\/2022-plit\/wp-content\/uploads\/sites\/10\/2022\/05\/wp8172995-hogwarts-legacy-wallpapers-1280x640-1.webp 1024w, http:\/\/dissenyweb.gddtec.udl.cat\/2022-plit\/wp-content\/uploads\/sites\/10\/2022\/05\/wp8172995-hogwarts-legacy-wallpapers-1280x640-1-300x150.webp 300w, http:\/\/dissenyweb.gddtec.udl.cat\/2022-plit\/wp-content\/uploads\/sites\/10\/2022\/05\/wp8172995-hogwarts-legacy-wallpapers-1280x640-1-768x384.webp 768w\" sizes=\"auto, (max-width: 1024px) 100vw, 1024px\" \/><\/figure>\n<\/div>\n\n\n\n<div class=\"wp-block-column is-layout-flow wp-block-column-is-layout-flow\">\n<figure class=\"wp-block-image size-large\" style=\"border-radius:20px\"><img loading=\"lazy\" decoding=\"async\" width=\"1024\" height=\"576\" src=\"http:\/\/dissenyweb.gddtec.udl.cat\/2022-plit\/wp-content\/uploads\/sites\/10\/2022\/05\/PS_HOGWARTS_LEGACY_3-1024x576.jpg\" alt=\"Mago con drag\u00f3n\" class=\"wp-image-465\" srcset=\"http:\/\/dissenyweb.gddtec.udl.cat\/2022-plit\/wp-content\/uploads\/sites\/10\/2022\/05\/PS_HOGWARTS_LEGACY_3-1024x576.jpg 1024w, http:\/\/dissenyweb.gddtec.udl.cat\/2022-plit\/wp-content\/uploads\/sites\/10\/2022\/05\/PS_HOGWARTS_LEGACY_3-300x169.jpg 300w, http:\/\/dissenyweb.gddtec.udl.cat\/2022-plit\/wp-content\/uploads\/sites\/10\/2022\/05\/PS_HOGWARTS_LEGACY_3-768x432.jpg 768w, http:\/\/dissenyweb.gddtec.udl.cat\/2022-plit\/wp-content\/uploads\/sites\/10\/2022\/05\/PS_HOGWARTS_LEGACY_3-1536x864.jpg 1536w, http:\/\/dissenyweb.gddtec.udl.cat\/2022-plit\/wp-content\/uploads\/sites\/10\/2022\/05\/PS_HOGWARTS_LEGACY_3.jpg 1920w\" sizes=\"auto, (max-width: 1024px) 100vw, 1024px\" \/><\/figure>\n<\/div>\n<\/div>\n","protected":false},"excerpt":{"rendered":"<p>G\u00e9neros Aventura, RPG, Acci\u00f3n Caracter\u00edsticas Un solo jugador Hogwarts Legacy es un inmersivo juego RPG de acci\u00f3n y mundo abierto ambientado en el universo descrito por primera vez en los libros de Harry Potter. Emb\u00e1rcate en un viaje que te llevar\u00e1 a lugares nuevos y ya conocidos, y en el que podr\u00e1s descubrir animales fant\u00e1sticos, [&hellip;]<\/p>\n","protected":false},"author":29,"featured_media":0,"parent":0,"menu_order":0,"comment_status":"closed","ping_status":"closed","template":"","meta":{"_acf_changed":false,"_uag_custom_page_level_css":"","footnotes":""},"class_list":["post-376","page","type-page","status-publish","hentry"],"acf":[],"mb":[],"featured_image_src":null,"uagb_featured_image_src":{"full":false,"thumbnail":false,"medium":false,"medium_large":false,"large":false,"1536x1536":false,"2048x2048":false},"uagb_author_info":{"display_name":"","author_link":"http:\/\/dissenyweb.gddtec.udl.cat\/2022-plit\/author\/"},"uagb_comment_info":0,"uagb_excerpt":"G\u00e9neros Aventura, RPG, Acci\u00f3n Caracter\u00edsticas Un solo jugador Hogwarts Legacy es un inmersivo juego RPG de acci\u00f3n y mundo abierto ambientado en el universo descrito por primera vez en los libros de Harry Potter. Emb\u00e1rcate en un viaje que te llevar\u00e1 a lugares nuevos y ya conocidos, y en el que podr\u00e1s descubrir animales fant\u00e1sticos,&hellip;","mfb_rest_fields":["title","featured_image_src","uagb_featured_image_src","uagb_author_info","uagb_comment_info","uagb_excerpt"],"_links":{"self":[{"href":"http:\/\/dissenyweb.gddtec.udl.cat\/2022-plit\/wp-json\/wp\/v2\/pages\/376","targetHints":{"allow":["GET"]}}],"collection":[{"href":"http:\/\/dissenyweb.gddtec.udl.cat\/2022-plit\/wp-json\/wp\/v2\/pages"}],"about":[{"href":"http:\/\/dissenyweb.gddtec.udl.cat\/2022-plit\/wp-json\/wp\/v2\/types\/page"}],"author":[{"embeddable":true,"href":"http:\/\/dissenyweb.gddtec.udl.cat\/2022-plit\/wp-json\/wp\/v2\/users\/29"}],"replies":[{"embeddable":true,"href":"http:\/\/dissenyweb.gddtec.udl.cat\/2022-plit\/wp-json\/wp\/v2\/comments?post=376"}],"version-history":[{"count":7,"href":"http:\/\/dissenyweb.gddtec.udl.cat\/2022-plit\/wp-json\/wp\/v2\/pages\/376\/revisions"}],"predecessor-version":[{"id":664,"href":"http:\/\/dissenyweb.gddtec.udl.cat\/2022-plit\/wp-json\/wp\/v2\/pages\/376\/revisions\/664"}],"wp:attachment":[{"href":"http:\/\/dissenyweb.gddtec.udl.cat\/2022-plit\/wp-json\/wp\/v2\/media?parent=376"}],"curies":[{"name":"wp","href":"https:\/\/api.w.org\/{rel}","templated":true}]}}