{"id":363,"date":"2022-05-28T14:54:39","date_gmt":"2022-05-28T14:54:39","guid":{"rendered":"http:\/\/dissenyweb.gddtec.udl.cat\/2022-plit\/?page_id=363"},"modified":"2022-06-01T17:22:17","modified_gmt":"2022-06-01T17:22:17","slug":"uncharted","status":"publish","type":"page","link":"http:\/\/dissenyweb.gddtec.udl.cat\/2022-plit\/uncharted\/","title":{"rendered":"UNCHARTED"},"content":{"rendered":"\n<div class=\"wp-block-kadence-rowlayout alignfull\"><div id=\"kt-layout-id_584f03-46\" class=\"kt-row-layout-inner kt-row-has-bg kt-layout-id_584f03-46\"><div class=\"kt-row-layout-overlay kt-row-overlay-gradient\"><\/div><div class=\"kt-row-column-wrap kt-has-1-columns kt-gutter-default kt-v-gutter-default kt-row-valign-top kt-row-layout-equal kt-tab-layout-inherit kt-m-colapse-left-to-right kt-mobile-layout-row\">\n<div class=\"wp-block-kadence-column inner-column-1 kadence-column_3df01d-25\"><div class=\"kt-inside-inner-col\">\n<div class=\"wp-block-columns is-layout-flex wp-container-core-columns-is-layout-d0b3c9c8 wp-block-columns-is-layout-flex\">\n<div class=\"wp-block-column is-layout-flow wp-block-column-is-layout-flow\">\n<figure class=\"wp-block-image size-large is-style-default\" style=\"border-radius:20px\"><img loading=\"lazy\" decoding=\"async\" width=\"1024\" height=\"420\" src=\"http:\/\/dissenyweb.gddtec.udl.cat\/2022-plit\/wp-content\/uploads\/sites\/10\/2022\/05\/48289689-0fb9-49a6-bc44-b03eec89db8a.__CR001464600_PT0_SX1464_V1___-1024x420.jpg\" alt=\"Uncharted Legacy of Thieves\" class=\"wp-image-7\" srcset=\"http:\/\/dissenyweb.gddtec.udl.cat\/2022-plit\/wp-content\/uploads\/sites\/10\/2022\/05\/48289689-0fb9-49a6-bc44-b03eec89db8a.__CR001464600_PT0_SX1464_V1___-1024x420.jpg 1024w, http:\/\/dissenyweb.gddtec.udl.cat\/2022-plit\/wp-content\/uploads\/sites\/10\/2022\/05\/48289689-0fb9-49a6-bc44-b03eec89db8a.__CR001464600_PT0_SX1464_V1___-300x123.jpg 300w, http:\/\/dissenyweb.gddtec.udl.cat\/2022-plit\/wp-content\/uploads\/sites\/10\/2022\/05\/48289689-0fb9-49a6-bc44-b03eec89db8a.__CR001464600_PT0_SX1464_V1___-768x315.jpg 768w, http:\/\/dissenyweb.gddtec.udl.cat\/2022-plit\/wp-content\/uploads\/sites\/10\/2022\/05\/48289689-0fb9-49a6-bc44-b03eec89db8a.__CR001464600_PT0_SX1464_V1___.jpg 1464w\" sizes=\"auto, (max-width: 1024px) 100vw, 1024px\" \/><\/figure>\n<\/div>\n\n\n\n<div class=\"wp-block-column is-layout-flow wp-block-column-is-layout-flow\">\n<div class=\"wp-block-cover has-custom-content-position is-position-top-center is-style-tw-rounded-corners\" style=\"padding-top:20px;padding-right:20px;padding-bottom:20px;padding-left:20px;min-height:70px;aspect-ratio:unset;\"><span aria-hidden=\"true\" class=\"has-background-dim-20 wp-block-cover__gradient-background has-background-dim\" style=\"background-color:#353842\"><\/span><div class=\"wp-block-cover__inner-container is-layout-flow wp-block-cover-is-layout-flow\">\n<h5 class=\"kt-adv-heading_09a83a-d2 wp-block-kadence-advancedheading\" data-kb-block=\"kb-adv-heading_09a83a-d2\">Uncharted Legacy of Thieves Collection<\/h5>\n\n\n\n<p class=\"has-text-align-center has-background has-medium-font-size\" style=\"background-color:#353842\"><strong>Fecha de lanzamiento: 20 junio 2022 \/ Pc<\/strong><\/p>\n\n\n\n<p class=\"has-text-align-center has-background has-medium-font-size\" style=\"background-color:#353842\"><strong>En Stock Ps4 \/ Ps5 | Descarga Digital<\/strong><\/p>\n\n\n\n<div class=\"wp-block-columns is-layout-flex wp-container-core-columns-is-layout-d0b3c9c8 wp-block-columns-is-layout-flex\">\n<div class=\"wp-block-column is-layout-flow wp-block-column-is-layout-flow\" style=\"--col-width:100%;flex-basis:100%\">\n<div class=\"wp-block-columns are-vertically-aligned-center is-layout-flex wp-container-core-columns-is-layout-d0b3c9c8 wp-block-columns-is-layout-flex\">\n<div class=\"wp-block-column is-vertically-aligned-center is-layout-flow wp-block-column-is-layout-flow\">\n<p class=\"has-text-align-center has-text-color\" style=\"color:#9ff1ff;font-size:1.35rem\"><strong>39,50 \u20ac<\/strong><\/p>\n<\/div>\n<\/div>\n<\/div>\n<\/div>\n\n\n<div style=\"gap: 20px;\" class=\"align-button-center ub-buttons orientation-button-row ub-flex-wrap wp-block-ub-button\" id=\"ub-button-ea25c031-fb51-482b-9ac3-7dfb9c444fa5\"><div class=\"ub-button-container\">\n\t\t\t<a href=\"http:\/\/dissenyweb.gddtec.udl.cat\/2022-plit\/comprar-uncharted\/\" target=\"_blank\" rel=\"noopener noreferrer nofollow\" class=\"ub-button-block-main   ub-button-flex\" role=\"button\" style=\"--ub-button-background-color: #df2adf; --ub-button-color: #ffffff; --ub-button-border: none; --ub-button-hover-background-color: #df5adf; --ub-button-hover-color: #ffffff; --ub-button-hover-border: none; padding-top: 10px; padding-right: 10px; padding-bottom: 10px; padding-left: 10px; border-radius: 10px; \">\n\t\t\t\t<div class=\"ub-button-content-holder\" style=\"flex-direction: row\">\n\t\t\t\t\t<span class=\"ub-button-block-btn\">\u00a1Compra ya!<\/span>\n\t\t\t\t<\/div>\n\t\t\t<\/a>\n\t\t<\/div><div class=\"ub-button-container\">\n\t\t\t<a href=\"\" target=\"_blank\" rel=\"noopener noreferrer nofollow\" class=\"ub-button-block-main   ub-button-flex\" role=\"button\" style=\"--ub-button-background-color: #961f96; --ub-button-color: #ffffff; --ub-button-border: none; --ub-button-hover-background-color: #6d1d1d; --ub-button-hover-color: #ffffff; --ub-button-hover-border: none; padding-top: 10px; padding-right: 10px; padding-bottom: 10px; padding-left: 10px; border-radius: 10px; \">\n\t\t\t\t<div class=\"ub-button-content-holder\" style=\"flex-direction: row\">\n\t\t\t\t\t<span class=\"ub-button-block-btn\">FAV<\/span>\n\t\t\t\t<\/div>\n\t\t\t<\/a>\n\t\t<\/div><\/div><\/div><\/div>\n<\/div>\n<\/div>\n<\/div><\/div>\n<\/div><div class=\"kt-row-layout-bottom-sep kt-row-sep-type-ct\"><svg style=\"fill:#ffffff\" viewbox=\"0 0 1000 100\" preserveaspectratio=\"none\"><path d=\"M1000,0l-500,98l-500,-98l0,100l1000,0l0,-100Z\"><\/path><\/svg><\/div><\/div><\/div>\n\n\n\n<div class=\"wp-block-columns is-layout-flex wp-container-core-columns-is-layout-d0b3c9c8 wp-block-columns-is-layout-flex\">\n<div class=\"wp-block-column is-layout-flow wp-block-column-is-layout-flow\">\n<div class=\"wp-block-columns is-layout-flex wp-container-core-columns-is-layout-d0b3c9c8 wp-block-columns-is-layout-flex\">\n<div class=\"wp-block-column is-layout-flow wp-block-column-is-layout-flow\" style=\"--col-width:66.66%;flex-basis:66.66%\">\n<div class=\"wp-block-columns is-layout-flex wp-container-core-columns-is-layout-d0b3c9c8 wp-block-columns-is-layout-flex\">\n<div class=\"wp-block-column is-layout-flow wp-block-column-is-layout-flow\">\n<p class=\"has-text-color\" style=\"color:#949395\">G\u00e9neros<\/p>\n\n\n\n<p>Acci\u00f3n, Aventura<\/p>\n<\/div>\n\n\n\n<div class=\"wp-block-column is-layout-flow wp-block-column-is-layout-flow\">\n<p class=\"has-text-color\" style=\"color:#949395\">Caracter\u00edsticas<\/p>\n\n\n\n<p>Multijugador, Un jugador<\/p>\n<\/div>\n<\/div>\n\n\n\n<p>El galardonado desarrollador Naughty Dog te ofrece la experiencia UNCHARTED: Colecci\u00f3n Legado de los Ladrones, que incluye las dos aclamadas aventuras para un jugador UNCHARTED 4: El Desenlace del Ladr\u00f3n y UNCHARTED: El Legado Perdido.<\/p>\n\n\n\n<p><br>UNCHARTED 4: El Desenlace del Ladr\u00f3n<br>Varios a\u00f1os despu\u00e9s de su \u00faltima aventura, el retirado buscador de fortunas Nathan Drake se ve obligado a regresar al mundo de los ladrones.<br>El destino llama a su puerta cuando Sam, el hermano al que cre\u00eda muerto, reaparece en busca de ayuda para salvar la vida y le ofrece una aventura a la que Drake no puede resistirse.<\/p>\n\n\n\n<p>Arrastrado por una meta mucho m\u00e1s personal, Drake se embarca en un viaje por todo el mundo para desvelar una conspiraci\u00f3n hist\u00f3rica en pos de un fabuloso tesoro pirata.<br><br>UNCHARTED: El Legado Perdido<br>Para recuperar un antiguo artefacto y evitar que caiga en manos de un despiadado se\u00f1or de la guerra, Chloe Frazer se ve obligada a reclutar a la famosa mercenaria Nadie Ross y aventurarse en las Ghats occidentales, en la India, para dar con el colmillo dorado de Ganesha.<\/p>\n\n\n\n<p>En el viaje m\u00e1s extraordinario de su vida, Chloe tendr\u00e1 que hacer frente a su pasado y decidir lo que est\u00e1 dispuesta a sacrificar para forjar un legado propio.<\/p>\n<\/div>\n\n\n\n<div class=\"wp-block-column is-layout-flow wp-block-column-is-layout-flow\" style=\"--col-width:33.33%;flex-basis:33.33%\">\n<p class=\"has-text-color\" style=\"color:#949395\"><strong>Fecha de lanzamiento:<\/strong> <\/p>\n\n\n\n<p>28 enero 2022 Ps4 \/ Ps5<br>20 junio 2022 Pc<\/p>\n\n\n\n<p class=\"has-text-color\" style=\"color:#949395\"><strong>Desarrolladora<\/strong>:<\/p>\n\n\n\n<p>Naughty Dog<\/p>\n\n\n\n<p class=\"has-text-color\" style=\"color:#949395\">Editora:<\/p>\n\n\n\n<p>Sony Interactive Entertainment Europe<\/p>\n\n\n\n<p class=\"has-text-color\" style=\"color:#949395\">Plataforma:<\/p>\n\n\n\n<p>PC, PlayStation<\/p>\n<\/div>\n<\/div>\n<\/div>\n<\/div>\n\n\n\n<h4 class=\"kt-adv-heading_e429ab-ad wp-block-kadence-advancedheading\" data-kb-block=\"kb-adv-heading_e429ab-ad\"><strong>Especificaciones<\/strong><\/h4>\n\n\n\n<div class=\"wp-block-cover is-style-tw-rounded-corners\"><span aria-hidden=\"true\" class=\"has-background-dim-100 wp-block-cover__gradient-background has-background-dim\" style=\"background-color:#0f0d15\"><\/span><div class=\"wp-block-cover__inner-container is-layout-flow wp-block-cover-is-layout-flow\">\n<div class=\"wp-block-columns is-layout-flex wp-container-core-columns-is-layout-d0b3c9c8 wp-block-columns-is-layout-flex\">\n<div class=\"wp-block-column is-layout-flow wp-block-column-is-layout-flow\">\n<p>M\u00ednimos<\/p>\n\n\n\n<p class=\"has-text-color\" style=\"color:#919192\">Sistema operativo<\/p>\n\n\n\n<p>TDB<\/p>\n\n\n\n<p class=\"has-text-color\" style=\"color:#919192\">Procesador<\/p>\n\n\n\n<p>TDB<\/p>\n\n\n\n<p class=\"has-text-color\" style=\"color:#919192\">Memoria<\/p>\n\n\n\n<p>TDB<\/p>\n\n\n\n<p class=\"has-text-color\" style=\"color:#919192\">Almacenamiento<\/p>\n\n\n\n<p>TDB<\/p>\n\n\n\n<p class=\"has-text-color\" style=\"color:#919192\">DirectX<\/p>\n\n\n\n<p>TDB<\/p>\n\n\n\n<p class=\"has-text-color\" style=\"color:#919192\">DireTarjeta gr\u00e1ficactX<\/p>\n\n\n\n<p>TDB<\/p>\n<\/div>\n\n\n\n<div class=\"wp-block-column is-layout-flow wp-block-column-is-layout-flow\">\n<p>Recomendado<\/p>\n\n\n\n<p class=\"has-text-color\" style=\"color:#919192\">Sistema operativo<\/p>\n\n\n\n<p>TDB<\/p>\n\n\n\n<p class=\"has-text-color\" style=\"color:#919192\">Procesador<\/p>\n\n\n\n<p>TDB<\/p>\n\n\n\n<p class=\"has-text-color\" style=\"color:#919192\">Memoria<\/p>\n\n\n\n<p>TDB<\/p>\n\n\n\n<p class=\"has-text-color\" style=\"color:#919192\">Almacenamiento<\/p>\n\n\n\n<p>TDB<\/p>\n\n\n\n<p class=\"has-text-color\" style=\"color:#919192\">DirectX<\/p>\n\n\n\n<p>TDB<\/p>\n\n\n\n<p class=\"has-text-color\" style=\"color:#919192\">DireTarjeta gr\u00e1ficactX<\/p>\n\n\n\n<p>TDB<\/p>\n<\/div>\n<\/div>\n\n\n\n<p class=\"has-text-color\" style=\"color:#919192\">Idiomas disponibles<\/p>\n\n\n\n<p>Voces: Alem\u00e1n, Espa\u00f1ol, Franc\u00e9s (Francia), Ingl\u00e9s, Italiano, Neerland\u00e9s, Polaco, Portugu\u00e9s (Portugal), Ruso, Turco, \u00c1rabe<br>Texto: Alem\u00e1n, Checo, Dan\u00e9s, Espa\u00f1ol, Finland\u00e9s, Franc\u00e9s (Francia), Griego, Ingl\u00e9s, Italiano, Neerland\u00e9s, Noruego, Polaco, Portugu\u00e9s (Portugal), Ruso, Sueco, Turco<\/p>\n<\/div><\/div>\n\n\n\n<h4 class=\"kt-adv-heading_843ba2-d5 wp-block-kadence-advancedheading\" data-kb-block=\"kb-adv-heading_843ba2-d5\"><strong>Especificaciones<\/strong><\/h4>\n\n\n\n<figure class=\"wp-block-image size-large is-style-tw-rounded-corners\" style=\"border-radius:20px\"><img loading=\"lazy\" decoding=\"async\" width=\"1024\" height=\"478\" src=\"http:\/\/dissenyweb.gddtec.udl.cat\/2022-plit\/wp-content\/uploads\/sites\/10\/2022\/05\/nathan-drake-no-recibe-disparos-uncharted-1024x478.webp\" alt=\"Nathan Drake saltando con una cuerda\" class=\"wp-image-366\" srcset=\"http:\/\/dissenyweb.gddtec.udl.cat\/2022-plit\/wp-content\/uploads\/sites\/10\/2022\/05\/nathan-drake-no-recibe-disparos-uncharted-1024x478.webp 1024w, http:\/\/dissenyweb.gddtec.udl.cat\/2022-plit\/wp-content\/uploads\/sites\/10\/2022\/05\/nathan-drake-no-recibe-disparos-uncharted-300x140.webp 300w, http:\/\/dissenyweb.gddtec.udl.cat\/2022-plit\/wp-content\/uploads\/sites\/10\/2022\/05\/nathan-drake-no-recibe-disparos-uncharted-768x358.webp 768w, http:\/\/dissenyweb.gddtec.udl.cat\/2022-plit\/wp-content\/uploads\/sites\/10\/2022\/05\/nathan-drake-no-recibe-disparos-uncharted.webp 1200w\" sizes=\"auto, (max-width: 1024px) 100vw, 1024px\" \/><\/figure>\n\n\n\n<div class=\"wp-block-columns is-layout-flex wp-container-core-columns-is-layout-d0b3c9c8 wp-block-columns-is-layout-flex\">\n<div class=\"wp-block-column is-layout-flow wp-block-column-is-layout-flow\">\n<figure class=\"wp-block-image size-large is-style-tw-rounded-corners\" style=\"border-radius:20px\"><img loading=\"lazy\" decoding=\"async\" width=\"1024\" height=\"576\" src=\"http:\/\/dissenyweb.gddtec.udl.cat\/2022-plit\/wp-content\/uploads\/sites\/10\/2022\/05\/tYxcco4-1-1024x576.jpg\" alt=\"Chloe y Nadine Ross sobre un avi\u00f3n destruido\" class=\"wp-image-367\" srcset=\"http:\/\/dissenyweb.gddtec.udl.cat\/2022-plit\/wp-content\/uploads\/sites\/10\/2022\/05\/tYxcco4-1-1024x576.jpg 1024w, http:\/\/dissenyweb.gddtec.udl.cat\/2022-plit\/wp-content\/uploads\/sites\/10\/2022\/05\/tYxcco4-1-300x169.jpg 300w, http:\/\/dissenyweb.gddtec.udl.cat\/2022-plit\/wp-content\/uploads\/sites\/10\/2022\/05\/tYxcco4-1-768x432.jpg 768w, http:\/\/dissenyweb.gddtec.udl.cat\/2022-plit\/wp-content\/uploads\/sites\/10\/2022\/05\/tYxcco4-1-1536x864.jpg 1536w, http:\/\/dissenyweb.gddtec.udl.cat\/2022-plit\/wp-content\/uploads\/sites\/10\/2022\/05\/tYxcco4-1-2048x1152.jpg 2048w\" sizes=\"auto, (max-width: 1024px) 100vw, 1024px\" \/><\/figure>\n<\/div>\n\n\n\n<div class=\"wp-block-column is-layout-flow wp-block-column-is-layout-flow\">\n<figure class=\"wp-block-image size-full\" style=\"border-radius:20px\"><img loading=\"lazy\" decoding=\"async\" width=\"958\" height=\"538\" src=\"http:\/\/dissenyweb.gddtec.udl.cat\/2022-plit\/wp-content\/uploads\/sites\/10\/2022\/05\/clickwallpapers-jogo-uncharted-4-wallpaper-em-4k-6.webp\" alt=\"Nathan Drake en un cementerio de barcos\" class=\"wp-image-369\" srcset=\"http:\/\/dissenyweb.gddtec.udl.cat\/2022-plit\/wp-content\/uploads\/sites\/10\/2022\/05\/clickwallpapers-jogo-uncharted-4-wallpaper-em-4k-6.webp 958w, http:\/\/dissenyweb.gddtec.udl.cat\/2022-plit\/wp-content\/uploads\/sites\/10\/2022\/05\/clickwallpapers-jogo-uncharted-4-wallpaper-em-4k-6-300x168.webp 300w, http:\/\/dissenyweb.gddtec.udl.cat\/2022-plit\/wp-content\/uploads\/sites\/10\/2022\/05\/clickwallpapers-jogo-uncharted-4-wallpaper-em-4k-6-768x431.webp 768w\" sizes=\"auto, (max-width: 958px) 100vw, 958px\" \/><\/figure>\n<\/div>\n\n\n\n<div class=\"wp-block-column is-layout-flow wp-block-column-is-layout-flow\">\n<figure class=\"wp-block-image size-full\" style=\"border-radius:20px\"><img loading=\"lazy\" decoding=\"async\" width=\"960\" height=\"540\" src=\"http:\/\/dissenyweb.gddtec.udl.cat\/2022-plit\/wp-content\/uploads\/sites\/10\/2022\/05\/d66374788dd628992eeda49a4b58cc23.jpg\" alt=\"Santuario Maya\" class=\"wp-image-368\" srcset=\"http:\/\/dissenyweb.gddtec.udl.cat\/2022-plit\/wp-content\/uploads\/sites\/10\/2022\/05\/d66374788dd628992eeda49a4b58cc23.jpg 960w, http:\/\/dissenyweb.gddtec.udl.cat\/2022-plit\/wp-content\/uploads\/sites\/10\/2022\/05\/d66374788dd628992eeda49a4b58cc23-300x169.jpg 300w, http:\/\/dissenyweb.gddtec.udl.cat\/2022-plit\/wp-content\/uploads\/sites\/10\/2022\/05\/d66374788dd628992eeda49a4b58cc23-768x432.jpg 768w\" sizes=\"auto, (max-width: 960px) 100vw, 960px\" \/><\/figure>\n<\/div>\n<\/div>\n\n\n\n<h4 class=\"kt-adv-heading_e3c9f3-4f wp-block-kadence-advancedheading\" data-kb-block=\"kb-adv-heading_e3c9f3-4f\"><strong>Rese\u00f1as<\/strong><\/h4>\n\n\n\n<div class=\"wp-block-columns is-layout-flex wp-container-core-columns-is-layout-d0b3c9c8 wp-block-columns-is-layout-flex\">\n<div class=\"wp-block-column is-layout-flow wp-block-column-is-layout-flow\">\n<div class=\"wp-block-cover\"><span aria-hidden=\"true\" class=\"has-background-dim-100 wp-block-cover__gradient-background has-background-dim\" style=\"background-color:#0f0d15\"><\/span><div class=\"wp-block-cover__inner-container is-layout-flow wp-block-cover-is-layout-flow\">\n<p>Metacritic<\/p>\n\n\n\n<p class=\"has-text-color\" style=\"color:#919192\">por Examiner<\/p>\n\n\n\n<hr class=\"wp-block-separator\"\/>\n\n\n\n<p>10 \/ 10<\/p>\n\n\n\n<p class=\"has-text-color\" style=\"color:#919192\">Naughty Dog ha creado un juego brillante que puede considerarse el mejor juego de PlayStation 4. Uncharted alguna vez fue llamado un clon de Tomb Raider, pero termin\u00f3 siendo un asesino de Tomb Raider. Naughty Dog ha elevado la industria de los videojuegos, ya que Uncharted 4: A Thief&#8217;s End es pura brillantez.<\/p>\n<\/div><\/div>\n<\/div>\n\n\n\n<div class=\"wp-block-column is-layout-flow wp-block-column-is-layout-flow\">\n<div class=\"wp-block-cover\" style=\"min-height:845px;aspect-ratio:unset;\"><span aria-hidden=\"true\" class=\"has-background-dim-100 wp-block-cover__gradient-background has-background-dim\" style=\"background-color:#0f0d15\"><\/span><div class=\"wp-block-cover__inner-container is-layout-flow wp-block-cover-is-layout-flow\">\n<p>Game Informer<\/p>\n\n\n\n<p class=\"has-text-color\" style=\"color:#919192\">por Michael Huber<\/p>\n\n\n\n<hr class=\"wp-block-separator\"\/>\n\n\n\n<p>10 \/ 10<\/p>\n\n\n\n<p class=\"has-text-color\" style=\"color:#919192\">Uncharted 4 es como un libro que literalmente te tragas p\u00e1gina por p\u00e1gina, pero al mismo tiempo te entristece ver que se va terminando. No quieres que acabe, sabes lo que viene pero no se puede hacer nada. La aventura de Nathan Drake termina, pero probablemente sea el mejor cap\u00edtulo final que puedas desear.<\/p>\n<\/div><\/div>\n<\/div>\n\n\n\n<div class=\"wp-block-column is-layout-flow wp-block-column-is-layout-flow\">\n<div class=\"wp-block-cover\"><span aria-hidden=\"true\" class=\"has-background-dim-100 wp-block-cover__gradient-background has-background-dim\" style=\"background-color:#0f0d15\"><\/span><div class=\"wp-block-cover__inner-container is-layout-flow wp-block-cover-is-layout-flow\">\n<p>IGN<\/p>\n\n\n\n<p class=\"has-text-color\" style=\"color:#919192\">por Jos\u00e9 L. Ortega<\/p>\n\n\n\n<hr class=\"wp-block-separator\"\/>\n\n\n\n<p>9.2\/10<\/p>\n\n\n\n<p class=\"has-text-color\" style=\"color:#919192\">Una aut\u00e9ntica obra maestra de la industria, que eleva todav\u00eda m\u00e1s el list\u00f3n que la propia Naughty Dog hab\u00eda impuesto. Uncharted 4: El desenlace del ladr\u00f3n, lo tiene todo. Posiblemente, el mejor videojuego en lo que llevamos de generaci\u00f3n Ps4.<\/p>\n<\/div><\/div>\n<\/div>\n<\/div>\n","protected":false},"excerpt":{"rendered":"<p>G\u00e9neros Acci\u00f3n, Aventura Caracter\u00edsticas Multijugador, Un jugador El galardonado desarrollador Naughty Dog te ofrece la experiencia UNCHARTED: Colecci\u00f3n Legado de los Ladrones, que incluye las dos aclamadas aventuras para un jugador UNCHARTED 4: El Desenlace del Ladr\u00f3n y UNCHARTED: El Legado Perdido. UNCHARTED 4: El Desenlace del Ladr\u00f3nVarios a\u00f1os despu\u00e9s de su \u00faltima aventura, el [&hellip;]<\/p>\n","protected":false},"author":39,"featured_media":0,"parent":0,"menu_order":0,"comment_status":"closed","ping_status":"closed","template":"","meta":{"_acf_changed":false,"_uag_custom_page_level_css":"","footnotes":""},"class_list":["post-363","page","type-page","status-publish","hentry"],"acf":[],"mb":[],"featured_image_src":null,"uagb_featured_image_src":{"full":false,"thumbnail":false,"medium":false,"medium_large":false,"large":false,"1536x1536":false,"2048x2048":false},"uagb_author_info":{"display_name":"","author_link":"http:\/\/dissenyweb.gddtec.udl.cat\/2022-plit\/author\/"},"uagb_comment_info":0,"uagb_excerpt":"G\u00e9neros Acci\u00f3n, Aventura Caracter\u00edsticas Multijugador, Un jugador El galardonado desarrollador Naughty Dog te ofrece la experiencia UNCHARTED: Colecci\u00f3n Legado de los Ladrones, que incluye las dos aclamadas aventuras para un jugador UNCHARTED 4: El Desenlace del Ladr\u00f3n y UNCHARTED: El Legado Perdido. UNCHARTED 4: El Desenlace del Ladr\u00f3nVarios a\u00f1os despu\u00e9s de su \u00faltima aventura, el&hellip;","mfb_rest_fields":["title","featured_image_src","uagb_featured_image_src","uagb_author_info","uagb_comment_info","uagb_excerpt"],"_links":{"self":[{"href":"http:\/\/dissenyweb.gddtec.udl.cat\/2022-plit\/wp-json\/wp\/v2\/pages\/363","targetHints":{"allow":["GET"]}}],"collection":[{"href":"http:\/\/dissenyweb.gddtec.udl.cat\/2022-plit\/wp-json\/wp\/v2\/pages"}],"about":[{"href":"http:\/\/dissenyweb.gddtec.udl.cat\/2022-plit\/wp-json\/wp\/v2\/types\/page"}],"author":[{"embeddable":true,"href":"http:\/\/dissenyweb.gddtec.udl.cat\/2022-plit\/wp-json\/wp\/v2\/users\/39"}],"replies":[{"embeddable":true,"href":"http:\/\/dissenyweb.gddtec.udl.cat\/2022-plit\/wp-json\/wp\/v2\/comments?post=363"}],"version-history":[{"count":11,"href":"http:\/\/dissenyweb.gddtec.udl.cat\/2022-plit\/wp-json\/wp\/v2\/pages\/363\/revisions"}],"predecessor-version":[{"id":680,"href":"http:\/\/dissenyweb.gddtec.udl.cat\/2022-plit\/wp-json\/wp\/v2\/pages\/363\/revisions\/680"}],"wp:attachment":[{"href":"http:\/\/dissenyweb.gddtec.udl.cat\/2022-plit\/wp-json\/wp\/v2\/media?parent=363"}],"curies":[{"name":"wp","href":"https:\/\/api.w.org\/{rel}","templated":true}]}}