{"id":276,"date":"2022-05-27T15:44:49","date_gmt":"2022-05-27T15:44:49","guid":{"rendered":"http:\/\/dissenyweb.gddtec.udl.cat\/2022-plit\/?page_id=276"},"modified":"2022-06-01T16:34:18","modified_gmt":"2022-06-01T16:34:18","slug":"comprar","status":"publish","type":"page","link":"http:\/\/dissenyweb.gddtec.udl.cat\/2022-plit\/comprar\/","title":{"rendered":"Comprar elden ring"},"content":{"rendered":"\n<div class=\"wp-block-kadence-rowlayout alignfull\"><div id=\"kt-layout-id_14b872-49\" class=\"kt-row-layout-inner kt-row-has-bg kt-layout-id_14b872-49\"><div class=\"kt-row-layout-overlay kt-row-overlay-gradient\"><\/div><div class=\"kt-row-column-wrap kt-has-1-columns kt-gutter-default kt-v-gutter-default kt-row-valign-top kt-row-layout-equal kt-tab-layout-inherit kt-m-colapse-left-to-right kt-mobile-layout-row\">\n<div class=\"wp-block-kadence-column inner-column-1 kadence-column_3df01d-25\"><div class=\"kt-inside-inner-col\">\n<h5 class=\"kt-adv-heading_1c4732-d3 wp-block-kadence-advancedheading\" data-kb-block=\"kb-adv-heading_1c4732-d3\">Compra<\/h5>\n<\/div><\/div>\n<\/div><div class=\"kt-row-layout-bottom-sep kt-row-sep-type-ctd\"><svg style=\"fill:#ffffff\" viewbox=\"0 0 1000 100\" preserveaspectratio=\"none\"><path d=\"M1000,0l-500,98l-500,-98l0,100l1000,0l0,-100Z\" style=\"opacity:0.4\"><\/path><path d=\"M1000,20l-500,78l-500,-78l0,80l1000,0l0,-80Z\"><\/path><\/svg><\/div><\/div><\/div>\n\n\n\n<figure class=\"wp-block-image size-large\"><img loading=\"lazy\" decoding=\"async\" width=\"1024\" height=\"77\" src=\"http:\/\/dissenyweb.gddtec.udl.cat\/2022-plit\/wp-content\/uploads\/sites\/10\/2022\/05\/image-1024x77.png\" alt=\"\" class=\"wp-image-280\" srcset=\"http:\/\/dissenyweb.gddtec.udl.cat\/2022-plit\/wp-content\/uploads\/sites\/10\/2022\/05\/image-1024x77.png 1024w, http:\/\/dissenyweb.gddtec.udl.cat\/2022-plit\/wp-content\/uploads\/sites\/10\/2022\/05\/image-300x23.png 300w, http:\/\/dissenyweb.gddtec.udl.cat\/2022-plit\/wp-content\/uploads\/sites\/10\/2022\/05\/image-768x58.png 768w, http:\/\/dissenyweb.gddtec.udl.cat\/2022-plit\/wp-content\/uploads\/sites\/10\/2022\/05\/image.png 1111w\" sizes=\"auto, (max-width: 1024px) 100vw, 1024px\" \/><\/figure>\n\n\n\n<div class=\"wp-block-columns is-layout-flex wp-container-core-columns-is-layout-d0b3c9c8 wp-block-columns-is-layout-flex\">\n<div class=\"wp-block-column is-layout-flow wp-block-column-is-layout-flow\">\n<p class=\"has-text-align-left\">Pedido realizado<\/p>\n<\/div>\n\n\n\n<div class=\"wp-block-column is-layout-flow wp-block-column-is-layout-flow\">\n<p class=\"has-text-align-center\">   Pago<\/p>\n<\/div>\n\n\n\n<div class=\"wp-block-column is-layout-flow wp-block-column-is-layout-flow\">\n<p class=\"has-text-align-right\">Activaci\u00f3n del juego<\/p>\n<\/div>\n<\/div>\n\n\n\n<h5 class=\"kt-adv-heading_4899db-0a wp-block-kadence-advancedheading\" data-kb-block=\"kb-adv-heading_4899db-0a\"><strong>Direcci\u00f3n de facturaci\u00f3n<\/strong><\/h5>\n\n\n\n<div class=\"wp-block-columns is-layout-flex wp-container-core-columns-is-layout-d0b3c9c8 wp-block-columns-is-layout-flex\">\n<div class=\"wp-block-column is-layout-flow wp-block-column-is-layout-flow\">\n<div class=\"wp-block-kadence-form kadence-form-_87e26f-8b kb-form-wrap\"><form class=\"kb-form\" action=\"\" method=\"post\"><div class=\"kadence-blocks-form-field kb-field-desk-width-100 kb-input-size-standard\"><input name=\"kb_field_0\" id=\"kb_field__87e26f-8b_0\" data-label=\"\" type=\"text\" placeholder=\"Nombre Completo\" value=\"\" data-type=\"text\" class=\"kb-field kb-text-style-field kb-text-field kb-field-0\" data-required=\"yes\"\/><\/div><div class=\"kadence-blocks-form-field kb-form-field-1 kb-field-desk-width-100 kb-input-size-standard\"><input name=\"kb_field_1\" id=\"kb_field__87e26f-8b_1\" data-label=\"\" type=\"text\" placeholder=\"Direcci\u00f3n de facturaci\u00f3n\" value=\"\" data-type=\"text\" class=\"kb-field kb-text-style-field kb-text-field kb-field-1\" data-required=\"yes\"\/><\/div><input type=\"hidden\" name=\"_kb_form_id\" value=\"_87e26f-8b\"\/><input type=\"hidden\" name=\"_kb_form_post_id\" value=\"276\"\/><input type=\"hidden\" name=\"action\" value=\"kb_process_ajax_submit\"\/><label class=\"kadence-verify-label\">Email<input class=\"kadence-blocks-field verify\" type=\"text\" name=\"_kb_verify_email\" autocomplete=\"new-password\" aria-hidden=\"true\" placeholder=\"Email\" tabindex=\"-1\" data-1p-ignore=\"true\" data-lpignore=\"true\" \/><\/label><div class=\"kadence-blocks-form-field kb-submit-field kb-field-desk-width-100\"><button class=\"kb-forms-submit button kb-button-size-standard kb-button-width-auto\">Submit<\/button><\/div><\/form><\/div>\n<noscript><div class=\"kadence-blocks-form-message kadence-blocks-form-warning\">Activar JavaScript en tu navegador para enviar el formulario<\/div><style>.kadence-form-_87e26f-8b .kadence-blocks-form-field.kb-submit-field { display: none; }<\/style><\/noscript><\/div>\n\n\n\n<div class=\"wp-block-column has-background is-layout-flow wp-block-column-is-layout-flow\" style=\"background-color:#353042\">\n<figure class=\"wp-block-image size-large is-resized\"><img loading=\"lazy\" decoding=\"async\" src=\"http:\/\/dissenyweb.gddtec.udl.cat\/2022-plit\/wp-content\/uploads\/sites\/10\/2022\/05\/image-2-1024x568.png\" alt=\"Imagen Elden Ring\" class=\"wp-image-327\" width=\"309\" height=\"172\" srcset=\"http:\/\/dissenyweb.gddtec.udl.cat\/2022-plit\/wp-content\/uploads\/sites\/10\/2022\/05\/image-2-1024x568.png 1024w, http:\/\/dissenyweb.gddtec.udl.cat\/2022-plit\/wp-content\/uploads\/sites\/10\/2022\/05\/image-2-300x166.png 300w, http:\/\/dissenyweb.gddtec.udl.cat\/2022-plit\/wp-content\/uploads\/sites\/10\/2022\/05\/image-2-768x426.png 768w, http:\/\/dissenyweb.gddtec.udl.cat\/2022-plit\/wp-content\/uploads\/sites\/10\/2022\/05\/image-2.png 1296w\" sizes=\"auto, (max-width: 309px) 100vw, 309px\" \/><\/figure>\n\n\n\n<h4 class=\"kt-adv-heading_3526d5-53 wp-block-kadence-advancedheading\" data-kb-block=\"kb-adv-heading_3526d5-53\">Elden Ring<\/h4>\n\n\n\n<div class=\"wp-block-columns is-layout-flex wp-container-core-columns-is-layout-d0b3c9c8 wp-block-columns-is-layout-flex\">\n<div class=\"wp-block-column is-layout-flow wp-block-column-is-layout-flow\" style=\"--col-width:66.66%;flex-basis:66.66%\">\n<p class=\"has-small-font-size\">Precio del juego:<\/p>\n\n\n\n<p class=\"has-small-font-size\">Precio con descuento:<\/p>\n<\/div>\n\n\n\n<div class=\"wp-block-column is-layout-flow wp-block-column-is-layout-flow\" style=\"--col-width:33.33%;flex-basis:33.33%\">\n<p class=\"has-text-align-right has-small-font-size\"><s>69\u201999 \u20ac<\/s><\/p>\n\n\n\n<p class=\"has-text-align-right has-text-color has-small-font-size\" style=\"color:#df2adf\">59\u201999 \u20ac<\/p>\n<\/div>\n<\/div>\n\n\n\n<p class=\"has-text-align-center has-small-font-size\">IVA incluido al precio final del producto<\/p>\n\n\n\n<p class=\"has-text-align-center has-small-font-size\">TOTAL<\/p>\n\n\n\n<h5 class=\"kt-adv-heading_de8ae2-43 wp-block-kadence-advancedheading\" data-kb-block=\"kb-adv-heading_de8ae2-43\">59\u201999 \u20ac<\/h5>\n<\/div>\n<\/div>\n\n\n\n<h5 class=\"kt-adv-heading_f7907b-a1 wp-block-kadence-advancedheading\" data-kb-block=\"kb-adv-heading_f7907b-a1\"><strong>M\u00e9todos de Pago<\/strong><\/h5>\n\n\n\n<h2 class=\"kt-adv-heading_eb5e8d-17 wp-block-kadence-advancedheading\" data-kb-block=\"kb-adv-heading_eb5e8d-17\"><strong>Targeta de Cr\u00e9dito<\/strong><\/h2>\n\n\n\n<div class=\"wp-block-kadence-form kadence-form-_197156-47 kb-form-wrap\"><form class=\"kb-form\" action=\"\" method=\"post\"><div class=\"kadence-blocks-form-field kb-field-desk-width-100 kb-input-size-standard\"><label for=\"kb_field__197156-47_0\">N\u00famero de Tarjeta<\/label><input name=\"kb_field_0\" id=\"kb_field__197156-47_0\" data-label=\"N\u00famero de Tarjeta\" type=\"text\" placeholder=\"\" value=\"\" data-type=\"text\" class=\"kb-field kb-text-style-field kb-text-field kb-field-0\"\/><\/div><div class=\"kadence-blocks-form-field kb-form-field-1 kb-field-desk-width-100 kb-input-size-standard\"><label for=\"kb_field__197156-47_1\">Titular de la targeta<\/label><input name=\"kb_field_1\" id=\"kb_field__197156-47_1\" data-label=\"Titular de la targeta\" type=\"text\" placeholder=\"\" value=\"\" data-type=\"text\" class=\"kb-field kb-text-style-field kb-text-field kb-field-1\"\/><\/div><div class=\"kadence-blocks-form-field kb-form-field-2 kb-field-desk-width-33 kb-input-size-standard\"><label for=\"kb_field__197156-47_2\">Fecha de Caducidad<span class=\"required\">*<\/span><\/label><input name=\"kb_field_2\" id=\"kb_field__197156-47_2\" data-label=\"Fecha de Caducidad\" type=\"email\" placeholder=\"\" value=\"\" data-type=\"email\" class=\"kb-field kb-text-style-field kb-email-field kb-field-2\" data-required=\"yes\"\/><\/div><div class=\"kadence-blocks-form-field kb-form-field-3 kb-field-desk-width-20 kb-input-size-standard\"><label for=\"kb_field__197156-47_3\">CVC<span class=\"required\">*<\/span><\/label><input name=\"kb_field_3\" id=\"kb_field__197156-47_3\" data-label=\"CVC\" type=\"email\" placeholder=\"\" value=\"\" data-type=\"email\" class=\"kb-field kb-text-style-field kb-email-field kb-field-3\" data-required=\"yes\"\/><\/div><input type=\"hidden\" name=\"_kb_form_id\" value=\"_197156-47\"\/><input type=\"hidden\" name=\"_kb_form_post_id\" value=\"276\"\/><input type=\"hidden\" name=\"action\" value=\"kb_process_ajax_submit\"\/><label class=\"kadence-verify-label\">Email<input class=\"kadence-blocks-field verify\" type=\"text\" name=\"_kb_verify_email\" autocomplete=\"new-password\" aria-hidden=\"true\" placeholder=\"Email\" tabindex=\"-1\" data-1p-ignore=\"true\" data-lpignore=\"true\" \/><\/label><div class=\"kadence-blocks-form-field kb-submit-field kb-field-desk-width-100\"><button class=\"kb-forms-submit button kb-button-size-standard kb-button-width-auto\">Submit<\/button><\/div><\/form><\/div>\n<noscript><div class=\"kadence-blocks-form-message kadence-blocks-form-warning\">Activar JavaScript en tu navegador para enviar el formulario<\/div><style>.kadence-form-_197156-47 .kadence-blocks-form-field.kb-submit-field { display: none; }<\/style><\/noscript>\n\n\n<div class=\"wp-block-kadence-advancedbtn kt-btn-align-left kt-btn-tablet-align-inherit kt-btn-mobile-align-inherit kt-btns-wrap kt-btns_2b1d22-a8\"><div class=\"kt-btn-wrap kt-btn-wrap-0\"><a class=\"kt-button button kt-btn-0-action kt-btn-size-standard kt-btn-style-basic kt-btn-svg-show-always kt-btn-has-text-true kt-btn-has-svg-false\" href=\"http:\/\/dissenyweb.gddtec.udl.cat\/2022-plit\/comprar-fase-2\/\"><span class=\"kt-btn-inner-text\">Proceder al Pago<\/span><\/a><\/div><\/div>\n\n\n\n<h2 class=\"kt-adv-heading_9cc427-ce wp-block-kadence-advancedheading\" data-kb-block=\"kb-adv-heading_9cc427-ce\"><strong>Paypal<\/strong><\/h2>\n\n\n\n<div class=\"wp-block-kadence-advancedbtn kt-btn-align-left kt-btn-tablet-align-inherit kt-btn-mobile-align-inherit kt-btns-wrap kt-btns_2251c7-ff\"><div class=\"kt-btn-wrap kt-btn-wrap-0\"><a class=\"kt-button button kt-btn-0-action kt-btn-size-standard kt-btn-style-basic kt-btn-svg-show-always kt-btn-has-text-true kt-btn-has-svg-false\" href=\"http:\/\/dissenyweb.gddtec.udl.cat\/2022-plit\/comprar-fase-2\/\"><span class=\"kt-btn-inner-text\">Proceder al Pago<\/span><\/a><\/div><\/div>\n\n\n\n<p><\/p>\n\n\n\n<p><\/p>\n","protected":false},"excerpt":{"rendered":"<p>Compra Pedido realizado Pago Activaci\u00f3n del juego Direcci\u00f3n de facturaci\u00f3n Elden Ring Precio del juego: Precio con descuento: 69\u201999 \u20ac 59\u201999 \u20ac IVA incluido al precio final del producto TOTAL 59\u201999 \u20ac M\u00e9todos de Pago Targeta de Cr\u00e9dito Paypal<\/p>\n","protected":false},"author":47,"featured_media":0,"parent":0,"menu_order":0,"comment_status":"closed","ping_status":"closed","template":"","meta":{"_acf_changed":false,"_uag_custom_page_level_css":"","footnotes":""},"class_list":["post-276","page","type-page","status-publish","hentry"],"acf":[],"mb":[],"featured_image_src":null,"uagb_featured_image_src":{"full":false,"thumbnail":false,"medium":false,"medium_large":false,"large":false,"1536x1536":false,"2048x2048":false},"uagb_author_info":{"display_name":"","author_link":"http:\/\/dissenyweb.gddtec.udl.cat\/2022-plit\/author\/"},"uagb_comment_info":0,"uagb_excerpt":"Compra Pedido realizado Pago Activaci\u00f3n del juego Direcci\u00f3n de facturaci\u00f3n Elden Ring Precio del juego: Precio con descuento: 69\u201999 \u20ac 59\u201999 \u20ac IVA incluido al precio final del producto TOTAL 59\u201999 \u20ac M\u00e9todos de Pago Targeta de Cr\u00e9dito Paypal","mfb_rest_fields":["title","featured_image_src","uagb_featured_image_src","uagb_author_info","uagb_comment_info","uagb_excerpt"],"_links":{"self":[{"href":"http:\/\/dissenyweb.gddtec.udl.cat\/2022-plit\/wp-json\/wp\/v2\/pages\/276","targetHints":{"allow":["GET"]}}],"collection":[{"href":"http:\/\/dissenyweb.gddtec.udl.cat\/2022-plit\/wp-json\/wp\/v2\/pages"}],"about":[{"href":"http:\/\/dissenyweb.gddtec.udl.cat\/2022-plit\/wp-json\/wp\/v2\/types\/page"}],"author":[{"embeddable":true,"href":"http:\/\/dissenyweb.gddtec.udl.cat\/2022-plit\/wp-json\/wp\/v2\/users\/47"}],"replies":[{"embeddable":true,"href":"http:\/\/dissenyweb.gddtec.udl.cat\/2022-plit\/wp-json\/wp\/v2\/comments?post=276"}],"version-history":[{"count":18,"href":"http:\/\/dissenyweb.gddtec.udl.cat\/2022-plit\/wp-json\/wp\/v2\/pages\/276\/revisions"}],"predecessor-version":[{"id":645,"href":"http:\/\/dissenyweb.gddtec.udl.cat\/2022-plit\/wp-json\/wp\/v2\/pages\/276\/revisions\/645"}],"wp:attachment":[{"href":"http:\/\/dissenyweb.gddtec.udl.cat\/2022-plit\/wp-json\/wp\/v2\/media?parent=276"}],"curies":[{"name":"wp","href":"https:\/\/api.w.org\/{rel}","templated":true}]}}