{"id":274,"date":"2022-05-27T15:53:07","date_gmt":"2022-05-27T15:53:07","guid":{"rendered":"http:\/\/dissenyweb.gddtec.udl.cat\/2022-plit\/?page_id=274"},"modified":"2022-06-01T16:58:33","modified_gmt":"2022-06-01T16:58:33","slug":"mi-perfil","status":"publish","type":"page","link":"http:\/\/dissenyweb.gddtec.udl.cat\/2022-plit\/mi-perfil\/","title":{"rendered":"Mi Perfil"},"content":{"rendered":"\n<div class=\"wp-block-kadence-rowlayout alignfull\"><div id=\"kt-layout-id_584f03-46\" class=\"kt-row-layout-inner kt-row-has-bg kt-layout-id_584f03-46\"><div class=\"kt-row-layout-overlay kt-row-overlay-gradient\"><\/div><div class=\"kt-row-column-wrap kt-has-1-columns kt-gutter-default kt-v-gutter-default kt-row-valign-top kt-row-layout-equal kt-tab-layout-inherit kt-m-colapse-left-to-right kt-mobile-layout-row\">\n<div class=\"wp-block-kadence-column inner-column-1 kadence-column_3df01d-25\"><div class=\"kt-inside-inner-col\">\n<h5 class=\"kt-adv-heading_e8f260-c5 wp-block-kadence-advancedheading\" data-kb-block=\"kb-adv-heading_e8f260-c5\">Mi perfil<\/h5>\n<\/div><\/div>\n<\/div><div class=\"kt-row-layout-bottom-sep kt-row-sep-type-ctd\"><svg style=\"fill:#ffffff\" viewbox=\"0 0 1000 100\" preserveaspectratio=\"none\"><path d=\"M1000,0l-500,98l-500,-98l0,100l1000,0l0,-100Z\" style=\"opacity:0.4\"><\/path><path d=\"M1000,20l-500,78l-500,-78l0,80l1000,0l0,-80Z\"><\/path><\/svg><\/div><\/div><\/div>\n\n\n\n<div class=\"wp-block-columns is-layout-flex wp-container-core-columns-is-layout-d0b3c9c8 wp-block-columns-is-layout-flex\">\n<div class=\"wp-block-column is-layout-flow wp-block-column-is-layout-flow\" style=\"--col-width:66.66%;flex-basis:66.66%\">\n<h6 class=\"wp-block-heading\">Nombre de usuario:<\/h6>\n\n\n\n<div class=\"wp-block-kadence-form kadence-form-_6b8485-50 kb-form-wrap\"><form class=\"kb-form\" action=\"\" method=\"post\"><div class=\"kadence-blocks-form-field kb-field-desk-width-100 kb-input-size-standard\"><label for=\"kb_field__6b8485-50_0\">Usuario<\/label><input name=\"kb_field_0\" id=\"kb_field__6b8485-50_0\" data-label=\"Usuario\" type=\"text\" placeholder=\"\" value=\"\" data-type=\"text\" class=\"kb-field kb-text-style-field kb-text-field kb-field-0\"\/><\/div><div class=\"kadence-blocks-form-field kb-form-field-1 kb-field-desk-width-100 kb-input-size-standard\"><label for=\"kb_field__6b8485-50_1\">Email<span class=\"required\">*<\/span><\/label><input name=\"kb_field_1\" id=\"kb_field__6b8485-50_1\" data-label=\"Email\" type=\"email\" placeholder=\"\" value=\"\" data-type=\"email\" class=\"kb-field kb-text-style-field kb-email-field kb-field-1\" data-required=\"yes\"\/><\/div><input type=\"hidden\" name=\"_kb_form_id\" value=\"_6b8485-50\"\/><input type=\"hidden\" name=\"_kb_form_post_id\" value=\"274\"\/><input type=\"hidden\" name=\"action\" value=\"kb_process_ajax_submit\"\/><label class=\"kadence-verify-label\">Email<input class=\"kadence-blocks-field verify\" type=\"text\" name=\"_kb_verify_email\" autocomplete=\"new-password\" aria-hidden=\"true\" placeholder=\"Email\" tabindex=\"-1\" data-1p-ignore=\"true\" data-lpignore=\"true\" \/><\/label><div class=\"kadence-blocks-form-field kb-submit-field kb-field-desk-width-100\"><button class=\"kb-forms-submit button kb-button-size-standard kb-button-width-auto\">Submit<\/button><\/div><\/form><\/div>\n<noscript><div class=\"kadence-blocks-form-message kadence-blocks-form-warning\">Activar JavaScript en tu navegador para enviar el formulario<\/div><style>.kadence-form-_6b8485-50 .kadence-blocks-form-field.kb-submit-field { display: none; }<\/style><\/noscript>\n\n\n<p>Recibir notificaci\u00f3nes de nuevos descuentos o cupones de Plit Games.<\/p>\n\n\n\n<div class=\"wp-block-columns is-layout-flex wp-container-core-columns-is-layout-d0b3c9c8 wp-block-columns-is-layout-flex\">\n<div class=\"wp-block-column is-layout-flow wp-block-column-is-layout-flow\">\n<div class=\"wp-block-kadence-advancedbtn kt-btn-align-center kt-btn-tablet-align-inherit kt-btn-mobile-align-inherit kt-btns-wrap kt-btns_d77624-16\"><div class=\"kt-btn-wrap kt-btn-wrap-0\"><a class=\"kt-button button kt-btn-0-action kt-btn-size-standard kt-btn-style-basic kt-btn-svg-show-always kt-btn-has-text-true kt-btn-has-svg-false\" href=\"#\"><span class=\"kt-btn-inner-text\">Aceptar<\/span><\/a><\/div><\/div>\n<\/div>\n\n\n\n<div class=\"wp-block-column is-layout-flow wp-block-column-is-layout-flow\">\n<div class=\"wp-block-kadence-advancedbtn kt-btn-align-center kt-btn-tablet-align-inherit kt-btn-mobile-align-inherit kt-btns-wrap kt-btns_d54a09-c3\"><div class=\"kt-btn-wrap kt-btn-wrap-0\"><a class=\"kt-button button kt-btn-0-action kt-btn-size-standard kt-btn-style-basic kt-btn-svg-show-always kt-btn-has-text-true kt-btn-has-svg-false\" href=\"#\"><span class=\"kt-btn-inner-text\">Cancelar<\/span><\/a><\/div><\/div>\n<\/div>\n<\/div>\n\n\n\n<p>Recibir noticias sobre nuevos juegos a\u00f1adidos a nuestra p\u00e0gina.<\/p>\n\n\n\n<div class=\"wp-block-columns is-layout-flex wp-container-core-columns-is-layout-d0b3c9c8 wp-block-columns-is-layout-flex\">\n<div class=\"wp-block-column is-layout-flow wp-block-column-is-layout-flow\">\n<div class=\"wp-block-kadence-advancedbtn kt-btn-align-center kt-btn-tablet-align-inherit kt-btn-mobile-align-inherit kt-btns-wrap kt-btns_0868d4-69\"><div class=\"kt-btn-wrap kt-btn-wrap-0\"><a class=\"kt-button button kt-btn-0-action kt-btn-size-standard kt-btn-style-basic kt-btn-svg-show-always kt-btn-has-text-true kt-btn-has-svg-false\" href=\"#\"><span class=\"kt-btn-inner-text\">Aceptar<\/span><\/a><\/div><\/div>\n<\/div>\n\n\n\n<div class=\"wp-block-column is-layout-flow wp-block-column-is-layout-flow\">\n<div class=\"wp-block-kadence-advancedbtn kt-btn-align-center kt-btn-tablet-align-inherit kt-btn-mobile-align-inherit kt-btns-wrap kt-btns_d28f30-a4\"><div class=\"kt-btn-wrap kt-btn-wrap-0\"><a class=\"kt-button button kt-btn-0-action kt-btn-size-standard kt-btn-style-basic kt-btn-svg-show-always kt-btn-has-text-true kt-btn-has-svg-false\" href=\"#\"><span class=\"kt-btn-inner-text\">Cancelar<\/span><\/a><\/div><\/div>\n<\/div>\n<\/div>\n\n\n\n<p>Recibir notificaciones de nuevas promociones o colaboraciones con otras marcas.<\/p>\n\n\n\n<div class=\"wp-block-columns is-layout-flex wp-container-core-columns-is-layout-d0b3c9c8 wp-block-columns-is-layout-flex\">\n<div class=\"wp-block-column is-layout-flow wp-block-column-is-layout-flow\">\n<div class=\"wp-block-kadence-advancedbtn kt-btn-align-center kt-btn-tablet-align-inherit kt-btn-mobile-align-inherit kt-btns-wrap kt-btns_986376-d3\"><div class=\"kt-btn-wrap kt-btn-wrap-0\"><a class=\"kt-button button kt-btn-0-action kt-btn-size-standard kt-btn-style-basic kt-btn-svg-show-always kt-btn-has-text-true kt-btn-has-svg-false\" href=\"#\"><span class=\"kt-btn-inner-text\">Aceptar<\/span><\/a><\/div><\/div>\n<\/div>\n\n\n\n<div class=\"wp-block-column is-layout-flow wp-block-column-is-layout-flow\">\n<div class=\"wp-block-kadence-advancedbtn kt-btn-align-center kt-btn-tablet-align-inherit kt-btn-mobile-align-inherit kt-btns-wrap kt-btns_614342-ed\"><div class=\"kt-btn-wrap kt-btn-wrap-0\"><a class=\"kt-button button kt-btn-0-action kt-btn-size-standard kt-btn-style-basic kt-btn-svg-show-always kt-btn-has-text-true kt-btn-has-svg-false\" href=\"#\"><span class=\"kt-btn-inner-text\">Cancelar<\/span><\/a><\/div><\/div>\n<\/div>\n<\/div>\n<\/div>\n\n\n\n<div class=\"wp-block-column is-layout-flow wp-block-column-is-layout-flow\" style=\"--col-width:33.33%;flex-basis:33.33%\">\n<div class=\"wp-block-columns is-layout-flex wp-container-core-columns-is-layout-d0b3c9c8 wp-block-columns-is-layout-flex\">\n<div class=\"wp-block-column has-background is-layout-flow wp-block-column-is-layout-flow\" style=\"background-color:#110f18\">\n<p class=\"has-text-align-center has-link-color wp-elements-8dbf0153a8b9689b769553e11c8a17c5\"><a href=\"http:\/\/dissenyweb.gddtec.udl.cat\/2022-plit\/mis-deseos\/\" data-type=\"page\" data-id=\"424\">MIS DESEOS<\/a><\/p>\n\n\n\n<div class=\"wp-block-kadence-spacer aligncenter kt-block-spacer-_3411c5-33\"><div class=\"kt-block-spacer kt-block-spacer-halign-center\"><hr class=\"kt-divider\"\/><\/div><\/div>\n\n\n\n<div class=\"wp-block-columns is-layout-flex wp-container-core-columns-is-layout-d0b3c9c8 wp-block-columns-is-layout-flex\">\n<div class=\"wp-block-column is-layout-flow wp-block-column-is-layout-flow\">\n<figure class=\"wp-block-image size-full\"><img loading=\"lazy\" decoding=\"async\" width=\"655\" height=\"659\" src=\"http:\/\/dissenyweb.gddtec.udl.cat\/2022-plit\/wp-content\/uploads\/sites\/10\/2022\/05\/image-15.png\" alt=\"Elden Ring\" class=\"wp-image-559\" srcset=\"http:\/\/dissenyweb.gddtec.udl.cat\/2022-plit\/wp-content\/uploads\/sites\/10\/2022\/05\/image-15.png 655w, http:\/\/dissenyweb.gddtec.udl.cat\/2022-plit\/wp-content\/uploads\/sites\/10\/2022\/05\/image-15-298x300.png 298w, http:\/\/dissenyweb.gddtec.udl.cat\/2022-plit\/wp-content\/uploads\/sites\/10\/2022\/05\/image-15-150x150.png 150w\" sizes=\"auto, (max-width: 655px) 100vw, 655px\" \/><\/figure>\n<\/div>\n\n\n\n<div class=\"wp-block-column is-layout-flow wp-block-column-is-layout-flow\">\n<p class=\"has-text-align-left\">Elden Ring<\/p>\n<\/div>\n<\/div>\n<\/div>\n<\/div>\n\n\n\n<div class=\"wp-block-columns is-layout-flex wp-container-core-columns-is-layout-d0b3c9c8 wp-block-columns-is-layout-flex\">\n<div class=\"wp-block-column is-vertically-aligned-center has-background is-layout-flow wp-block-column-is-layout-flow\" style=\"background-color:#110f18\">\n<p class=\"has-text-align-center has-link-color wp-elements-0f6908bf5932f8b0dfe32832ffbbc4e8\"><a href=\"http:\/\/dissenyweb.gddtec.udl.cat\/2022-plit\/mis-pedido\/\" data-type=\"page\" data-id=\"494\">MIS PEDIDOS<\/a><\/p>\n\n\n\n<div class=\"wp-block-kadence-spacer aligncenter kt-block-spacer-_296fbf-a5\"><div class=\"kt-block-spacer kt-block-spacer-halign-center\"><hr class=\"kt-divider\"\/><\/div><\/div>\n\n\n\n<div class=\"wp-block-columns is-layout-flex wp-container-core-columns-is-layout-d0b3c9c8 wp-block-columns-is-layout-flex\">\n<div class=\"wp-block-column is-layout-flow wp-block-column-is-layout-flow\">\n<figure class=\"wp-block-image size-full\"><img loading=\"lazy\" decoding=\"async\" width=\"778\" height=\"777\" src=\"http:\/\/dissenyweb.gddtec.udl.cat\/2022-plit\/wp-content\/uploads\/sites\/10\/2022\/05\/image-16.png\" alt=\"Genshin Impact\" class=\"wp-image-573\" srcset=\"http:\/\/dissenyweb.gddtec.udl.cat\/2022-plit\/wp-content\/uploads\/sites\/10\/2022\/05\/image-16.png 778w, http:\/\/dissenyweb.gddtec.udl.cat\/2022-plit\/wp-content\/uploads\/sites\/10\/2022\/05\/image-16-300x300.png 300w, http:\/\/dissenyweb.gddtec.udl.cat\/2022-plit\/wp-content\/uploads\/sites\/10\/2022\/05\/image-16-150x150.png 150w, http:\/\/dissenyweb.gddtec.udl.cat\/2022-plit\/wp-content\/uploads\/sites\/10\/2022\/05\/image-16-768x767.png 768w\" sizes=\"auto, (max-width: 778px) 100vw, 778px\" \/><\/figure>\n<\/div>\n\n\n\n<div class=\"wp-block-column is-layout-flow wp-block-column-is-layout-flow\">\n<p>Genshin Impact<\/p>\n<\/div>\n<\/div>\n<\/div>\n<\/div>\n<\/div>\n<\/div>\n\n\n\n<ul class=\"wp-block-social-links is-layout-flex wp-block-social-links-is-layout-flex\"><\/ul>\n\n\n\n<p><\/p>\n","protected":false},"excerpt":{"rendered":"<p>Mi perfil Nombre de usuario: Recibir notificaci\u00f3nes de nuevos descuentos o cupones de Plit Games. Recibir noticias sobre nuevos juegos a\u00f1adidos a nuestra p\u00e0gina. Recibir notificaciones de nuevas promociones o colaboraciones con otras marcas. MIS DESEOS Elden Ring MIS PEDIDOS Genshin Impact<\/p>\n","protected":false},"author":39,"featured_media":0,"parent":0,"menu_order":0,"comment_status":"closed","ping_status":"closed","template":"","meta":{"_acf_changed":false,"_uag_custom_page_level_css":"","footnotes":""},"class_list":["post-274","page","type-page","status-publish","hentry"],"acf":[],"mb":[],"featured_image_src":null,"uagb_featured_image_src":{"full":false,"thumbnail":false,"medium":false,"medium_large":false,"large":false,"1536x1536":false,"2048x2048":false},"uagb_author_info":{"display_name":"","author_link":"http:\/\/dissenyweb.gddtec.udl.cat\/2022-plit\/author\/"},"uagb_comment_info":0,"uagb_excerpt":"Mi perfil Nombre de usuario: Recibir notificaci\u00f3nes de nuevos descuentos o cupones de Plit Games. Recibir noticias sobre nuevos juegos a\u00f1adidos a nuestra p\u00e0gina. Recibir notificaciones de nuevas promociones o colaboraciones con otras marcas. MIS DESEOS Elden Ring MIS PEDIDOS Genshin Impact","mfb_rest_fields":["title","featured_image_src","uagb_featured_image_src","uagb_author_info","uagb_comment_info","uagb_excerpt"],"_links":{"self":[{"href":"http:\/\/dissenyweb.gddtec.udl.cat\/2022-plit\/wp-json\/wp\/v2\/pages\/274","targetHints":{"allow":["GET"]}}],"collection":[{"href":"http:\/\/dissenyweb.gddtec.udl.cat\/2022-plit\/wp-json\/wp\/v2\/pages"}],"about":[{"href":"http:\/\/dissenyweb.gddtec.udl.cat\/2022-plit\/wp-json\/wp\/v2\/types\/page"}],"author":[{"embeddable":true,"href":"http:\/\/dissenyweb.gddtec.udl.cat\/2022-plit\/wp-json\/wp\/v2\/users\/39"}],"replies":[{"embeddable":true,"href":"http:\/\/dissenyweb.gddtec.udl.cat\/2022-plit\/wp-json\/wp\/v2\/comments?post=274"}],"version-history":[{"count":8,"href":"http:\/\/dissenyweb.gddtec.udl.cat\/2022-plit\/wp-json\/wp\/v2\/pages\/274\/revisions"}],"predecessor-version":[{"id":668,"href":"http:\/\/dissenyweb.gddtec.udl.cat\/2022-plit\/wp-json\/wp\/v2\/pages\/274\/revisions\/668"}],"wp:attachment":[{"href":"http:\/\/dissenyweb.gddtec.udl.cat\/2022-plit\/wp-json\/wp\/v2\/media?parent=274"}],"curies":[{"name":"wp","href":"https:\/\/api.w.org\/{rel}","templated":true}]}}