{"id":2,"date":"2022-05-12T09:25:00","date_gmt":"2022-05-12T09:25:00","guid":{"rendered":"http:\/\/dissenyweb.gddtec.udl.cat\/2022-plit\/?page_id=2"},"modified":"2022-06-01T16:42:14","modified_gmt":"2022-06-01T16:42:14","slug":"pagina-ejemplo","status":"publish","type":"page","link":"http:\/\/dissenyweb.gddtec.udl.cat\/2022-plit\/pagina-ejemplo\/","title":{"rendered":"Elden Ring"},"content":{"rendered":"\n<div class=\"wp-block-kadence-rowlayout alignfull\"><div id=\"kt-layout-id_584f03-46\" class=\"kt-row-layout-inner kt-row-has-bg kt-layout-id_584f03-46\"><div class=\"kt-row-layout-overlay kt-row-overlay-gradient\"><\/div><div class=\"kt-row-column-wrap kt-has-1-columns kt-gutter-default kt-v-gutter-default kt-row-valign-top kt-row-layout-equal kt-tab-layout-inherit kt-m-colapse-left-to-right kt-mobile-layout-row\">\n<div class=\"wp-block-kadence-column inner-column-1 kadence-column_3df01d-25\"><div class=\"kt-inside-inner-col\">\n<div class=\"wp-block-columns is-layout-flex wp-container-core-columns-is-layout-d0b3c9c8 wp-block-columns-is-layout-flex\">\n<div class=\"wp-block-column is-layout-flow wp-block-column-is-layout-flow\">\n<figure class=\"wp-block-image size-large is-style-default\" style=\"border-radius:20px\"><img loading=\"lazy\" decoding=\"async\" width=\"1024\" height=\"576\" src=\"http:\/\/dissenyweb.gddtec.udl.cat\/2022-plit\/wp-content\/uploads\/sites\/10\/2022\/05\/elden-ring-logo-1024x576.jpeg\" alt=\"Elden Ring\" class=\"wp-image-45\" srcset=\"http:\/\/dissenyweb.gddtec.udl.cat\/2022-plit\/wp-content\/uploads\/sites\/10\/2022\/05\/elden-ring-logo-1024x576.jpeg 1024w, http:\/\/dissenyweb.gddtec.udl.cat\/2022-plit\/wp-content\/uploads\/sites\/10\/2022\/05\/elden-ring-logo-300x169.jpeg 300w, http:\/\/dissenyweb.gddtec.udl.cat\/2022-plit\/wp-content\/uploads\/sites\/10\/2022\/05\/elden-ring-logo-768x432.jpeg 768w, http:\/\/dissenyweb.gddtec.udl.cat\/2022-plit\/wp-content\/uploads\/sites\/10\/2022\/05\/elden-ring-logo-1536x864.jpeg 1536w, http:\/\/dissenyweb.gddtec.udl.cat\/2022-plit\/wp-content\/uploads\/sites\/10\/2022\/05\/elden-ring-logo-2048x1152.jpeg 2048w\" sizes=\"auto, (max-width: 1024px) 100vw, 1024px\" \/><\/figure>\n<\/div>\n\n\n\n<div class=\"wp-block-column is-layout-flow wp-block-column-is-layout-flow\">\n<div class=\"wp-block-cover has-custom-content-position is-position-top-center is-style-tw-rounded-corners\" style=\"padding-top:20px;padding-right:20px;padding-bottom:20px;padding-left:20px;min-height:70px;aspect-ratio:unset;\"><span aria-hidden=\"true\" class=\"has-background-dim-20 wp-block-cover__gradient-background has-background-dim\" style=\"background-color:#353842\"><\/span><div class=\"wp-block-cover__inner-container is-layout-flow wp-block-cover-is-layout-flow\">\n<h5 class=\"kt-adv-heading_b77c17-2b wp-block-kadence-advancedheading\" data-kb-block=\"kb-adv-heading_b77c17-2b\">ELDEN RING<\/h5>\n\n\n\n<p class=\"has-text-align-center has-background has-medium-font-size\" style=\"background-color:#353842\"><strong>En Stock | Descarga Digital<\/strong><\/p>\n\n\n\n<div class=\"wp-block-columns is-layout-flex wp-container-core-columns-is-layout-d0b3c9c8 wp-block-columns-is-layout-flex\">\n<div class=\"wp-block-column is-layout-flow wp-block-column-is-layout-flow\" style=\"--col-width:100%;flex-basis:100%\">\n<div class=\"wp-block-columns is-layout-flex wp-container-core-columns-is-layout-d0b3c9c8 wp-block-columns-is-layout-flex\">\n<div class=\"wp-block-column is-layout-flow wp-block-column-is-layout-flow\">\n<p class=\"has-text-align-right\"><s>70 \u20ac<\/s><\/p>\n<\/div>\n\n\n\n<div class=\"wp-block-column is-layout-flow wp-block-column-is-layout-flow\">\n<p class=\"has-text-align-center has-text-color has-medium-font-size\" style=\"color:#df2adf\"><strong>15<\/strong>%<\/p>\n<\/div>\n\n\n\n<div class=\"wp-block-column is-layout-flow wp-block-column-is-layout-flow\">\n<p class=\"has-text-align-left has-text-color\" style=\"color:#9ff1ff;font-size:1.35rem\"><strong>59,50\u20ac<\/strong><\/p>\n<\/div>\n<\/div>\n<\/div>\n<\/div>\n\n\n<div style=\"gap: 20px;\" class=\"align-button-center ub-buttons orientation-button-row ub-flex-wrap wp-block-ub-button\" id=\"ub-button-56bd2a22-c30c-4a1c-a3c5-ce482524aaa8\"><div class=\"ub-button-container\">\n\t\t\t<a href=\"http:\/\/dissenyweb.gddtec.udl.cat\/2022-plit\/comprar\/\" target=\"_blank\" rel=\"noopener noreferrer nofollow\" class=\"ub-button-block-main   ub-button-flex\" role=\"button\" style=\"--ub-button-background-color: #df2adf; --ub-button-color: #ffffff; --ub-button-border: none; --ub-button-hover-background-color: #df5adf; --ub-button-hover-color: #ffffff; --ub-button-hover-border: none; padding-top: 10px; padding-right: 10px; padding-bottom: 10px; padding-left: 10px; border-radius: 10px; \">\n\t\t\t\t<div class=\"ub-button-content-holder\" style=\"flex-direction: row\">\n\t\t\t\t\t<span class=\"ub-button-block-btn\">\u00a1Compra ya!<\/span>\n\t\t\t\t<\/div>\n\t\t\t<\/a>\n\t\t<\/div><div class=\"ub-button-container\">\n\t\t\t<a href=\"\" target=\"_blank\" rel=\"noopener noreferrer nofollow\" class=\"ub-button-block-main   ub-button-flex\" role=\"button\" style=\"--ub-button-background-color: #961f96; --ub-button-color: #ffffff; --ub-button-border: none; --ub-button-hover-background-color: #6d1d1d; --ub-button-hover-color: #ffffff; --ub-button-hover-border: none; padding-top: 10px; padding-right: 10px; padding-bottom: 10px; padding-left: 10px; border-radius: 10px; \">\n\t\t\t\t<div class=\"ub-button-content-holder\" style=\"flex-direction: row\">\n\t\t\t\t\t<span class=\"ub-button-block-btn\">FAV<\/span>\n\t\t\t\t<\/div>\n\t\t\t<\/a>\n\t\t<\/div><\/div><\/div><\/div>\n<\/div>\n<\/div>\n<\/div><\/div>\n<\/div><div class=\"kt-row-layout-bottom-sep kt-row-sep-type-ct\"><svg style=\"fill:#ffffff\" viewbox=\"0 0 1000 100\" preserveaspectratio=\"none\"><path d=\"M1000,0l-500,98l-500,-98l0,100l1000,0l0,-100Z\"><\/path><\/svg><\/div><\/div><\/div>\n\n\n\n<div class=\"wp-block-columns is-layout-flex wp-container-core-columns-is-layout-d0b3c9c8 wp-block-columns-is-layout-flex\">\n<div class=\"wp-block-column is-layout-flow wp-block-column-is-layout-flow\">\n<div class=\"wp-block-columns is-layout-flex wp-container-core-columns-is-layout-d0b3c9c8 wp-block-columns-is-layout-flex\">\n<div class=\"wp-block-column is-layout-flow wp-block-column-is-layout-flow\" style=\"--col-width:66.66%;flex-basis:66.66%\">\n<div class=\"wp-block-columns is-layout-flex wp-container-core-columns-is-layout-d0b3c9c8 wp-block-columns-is-layout-flex\">\n<div class=\"wp-block-column is-layout-flow wp-block-column-is-layout-flow\">\n<p class=\"has-text-color\" style=\"color:#949395\">G\u00e9neros<\/p>\n\n\n\n<p>RPG, Mundo abierto, Acci\u00f3n<\/p>\n<\/div>\n\n\n\n<div class=\"wp-block-column is-layout-flow wp-block-column-is-layout-flow\">\n<p class=\"has-text-color\" style=\"color:#949395\">Caracter\u00edsticas<\/p>\n\n\n\n<p>Multijugador, Un jugador<\/p>\n<\/div>\n<\/div>\n\n\n\n<p>Elden Ring para PC es un RPG de acci\u00f3n (ARPG) escrito por las superestrellas George RR Martin (el autor de la serie de libros Song of Ice and Fire que engendr\u00f3 la serie de televisi\u00f3n Game of Thrones) y Hidetaka Miyazaki (que es famoso por muchos videojuegos, como los de la serie Souls, Bloodborne o Sekiro, entre otros).<\/p>\n\n\n\n<p>El C\u00edrculo de Elden ha sido destruido y sus fragmentos se han esparcido por las tierras, formando las Grandes Runas. Algunos de estos fragmentos han ca\u00eddo en manos de los hijos de la reina M\u00e1rika la Eterna, y la promesa de a\u00fan m\u00e1s poder ha corrompido a cada uno de los seis semidioses.<\/p>\n\n\n\n<p>Las personas que viven en la tierra, sol\u00edan disfrutar de la Gracia del C\u00edrculo, otorgada por el Erdtree, que se mostraba con una especie de brillo dorado en los ojos: este brillo se ha desvanecido, lo que indica la p\u00e9rdida de la Gracia, y los que quedan son ahora llamados &#8216;Sinluz&#8217;. Eres uno de ellos, un exiliado de las Tierras Intermedias, debido a la p\u00e9rdida de Gracia, y ahora es tu trabajo encontrar los fragmentos, restaurar el C\u00edrculo y convertirte en el Se\u00f1or del C\u00edrculo, regresando el bien a la tierra.<\/p>\n\n\n\n<p>Las Tierras Intermedias son un vasto sistema de mundo abierto en el que puedes pasear por las seis regiones (una por jefe \/ semidi\u00f3s):<\/p>\n\n\n\n<p>explorando castillos, fortalezas, catacumbas, cuevas, llanuras cubiertas de hierba, pantanos sofocantes, monta\u00f1as en espiral y mucho m\u00e1s.<\/p>\n\n\n\n<p>Cada semidi\u00f3s (siendo cada uno de los hijos de la Reina) gobierna su secci\u00f3n de la tierra y derrotarlos es el equivalente a ganar una batalla de jefe. Todos los enemigos derrotados se transforman en esp\u00edritus que luego pueden ser convocados para ayudarte cuando lo necesites. Esta invocaci\u00f3n tambi\u00e9n est\u00e1 disponible en el modo multijugador, aunque en este caso llamas a otros jugadores para que te echen una mano.<\/p>\n\n\n\n<p>Por razones inexplicables, tienes un caballo espectral para montar mientras arrebatas los fragmentos a los semidioses y esperas impresionar al Erdtree para que restaure tu Gracia.<\/p>\n<\/div>\n\n\n\n<div class=\"wp-block-column is-layout-flow wp-block-column-is-layout-flow\" style=\"--col-width:33.33%;flex-basis:33.33%\">\n<p class=\"has-text-color\" style=\"color:#949395\"><strong>Fecha de lanzamiento:<\/strong> <\/p>\n\n\n\n<p>25 febrero 2022<\/p>\n\n\n\n<p class=\"has-text-color\" style=\"color:#949395\"><strong>Desarrolladora<\/strong>:<\/p>\n\n\n\n<p>FromSoftware, Inc<\/p>\n\n\n\n<p class=\"has-text-color\" style=\"color:#949395\">Editora:<\/p>\n\n\n\n<p>FromSoftware, Inc bandai namco entertainment<\/p>\n\n\n\n<p class=\"has-text-color\" style=\"color:#949395\">Plataforma:<\/p>\n\n\n\n<p>PC, PlayStation, Xbox<\/p>\n\n\n\n<p class=\"has-text-color\" style=\"color:#949395\">Actualizado:<\/p>\n\n\n\n<p>18 marzo 2022<\/p>\n<\/div>\n<\/div>\n<\/div>\n<\/div>\n\n\n\n<h4 class=\"kt-adv-heading_e429ab-ad wp-block-kadence-advancedheading\" data-kb-block=\"kb-adv-heading_e429ab-ad\"><strong>Especificaciones<\/strong><\/h4>\n\n\n\n<div class=\"wp-block-cover is-style-tw-rounded-corners\"><span aria-hidden=\"true\" class=\"has-background-dim-100 wp-block-cover__gradient-background has-background-dim\" style=\"background-color:#0f0d15\"><\/span><div class=\"wp-block-cover__inner-container is-layout-flow wp-block-cover-is-layout-flow\">\n<div class=\"wp-block-columns is-layout-flex wp-container-core-columns-is-layout-d0b3c9c8 wp-block-columns-is-layout-flex\">\n<div class=\"wp-block-column is-layout-flow wp-block-column-is-layout-flow\">\n<p>M\u00ednimos<\/p>\n\n\n\n<p class=\"has-text-color\" style=\"color:#919192\">Sistema operativo<\/p>\n\n\n\n<p>Windows 10<\/p>\n\n\n\n<p class=\"has-text-color\" style=\"color:#919192\">Procesador<\/p>\n\n\n\n<p>INTEL CORE i5-8400 o AMD RYZEN 3 3300X<\/p>\n\n\n\n<p class=\"has-text-color\" style=\"color:#919192\">Memoria<\/p>\n\n\n\n<p>12 GB RAM<\/p>\n\n\n\n<p class=\"has-text-color\" style=\"color:#919192\">Almacenamiento<\/p>\n\n\n\n<p>60 GB<\/p>\n\n\n\n<p class=\"has-text-color\" style=\"color:#919192\">DirectX<\/p>\n\n\n\n<p>12<\/p>\n\n\n\n<p class=\"has-text-color\" style=\"color:#919192\">DireTarjeta gr\u00e1ficactX<\/p>\n\n\n\n<p>NVIDIA\u00ae GeForce\u00ae GTX 1060 3 GB o AMD RADEON RX 580 4 GB<\/p>\n<\/div>\n\n\n\n<div class=\"wp-block-column is-layout-flow wp-block-column-is-layout-flow\">\n<p>Recomendado<\/p>\n\n\n\n<p class=\"has-text-color\" style=\"color:#919192\">Sistema operativo<\/p>\n\n\n\n<p>Windows 10\/11<\/p>\n\n\n\n<p class=\"has-text-color\" style=\"color:#919192\">Procesador<\/p>\n\n\n\n<p>INTEL CORE I7-8700K or AMD RYZEN 5 3600X<\/p>\n\n\n\n<p class=\"has-text-color\" style=\"color:#919192\">Memoria<\/p>\n\n\n\n<p>16GB RAM<\/p>\n\n\n\n<p class=\"has-text-color\" style=\"color:#919192\">Almacenamiento<\/p>\n\n\n\n<p>60 GB<\/p>\n\n\n\n<p class=\"has-text-color\" style=\"color:#919192\">DirectX<\/p>\n\n\n\n<p>12<\/p>\n\n\n\n<p class=\"has-text-color\" style=\"color:#919192\">DireTarjeta gr\u00e1ficactX<\/p>\n\n\n\n<p>NVIDIA\u00ae GeForce\u00ae GTX 1070 8 GB o AMD RADEON RX VEGA 56 8 GB<\/p>\n<\/div>\n<\/div>\n\n\n\n<p class=\"has-text-color\" style=\"color:#919192\">Idiomas disponibles<\/p>\n\n\n\n<p>Voces: Ingl\u00e9s<br>Texto: Alem\u00e1n, Espa\u00f1ol, Franc\u00e9s (Francia), Ingl\u00e9s, Italiano, Polaco, Ruso<\/p>\n<\/div><\/div>\n\n\n\n<h4 class=\"kt-adv-heading_843ba2-d5 wp-block-kadence-advancedheading\" data-kb-block=\"kb-adv-heading_843ba2-d5\"><strong>Visuales<\/strong><\/h4>\n\n\n\n<figure class=\"wp-block-image size-large is-style-tw-rounded-corners\" style=\"border-radius:20px\"><img loading=\"lazy\" decoding=\"async\" width=\"1024\" height=\"576\" src=\"http:\/\/dissenyweb.gddtec.udl.cat\/2022-plit\/wp-content\/uploads\/sites\/10\/2022\/05\/elden-ring-pc-juego-steam-europe-wallpaper-1-1024x576.jpg\" alt=\"Pelea con Godrick\" class=\"wp-image-299\" srcset=\"http:\/\/dissenyweb.gddtec.udl.cat\/2022-plit\/wp-content\/uploads\/sites\/10\/2022\/05\/elden-ring-pc-juego-steam-europe-wallpaper-1-1024x576.jpg 1024w, http:\/\/dissenyweb.gddtec.udl.cat\/2022-plit\/wp-content\/uploads\/sites\/10\/2022\/05\/elden-ring-pc-juego-steam-europe-wallpaper-1-300x169.jpg 300w, http:\/\/dissenyweb.gddtec.udl.cat\/2022-plit\/wp-content\/uploads\/sites\/10\/2022\/05\/elden-ring-pc-juego-steam-europe-wallpaper-1-768x432.jpg 768w, http:\/\/dissenyweb.gddtec.udl.cat\/2022-plit\/wp-content\/uploads\/sites\/10\/2022\/05\/elden-ring-pc-juego-steam-europe-wallpaper-1-1536x864.jpg 1536w, http:\/\/dissenyweb.gddtec.udl.cat\/2022-plit\/wp-content\/uploads\/sites\/10\/2022\/05\/elden-ring-pc-juego-steam-europe-wallpaper-1-2048x1152.jpg 2048w\" sizes=\"auto, (max-width: 1024px) 100vw, 1024px\" \/><\/figure>\n\n\n\n<div class=\"wp-block-columns is-layout-flex wp-container-core-columns-is-layout-d0b3c9c8 wp-block-columns-is-layout-flex\">\n<div class=\"wp-block-column is-layout-flow wp-block-column-is-layout-flow\">\n<figure class=\"wp-block-image size-full is-style-tw-rounded-corners\" style=\"border-radius:20px\"><img loading=\"lazy\" decoding=\"async\" width=\"274\" height=\"154\" src=\"http:\/\/dissenyweb.gddtec.udl.cat\/2022-plit\/wp-content\/uploads\/sites\/10\/2022\/05\/elden-ring-pc-juego-steam-europe-wallpaper-3-thumbv2.jpg\" alt=\"Invocaci\u00f3n no muerto\" class=\"wp-image-304\"\/><\/figure>\n<\/div>\n\n\n\n<div class=\"wp-block-column is-layout-flow wp-block-column-is-layout-flow\">\n<figure class=\"wp-block-image size-full\" style=\"border-radius:20px\"><img loading=\"lazy\" decoding=\"async\" width=\"274\" height=\"154\" src=\"http:\/\/dissenyweb.gddtec.udl.cat\/2022-plit\/wp-content\/uploads\/sites\/10\/2022\/05\/elden-ring-pc-juego-steam-europe-wallpaper-4-thumbv2.jpg\" alt=\"Pela pantano\" class=\"wp-image-306\"\/><\/figure>\n<\/div>\n\n\n\n<div class=\"wp-block-column is-layout-flow wp-block-column-is-layout-flow\">\n<figure class=\"wp-block-image size-full\" style=\"border-radius:20px\"><img loading=\"lazy\" decoding=\"async\" width=\"274\" height=\"154\" src=\"http:\/\/dissenyweb.gddtec.udl.cat\/2022-plit\/wp-content\/uploads\/sites\/10\/2022\/05\/elden-ring-pc-juego-steam-europe-wallpaper-5-thumbv2.jpg\" alt=\"Cueva con caballero y antorcha\" class=\"wp-image-305\"\/><\/figure>\n<\/div>\n<\/div>\n\n\n\n<h4 class=\"kt-adv-heading_e3c9f3-4f wp-block-kadence-advancedheading\" data-kb-block=\"kb-adv-heading_e3c9f3-4f\"><strong>Rese\u00f1as<\/strong><\/h4>\n\n\n\n<div class=\"wp-block-columns is-layout-flex wp-container-core-columns-is-layout-d0b3c9c8 wp-block-columns-is-layout-flex\">\n<div class=\"wp-block-column is-layout-flow wp-block-column-is-layout-flow\">\n<div class=\"wp-block-cover\"><span aria-hidden=\"true\" class=\"has-background-dim-100 wp-block-cover__gradient-background has-background-dim\" style=\"background-color:#0f0d15\"><\/span><div class=\"wp-block-cover__inner-container is-layout-flow wp-block-cover-is-layout-flow\">\n<p>Eurogamer<\/p>\n\n\n\n<p class=\"has-text-color\" style=\"color:#919192\">por Paula Garc\u00eda<\/p>\n\n\n\n<hr class=\"wp-block-separator\"\/>\n\n\n\n<p>10 \/ 10<\/p>\n\n\n\n<p class=\"has-text-color\" style=\"color:#919192\">Rompedor en pr\u00e1cticamente todo, Elden Ring eleva la f\u00f3rmula Souls m\u00e1s all\u00e1 de la dificultad y el combate, y convierte todo en extraordinario<\/p>\n<\/div><\/div>\n<\/div>\n\n\n\n<div class=\"wp-block-column is-layout-flow wp-block-column-is-layout-flow\">\n<div class=\"wp-block-cover\" style=\"min-height:845px;aspect-ratio:unset;\"><span aria-hidden=\"true\" class=\"has-background-dim-100 wp-block-cover__gradient-background has-background-dim\" style=\"background-color:#0f0d15\"><\/span><div class=\"wp-block-cover__inner-container is-layout-flow wp-block-cover-is-layout-flow\">\n<p>Metacr\u00edtic<\/p>\n\n\n\n<p class=\"has-text-color\" style=\"color:#919192\">por GAMINGbible<\/p>\n\n\n\n<hr class=\"wp-block-separator\"\/>\n\n\n\n<p>9.8 \/ 10<\/p>\n\n\n\n<p class=\"has-text-color\" style=\"color:#919192\">Elden Ring es una aventura constantemente sorprendente que ha llevado la f\u00f3rmula comprobada de FromSoftware a nuevas alturas delirantes. Uno de los mejores videojuegos de la \u00faltima d\u00e9cada y un lanzamiento absolutamente esencial.<\/p>\n<\/div><\/div>\n<\/div>\n\n\n\n<div class=\"wp-block-column is-layout-flow wp-block-column-is-layout-flow\">\n<div class=\"wp-block-cover\"><span aria-hidden=\"true\" class=\"has-background-dim-100 wp-block-cover__gradient-background has-background-dim\" style=\"background-color:#0f0d15\"><\/span><div class=\"wp-block-cover__inner-container is-layout-flow wp-block-cover-is-layout-flow\">\n<p>Gamespot<\/p>\n\n\n\n<p class=\"has-text-color\" style=\"color:#919192\">por Tamoor Hussain<\/p>\n\n\n\n<hr class=\"wp-block-separator\"\/>\n\n\n\n<p>9.4\/10<\/p>\n\n\n\n<p class=\"has-text-color\" style=\"color:#919192\">Lo \u00faltimo de From Software es una obra maestra del dise\u00f1o de mundo abierto que coloca la exploraci\u00f3n y la agencia del jugador en el coraz\u00f3n de la experiencia.<\/p>\n<\/div><\/div>\n<\/div>\n<\/div>\n","protected":false},"excerpt":{"rendered":"<p>G\u00e9neros RPG, Mundo abierto, Acci\u00f3n Caracter\u00edsticas Multijugador, Un jugador Elden Ring para PC es un RPG de acci\u00f3n (ARPG) escrito por las superestrellas George RR Martin (el autor de la serie de libros Song of Ice and Fire que engendr\u00f3 la serie de televisi\u00f3n Game of Thrones) y Hidetaka Miyazaki (que es famoso por muchos [&hellip;]<\/p>\n","protected":false},"author":11,"featured_media":0,"parent":0,"menu_order":0,"comment_status":"closed","ping_status":"open","template":"","meta":{"_acf_changed":false,"_uag_custom_page_level_css":"","footnotes":""},"class_list":["post-2","page","type-page","status-publish","hentry"],"acf":[],"mb":[],"featured_image_src":null,"uagb_featured_image_src":{"full":false,"thumbnail":false,"medium":false,"medium_large":false,"large":false,"1536x1536":false,"2048x2048":false},"uagb_author_info":{"display_name":"","author_link":"http:\/\/dissenyweb.gddtec.udl.cat\/2022-plit\/author\/"},"uagb_comment_info":0,"uagb_excerpt":"G\u00e9neros RPG, Mundo abierto, Acci\u00f3n Caracter\u00edsticas Multijugador, Un jugador Elden Ring para PC es un RPG de acci\u00f3n (ARPG) escrito por las superestrellas George RR Martin (el autor de la serie de libros Song of Ice and Fire que engendr\u00f3 la serie de televisi\u00f3n Game of Thrones) y Hidetaka Miyazaki (que es famoso por muchos&hellip;","mfb_rest_fields":["title","featured_image_src","uagb_featured_image_src","uagb_author_info","uagb_comment_info","uagb_excerpt"],"_links":{"self":[{"href":"http:\/\/dissenyweb.gddtec.udl.cat\/2022-plit\/wp-json\/wp\/v2\/pages\/2","targetHints":{"allow":["GET"]}}],"collection":[{"href":"http:\/\/dissenyweb.gddtec.udl.cat\/2022-plit\/wp-json\/wp\/v2\/pages"}],"about":[{"href":"http:\/\/dissenyweb.gddtec.udl.cat\/2022-plit\/wp-json\/wp\/v2\/types\/page"}],"author":[{"embeddable":true,"href":"http:\/\/dissenyweb.gddtec.udl.cat\/2022-plit\/wp-json\/wp\/v2\/users\/11"}],"replies":[{"embeddable":true,"href":"http:\/\/dissenyweb.gddtec.udl.cat\/2022-plit\/wp-json\/wp\/v2\/comments?post=2"}],"version-history":[{"count":20,"href":"http:\/\/dissenyweb.gddtec.udl.cat\/2022-plit\/wp-json\/wp\/v2\/pages\/2\/revisions"}],"predecessor-version":[{"id":654,"href":"http:\/\/dissenyweb.gddtec.udl.cat\/2022-plit\/wp-json\/wp\/v2\/pages\/2\/revisions\/654"}],"wp:attachment":[{"href":"http:\/\/dissenyweb.gddtec.udl.cat\/2022-plit\/wp-json\/wp\/v2\/media?parent=2"}],"curies":[{"name":"wp","href":"https:\/\/api.w.org\/{rel}","templated":true}]}}